{"id":962,"date":"2017-09-29T16:33:05","date_gmt":"2017-09-29T14:33:05","guid":{"rendered":"http:\/\/www.vokv.dk\/?page_id=962"},"modified":"2021-03-10T22:34:34","modified_gmt":"2021-03-10T21:34:34","slug":"prjekt-haslund-3-moede","status":"publish","type":"page","link":"https:\/\/www.vokv.dk\/?page_id=962","title":{"rendered":"Projekt Haslund 3. m\u00f8de"},"content":{"rendered":"<p>Der var m\u00f8dt ca.36 Haslund-borgere op til orientering om fjernvarmeprojektet.<\/p>\n<p>Projektet blev fremlagt i detaljer af Morten B\u00f8hm, Ramb\u00f8l og Isoplus.<\/p>\n<p>Det gav anledning til stor sp\u00f8rgelyst og interesse for at f\u00e5 fjernvarme.<\/p>\n<p>Projektet venter nu p\u00e5 slutgodkendelse fra Randers-kommune, da der stadigv\u00e6k er f\u00e5 udest\u00e5ender med HMN Naturgas.<\/p>\n","protected":false},"excerpt":{"rendered":"<p>Der var m\u00f8dt ca.36 Haslund-borgere op til orientering om fjernvarmeprojektet. Projektet blev fremlagt i detaljer af Morten B\u00f8hm, Ramb\u00f8l og Isoplus. Det gav anledning til stor sp\u00f8rgelyst og interesse for at f\u00e5 fjernvarme. Projektet venter nu p\u00e5 slutgodkendelse fra Randers-kommune, <span class=\"excerpt-dots\">&hellip;<\/span> <a class=\"more-link\" href=\"https:\/\/www.vokv.dk\/?page_id=962\"><span class=\"more-msg\">L\u00e6s mere her:<\/span><\/a><\/p>\n","protected":false},"author":2,"featured_media":0,"parent":1182,"menu_order":0,"comment_status":"closed","ping_status":"closed","template":"","meta":{"footnotes":""},"folder":[22],"class_list":["post-962","page","type-page","status-publish","hentry"],"_links":{"self":[{"href":"https:\/\/www.vokv.dk\/index.php?rest_route=\/wp\/v2\/pages\/962","targetHints":{"allow":["GET"]}}],"collection":[{"href":"https:\/\/www.vokv.dk\/index.php?rest_route=\/wp\/v2\/pages"}],"about":[{"href":"https:\/\/www.vokv.dk\/index.php?rest_route=\/wp\/v2\/types\/page"}],"author":[{"embeddable":true,"href":"https:\/\/www.vokv.dk\/index.php?rest_route=\/wp\/v2\/users\/2"}],"replies":[{"embeddable":true,"href":"https:\/\/www.vokv.dk\/index.php?rest_route=%2Fwp%2Fv2%2Fcomments&post=962"}],"version-history":[{"count":0,"href":"https:\/\/www.vokv.dk\/index.php?rest_route=\/wp\/v2\/pages\/962\/revisions"}],"up":[{"embeddable":true,"href":"https:\/\/www.vokv.dk\/index.php?rest_route=\/wp\/v2\/pages\/1182"}],"wp:attachment":[{"href":"https:\/\/www.vokv.dk\/index.php?rest_route=%2Fwp%2Fv2%2Fmedia&parent=962"}],"wp:term":[{"taxonomy":"folder","embeddable":true,"href":"https:\/\/www.vokv.dk\/index.php?rest_route=%2Fwp%2Fv2%2Ffolder&post=962"}],"curies":[{"name":"wp","href":"https:\/\/api.w.org\/{rel}","templated":true}]}}