{"id":893,"date":"2017-06-22T12:48:46","date_gmt":"2017-06-22T10:48:46","guid":{"rendered":"http:\/\/www.vokv.dk\/?page_id=893"},"modified":"2023-07-03T23:34:07","modified_gmt":"2023-07-03T21:34:07","slug":"priser-fra-1-juli-2017","status":"publish","type":"page","link":"https:\/\/www.vokv.dk\/?page_id=893","title":{"rendered":"Priser fra 1. Juli 2017"},"content":{"rendered":"<p><strong><u>G\u00e6lder fra 1-07-2017<\/u><\/strong><\/p>\n<p><strong>TILSLUTNINGSBIDRAG:<\/strong><\/p>\n<p>(for nye forbrugere)<\/p>\n<p><strong>Fast <\/strong>tilslutningsbidrag \u00a0 \u00a0 \u00a0 \u00a0 \u00a0 \u00a0 \u00a0 \u00a0 \u00a0 \u00a0 \u00a0 \u00a0 \u00a0 \u00a0 \u00a0 \u00a0 \u00a0 \u00a0 \u00a0kr. 3.000,00*<\/p>\n<p>Bel\u00f8bet d\u00e6kker anboring p\u00e5 hovedledning og fremf\u00f8ring til<\/p>\n<p>forbrugerens skel (bagkant fortov) samt afsluttende ventils\u00e6t.<\/p>\n<p>\u00c6ndring af eksisterende ledning p\u00e5 forbrugers foranledning faktureres maksimalt til varmev\u00e6rkets faktiske omkostninger.<strong>\u00a0<\/strong><\/p>\n<p><strong>BYGGEMODNINGSBIDRAG:<\/strong><\/p>\n<p>Der bliver opkr\u00e6vet byggemodningsbidrag i forbindelse med udstykning. Byggemodningsbidragets st\u00f8rrelse afh\u00e6nger af de konkrete forhold i forbindelse med den enkelte udstykning, men vil maksimalt udg\u00f8re varmev\u00e6rkets faktiske omkostninger til etablering af gadeledninger i udstykningsomr\u00e5det.<strong>\u00a0<\/strong><\/p>\n<p>I \u00f8vrigt er V\u00e6rum-\u00d8rum Kraftvarmev\u00e6rks vedt\u00e6gter, almindelige og tekniske bestemmelser g\u00e6ldende.<strong>\u00a0<\/strong><\/p>\n<p>* Foruds\u00e6tter at man overdrager Co2 besparelsen til varmev\u00e6rket.<strong>\u00a0<\/strong><\/p>\n<p><strong>TAKSTER FOR \u00c5RLIGE UDGIFTER<\/strong><\/p>\n<p><strong>FORBRUGSBIDRAG \u00a0\u00a0\u00a0PR MWh\u00a0\u00a0\u00a0\u00a0\u00a0\u00a0\u00a0\u00a0\u00a0\u00a0\u00a0\u00a0\u00a0\u00a0\u00a0\u00a0\u00a0\u00a0\u00a0 KR.\u00a0\u00a0\u00a0 500,00<\/strong><strong>\u00a0<\/strong><\/p>\n<p><strong>ABONNEMENTSBIDRAG \u00a0PR. M\u00c5LER \u00a0 \u00a0 \u00a0 \u00a0 \u00a0KR. \u00a0\u00a0\u00a0625,00<\/strong><\/p>\n<p><strong>FAST BIDRAG:<\/strong><\/p>\n<p>Fra\u00a0\u00a0 \u00a0\u00a00 \u2013 100 m\u00b2 iflg. BBR\u00a0\u00a0\u00a0\u00a0\u00a0\u00a0\u00a0\u00a0\u00a0\u00a0\u00a0\u00a0\u00a0\u00a0\u00a0\u00a0\u00a0\u00a0\u00a0\u00a0\u00a0\u00a0\u00a0\u00a0\u00a0\u00a0\u00a0\u00a0\u00a0\u00a0\u00a0 kr.\u00a0\u00a0\u00a0\u00a0 \u00a0\u00a0\u00a0\u00a0\u00a03,75<\/p>\n<p>Fra 101 \u2013 130 m\u00b2 iflg. BBR \u00a0\u00a0\u00a0\u00a0\u00a0\u00a0\u00a0\u00a0\u00a0\u00a0\u00a0\u00a0\u00a0\u00a0\u00a0\u00a0\u00a0\u00a0\u00a0\u00a0\u00a0\u00a0\u00a0\u00a0\u00a0\u00a0\u00a0\u00a0\u00a0\u00a0 kr.\u00a0 \u00a0\u00a0\u00a0\u00a0\u00a0 \u00a0\u00a02,50<\/p>\n<p>Fra 131 \u2013 180 m\u00b2 iflg. BBR\u00a0\u00a0\u00a0\u00a0\u00a0\u00a0\u00a0\u00a0\u00a0\u00a0\u00a0\u00a0\u00a0\u00a0\u00a0\u00a0\u00a0\u00a0\u00a0\u00a0\u00a0\u00a0\u00a0\u00a0\u00a0\u00a0\u00a0\u00a0\u00a0\u00a0\u00a0 kr.\u00a0\u00a0\u00a0\u00a0\u00a0\u00a0 \u00a0\u00a0\u00a01,88<\/p>\n<p>Fra 181 \u2013 200 m\u00b2 iflg. BBR\u00a0\u00a0\u00a0\u00a0\u00a0\u00a0\u00a0\u00a0\u00a0\u00a0\u00a0\u00a0\u00a0\u00a0\u00a0\u00a0\u00a0\u00a0\u00a0\u00a0\u00a0\u00a0\u00a0\u00a0\u00a0\u00a0\u00a0\u00a0\u00a0\u00a0\u00a0 kr.\u00a0\u00a0\u00a0\u00a0\u00a0\u00a0\u00a0 \u00a0\u00a01,25<\/p>\n<p>Storforbruger over 75 Mwh\/\u00e5rligt: Ingen fast bidrag<\/p>\n<p>A conto betales 10 gange \u00e5rlig. Juni og juli er betalingsfrie.<\/p>\n<p>Forfaldsdag og sidste rettidig indbetalingsdag er den 1. hverdag i m\u00e5neden. Overskrides betalingsfristen till\u00e6gges renter med diskontoen + 2 pct. p.a. og gebyr pr. rykker i henhold til nedenst\u00e5ende takster.<strong>\u00a0<\/strong><\/p>\n<p><strong>ANDRE GEBYRER<\/strong><\/p>\n<p>M\u00e5lerafpr\u00f8vning\u2026\u2026\u2026\u2026\u2026\u2026\u2026\u2026\u2026\u2026\u2026.. \u00a0 \u00a0 \u00a0 \u00a0kr. 1.150,00<\/p>\n<p>Rykkerskrivelse\u2026\u2026\u2026\u2026\u2026\u2026\u2026\u2026\u2026\u2026\u2026&#8230;\u00a0 \u00a0 \u00a0 \u00a0 kr. \u00a0\u00a0\u00a0100,00*<\/p>\n<p>Inkassomeddelse\u2026..\u2026\u2026..\u2026\u2026\u2026\u2026\u2026\u2026\u2026 \u00a0 \u00a0 \u00a0 \u00a0kr.\u00a0 \u00a0\u00a0100,00*<\/p>\n<p>Lukkebes\u00f8g.\u2026\u2026\u2026\u2026\u2026\u2026\u2026\u2026\u2026\u2026\u2026\u2026&#8230;.\u00a0 \u00a0 \u00a0 \u00a0 kr.\u00a0\u00a0 \u00a0375,00*<\/p>\n<p>Genoplukning inden for normal \u00e5bningstid&#8230;\u00a0 \u00a0 \u00a0 \u00a0kr.\u00a0\u00a0 \u00a0468,75<\/p>\n<p>Gebyr for manglende selvafl\u00e6sning\u2026\u2026..\u2026 \u00a0 \u00a0 \u00a0 kr.\u00a0\u00a0 \u00a0337,50<\/p>\n<p>Selvafl\u00e6sningkort, rykker\u2026\u2026\u2026\u2026\u2026\u2026\u2026&#8230;.\u00a0 \u00a0 \u00a0 \u00a0kr.\u00a0\u00a0\u00a0 \u00a0\u00a081,25<\/p>\n<p>Efter 2. henvendelse tages der stilling til lukning og overgivelse af<\/p>\n<p>sagen til advokat.<\/p>\n<p>S\u00e5fremt varmev\u00e6rket selv \u00f8nsker m\u00e5ler afpr\u00f8vet, er afpr\u00f8vning gratis.<\/p>\n<p><strong>Alle foran n\u00e6vnte priser indeholder 25\u00a0% moms. Dog er andre <\/strong><\/p>\n<p><strong>gebyrer markeret med * uden moms.<\/strong><\/p>\n","protected":false},"excerpt":{"rendered":"<p>G\u00e6lder fra 1-07-2017 TILSLUTNINGSBIDRAG: (for nye forbrugere) Fast tilslutningsbidrag \u00a0 \u00a0 \u00a0 \u00a0 \u00a0 \u00a0 \u00a0 \u00a0 \u00a0 \u00a0 \u00a0 \u00a0 \u00a0 \u00a0 \u00a0 \u00a0 \u00a0 \u00a0 \u00a0kr. 3.000,00* Bel\u00f8bet d\u00e6kker anboring p\u00e5 hovedledning og fremf\u00f8ring til forbrugerens skel (bagkant <span class=\"excerpt-dots\">&hellip;<\/span> <a class=\"more-link\" href=\"https:\/\/www.vokv.dk\/?page_id=893\"><span class=\"more-msg\">L\u00e6s mere her:<\/span><\/a><\/p>\n","protected":false},"author":2,"featured_media":0,"parent":4363,"menu_order":0,"comment_status":"closed","ping_status":"closed","template":"","meta":{"footnotes":""},"folder":[7],"class_list":["post-893","page","type-page","status-publish","hentry"],"_links":{"self":[{"href":"https:\/\/www.vokv.dk\/index.php?rest_route=\/wp\/v2\/pages\/893","targetHints":{"allow":["GET"]}}],"collection":[{"href":"https:\/\/www.vokv.dk\/index.php?rest_route=\/wp\/v2\/pages"}],"about":[{"href":"https:\/\/www.vokv.dk\/index.php?rest_route=\/wp\/v2\/types\/page"}],"author":[{"embeddable":true,"href":"https:\/\/www.vokv.dk\/index.php?rest_route=\/wp\/v2\/users\/2"}],"replies":[{"embeddable":true,"href":"https:\/\/www.vokv.dk\/index.php?rest_route=%2Fwp%2Fv2%2Fcomments&post=893"}],"version-history":[{"count":0,"href":"https:\/\/www.vokv.dk\/index.php?rest_route=\/wp\/v2\/pages\/893\/revisions"}],"up":[{"embeddable":true,"href":"https:\/\/www.vokv.dk\/index.php?rest_route=\/wp\/v2\/pages\/4363"}],"wp:attachment":[{"href":"https:\/\/www.vokv.dk\/index.php?rest_route=%2Fwp%2Fv2%2Fmedia&parent=893"}],"wp:term":[{"taxonomy":"folder","embeddable":true,"href":"https:\/\/www.vokv.dk\/index.php?rest_route=%2Fwp%2Fv2%2Ffolder&post=893"}],"curies":[{"name":"wp","href":"https:\/\/api.w.org\/{rel}","templated":true}]}}