{"id":826,"date":"2017-05-16T16:07:20","date_gmt":"2017-05-16T14:07:20","guid":{"rendered":"http:\/\/www.vokv.dk\/?page_id=826"},"modified":"2024-02-22T17:14:23","modified_gmt":"2024-02-22T16:14:23","slug":"fjernvarmetilslutning-haslund","status":"publish","type":"page","link":"https:\/\/www.vokv.dk\/?page_id=826","title":{"rendered":"Tilmeld dig fjernvarme"},"content":{"rendered":"<h3>Ny forbruger \u2013 hvad g\u00f8r jeg ?<\/h3>\n<p>Du kontakter Varmev\u00e6rkets administration (Lang\u00e5 Varmev\u00e6rk) p\u00e5 <strong>tlf. 86462044<\/strong><\/p>\n<h5>Kontortid Mandag- Fredag:\u00a0\u00a0 \u00a0 9.00-12.00<\/h5>\n<h5>Eller du kan udfyld nedenst\u00e5ende,<\/h5>\n<p>s\u00e5 kontakter vi dig for at aftale n\u00e6rmere.<\/p>\n<p>Har du ikke h\u00f8rt fra os inden for 3 arbejdsdage s\u00e5 kontakt venligst Lang\u00e5 Varmev\u00e6rk p\u00e5 <strong>tlf. 86462044.<\/strong><\/p>\n<p>Vi kommer ud og ser p\u00e5 dit hus og din installation og r\u00e5dgiver dig om hvad der skal til for at du kan blive en del af V\u00e6rum-\u00d8rum Kraftvarmev\u00e6rk.<\/p>\n<p>Vi fort\u00e6ller ogs\u00e5 hvad der skal til i dit hus, for at du kan komme problemfrit p\u00e5 vores net og hvor meget du skal forvente det vil koste \u00e5rligt at have fjernvarme.<\/p>\n<p>Vil du have bes\u00f8g af\u00a0smedefirmaet Hedegaard og Jespersen for at f\u00e5 en installationspris s\u00e5 s\u00e6t kryds.<\/p>\n<div style=\"display:none\" class=\"fm-form-container fm-theme1\"><div id=\"fm-pages7\" class=\"fm-pages wdform_page_navigation \" show_title=\"false\" show_numbers=\"true\" type=\"none\"><\/div><form name=\"form7\" action=\"\/index.php?rest_route=%2Fwp%2Fv2%2Fpages%2F826\" method=\"post\" id=\"form7\" class=\"fm-form form7  \" enctype=\"multipart\/form-data\"><input type=\"hidden\" id=\"fm_page_id7\" value=\"826\" name=\"fm_page_id7\" \/><input type=\"hidden\" id=\"fm_current_post_type7\" value=\"page\" name=\"fm_current_post_type7\" \/><input type=\"hidden\" id=\"counter7\" value=\"20\" name=\"counter7\" \/><input type=\"hidden\" id=\"Itemid7\" value=\"\" name=\"Itemid7\" \/><input type=\"hidden\" id=\"fm_shake7\" value=\"1\" name=\"fm_shake7\" \/><input type=\"text\" class=\"fm-hide\" id=\"fm_bot_validation7\" value=\"\" name=\"fm_bot_validation7\" \/><input type=\"text\" class=\"fm-hide\" id=\"fm_empty_field_validation7\" value=\"\" name=\"fm_empty_field_validation7\" data-value=\"bd736efb144d599cf463541431fbf5c4\" \/><div class=\"wdform-page-and-images fm-form-builder\" style=\"display:table; border-top:0px solid black;\"><div id=\"7form_view1\" class=\"wdform_page\" page_title=\"Untitled page\" next_title=\"Next\" next_type=\"text\" next_class=\"wdform-page-button\" next_checkable=\"false\" previous_title=\"Previous\" previous_type=\"text\" previous_class=\"wdform-page-button\" previous_checkable=\"false\"><div class=\"wdform_section fm-col-1\"><div class=\"wdform_column\"><div wdid=\"14\" class=\"wdform_row\" style=\"position: relative; left: 0px; top: 0px;\"><div type=\"type_text\" class=\"wdform-field wd-width-100 wd-flex wd-flex-column fm-type_text\" ><div class=\"wdform-label-section wd-width-100  wd-flex-row wd-align-items-center\" style=\"max-width: 100px;\">    <label  for=\"wdform_14_element7\" class=\"wdform-label\">Navn:<\/label><span class=\"wdform-required\">*<\/span><\/div><div class=\"wdform-element-section wd-flex  wd-flex-row wd-align-items-center wd-width-100\" style=\"max-width: 200px;\"><input type=\"text\"                           class=\"wd-width-100\"                           id=\"wdform_14_element7\"                           name=\"wdform_14_element7\"                           value=\"\"                           data-value=\"\"                           title=\"\"                           placeholder=\"\"                                                       \/><\/div><\/div><\/div><\/div><div class=\"wdform_column\"><div wdid=\"15\" class=\"wdform_row\"><div type=\"type_text\" class=\"wdform-field wd-width-100 wd-flex wd-flex-column fm-type_text\" ><div class=\"wdform-label-section wd-width-100  wd-flex-row wd-align-items-center\" style=\"max-width: 100px;\">    <label  for=\"wdform_15_element7\" class=\"wdform-label\">Adresse:<\/label><span class=\"wdform-required\">*<\/span><\/div><div class=\"wdform-element-section wd-flex  wd-flex-row wd-align-items-center wd-width-100\" style=\"max-width: 200px;\"><input type=\"text\"                           class=\"wd-width-100\"                           id=\"wdform_15_element7\"                           name=\"wdform_15_element7\"                           value=\"\"                           data-value=\"\"                           title=\"\"                           placeholder=\"\"                                                       \/><\/div><\/div><\/div><\/div><div class=\"wdform_column\"><div wdid=\"16\" class=\"wdform_row\" style=\"position: relative; left: 0px; top: 0px;\"><div type=\"type_text\" class=\"wdform-field wd-width-100 wd-flex wd-flex-column fm-type_text\" ><div class=\"wdform-label-section wd-width-100  wd-flex-row wd-align-items-center\" style=\"max-width: 100px;\">    <label  for=\"wdform_16_element7\" class=\"wdform-label\">Telefon:<\/label><span class=\"wdform-required\">*<\/span><\/div><div class=\"wdform-element-section wd-flex  wd-flex-row wd-align-items-center wd-width-100\" style=\"max-width: 200px;\"><input type=\"text\"                           class=\"wd-width-100\"                           id=\"wdform_16_element7\"                           name=\"wdform_16_element7\"                           value=\"\"                           data-value=\"\"                           title=\"\"                           placeholder=\"\"                                                       \/><\/div><\/div><\/div><\/div><div class=\"wdform_column\"><div wdid=\"17\" class=\"wdform_row\"><div type=\"type_submitter_mail\" class=\"wdform-field wd-width-100 wd-flex wd-flex-column fm-type_submitter_mail\" ><div class=\"wdform-label-section wd-width-100  wd-flex-row\" style=\"max-width: 100px;\">    <label  for=\"wdform_17_element7\" class=\"wdform-label\">E-mail:<\/label><span class=\"wdform-required\">*<\/span><\/div><div class=\"wdform-element-section wd-flex  wd-flex-row wd-width-100\" style=\"max-width: 200px;\"><input type=\"text\" class=\"wd-width-100\" id=\"wdform_17_element7\" name=\"wdform_17_element7\" data-value=\"\" value=\"\" title=\"\" placeholder=\"\"   onchange=\"wd_check_email('17', '7', 'Dette er ikke en gyldig e-mail-adresse.')\" \/><\/div><\/div><\/div><\/div><div class=\"wdform_column\"><div wdid=\"18\" class=\"wdform_row\"><div type=\"type_radio\" class=\"wdform-field wd-width-100 wd-flex wd-flex-row fm-type_radio\" ><div class=\"wdform-label-section wd-width-30  wd-flex-wrap wd-flex-row\" style=\"max-width: 100px;\">    <label  class=\"wdform-label\">Bes\u00f8g af smeden:<\/label><\/div><div class=\"wdform-element-section wd-flex  wd-flex-wrap wd-flex-row wd-width-70\" ><div class=\"wd-flex wd-flex-row\"><input type=\"hidden\" name=\"wdform_18_element7\" value=\"\" \/><div class=\"radio-div wd-choice wd-flex wd-flex-row-reverse wd-justify-content\"><input type=\"radio\"  id=\"wdform_18_element70\" name=\"wdform_18_element7\" value=\"ja\" onclick=\"set_default(&quot;wdform_18&quot;,&quot;0&quot;,&quot;7&quot;); \"   \/><label class=\"wd-align-items-center wd-flex wd-flex-row-reverse wd-justify-content wd-width-100\" for=\"wdform_18_element70\"><span><\/span>ja<\/label><\/div><\/div><\/div><\/div><\/div><\/div><div class=\"wdform_column\"><div wdid=\"19\" class=\"wdform_row\"><div type=\"type_submit_reset\" class=\"wdform-field wd-width-100 wd-flex wd-flex-column fm-type_submit_reset\" ><div class=\"wdform-element-section wd-flex  wd-flex-row wd-justify-content-left wd-width-100\" ><button  type=\"button\" class=\"button-submit\" onclick=\"fm_submit_form('7');\"  data-ajax=\"0\"><span class=\"fm-submit-loading spinner fm-ico-spinner\"><\/span>Kontakt os:<\/button><button  type=\"button\" class=\"button-reset \" onclick=\"fm_reset_form(7);\" >Nulstil:<\/button><\/div><\/div><\/div><\/div><\/div><div valign=\"top\" class=\"wdform_footer\" style=\"width: 100%;\"><div style=\"width: 100%;\"><div style=\"width: 100%; display: table;\"><div style=\"display: table-row-group;\"><div id=\"7page_nav1\" style=\"display: table-row;\"><\/div><\/div><\/div><\/div><\/div><\/div><\/div><div class=\"wdform_preload\"><\/div><input type=\"hidden\" name=\"fm-current-page\" value=\"https:\/\/www.vokv.dk\/index.php?rest_route=%2Fwp%2Fv2%2Fpages%2F826\" \/><\/form><\/div>\n","protected":false},"excerpt":{"rendered":"<p>Ny forbruger \u2013 hvad g\u00f8r jeg ? Du kontakter Varmev\u00e6rkets administration (Lang\u00e5 Varmev\u00e6rk) p\u00e5 tlf. 86462044 Kontortid Mandag- Fredag:\u00a0\u00a0 \u00a0 9.00-12.00 Eller du kan udfyld nedenst\u00e5ende, s\u00e5 kontakter vi dig for at aftale n\u00e6rmere. Har du ikke h\u00f8rt fra os <span class=\"excerpt-dots\">&hellip;<\/span> <a class=\"more-link\" href=\"https:\/\/www.vokv.dk\/?page_id=826\"><span class=\"more-msg\">L\u00e6s mere her:<\/span><\/a><\/p>\n","protected":false},"author":2,"featured_media":0,"parent":8,"menu_order":0,"comment_status":"closed","ping_status":"closed","template":"","meta":{"footnotes":""},"folder":[18],"class_list":["post-826","page","type-page","status-publish","hentry"],"_links":{"self":[{"href":"https:\/\/www.vokv.dk\/index.php?rest_route=\/wp\/v2\/pages\/826","targetHints":{"allow":["GET"]}}],"collection":[{"href":"https:\/\/www.vokv.dk\/index.php?rest_route=\/wp\/v2\/pages"}],"about":[{"href":"https:\/\/www.vokv.dk\/index.php?rest_route=\/wp\/v2\/types\/page"}],"author":[{"embeddable":true,"href":"https:\/\/www.vokv.dk\/index.php?rest_route=\/wp\/v2\/users\/2"}],"replies":[{"embeddable":true,"href":"https:\/\/www.vokv.dk\/index.php?rest_route=%2Fwp%2Fv2%2Fcomments&post=826"}],"version-history":[{"count":1,"href":"https:\/\/www.vokv.dk\/index.php?rest_route=\/wp\/v2\/pages\/826\/revisions"}],"predecessor-version":[{"id":4967,"href":"https:\/\/www.vokv.dk\/index.php?rest_route=\/wp\/v2\/pages\/826\/revisions\/4967"}],"up":[{"embeddable":true,"href":"https:\/\/www.vokv.dk\/index.php?rest_route=\/wp\/v2\/pages\/8"}],"wp:attachment":[{"href":"https:\/\/www.vokv.dk\/index.php?rest_route=%2Fwp%2Fv2%2Fmedia&parent=826"}],"wp:term":[{"taxonomy":"folder","embeddable":true,"href":"https:\/\/www.vokv.dk\/index.php?rest_route=%2Fwp%2Fv2%2Ffolder&post=826"}],"curies":[{"name":"wp","href":"https:\/\/api.w.org\/{rel}","templated":true}]}}