{"id":5749,"date":"2026-01-25T17:12:53","date_gmt":"2026-01-25T16:12:53","guid":{"rendered":"https:\/\/www.vokv.dk\/?page_id=5749"},"modified":"2026-01-25T17:13:24","modified_gmt":"2026-01-25T16:13:24","slug":"priser-fra-1-februar-2026-2","status":"publish","type":"page","link":"https:\/\/www.vokv.dk\/?page_id=5749","title":{"rendered":"Priser fra 1. Februar 2026"},"content":{"rendered":"<p>&nbsp;<\/p>\n<p>&nbsp;<\/p>\n<p>&nbsp;<\/p>\n<h3 style=\"text-align: center;\">V\u00e6rum-\u00d8rum Kraftvarmev\u00e6rk<\/h3>\n<h2 style=\"text-align: center;\">PRISBLAD<\/h2>\n<h4 style=\"text-align: center;\">G\u00e6ldende pr. 1. Februar 2026<\/h4>\n<p style=\"text-align: center;\"><a href=\"https:\/\/www.vokv.dk\/wp-content\/uploads\/2026\/01\/Tarifblad-gaeldende-pr.-01-02-2026.pdf\">Down load som PDF fil<\/a><\/p>\n<h5><\/h5>\n<table style=\"width: 52.1024%; height: 406px;\">\n<tbody>\n<tr style=\"height: 54px;\">\n<td style=\"height: 54px;\" width=\"300\"><\/td>\n<td style=\"height: 54px;\" width=\"38\"><\/td>\n<td style=\"height: 54px;\" width=\"55\"><\/td>\n<td style=\"height: 54px;\" width=\"129\"><strong>ex. moms<\/strong><\/td>\n<td style=\"height: 54px;\" width=\"130\"><strong>incl. moms<\/strong><\/td>\n<\/tr>\n<tr style=\"height: 22px;\">\n<td style=\"height: 22px;\" width=\"300\"><\/td>\n<td style=\"height: 22px;\" width=\"38\"><\/td>\n<td style=\"height: 22px;\" width=\"55\"><\/td>\n<td style=\"height: 22px;\" width=\"129\"><\/td>\n<td style=\"height: 22px;\" width=\"130\"><\/td>\n<\/tr>\n<tr style=\"height: 22px;\">\n<td style=\"height: 22px;\" width=\"300\">Afregning af forbrug<\/td>\n<td style=\"height: 22px;\" width=\"38\">pr.<\/td>\n<td style=\"height: 22px;\" width=\"55\">MWh<\/td>\n<td style=\"height: 22px;\" width=\"129\">725,00<\/td>\n<td style=\"height: 22px;\" width=\"130\">906,25<\/td>\n<\/tr>\n<tr style=\"height: 22px;\">\n<td style=\"height: 22px;\" width=\"300\"><\/td>\n<td style=\"height: 22px;\" width=\"38\"><\/td>\n<td style=\"height: 22px;\" width=\"55\"><\/td>\n<td style=\"height: 22px;\" width=\"129\"><\/td>\n<td style=\"height: 22px;\" width=\"130\"><\/td>\n<\/tr>\n<tr style=\"height: 22px;\">\n<td style=\"height: 22px;\" width=\"300\">Abonnementsbidrag<\/td>\n<td style=\"height: 22px;\" width=\"38\">pr.<\/td>\n<td style=\"height: 22px;\" width=\"55\">m\u00e5ler<\/td>\n<td style=\"height: 22px;\" width=\"129\">1.000,00<\/td>\n<td style=\"height: 22px;\" width=\"130\">1.250,00<\/td>\n<\/tr>\n<tr style=\"height: 22px;\">\n<td style=\"height: 22px;\" width=\"300\"><\/td>\n<td style=\"height: 22px;\" width=\"38\"><\/td>\n<td style=\"height: 22px;\" width=\"55\"><\/td>\n<td style=\"height: 22px;\" width=\"129\"><\/td>\n<td style=\"height: 22px;\" width=\"130\"><\/td>\n<\/tr>\n<tr style=\"height: 22px;\">\n<td style=\"height: 22px;\" width=\"300\">Underd\u00e6kning tidligere \u00e5r<\/td>\n<td style=\"height: 22px;\" width=\"38\"><\/td>\n<td style=\"height: 22px;\" width=\"55\"><\/td>\n<td style=\"height: 22px;\" width=\"129\">800,00<\/td>\n<td style=\"height: 22px;\" width=\"130\">1.000,00<\/td>\n<\/tr>\n<tr style=\"height: 22px;\">\n<td style=\"height: 22px;\" width=\"300\"><\/td>\n<td style=\"height: 22px;\" width=\"38\"><\/td>\n<td style=\"height: 22px;\" width=\"55\"><\/td>\n<td style=\"height: 22px;\" width=\"129\"><\/td>\n<td style=\"height: 22px;\" width=\"130\"><\/td>\n<\/tr>\n<tr style=\"height: 22px;\">\n<td style=\"height: 22px;\" width=\"300\">Fast bidrag (jf. BBR):<\/td>\n<td style=\"height: 22px;\" width=\"38\"><\/td>\n<td style=\"height: 22px;\" width=\"55\"><\/td>\n<td style=\"height: 22px;\" width=\"129\"><\/td>\n<td style=\"height: 22px;\" width=\"130\"><\/td>\n<\/tr>\n<tr style=\"height: 22px;\">\n<td style=\"height: 22px;\" width=\"300\">Fra 0 \u2013 100<\/td>\n<td style=\"height: 22px;\" width=\"38\">pr.<\/td>\n<td style=\"height: 22px;\" width=\"55\">m\u00b2<\/td>\n<td style=\"height: 22px;\" width=\"129\">62,00<\/td>\n<td style=\"height: 22px;\" width=\"130\">77,50<\/td>\n<\/tr>\n<tr style=\"height: 22px;\">\n<td style=\"height: 22px;\" width=\"300\">Fra 101 &#8211; 130<\/td>\n<td style=\"height: 22px;\" width=\"38\">pr.<\/td>\n<td style=\"height: 22px;\" width=\"55\">m\u00b2<\/td>\n<td style=\"height: 22px;\" width=\"129\">2,00<\/td>\n<td style=\"height: 22px;\" width=\"130\">2,50<\/td>\n<\/tr>\n<tr style=\"height: 22px;\">\n<td style=\"height: 22px;\" width=\"300\">Fra 131 &#8211; 180<\/td>\n<td style=\"height: 22px;\" width=\"38\">pr.<\/td>\n<td style=\"height: 22px;\" width=\"55\">m\u00b2<\/td>\n<td style=\"height: 22px;\" width=\"129\">1,50<\/td>\n<td style=\"height: 22px;\" width=\"130\">1,88<\/td>\n<\/tr>\n<tr style=\"height: 22px;\">\n<td style=\"height: 22px;\" width=\"300\">Fra 181 &#8211; 500<\/td>\n<td style=\"height: 22px;\" width=\"38\">pr.<\/td>\n<td style=\"height: 22px;\" width=\"55\">m\u00b2<\/td>\n<td style=\"height: 22px;\" width=\"129\">1,00<\/td>\n<td style=\"height: 22px;\" width=\"130\">1,25<\/td>\n<\/tr>\n<tr style=\"height: 22px;\">\n<td style=\"height: 22px;\" width=\"300\">Fra 501 &#8211;<\/td>\n<td style=\"height: 22px;\" width=\"38\">pr.<\/td>\n<td style=\"height: 22px;\" width=\"55\">m\u00b2<\/td>\n<td style=\"height: 22px;\" width=\"129\">20,00<\/td>\n<td style=\"height: 22px;\" width=\"130\">25,00<\/td>\n<\/tr>\n<tr style=\"height: 22px;\">\n<td style=\"height: 22px;\" width=\"300\"><\/td>\n<td style=\"height: 22px;\" width=\"38\"><\/td>\n<td style=\"height: 22px;\" width=\"55\"><\/td>\n<td style=\"height: 22px;\" width=\"129\"><\/td>\n<td style=\"height: 22px;\" width=\"130\"><\/td>\n<\/tr>\n<tr style=\"height: 22px;\">\n<td style=\"height: 22px;\" width=\"300\">Motivationstarif\u00a0\u00a0\u00a0\u00a0\u00a0\u00a0\u00a0\u00a0\u00a0\u00a0\u00a0\u00a0\u00a0\u00a0\u00a0\u00a0\u00a0\u00a0\u00a0 2,76 % pr. grad<\/td>\n<td style=\"height: 22px;\" width=\"38\">pr.<\/td>\n<td style=\"height: 22px;\" width=\"55\">MWh<\/td>\n<td style=\"height: 22px;\" width=\"129\">20,00<\/td>\n<td style=\"height: 22px;\" width=\"130\">25,00<\/td>\n<\/tr>\n<tr style=\"height: 22px;\">\n<td style=\"height: 22px;\" width=\"300\"><\/td>\n<td style=\"height: 22px;\" width=\"38\"><\/td>\n<td style=\"height: 22px;\" width=\"55\"><\/td>\n<td style=\"height: 22px;\" width=\"129\"><\/td>\n<td style=\"height: 22px;\" width=\"130\"><\/td>\n<\/tr>\n<\/tbody>\n<\/table>\n<p>&nbsp;<\/p>\n<h5><strong>Varmebetaling<\/strong><\/h5>\n<p>Betaling for varme opkr\u00e6ves aconto 10 gange \u00e5rligt. Juni og juli m\u00e5ned er betalingsfrie. Forfaldsdag og sidste rettidige indbetalingsdato er den 1. hverdag i m\u00e5neden.<\/p>\n<p>&nbsp;<\/p>\n<h5>Automatisk betaling<\/h5>\n<p>V\u00e6rum-\u00d8rum Kraftvarmev\u00e6rk anbefaler at aconto betaling foretages via BS Betalingsservice ved at tilmelde betalingen i banken eller p\u00e5 vores hjemmeside <a href=\"http:\/\/www.vokv.dk\">www.vokv.dk<\/a> under fanen \u201dSelvbetjening, forbruger og overblik\u201d.<\/p>\n<p>Fakturabetaling<\/p>\n<p>Er varmeopkr\u00e6vningen ikke tilmeldt BS Betalingsservice, udsender Betalingsservice et indbetalingskort til brug for betalingen.<\/p>\n<p>&nbsp;<\/p>\n<h5>Rettidig betaling<\/h5>\n<p>Ved betaling efter betalingsfristens udl\u00f8b till\u00e6gges der renter med Nationalbankens officielle udl\u00e5nsrente med till\u00e6g p\u00e5 pt. 8 pct.<\/p>\n<p>Renter og gebyrer opkr\u00e6ves i forbindelse med \u00e5rsopg\u00f8relsen. Ved betaling afregnes g\u00e6ld f\u00f8r aconto rate.<\/p>\n<p>&nbsp;<\/p>\n<h5>Afbrydelse af varmeforsyningen<\/h5>\n<p>Ved manglende betaling af aconto opkr\u00e6vning, vil varmeforsyningen blive afbrudt.<\/p>\n<p>&nbsp;<\/p>\n<h5>\u00c5rsopg\u00f8relse<\/h5>\n<p>Efter regnskabs\u00e5rets udl\u00f8b den 30. juni fremsendes en \u00e5rsopg\u00f8relse med endelig afregning af \u00e5rets varmeforbrug. \u00c5rsopg\u00f8relsen fremsendes sidst i juli m\u00e5ned.<\/p>\n<p>&nbsp;<\/p>\n<h5>Diverse gebyrer<\/h5>\n<table>\n<tbody>\n<tr>\n<td style=\"width: 395px;\"><\/td>\n<td style=\"width: 123px;\"><strong>kr. ekskl. moms<\/strong><\/td>\n<td style=\"width: 134px;\"><strong>kr. inkl. moms<\/strong><\/td>\n<\/tr>\n<tr>\n<td style=\"width: 395px;\">Rykkergebyr pr. gang<\/td>\n<td style=\"width: 123px;\">100,00<\/td>\n<td style=\"width: 134px;\">momsfri<\/td>\n<\/tr>\n<tr>\n<td style=\"width: 395px;\">Inkassogebyr<\/td>\n<td style=\"width: 123px;\">100,00<\/td>\n<td style=\"width: 134px;\">momsfri<\/td>\n<\/tr>\n<tr>\n<td style=\"width: 395px;\">Flytte Gebyr<\/td>\n<td style=\"width: 123px;\">100,00<\/td>\n<td style=\"width: 134px;\">125,00<\/td>\n<\/tr>\n<tr>\n<td style=\"width: 395px;\">Lukkegebyr<\/td>\n<td style=\"width: 123px;\">375,00<\/td>\n<td style=\"width: 134px;\">momsfri<\/td>\n<\/tr>\n<tr>\n<td style=\"width: 395px;\">\u00c5bnegebyr \u2013 gen\u00e5bning indenfor normal \u00e5bningstid<\/td>\n<td style=\"width: 123px;\">375,00<\/td>\n<td style=\"width: 134px;\">468,75<\/td>\n<\/tr>\n<tr>\n<td style=\"width: 395px;\">\u00d8nsker forbrugeren sin m\u00e5ler afpr\u00f8vet og evt. fejlvisning er inden for tolerancen, opkr\u00e6ves forbrugeren.<\/p>\n<p>Er m\u00e5leren modsat beh\u00e6ftet med fejl udskiftes den uden beregning.<\/td>\n<td style=\"width: 123px;\">920,00<\/td>\n<td style=\"width: 134px;\">1.150,00<\/p>\n<p>&nbsp;<\/td>\n<\/tr>\n<\/tbody>\n<\/table>\n<p>&nbsp;<\/p>\n<p>Efter 2. henvendelse ifm. manglende betaling tages der stilling til lukning og overgivelse af sagen til advokat.<\/p>\n<p>I \u00f8vrigt er varmev\u00e6rkets vedt\u00e6gter, almindelige og tekniske bestemmelser g\u00e6ldende.<\/p>\n<p>Se <a href=\"http:\/\/www.vokv.dk\">www.vokv.dk<\/a>.<\/p>\n<p>&nbsp;<\/p>\n<h5>Takster for tilslutning<\/h5>\n<p>For tilslutninger i eksisterende forsyningsomr\u00e5de<\/p>\n<p>Ved tilslutning af nye forbrugere indenfor V\u00e6rum-\u00d8rum Kraftvarmev\u00e6rks forsyningsomr\u00e5de betales de faktiske omkostninger til hhv. materialer, timer og entrepren\u00f8r i forbindelse med etablering af stikledning og montering af hovedhane ved forbrugersted.<\/p>\n<p>Ovenst\u00e5ende beregnes fra bagkant fortov til forbrugersted.<\/p>\n<p>&nbsp;<\/p>\n<h5>Byggemodningsbidrag<\/h5>\n<p>I forbindelse med udstykning bliver der opkr\u00e6vet et byggemodningsbidrag.<br \/>\nByggemodningsbidragets st\u00f8rrelse afh\u00e6nger af de konkrete forhold i forbindelse med den enkelte udstykning, men vil maksimalt udg\u00f8re varmev\u00e6rkets faktiske omkostninger til etablering af gadeledninger i udstykningsomr\u00e5det.<\/p>\n<p>Efter endt tilslutning afregnes der if\u00f8lge v\u00e6rkets prisblad for hhv. faste og variable bidrag.<\/p>\n<p>&nbsp;<\/p>\n<h4>MOTIVATIONSTARIF<\/h4>\n<p>I princippet er fjernvarme meget enkelt. V\u00e6rket pumper opvarmet fjernvarmevand ud til forbrugerne. Herefter afk\u00f8les vandet i forbindelse med opvarmning af boligen og brugsvandet. Det afk\u00f8lede vand returneres herefter til v\u00e6rket \u2013 og jo koldere returvandet er, jo mindre varmetab har v\u00e6rket og hermed en bedre effektivitet i forbindelse med produktionen p\u00e5 hhv. varmepumpe, kedler og solvarmeanl\u00e6g til fordel for alle v\u00e6rkets forbrugere.<\/p>\n<p>&nbsp;<\/p>\n<p>Er returtemperaturen h\u00f8jere end 37\u00b0C opkr\u00e6ver v\u00e6rket et till\u00e6g p\u00e5 25,00 kr. incl. moms pr. MWh pr. grad, den er h\u00f8jere (svarende til 2,76% pr. grad af MWh-prisen).<\/p>\n<p>Motivationstariffen opg\u00f8res og opkr\u00e6ves i forbindelse med \u00e5rsopg\u00f8relsen.<\/p>\n<p>Eksempel p\u00e5 en opkr\u00e6vning for et standardhus p\u00e5 125 m\u00b2 og et forbrug p\u00e5 13,4 MWh giver med en enhedspris pr. MWh p\u00e5 906,25 kr. et varmeforbrug p\u00e5 12.143,75 kr. incl. moms.<\/p>\n<p>&nbsp;<\/p>\n<table>\n<tbody>\n<tr>\n<td width=\"357\"><\/td>\n<td width=\"76\"><\/td>\n<td width=\"38\"><\/td>\n<td width=\"51\"><\/td>\n<td width=\"130\"><strong>kr. incl. moms<\/strong><\/td>\n<\/tr>\n<tr>\n<td width=\"357\">Gennemsnitlig freml\u00f8bstemp. i perioden<\/td>\n<td width=\"76\"><\/td>\n<td width=\"38\">62<\/td>\n<td width=\"51\">\u00b0C<\/td>\n<td width=\"130\"><\/td>\n<\/tr>\n<tr>\n<td width=\"357\">Gennemsnitlig returtemp. i perioden<\/td>\n<td width=\"76\"><\/td>\n<td width=\"38\">42<\/td>\n<td width=\"51\">\u00b0C<\/td>\n<td width=\"130\"><\/td>\n<\/tr>\n<tr>\n<td width=\"357\">Tilladt returtemperatur<\/td>\n<td width=\"76\">0 \u2013 37 \u00b0C<\/td>\n<td width=\"38\"><\/td>\n<td width=\"51\"><\/td>\n<td width=\"130\"><\/td>\n<\/tr>\n<tr>\n<td width=\"357\">Till\u00e6g 2,76% pr. grad over 37 \u00b0C af varmeforbruget<\/td>\n<td width=\"76\"><\/td>\n<td width=\"38\">13,8<\/td>\n<td width=\"51\">%<\/td>\n<td width=\"130\">1.675,84<\/td>\n<\/tr>\n<\/tbody>\n<\/table>\n<p>&nbsp;<\/p>\n<p>Du b\u00f8r kontakte din VVS-installat\u00f8r for gennemgang af dit anl\u00e6g, s\u00e5fremt din returtemperatur er h\u00f8jere end 37 grader.<\/p>\n<p>&nbsp;<\/p>\n<p>&nbsp;<\/p>\n<h3 style=\"text-align: center;\">V\u00e6rum-\u00d8rum Kraftvarmev\u00e6rk<\/h3>\n<h4 style=\"text-align: center;\">Frisenvoldvej 3 A \u2013 Hammelvej 127 B<\/h4>\n<p style=\"text-align: center;\">CVR: 18476339<\/p>\n<p style=\"text-align: center;\">Telefon: 8646 2044<\/p>\n<p style=\"text-align: center;\">Vagttelefon.: 8646 1292<\/p>\n<p style=\"text-align: center;\">\u00c5bningstider: mandag \u2013 fredag kl. 8.00 \u2013 12.00<\/p>\n<p style=\"text-align: center;\">e-mail: info@langaafjernvarme.dk<\/p>\n","protected":false},"excerpt":{"rendered":"<p>&nbsp; &nbsp; &nbsp; V\u00e6rum-\u00d8rum Kraftvarmev\u00e6rk PRISBLAD G\u00e6ldende pr. 1. Februar 2026 Down load som PDF fil ex. moms incl. moms Afregning af forbrug pr. MWh 725,00 906,25 Abonnementsbidrag pr. m\u00e5ler 1.000,00 1.250,00 Underd\u00e6kning tidligere \u00e5r 800,00 1.000,00 Fast bidrag (jf. <span class=\"excerpt-dots\">&hellip;<\/span> <a class=\"more-link\" href=\"https:\/\/www.vokv.dk\/?page_id=5749\"><span class=\"more-msg\">L\u00e6s mere her:<\/span><\/a><\/p>\n","protected":false},"author":2,"featured_media":0,"parent":0,"menu_order":0,"comment_status":"closed","ping_status":"closed","template":"","meta":{"footnotes":""},"folder":[7],"class_list":["post-5749","page","type-page","status-publish","hentry"],"_links":{"self":[{"href":"https:\/\/www.vokv.dk\/index.php?rest_route=\/wp\/v2\/pages\/5749","targetHints":{"allow":["GET"]}}],"collection":[{"href":"https:\/\/www.vokv.dk\/index.php?rest_route=\/wp\/v2\/pages"}],"about":[{"href":"https:\/\/www.vokv.dk\/index.php?rest_route=\/wp\/v2\/types\/page"}],"author":[{"embeddable":true,"href":"https:\/\/www.vokv.dk\/index.php?rest_route=\/wp\/v2\/users\/2"}],"replies":[{"embeddable":true,"href":"https:\/\/www.vokv.dk\/index.php?rest_route=%2Fwp%2Fv2%2Fcomments&post=5749"}],"version-history":[{"count":5,"href":"https:\/\/www.vokv.dk\/index.php?rest_route=\/wp\/v2\/pages\/5749\/revisions"}],"predecessor-version":[{"id":5755,"href":"https:\/\/www.vokv.dk\/index.php?rest_route=\/wp\/v2\/pages\/5749\/revisions\/5755"}],"wp:attachment":[{"href":"https:\/\/www.vokv.dk\/index.php?rest_route=%2Fwp%2Fv2%2Fmedia&parent=5749"}],"wp:term":[{"taxonomy":"folder","embeddable":true,"href":"https:\/\/www.vokv.dk\/index.php?rest_route=%2Fwp%2Fv2%2Ffolder&post=5749"}],"curies":[{"name":"wp","href":"https:\/\/api.w.org\/{rel}","templated":true}]}}