{"id":574,"date":"2016-11-09T00:24:23","date_gmt":"2016-11-08T23:24:23","guid":{"rendered":"http:\/\/www.vokv.dk\/?page_id=574"},"modified":"2025-10-03T15:09:41","modified_gmt":"2025-10-03T13:09:41","slug":"regnskab","status":"publish","type":"page","link":"https:\/\/www.vokv.dk\/?page_id=574","title":{"rendered":"Gemte Regnskaber"},"content":{"rendered":"<h3>Gemte Regnskaber: 2016-2009<\/h3>\n<p>&nbsp;<\/p>\n<p><a href=\"https:\/\/www.vokv.dk\/wp-content\/uploads\/2021\/10\/2020_-21_-_Vaerum_-_Oerum_Kraftvarmevaerk_AmbA_-_aarsrapport.pdf\" target=\"_blank\" rel=\"noopener\">2020 &#8211; 21 &#8211;\u00a0 V\u00e6rum-\u00d8rum Kraftvarmev\u00e6rk &#8211; \u00c5rsrapport<\/a><\/p>\n<p><a href=\"https:\/\/www.vokv.dk\/wp-content\/uploads\/2021\/02\/2019-20_-_Vaerum_-_Oerum_Kraftvarmevaerk_AmbA_-_aarsrapport.pdf\">2019 &#8211; 20 &#8211; V\u00e6rum-\u00d8rum Kraftvarmev\u00e6rk &#8211; \u00c5rsrapport<\/a><\/p>\n<p><a href=\"https:\/\/www.vokv.dk\/wp-content\/uploads\/2020\/02\/2018-19-V%C3%A6rum-%C3%98rum-Kraftvarmev%C3%A6rk-%C3%85rsrapport.pdf\" target=\"_blank\" rel=\"noopener noreferrer\">2018 &#8211; 19 &#8211; V\u00e6rum-\u00d8rum Kraftvarmev\u00e6rk &#8211; \u00c5rsrapport<\/a><\/p>\n<p><a href=\"https:\/\/www.vokv.dk\/wp-content\/uploads\/2019\/10\/2017-18-V%C3%A6rum-%C3%98rum-Kraftvarmev%C3%A6rk-%C3%85rsrapport.pdf\" target=\"_blank\" rel=\"noopener\">2017 &#8211; 18 &#8211; V\u00e6rum-\u00d8rum Kraftvarmev\u00e6rk &#8211; \u00c5rsrapport<\/a><\/p>\n<p><a href=\"https:\/\/www.vokv.dk\/wp-content\/uploads\/2019\/10\/2016-17-V\u00e6rum-\u00d8rum-Kraftvarmev\u00e6rk-\u00c5rsrapport.pdf\" target=\"_blank\" rel=\"noopener noreferrer\">2016 &#8211; 17 &#8211; V\u00e6rum-\u00d8rum Kraftvarmev\u00e6rk &#8211; \u00c5rsrapport<\/a><\/p>\n<p><a href=\"https:\/\/www.vokv.dk\/wp-content\/uploads\/2016\/11\/SmaArsrapport2015-16.pdf\" target=\"_blank\" rel=\"noopener noreferrer\">2015 &#8211; 16 &#8211; V\u00e6rum-\u00d8rum Kraftvarmev\u00e6rk &#8211; Sammendrag<\/a><\/p>\n<p><a href=\"https:\/\/www.vokv.dk\/wp-content\/uploads\/2019\/10\/2014-15-V\u00e6rum-\u00d8rum-Kraftvarmev\u00e6rk-\u00c5rsrapport.pdf\" target=\"_blank\" rel=\"noopener noreferrer\">2014 &#8211; 15 &#8211; V\u00e6rum-\u00d8rum Kraftvarmev\u00e6rk &#8211; \u00c5rsrapport<\/a><\/p>\n<p><a href=\"https:\/\/www.vokv.dk\/wp-content\/uploads\/2019\/10\/2013-14-V\u00e6rum-\u00d8rum-Kraftvarmev\u00e6rk-\u00c5rsrapport.pdf\" target=\"_blank\" rel=\"noopener noreferrer\">2013 &#8211; 14 &#8211; V\u00e6rum-\u00d8rum Kraftvarmev\u00e6rk &#8211; \u00c5rsrapport<\/a><\/p>\n<p><a href=\"https:\/\/www.vokv.dk\/wp-content\/uploads\/2016\/04\/SmaArsrapport2012-13.pdf\" target=\"_blank\" rel=\"noopener noreferrer\">2012 &#8211; 13 &#8211; V\u00e6rum-\u00d8rum Kraftvarmev\u00e6rk &#8211; Sammendrag<\/a><\/p>\n<p><a href=\"https:\/\/www.vokv.dk\/wp-content\/uploads\/2016\/03\/Sma_Arsrapport_2011-12.pdf\" target=\"_blank\" rel=\"noopener noreferrer\">2011 &#8211; 12 &#8211; V\u00e6rum-\u00d8rum Kraftvarmev\u00e6rk &#8211; Sammendrag<\/a><\/p>\n<p><a href=\"https:\/\/www.vokv.dk\/wp-content\/uploads\/2016\/04\/SmaArsrapport2010-11.pdf\" target=\"_blank\" rel=\"noopener noreferrer\">2010 &#8211; 11 &#8211; V\u00e6rum-\u00d8rum Kraftvarmev\u00e6rk &#8211; Sammendrag<\/a><\/p>\n<p><a href=\"http:\/\/www.vokv.dk\/wp-content\/uploads\/2016\/04\/SmaArsrapport2009-10.pdf\" target=\"_blank\" rel=\"noopener noreferrer\">2009 &#8211; 10 &#8211; V\u00e6rum-\u00d8rum Kraftvarmev\u00e6rk &#8211; Sammendrag<\/a><\/p>\n","protected":false},"excerpt":{"rendered":"<p>Gemte Regnskaber: 2016-2009 &nbsp; 2020 &#8211; 21 &#8211;\u00a0 V\u00e6rum-\u00d8rum Kraftvarmev\u00e6rk &#8211; \u00c5rsrapport 2019 &#8211; 20 &#8211; V\u00e6rum-\u00d8rum Kraftvarmev\u00e6rk &#8211; \u00c5rsrapport 2018 &#8211; 19 &#8211; V\u00e6rum-\u00d8rum Kraftvarmev\u00e6rk &#8211; \u00c5rsrapport 2017 &#8211; 18 &#8211; V\u00e6rum-\u00d8rum Kraftvarmev\u00e6rk &#8211; \u00c5rsrapport 2016 &#8211; 17 &#8211; <span class=\"excerpt-dots\">&hellip;<\/span> <a class=\"more-link\" href=\"https:\/\/www.vokv.dk\/?page_id=574\"><span class=\"more-msg\">L\u00e6s mere her:<\/span><\/a><\/p>\n","protected":false},"author":2,"featured_media":0,"parent":2227,"menu_order":2,"comment_status":"closed","ping_status":"closed","template":"","meta":{"footnotes":""},"folder":[49],"class_list":["post-574","page","type-page","status-publish","hentry"],"_links":{"self":[{"href":"https:\/\/www.vokv.dk\/index.php?rest_route=\/wp\/v2\/pages\/574","targetHints":{"allow":["GET"]}}],"collection":[{"href":"https:\/\/www.vokv.dk\/index.php?rest_route=\/wp\/v2\/pages"}],"about":[{"href":"https:\/\/www.vokv.dk\/index.php?rest_route=\/wp\/v2\/types\/page"}],"author":[{"embeddable":true,"href":"https:\/\/www.vokv.dk\/index.php?rest_route=\/wp\/v2\/users\/2"}],"replies":[{"embeddable":true,"href":"https:\/\/www.vokv.dk\/index.php?rest_route=%2Fwp%2Fv2%2Fcomments&post=574"}],"version-history":[{"count":3,"href":"https:\/\/www.vokv.dk\/index.php?rest_route=\/wp\/v2\/pages\/574\/revisions"}],"predecessor-version":[{"id":5714,"href":"https:\/\/www.vokv.dk\/index.php?rest_route=\/wp\/v2\/pages\/574\/revisions\/5714"}],"up":[{"embeddable":true,"href":"https:\/\/www.vokv.dk\/index.php?rest_route=\/wp\/v2\/pages\/2227"}],"wp:attachment":[{"href":"https:\/\/www.vokv.dk\/index.php?rest_route=%2Fwp%2Fv2%2Fmedia&parent=574"}],"wp:term":[{"taxonomy":"folder","embeddable":true,"href":"https:\/\/www.vokv.dk\/index.php?rest_route=%2Fwp%2Fv2%2Ffolder&post=574"}],"curies":[{"name":"wp","href":"https:\/\/api.w.org\/{rel}","templated":true}]}}