{"id":5646,"date":"2025-07-05T17:46:41","date_gmt":"2025-07-05T15:46:41","guid":{"rendered":"https:\/\/www.vokv.dk\/?page_id=5646"},"modified":"2025-08-06T14:08:41","modified_gmt":"2025-08-06T12:08:41","slug":"motivationstarif-indfoeres","status":"publish","type":"page","link":"https:\/\/www.vokv.dk\/?page_id=5646","title":{"rendered":"Motivationstarif indf\u00f8res."},"content":{"rendered":"<h3><strong>Motivationstarif hvad er det?<\/strong><\/h3>\n<p>Der indf\u00f8res nu en s\u00e5kaldt tarif for manglende afk\u00f8ling \u2013 ogs\u00e5 kaldet en motivationstarif. Bestyrelsen har dr\u00f8ftet dette l\u00e6nge og grundigt og er kommet frem til, at vi nu f\u00f8lger det, som stort set alle andre varmev\u00e6rker allerede g\u00f8r.<\/p>\n<p>Vi har optimeret p\u00e5 stort set alle andre parametre, og vi kan ikke f\u00e5 prisen l\u00e6ngere ned, medmindre vi arbejder med den m\u00e5de, varmen bruges p\u00e5. For at varmeproduktionen fungerer optimalt, b\u00f8r returtemperaturen fra forbrugerne ikke overstige 37 grader.<\/p>\n<p>Vi indf\u00f8rer derfor en ekstra betaling for de grader, som den enkelte forbruger ligger over de 37 grader. Denne betaling sker sammen med \u00e5rsopg\u00f8relsen for varmeforbruget i 25\/26, hvor \u00e5rsopg\u00f8relsen kommer sommeren 2026 \u2013 alts\u00e5 om et \u00e5r.<\/p>\n<p>Vi opfordrer alle andelshavere til at gennemg\u00e5 \u00e5rsopg\u00f8relsen for 2025 og kontrollere den gennemsnitlige returtemperatur. Hvis den overstiger 37 grader, anbefaler vi, at man hurtigt kontakter en VVS\u2019er. Det er ofte blot en termostat, en ventil eller en manuel indregulering, der skal udskiftes \u2013 og det er sj\u00e6ldent s\u00e6rligt dyrt.<\/p>\n<p>Man f\u00e5r <strong>ikke<\/strong> en lavere returtemperatur ved at spare p\u00e5 varmen, men man <strong>f\u00e5r<\/strong> en billigere varmeregning, hvis anl\u00e6gget k\u00f8rer korrekt. Vores h\u00e5b er, at alle f\u00e5r indreguleret deres anl\u00e6g, s\u00e5 ingen beh\u00f8ver betale motivationstarif.<\/p>\n<p>Som prissammens\u00e6tningen er nu, betaler vi alle for den h\u00f8je returtemperatur. Fremover vil det v\u00e6re den enkelte forbruger, der betaler.<\/p>\n<p>Bestyrelsen stod overfor valget om enten at s\u00e6tte varmeprisen ned med 875 kr. og indf\u00f8re motivationstarif eller at undlade at s\u00e6tte prisen for underd\u00e6kning ned.<\/p>\n<p>Vi har valgt, at det fremover er den enkelte forbrugers ansvar, at varmeenheden i huset fungerer korrekt.<\/p>\n<p>Vi har analyseret, hvilke adresser der har for h\u00f8j returtemperatur, og det viser sig ofte at v\u00e6re b\u00e5de nye anl\u00e6g (formentlig ikke korrekt indstillet ved installation), gamle anl\u00e6g (som tr\u00e6nger til et serviceeftersyn). Blandt forbrugere med god returtemperatur ser vi b\u00e5de et-strengede og to-strengede anl\u00e6g \u2013 s\u00e5 der er ikke bel\u00e6g for, at s\u00e6rlige grupper bliver ramt. Alt tyder p\u00e5, at problemerne hos langt de fleste kan l\u00f8ses med en forholdsvis lille indsats.<\/p>\n<p>Igen \u2013 vi h\u00e5ber, at alle f\u00e5r justeret deres anl\u00e6g, s\u00e5 merudgiften ikke bliver aktuel.<\/p>\n<hr \/>\n<p><strong>Hvordan holder du \u00f8je med returtemperaturen?<\/strong><\/p>\n<p>Det vigtigste er at tjekke den \u00e5rsopg\u00f8relse, der sendes ud ultimo juli 2025. Den kommer enten via PBS eller kan tilg\u00e5s via v\u00e6rkets hjemmeside. Under <strong>Selvbetjening<\/strong> er der ogs\u00e5 link til <strong>E|Forsynings-Appen<\/strong>. Du logger ind med forbrugernummer og den pinkode, som st\u00e5r p\u00e5 bilagene, der f\u00f8lger med den m\u00e5nedlige aconto opkr\u00e6vning via banken.<\/p>\n<p>Du er meget velkomne til at ringe til administrationen, hvis du har brug for hj\u00e6lp.<\/p>\n<p>P\u00e5 \u00e5rsopg\u00f8relsen st\u00e5r returtemperaturen angivet som et gennemsnit for \u00e5ret.<\/p>\n<p>Vi har f\u00e5et lavet et bilag, som kommer med \u00e5rsopg\u00f8relsen. Det bilag viser hvad du skulle betale i motivationstarif, hvis den var indf\u00f8rt nu. Hermed kan du ogs\u00e5 se, om du skal handle. Via appen og den digitale l\u00f8sning kan du fremadrettet f\u00f8lge returtemperaturen m\u00e5ned for m\u00e5ned.<\/p>\n<p>Det er vigtigt at holde \u00f8je med, at den ikke pludselig stiger. Eksempel: Hvis termostaten til varmtvandsbeholderen ikke fungerer, kan meget varmt vand cirkulere uden at blive brugt \u2013 og returtemperaturen stiger voldsomt.<\/p>\n<p><span style=\"text-decoration: underline;\">For at motivere flest muligt til at handle, er tarifmodellen enkel:<\/span><br \/>\n<span style=\"text-decoration: underline;\">For hver grad returtemperaturen overstiger 37 grader, betaler du 25 kr. pr. MWh, man forbruger \u00e5rligt.<\/span><\/p>\n<p><strong>Eksempel: <\/strong><\/p>\n<p>Hvis returtemperaturen er 40 grader som gennemsnit for \u00e5ret og forbruget er 14 MWh bliver din ekstraregning:<br \/>\n<span style=\"text-decoration: underline;\">3 x 25 x 14 = 1.050 kr.\/\u00e5r.<\/span><\/p>\n<p>Af tekniske \u00e5rsager vises de 25 kr. som en procentsats p\u00e5 \u00e5rsopg\u00f8relsen.<\/p>\n<hr \/>\n<p><strong>Hvor mange forbrugere skal se deres anl\u00e6g igennem?<\/strong><\/p>\n<p>Vi kender ikke pr\u00e6cist tallet for 2025 \u2013 det fremg\u00e5r f\u00f8rst af \u00e5rsopg\u00f8relsen.<\/p>\n<p>Bestyrelsen forventer dog, at ca. 200 ud af 600 husstande har en returtemperatur over 37 grader, og at 10 % af disse ligger ekstraordin\u00e6rt h\u00f8jt. Det er derfor vigtigt at reagere, da det ellers kan blive en betydelig ekstraregning.<\/p>\n<hr \/>\n<p><strong>Bestyrelsen iv\u00e6rks\u00e6tter f\u00f8lgende initiativer:<\/strong><\/p>\n<ul>\n<li>De 10 forbrugere med den h\u00f8jeste returtemperatur vil fortsat f\u00e5 bes\u00f8g af smeden for at f\u00e5 anl\u00e6gget indreguleret.<\/li>\n<li>Hver m\u00e5ned l\u00e6gges sedler i postkasserne hos forbrugere med returtemperatur over 37 grader.<\/li>\n<\/ul>\n<p>Vi g\u00f8r alt, hvad vi kan for at hj\u00e6lpe, men det er stadig <span style=\"text-decoration: underline;\">forbrugerens eget ansvar<\/span>, at varmeinstallationen fungerer korrekt.<\/p>\n","protected":false},"excerpt":{"rendered":"<p>Motivationstarif hvad er det? Der indf\u00f8res nu en s\u00e5kaldt tarif for manglende afk\u00f8ling \u2013 ogs\u00e5 kaldet en motivationstarif. Bestyrelsen har dr\u00f8ftet dette l\u00e6nge og grundigt og er kommet frem til, at vi nu f\u00f8lger det, som stort set alle andre <span class=\"excerpt-dots\">&hellip;<\/span> <a class=\"more-link\" href=\"https:\/\/www.vokv.dk\/?page_id=5646\"><span class=\"more-msg\">L\u00e6s mere her:<\/span><\/a><\/p>\n","protected":false},"author":2,"featured_media":0,"parent":0,"menu_order":0,"comment_status":"closed","ping_status":"closed","template":"","meta":{"footnotes":""},"folder":[50,7],"class_list":["post-5646","page","type-page","status-publish","hentry"],"_links":{"self":[{"href":"https:\/\/www.vokv.dk\/index.php?rest_route=\/wp\/v2\/pages\/5646","targetHints":{"allow":["GET"]}}],"collection":[{"href":"https:\/\/www.vokv.dk\/index.php?rest_route=\/wp\/v2\/pages"}],"about":[{"href":"https:\/\/www.vokv.dk\/index.php?rest_route=\/wp\/v2\/types\/page"}],"author":[{"embeddable":true,"href":"https:\/\/www.vokv.dk\/index.php?rest_route=\/wp\/v2\/users\/2"}],"replies":[{"embeddable":true,"href":"https:\/\/www.vokv.dk\/index.php?rest_route=%2Fwp%2Fv2%2Fcomments&post=5646"}],"version-history":[{"count":13,"href":"https:\/\/www.vokv.dk\/index.php?rest_route=\/wp\/v2\/pages\/5646\/revisions"}],"predecessor-version":[{"id":5673,"href":"https:\/\/www.vokv.dk\/index.php?rest_route=\/wp\/v2\/pages\/5646\/revisions\/5673"}],"wp:attachment":[{"href":"https:\/\/www.vokv.dk\/index.php?rest_route=%2Fwp%2Fv2%2Fmedia&parent=5646"}],"wp:term":[{"taxonomy":"folder","embeddable":true,"href":"https:\/\/www.vokv.dk\/index.php?rest_route=%2Fwp%2Fv2%2Ffolder&post=5646"}],"curies":[{"name":"wp","href":"https:\/\/api.w.org\/{rel}","templated":true}]}}