{"id":5640,"date":"2025-07-04T15:14:41","date_gmt":"2025-07-04T13:14:41","guid":{"rendered":"https:\/\/www.vokv.dk\/?page_id=5640"},"modified":"2025-07-04T15:15:27","modified_gmt":"2025-07-04T13:15:27","slug":"fjernvarmedeklaration-2025","status":"publish","type":"page","link":"https:\/\/www.vokv.dk\/?page_id=5640","title":{"rendered":"Fjernvarmedeklaration 2025"},"content":{"rendered":"<div class=\"wp-block-pdfemb-pdf-embedder-viewer\"><a href=\"https:\/\/www.vokv.dk\/wp-content\/uploads\/2025\/07\/Fjernvarmedeklaration-2025-Vaerum-Oerum-Kraftvarmevaerk.pdf\" class=\"pdfemb-viewer\" style=\"\" data-width=\"max\" data-height=\"max\" data-toolbar=\"both\" data-toolbar-fixed=\"on\">Fjernvarmedeklaration 2025 - V\u00e6rum-\u00d8rum Kraftvarmev\u00e6rk<\/a><\/div>\n<p>&nbsp;<\/p>\n","protected":false},"excerpt":{"rendered":"<p>&nbsp;<\/p>\n <a class=\"more-link\" href=\"https:\/\/www.vokv.dk\/?page_id=5640\"><span class=\"more-msg\">L\u00e6s mere her:<\/span><\/a>","protected":false},"author":2,"featured_media":0,"parent":0,"menu_order":0,"comment_status":"closed","ping_status":"closed","template":"","meta":{"footnotes":""},"folder":[50],"class_list":["post-5640","page","type-page","status-publish","hentry"],"_links":{"self":[{"href":"https:\/\/www.vokv.dk\/index.php?rest_route=\/wp\/v2\/pages\/5640","targetHints":{"allow":["GET"]}}],"collection":[{"href":"https:\/\/www.vokv.dk\/index.php?rest_route=\/wp\/v2\/pages"}],"about":[{"href":"https:\/\/www.vokv.dk\/index.php?rest_route=\/wp\/v2\/types\/page"}],"author":[{"embeddable":true,"href":"https:\/\/www.vokv.dk\/index.php?rest_route=\/wp\/v2\/users\/2"}],"replies":[{"embeddable":true,"href":"https:\/\/www.vokv.dk\/index.php?rest_route=%2Fwp%2Fv2%2Fcomments&post=5640"}],"version-history":[{"count":4,"href":"https:\/\/www.vokv.dk\/index.php?rest_route=\/wp\/v2\/pages\/5640\/revisions"}],"predecessor-version":[{"id":5644,"href":"https:\/\/www.vokv.dk\/index.php?rest_route=\/wp\/v2\/pages\/5640\/revisions\/5644"}],"wp:attachment":[{"href":"https:\/\/www.vokv.dk\/index.php?rest_route=%2Fwp%2Fv2%2Fmedia&parent=5640"}],"wp:term":[{"taxonomy":"folder","embeddable":true,"href":"https:\/\/www.vokv.dk\/index.php?rest_route=%2Fwp%2Fv2%2Ffolder&post=5640"}],"curies":[{"name":"wp","href":"https:\/\/api.w.org\/{rel}","templated":true}]}}