{"id":5424,"date":"2024-10-24T16:26:53","date_gmt":"2024-10-24T14:26:53","guid":{"rendered":"https:\/\/www.vokv.dk\/?page_id=5424"},"modified":"2024-10-31T13:07:08","modified_gmt":"2024-10-31T12:07:08","slug":"formandens-beretning-2024-2","status":"publish","type":"page","link":"https:\/\/www.vokv.dk\/?page_id=5424","title":{"rendered":"Generalforsamling 2024 Formandens beretning"},"content":{"rendered":"<h3>Formandens beretning 2024<\/h3>\n<p><strong><a href=\"https:\/\/www.vokv.dk\/wp-content\/uploads\/2024\/10\/VOKV-Generalforsamling-22_10_2024_r.pdf\" target=\"_blank\" rel=\"noopener\">Referat og beretning fra generalforsamlingen som PDF<\/a><\/strong><\/p>\n<p>Det forgangne \u00e5r, har p\u00e5 mange m\u00e5der ikke v\u00e6ret s\u00e5 hektisk, som tidligere. Det er tydeligt, at vi nu har f\u00e6rdiggjort vores store projekter, og nu er i gang med at f\u00e5 k\u00f8rt alt ind og driftet optimalt.<\/p>\n<p>N\u00e5r det s\u00e5 er sagt, s\u00e5 er der faktisk sket rigtig meget i det forgangne \u00e5r. Jeg vil lave nogle enkelte nedslag, som ikke er i kronologisk r\u00e6kkef\u00f8lge.<\/p>\n<p>&nbsp;<\/p>\n<p>Vi er lige begyndt p\u00e5 en lille tilkobling af sm\u00e5 100 husstande i Haslund. Vi har v\u00e6ret i gang med gravemaskinerne for at sikre os, at mest muligt gravearbejde er gjort, f\u00f8r vinteren kommer over os. Og det har taget lidt tid med byggem\u00f8der mv. for lige at f\u00e5 alle detaljer p\u00e5 plads. Det er en rigtig god l\u00f8sning for alle parter. For vores vedkommende, kommer der flere forbrugere p\u00e5, hvilket g\u00f8r, at vi er flere til at betale regningerne. Vi skal ikke udvide vores produktion, vi kan sagtens rumme det indenfor det eksisterende. Vi kommer til at have flere kunder til at aftage is\u00e6r vores solvarme, som jo koster det samme (nemlig l\u00e5nene p\u00e5 solcellerne) uanset hvor meget eller lidt vi producere. Samtidig s\u00e5 er det markant billigere at blive tilkoblet varmev\u00e6rket, end hvis man skulle opvarme med individuelle varmepumper.<\/p>\n<p>&nbsp;<\/p>\n<p>Vi har n\u00e6sten lige haft \u00e5bent hus igen. Det var et stort \u00f8nske p\u00e5 sidste generalforsamling, at vi \u00e5bnede d\u00f8rene igen. Denne gang uden p\u00f8lsevogn \u2013 som jo betales af de entrepren\u00f8rer, som afslutter et projekt hos os. Det var faktisk ganske p\u00e6nt bes\u00f8gt, og jeg tror de fleste havde en god dag \u2013 og der var mange p\u00e6ne ord til b\u00e5de driften og bestyrelsen. Det er vi glade for.<\/p>\n<p>&nbsp;<\/p>\n<p>S\u00e5 havde vi lidt af et brag p\u00e5 v\u00e6rket Jebjerg. En pillesilo sprang i luften, og det gav b\u00e5de nogle forskr\u00e6kkelser men ogs\u00e5 nogle overvejelser om, hvad det nu var for noget. \u00d8konomisk har vores forsikring d\u00e6kket det hele, og vi er oppe at k\u00f8re igen. Men det har taget noget tid at finde ud af hvorfor det skete. Konklusionen er nok, at det har v\u00e6ret tr\u00e6pille st\u00f8v, som var \u00e5rsag til uheldet. Og at det er sket uagtet, at vi f\u00e5r renset alt efter bogen, og faktisk ogs\u00e5 hyppigere end vi er anbefalet. Vi har fors\u00f8gt med et nyt setup der g\u00f8r, at det ikke skulle ske igen. Men det skulle det jo heller ikke f\u00f8rste gang.<\/p>\n<p>&nbsp;<\/p>\n<p>Vi har i bestyrelsen fors\u00f8gt at s\u00e6tte fokus p\u00e5 optimering af driften, og har igangsat en ordning med d\u00e5rlig afk\u00f8ling. D\u00e5rlige afk\u00f8lere vil blive kontaktet af Hedegaard, som vi betaler for, at k\u00f8re p\u00e5 bes\u00f8g. Smeden vil herefter tjekke anl\u00e6gget og indstille det korrekt. Hvis der skal skiftes en pakning, en termostat eller andet, kan det ske p\u00e5 stedet &#8211; p\u00e5 forbrugerens regning. Dette vil vi forts\u00e6tte med et stykke tid endnu, og p\u00e5 sigt vil vi nok begynde at arbejde med motivationstariffer. Alts\u00e5 at man skal bruge den varme der er i vandet, og sende det retur med en retur temperatur p\u00e5 37 grader. Tariffen skal s\u00e5 betales for den mervarme men sender retur med. Der er rigtig mange penge, at tjene her. Men samtidig med, at vi arbejder p\u00e5 Hedegaard l\u00f8sningen, s\u00e5 skal vi have indstillet det samlede anl\u00e6g helt korrekt \u2013 inden vi starter med disse tariffer. Det varer noget tid endnu.<\/p>\n<p>&nbsp;<\/p>\n<p>Vores samlede produktionsanl\u00e6g best\u00e5r nu af solvarme, El varmepumpe, tr\u00e6piller og i sidste ende naturgas. Solen er klart det billigste, varmepumpen k\u00f8rer nu kun, n\u00e5r priser er lave \u2013 og tr\u00e6piller er standby. Gassen bruges stort set ikke. Derfor har vi efter flere \u00e5rs till\u00f8b solgt vores motor i Jebjerg. Selvom den ikke k\u00f8rer mange timer, har den alligevel kostet flere hundredetusind kroner i drift\/service mv. om \u00e5ret. S\u00e5 det bliver en \u00e5rlig besparelse.<\/p>\n<p>Det kan ogs\u00e5 afl\u00e6ses i vores regnskab, hvor vi har lavet et fint overskud, som vi jo skal for at betale de gamle underskud ud. H\u00e5bet er, at vi er i gang med det sidste \u00e5r med udligning af gamle underskud, men det er jo ganske sv\u00e6rt at sp\u00e5 om fremtiden.<\/p>\n<p>&nbsp;<\/p>\n<p>N\u00e5r vi er f\u00e6rdige med at d\u00e6kke gamle underskud, skal bestyrelsen kigge p\u00e5 det hele igen, og have fastsat nye priser. Kigger man p\u00e5 priserne lige nu, ligger vi i den tunge ende af pris skalaen sammenlignet med varmev\u00e6rket i hele landet. Det er ikke noget vi er glade for, men det er s\u00e5dan det er. Hvis vi fjerner de ting, som betales p\u00e5 vores overd\u00e6kning ligger vi dog t\u00e6ttere p\u00e5 det store gennemsnit. Fjernvarmen er bare blevet dyrere, og det samme er alle ting omkring os \u2013 naturgassen er dyrere end tidligere, el priserne forventes at stige over tid, s\u00e5 b\u00e5de den kollektive varmel\u00f8sning og den individuelle varmel\u00f8sning er blevet dyrere og bliver nogle steder endnu dyrere. S\u00e5 vi skal vendes os til en ny normal i forhold til priser. I kan bare se p\u00e5 madvarer i butikkerne, renter p\u00e5 l\u00e5n i bankerne. S\u00e5 n\u00e5r vi er f\u00e6rdige med, at betale vores underd\u00e6kning, s\u00e5 forventer jeg, at vi ligger p\u00e5 niveauet med st\u00f8rstedelen af de andre varmev\u00e6rker. Men niveauet er h\u00f8jere end det vi s\u00e5 ind i, for \u00e5r tilbage. \u00a0Det er desv\u00e6rre virkeligheden for os alle sammen.<\/p>\n<p>&nbsp;<\/p>\n<p>Jeg har tidligere fors\u00f8gt mig med, at opfordre jer alle til at bruge noget mere varme, da det er bedst for varmev\u00e6rkets \u00f8konomi. Varmev\u00e6rket skal stort set producere den samme m\u00e6ngde varme, og sende den samme m\u00e6ngde varme vand rundt \u2013 uanset om den enkelte husstand sparer p\u00e5 varmen. Varmev\u00e6rket s\u00f8rger ogs\u00e5 for nat s\u00e6nkning. Jo mere varme vi kan udfakturere til kunderne des mere, tjener v\u00e6rket og i sidste ende, kan det s\u00e6tte priserne ned. S\u00e5 mit sidste ord i denne beretning bliver igen, brug noget mere varme \ud83d\ude0a<\/p>\n<p>&nbsp;<\/p>\n<p>Tak for ordet.<\/p>\n","protected":false},"excerpt":{"rendered":"<p>Formandens beretning 2024 Referat og beretning fra generalforsamlingen som PDF Det forgangne \u00e5r, har p\u00e5 mange m\u00e5der ikke v\u00e6ret s\u00e5 hektisk, som tidligere. Det er tydeligt, at vi nu har f\u00e6rdiggjort vores store projekter, og nu er i gang med <span class=\"excerpt-dots\">&hellip;<\/span> <a class=\"more-link\" href=\"https:\/\/www.vokv.dk\/?page_id=5424\"><span class=\"more-msg\">L\u00e6s mere her:<\/span><\/a><\/p>\n","protected":false},"author":2,"featured_media":0,"parent":0,"menu_order":0,"comment_status":"closed","ping_status":"closed","template":"","meta":{"footnotes":""},"folder":[8],"class_list":["post-5424","page","type-page","status-publish","hentry"],"_links":{"self":[{"href":"https:\/\/www.vokv.dk\/index.php?rest_route=\/wp\/v2\/pages\/5424","targetHints":{"allow":["GET"]}}],"collection":[{"href":"https:\/\/www.vokv.dk\/index.php?rest_route=\/wp\/v2\/pages"}],"about":[{"href":"https:\/\/www.vokv.dk\/index.php?rest_route=\/wp\/v2\/types\/page"}],"author":[{"embeddable":true,"href":"https:\/\/www.vokv.dk\/index.php?rest_route=\/wp\/v2\/users\/2"}],"replies":[{"embeddable":true,"href":"https:\/\/www.vokv.dk\/index.php?rest_route=%2Fwp%2Fv2%2Fcomments&post=5424"}],"version-history":[{"count":9,"href":"https:\/\/www.vokv.dk\/index.php?rest_route=\/wp\/v2\/pages\/5424\/revisions"}],"predecessor-version":[{"id":5444,"href":"https:\/\/www.vokv.dk\/index.php?rest_route=\/wp\/v2\/pages\/5424\/revisions\/5444"}],"wp:attachment":[{"href":"https:\/\/www.vokv.dk\/index.php?rest_route=%2Fwp%2Fv2%2Fmedia&parent=5424"}],"wp:term":[{"taxonomy":"folder","embeddable":true,"href":"https:\/\/www.vokv.dk\/index.php?rest_route=%2Fwp%2Fv2%2Ffolder&post=5424"}],"curies":[{"name":"wp","href":"https:\/\/api.w.org\/{rel}","templated":true}]}}