{"id":5386,"date":"2024-10-09T14:24:24","date_gmt":"2024-10-09T12:24:24","guid":{"rendered":"https:\/\/www.vokv.dk\/?page_id=5386"},"modified":"2024-10-09T15:39:04","modified_gmt":"2024-10-09T13:39:04","slug":"aabent-hus-8-september-2024","status":"publish","type":"page","link":"https:\/\/www.vokv.dk\/?page_id=5386","title":{"rendered":"\u00c5bent Hus 8. september 2024"},"content":{"rendered":"<p>Det var med succes, vi holdt \u00c5bent Hus p\u00e5 v\u00e6rket p\u00e5 Hammelvej den 8. september. P\u00e5 trods af sommerfester og det fine solskinsvejr, kom omkring 25, b\u00e5de forbrugere og folk, der ikke er tilsluttet v\u00e6rket.<br \/>\nDer blev udtrykt stor tilfredshed med\u00a0 v\u00e6rket.<br \/>\nDet var det 2. \u00c5bent Hus p\u00e5 et \u00e5r.<\/p>\n","protected":false},"excerpt":{"rendered":"<p>Det var med succes, vi holdt \u00c5bent Hus p\u00e5 v\u00e6rket p\u00e5 Hammelvej den 8. september. P\u00e5 trods af sommerfester og det fine solskinsvejr, kom omkring 25, b\u00e5de forbrugere og folk, der ikke er tilsluttet v\u00e6rket. Der blev udtrykt stor tilfredshed <span class=\"excerpt-dots\">&hellip;<\/span> <a class=\"more-link\" href=\"https:\/\/www.vokv.dk\/?page_id=5386\"><span class=\"more-msg\">L\u00e6s mere her:<\/span><\/a><\/p>\n","protected":false},"author":2,"featured_media":0,"parent":3276,"menu_order":0,"comment_status":"closed","ping_status":"closed","template":"","meta":{"footnotes":""},"folder":[24],"class_list":["post-5386","page","type-page","status-publish","hentry"],"_links":{"self":[{"href":"https:\/\/www.vokv.dk\/index.php?rest_route=\/wp\/v2\/pages\/5386","targetHints":{"allow":["GET"]}}],"collection":[{"href":"https:\/\/www.vokv.dk\/index.php?rest_route=\/wp\/v2\/pages"}],"about":[{"href":"https:\/\/www.vokv.dk\/index.php?rest_route=\/wp\/v2\/types\/page"}],"author":[{"embeddable":true,"href":"https:\/\/www.vokv.dk\/index.php?rest_route=\/wp\/v2\/users\/2"}],"replies":[{"embeddable":true,"href":"https:\/\/www.vokv.dk\/index.php?rest_route=%2Fwp%2Fv2%2Fcomments&post=5386"}],"version-history":[{"count":2,"href":"https:\/\/www.vokv.dk\/index.php?rest_route=\/wp\/v2\/pages\/5386\/revisions"}],"predecessor-version":[{"id":5389,"href":"https:\/\/www.vokv.dk\/index.php?rest_route=\/wp\/v2\/pages\/5386\/revisions\/5389"}],"up":[{"embeddable":true,"href":"https:\/\/www.vokv.dk\/index.php?rest_route=\/wp\/v2\/pages\/3276"}],"wp:attachment":[{"href":"https:\/\/www.vokv.dk\/index.php?rest_route=%2Fwp%2Fv2%2Fmedia&parent=5386"}],"wp:term":[{"taxonomy":"folder","embeddable":true,"href":"https:\/\/www.vokv.dk\/index.php?rest_route=%2Fwp%2Fv2%2Ffolder&post=5386"}],"curies":[{"name":"wp","href":"https:\/\/api.w.org\/{rel}","templated":true}]}}