{"id":52,"date":"2016-03-29T19:51:08","date_gmt":"2016-03-29T17:51:08","guid":{"rendered":"http:\/\/www.vokv.dk\/?page_id=52"},"modified":"2025-08-04T11:28:09","modified_gmt":"2025-08-04T09:28:09","slug":"selvaflaesning-2","status":"publish","type":"page","link":"https:\/\/www.vokv.dk\/?page_id=52","title":{"rendered":"Selvbetjening"},"content":{"rendered":"<div class=\"container-margin\">\n<p>&nbsp;<\/p>\n<div class=\"container\">\n<div class=\"row\">\n<div class=\"col-md-12\">\n<div class=\"row clearfix\">\n<div class=\"col-md-6 column\">\n<h3>Din genvej til forbrug, temperatur, styringstabel og dokumenter m.m.<\/h3>\n<p><strong>Log ind p\u00e5<span style=\"color: #000000;\"> &#8220;E|Forsyning&#8221; f<\/span>or at se eller \u00e6ndre:<\/strong><\/p>\n<ul>\n<li><strong><a href=\"https:\/\/eforsyning.dk\/vaerum#\/login\" target=\"_blank\" rel=\"noopener\">Mit forbrug:<\/a><\/strong><\/li>\n<li><strong><a href=\"https:\/\/eforsyning.dk\/vaerum#\/login\" target=\"_blank\" rel=\"noopener\">Mine dokumenter:<\/a><\/strong><\/li>\n<li><strong><a href=\"https:\/\/eforsyning.dk\/vaerum#\/login\" target=\"_blank\" rel=\"noopener\">Mine oplysninger:<\/a><\/strong><\/li>\n<li><strong><a href=\"https:\/\/eforsyning.dk\/vaerum#\/login\" target=\"_blank\" rel=\"noopener\">Beregnet varmeregnskab:<\/a><\/strong><\/li>\n<li><strong><a href=\"https:\/\/eforsyning.dk\/vaerum#\/login\" target=\"_blank\" rel=\"noopener\">Meld flytning:<\/a><\/strong><\/li>\n<li><strong><a href=\"https:\/\/eforsyning.dk\/vaerum#\/login\" target=\"_blank\" rel=\"noopener\">Kontakt vores administration:<\/a><\/strong><\/li>\n<\/ul>\n<\/div>\n<\/div>\n<\/div>\n<\/div>\n<\/div>\n<\/div>\n<p>Hvis det er f\u00f8rste gang, du logger ind, skal du bruge dit forbrugernummer som brugernavn samt en firecifret adgangskode.<\/p>\n<div class=\"container-margin\">\n<p>Du finder disse oplysninger p\u00e5 opkr\u00e6vningen fra v\u00e6rket.<\/p>\n<hr \/>\n<p>Hvis du hellere vil bruge <strong>E|Forsynings-Appen\u00a0<\/strong>s\u00e5 kan den hentes til b\u00e5de Android og iOS, og den er optimeret til b\u00e5de smartphones og tablets.<\/p>\n<div class=\"container\">\n<div class=\"row\">\n<div class=\"col-md-12\">\n<div class=\"row clearfix\">\n<div class=\"col-md-6 column\">\n<div class=\"sidebarRTE\">\n<p><a class=\"maxbutton-12 maxbutton maxbutton-hent\" target=\"_blank\" title=\"Hent til Android\" rel=\"noopener\" href=\"https:\/\/play.google.com\/store\/apps\/details?id=dk.dffedb.eforsyning\" download=\"\"><span class='mb-text'>Hent til Android<\/span><\/a>\u00a0 \u00a0eller\u00a0 \u00a0<a class=\"maxbutton-12 maxbutton maxbutton-hent\" target=\"_blank\" title=\"tooltip\" rel=\"nofollow noopener\" href=\"https:\/\/apps.apple.com\/dk\/app\/eforsyning\/id694578367?l=da&#038;ls=1\" download=\"\"><span class='mb-text'>Hent til iOS<\/span><\/a><\/p>\n<\/div>\n<\/div>\n<hr \/>\n<div>\n<div class=\"sidebarRTE\">\n<p><a href=\"https:\/\/www.vokv.dk\/?page_id=5207\"><strong style=\"font-family: inherit; font-size: 26px;\">Interaktiv Guide til betjening af din varmem\u00e5ler.<\/strong><\/a><\/p>\n<\/div>\n<\/div>\n<div class=\"col-md-6 column\">\n<hr \/>\n<h3>Tilmelding til Betalingsservice<\/h3>\n<\/div>\n<\/div>\n<\/div>\n<\/div>\n<\/div>\n<\/div>\n<div class=\"container-margin\">\n<div class=\"container\">\n<div class=\"row\">\n<div class=\"col-md-12\">\n<div class=\"row clearfix\">\n<div class=\"col-md-6 column\">\n<p>Ved at klikke p\u00e5 logoet herunder kan du tilmelde din opkr\u00e6vning fra V\u00e6rum-\u00d8rum Kraftvarmev\u00e6rk til Betalingsservice.<\/p>\n<p>N\u00e5r du tilmelder opkr\u00e6vningen til Betalingsservice, bliver dine fremtidige opkr\u00e6vninger altid betalt til tiden \u2013 hverken for tidligt eller for sent. Du slipper ogs\u00e5 for besv\u00e6ret med at taste betalingsoplysningerne ind i din netbank.<\/p>\n<p>Klik p\u00e5 logoet for at tilmelde dig.<\/p>\n<div id=\"attachment_3783\" style=\"width: 256px\" class=\"wp-caption alignnone\"><a href=\"https:\/\/www.betalingsservice.dk\/BS\/?id=3&amp;pbs=03260275&amp;pbscheck=3XIbai2QVcMsKs2Hbj2A3g%3D%3D&amp;dbnr=&amp;dbgr=00001&amp;kundenrLabel=Kundenr.&amp;version=2\" target=\"_blank\" rel=\"noopener\"><img loading=\"lazy\" decoding=\"async\" aria-describedby=\"caption-attachment-3783\" class=\"wp-image-3783\" src=\"https:\/\/www.vokv.dk\/wp-content\/uploads\/2021\/09\/BS-logo-png-transparent-1024x683.png\" alt=\"\" width=\"246\" height=\"164\" srcset=\"https:\/\/www.vokv.dk\/wp-content\/uploads\/2021\/09\/BS-logo-png-transparent-1024x683.png 1024w, https:\/\/www.vokv.dk\/wp-content\/uploads\/2021\/09\/BS-logo-png-transparent-300x200.png 300w, https:\/\/www.vokv.dk\/wp-content\/uploads\/2021\/09\/BS-logo-png-transparent-768x512.png 768w, https:\/\/www.vokv.dk\/wp-content\/uploads\/2021\/09\/BS-logo-png-transparent-1536x1024.png 1536w, https:\/\/www.vokv.dk\/wp-content\/uploads\/2021\/09\/BS-logo-png-transparent-2048x1365.png 2048w, https:\/\/www.vokv.dk\/wp-content\/uploads\/2021\/09\/BS-logo-png-transparent-1320x880.png 1320w\" sizes=\"auto, (max-width: 246px) 100vw, 246px\" \/><\/a><p id=\"caption-attachment-3783\" class=\"wp-caption-text\">Betalingsservice<\/p><\/div>\n<\/div>\n<\/div>\n<\/div>\n<\/div>\n<\/div>\n<\/div>\n<hr \/>\n<div class=\"sidebarRTE\"><\/div>\n<h3><\/h3>\n<div class=\"sidebarRTE\">\n<h3><strong>Installationsvejledninger:<\/strong><\/h3>\n<ul>\n<li>\n<h3><a href=\"https:\/\/www.vokv.dk\/wp-content\/uploads\/2021\/09\/Direkte-anlaeg-med-beholder.pdf\" target=\"_blank\" rel=\"noopener\"><strong>Direkte anl\u00e6g med beholder<\/strong><\/a><\/h3>\n<\/li>\n<li>\n<h3><a href=\"https:\/\/www.vokv.dk\/wp-content\/uploads\/2021\/09\/Direkte-anlaeg-med-blandesloejfe.pdf\" target=\"_blank\" rel=\"noopener\"><strong>Direkte anl\u00e6g med blandesl\u00f8jfe<\/strong><\/a><\/h3>\n<\/li>\n<li>\n<h3><a href=\"https:\/\/www.vokv.dk\/wp-content\/uploads\/2021\/09\/Indirekte-anlaeg.pdf\" target=\"_blank\" rel=\"noopener\"><strong>Indirekte anl\u00e6g<\/strong><\/a><\/h3>\n<\/li>\n<\/ul>\n<\/div>\n","protected":false},"excerpt":{"rendered":"<p>&nbsp; Din genvej til forbrug, temperatur, styringstabel og dokumenter m.m. Log ind p\u00e5 &#8220;E|Forsyning&#8221; for at se eller \u00e6ndre: Mit forbrug: Mine dokumenter: Mine oplysninger: Beregnet varmeregnskab: Meld flytning: Kontakt vores administration: Hvis det er f\u00f8rste gang, du logger ind, <span class=\"excerpt-dots\">&hellip;<\/span> <a class=\"more-link\" href=\"https:\/\/www.vokv.dk\/?page_id=52\"><span class=\"more-msg\">L\u00e6s mere her:<\/span><\/a><\/p>\n","protected":false},"author":2,"featured_media":0,"parent":0,"menu_order":3,"comment_status":"closed","ping_status":"closed","template":"","meta":{"footnotes":""},"folder":[24],"class_list":["post-52","page","type-page","status-publish","hentry"],"_links":{"self":[{"href":"https:\/\/www.vokv.dk\/index.php?rest_route=\/wp\/v2\/pages\/52","targetHints":{"allow":["GET"]}}],"collection":[{"href":"https:\/\/www.vokv.dk\/index.php?rest_route=\/wp\/v2\/pages"}],"about":[{"href":"https:\/\/www.vokv.dk\/index.php?rest_route=\/wp\/v2\/types\/page"}],"author":[{"embeddable":true,"href":"https:\/\/www.vokv.dk\/index.php?rest_route=\/wp\/v2\/users\/2"}],"replies":[{"embeddable":true,"href":"https:\/\/www.vokv.dk\/index.php?rest_route=%2Fwp%2Fv2%2Fcomments&post=52"}],"version-history":[{"count":13,"href":"https:\/\/www.vokv.dk\/index.php?rest_route=\/wp\/v2\/pages\/52\/revisions"}],"predecessor-version":[{"id":5666,"href":"https:\/\/www.vokv.dk\/index.php?rest_route=\/wp\/v2\/pages\/52\/revisions\/5666"}],"wp:attachment":[{"href":"https:\/\/www.vokv.dk\/index.php?rest_route=%2Fwp%2Fv2%2Fmedia&parent=52"}],"wp:term":[{"taxonomy":"folder","embeddable":true,"href":"https:\/\/www.vokv.dk\/index.php?rest_route=%2Fwp%2Fv2%2Ffolder&post=52"}],"curies":[{"name":"wp","href":"https:\/\/api.w.org\/{rel}","templated":true}]}}