{"id":4968,"date":"2024-02-24T13:32:48","date_gmt":"2024-02-24T12:32:48","guid":{"rendered":"https:\/\/www.vokv.dk\/?page_id=4968"},"modified":"2024-04-18T15:51:41","modified_gmt":"2024-04-18T13:51:41","slug":"pillesilo-eksploderet","status":"publish","type":"page","link":"https:\/\/www.vokv.dk\/?page_id=4968","title":{"rendered":"Pille-silo eksploderet."},"content":{"rendered":"<h3><strong>Pille-silo eksploderet.<\/strong><\/h3>\n<p><span style=\"font-size: 12pt;\">d. 24-02-2024 kl. ca. 00.30 er en af vores siloer til tr\u00e6piller p\u00e5 varmev\u00e6rket i Jebjerg eksploderet.<br \/>\nPoliti, redning og varmemester har v\u00e6ret p\u00e5 stedet.\u00a0<\/span><\/p>\n<p><span style=\"font-size: 12pt;\">Der er p.t. ingen der ved hvad der er sket. Men siloen var tom, og den anden silo med pille-fyr k\u00f8rte og k\u00f8rer up\u00e5klageligt.<br \/>\nDer forest\u00e5r nu tekniske unders\u00f8gelser, s\u00e5 vi kan udlede hvordan det kunne ske.\u00a0<\/span><\/p>\n<p><span style=\"font-size: 12pt;\">Forsikringen har sagen og varmen kan uden problemer blive leveret. B\u00e5de fra v\u00e6rket i Jebjerg og fra Hammelvej.\u00a0<\/span><\/p>\n<hr \/>\n<p>Unders\u00f8gelserne af pille-siloen i Jebjerg, der kollapsede den 24. februar, er afsluttet, uden hverken leverand\u00f8rer, forsikring eller andre r\u00e5dgivere kan give nogen forklaring.<\/p>\n<p>Der er kun ganske f\u00e5 kendte fortilf\u00e6lde, og teorien er stadig, at der m\u00e5 v\u00e6re tale om en st\u00f8veksplosion, idet rensning af anl\u00e6gget har v\u00e6ret foretaget endog hyppigere, end forskrifterne siger.<\/p>\n<p>Forsikringsselskabet betaler udgifterne ved indk\u00f8b og ops\u00e6tning af ny silo plus driftstabet.\u00a0<br \/>\nReetableringen vil betyde, at der vil blive lidt ekstra aktivitet p\u00e5 grunden i en kort periode.<\/p>\n<style type=\"text\/css\">\n#foogallery-gallery-4978 .fg-image { width: 640px; }<\/style>\n\t\t\t<div class=\"foogallery foogallery-container foogallery-image-viewer foogallery-link-image foogallery-lightbox-foogallery fg-center fg-image-viewer fg-ready fg-light fg-border-thin fg-shadow-outline fg-loading-default fg-loaded-fade-in fg-caption-hover fg-hover-fade fg-hover-zoom\" id=\"foogallery-gallery-4978\" data-foogallery=\"{&quot;item&quot;:{&quot;showCaptionTitle&quot;:true,&quot;showCaptionDescription&quot;:true},&quot;lazy&quot;:true,&quot;template&quot;:{&quot;loop&quot;:true}}\" data-foogallery-lightbox=\"{&quot;thumbs&quot;:&quot;bottom&quot;,&quot;thumbsCaptions&quot;:false,&quot;thumbsBestFit&quot;:false,&quot;thumbsSmall&quot;:false,&quot;thumbsCaptionsAlign&quot;:&quot;default&quot;,&quot;info&quot;:&quot;bottom&quot;,&quot;infoVisible&quot;:true,&quot;infoOverlay&quot;:true,&quot;infoAlign&quot;:&quot;default&quot;,&quot;transition&quot;:&quot;fade&quot;,&quot;hoverButtons&quot;:false,&quot;fitMedia&quot;:false,&quot;noScrollbars&quot;:true,&quot;preserveButtonSpace&quot;:true,&quot;buttons&quot;:{&quot;fullscreen&quot;:true,&quot;info&quot;:true,&quot;thumbs&quot;:false},&quot;video&quot;:{&quot;autoPlay&quot;:true}}\" style=\"--fg-title-line-clamp: 0; --fg-description-line-clamp: 0;\" >\n\t<div class=\"fiv-inner\">\n\t\t<div class=\"fiv-inner-container\">\n\t\t\t<div class=\"fg-item fg-type-image fg-idle\"><figure class=\"fg-item-inner\"><a href=\"https:\/\/www.vokv.dk\/wp-content\/uploads\/2024\/02\/Pillesilo2.jpg\" data-attachment-id=\"4976\" data-type=\"image\" class=\"fg-thumb\"><span class=\"fg-image-wrap\"><img fetchpriority=\"high\" decoding=\"async\" width=\"640\" height=\"360\" class=\"skip-lazy fg-image\" data-src-fg=\"https:\/\/www.vokv.dk\/wp-content\/uploads\/cache\/2024\/02\/Pillesilo2\/2470384300.jpg\" src=\"data:image\/svg+xml,%3Csvg%20xmlns%3D%22http%3A%2F%2Fwww.w3.org%2F2000%2Fsvg%22%20width%3D%22640%22%20height%3D%22360%22%20viewBox%3D%220%200%20640%20360%22%3E%3C%2Fsvg%3E\" loading=\"eager\"><\/span><span class=\"fg-image-overlay\"><\/span><\/a><\/figure><div class=\"fg-loader\"><\/div><\/div><div class=\"fg-item fg-type-image fg-idle\"><figure class=\"fg-item-inner\"><a href=\"https:\/\/www.vokv.dk\/wp-content\/uploads\/2024\/02\/Pillesilo3.jpg\" data-attachment-id=\"4977\" data-type=\"image\" class=\"fg-thumb\"><span class=\"fg-image-wrap\"><img decoding=\"async\" width=\"640\" height=\"360\" class=\"skip-lazy fg-image\" data-src-fg=\"https:\/\/www.vokv.dk\/wp-content\/uploads\/cache\/2024\/02\/Pillesilo3\/2387226901.jpg\" src=\"data:image\/svg+xml,%3Csvg%20xmlns%3D%22http%3A%2F%2Fwww.w3.org%2F2000%2Fsvg%22%20width%3D%22640%22%20height%3D%22360%22%20viewBox%3D%220%200%20640%20360%22%3E%3C%2Fsvg%3E\" loading=\"eager\"><\/span><span class=\"fg-image-overlay\"><\/span><\/a><\/figure><div class=\"fg-loader\"><\/div><\/div><div class=\"fg-item fg-type-image fg-idle\"><figure class=\"fg-item-inner\"><a href=\"https:\/\/www.vokv.dk\/wp-content\/uploads\/2024\/02\/Pillesilo1-1.jpg\" data-attachment-id=\"4975\" data-type=\"image\" class=\"fg-thumb\"><span class=\"fg-image-wrap\"><img decoding=\"async\" width=\"640\" height=\"360\" class=\"skip-lazy fg-image\" data-src-fg=\"https:\/\/www.vokv.dk\/wp-content\/uploads\/cache\/2024\/02\/Pillesilo1-1\/4090504215.jpg\" src=\"data:image\/svg+xml,%3Csvg%20xmlns%3D%22http%3A%2F%2Fwww.w3.org%2F2000%2Fsvg%22%20width%3D%22640%22%20height%3D%22360%22%20viewBox%3D%220%200%20640%20360%22%3E%3C%2Fsvg%3E\" loading=\"eager\"><\/span><span class=\"fg-image-overlay\"><\/span><\/a><\/figure><div class=\"fg-loader\"><\/div><\/div>\t\t<\/div>\n\t\t<div class=\"fiv-ctrls\">\n\t\t\t<button type=\"button\" class=\"fiv-prev\" title=\"Prev\"><span>Prev<\/span><\/button>\n\t\t\t<label class=\"fiv-count\"><span class=\"fiv-count-current\">1<\/span>of<span class=\"fiv-count-total\">3<\/span><\/label>\n\t\t\t<button type=\"button\" class=\"fiv-next\" title=\"Next\"><span>Next<\/span><\/button>\n\t\t<\/div>\n\t<\/div>\n<\/div>\n","protected":false},"excerpt":{"rendered":"<p>Pille-silo eksploderet. d. 24-02-2024 kl. ca. 00.30 er en af vores siloer til tr\u00e6piller p\u00e5 varmev\u00e6rket i Jebjerg eksploderet. Politi, redning og varmemester har v\u00e6ret p\u00e5 stedet.\u00a0 Der er p.t. ingen der ved hvad der er sket. Men siloen var <span class=\"excerpt-dots\">&hellip;<\/span> <a class=\"more-link\" href=\"https:\/\/www.vokv.dk\/?page_id=4968\"><span class=\"more-msg\">L\u00e6s mere her:<\/span><\/a><\/p>\n","protected":false},"author":2,"featured_media":0,"parent":0,"menu_order":0,"comment_status":"closed","ping_status":"closed","template":"","meta":{"footnotes":""},"folder":[24],"class_list":["post-4968","page","type-page","status-publish","hentry"],"_links":{"self":[{"href":"https:\/\/www.vokv.dk\/index.php?rest_route=\/wp\/v2\/pages\/4968","targetHints":{"allow":["GET"]}}],"collection":[{"href":"https:\/\/www.vokv.dk\/index.php?rest_route=\/wp\/v2\/pages"}],"about":[{"href":"https:\/\/www.vokv.dk\/index.php?rest_route=\/wp\/v2\/types\/page"}],"author":[{"embeddable":true,"href":"https:\/\/www.vokv.dk\/index.php?rest_route=\/wp\/v2\/users\/2"}],"replies":[{"embeddable":true,"href":"https:\/\/www.vokv.dk\/index.php?rest_route=%2Fwp%2Fv2%2Fcomments&post=4968"}],"version-history":[{"count":14,"href":"https:\/\/www.vokv.dk\/index.php?rest_route=\/wp\/v2\/pages\/4968\/revisions"}],"predecessor-version":[{"id":5062,"href":"https:\/\/www.vokv.dk\/index.php?rest_route=\/wp\/v2\/pages\/4968\/revisions\/5062"}],"wp:attachment":[{"href":"https:\/\/www.vokv.dk\/index.php?rest_route=%2Fwp%2Fv2%2Fmedia&parent=4968"}],"wp:term":[{"taxonomy":"folder","embeddable":true,"href":"https:\/\/www.vokv.dk\/index.php?rest_route=%2Fwp%2Fv2%2Ffolder&post=4968"}],"curies":[{"name":"wp","href":"https:\/\/api.w.org\/{rel}","templated":true}]}}