{"id":49,"date":"2016-03-29T19:48:35","date_gmt":"2016-03-29T17:48:35","guid":{"rendered":"http:\/\/www.vokv.dk\/?page_id=49"},"modified":"2023-07-03T23:31:07","modified_gmt":"2023-07-03T21:31:07","slug":"priser-fra-1-juli-2014","status":"publish","type":"page","link":"https:\/\/www.vokv.dk\/?page_id=49","title":{"rendered":"Priser fra 1. juli 2014"},"content":{"rendered":"<p><strong>PRISBLAD G\u00e6ldende fra 1. Juli 2014<\/strong><\/p>\n<p><strong>TILSLUTNINGSBIDRAG:<\/strong><\/p>\n<p>(for nye forbrugere)<\/p>\n<p>Tilslutningsbidraget er p\u00e5&nbsp;kr. 3.000,00<\/p>\n<p>Bel\u00f8bet d\u00e6kker anboring p\u00e5 hovedledning og fremf\u00f8ring til<\/p>\n<p>forbrugers skel (bagkant fortov) samt afsluttende ventils\u00e6t.<\/p>\n<p>Stikledning fra skel til forbrugssted fremf\u00f8rt i ubef\u00e6stet terr\u00e6n.<\/p>\n<p>\u00c6ndring af eksisterende ledning p\u00e5 forbrugers foranledning faktureres maksimalt til varmev\u00e6rkets faktiske omkostninger.<strong>&nbsp;<\/strong><\/p>\n<p><strong>BYGGEMODNINGSBIDRAG:<\/strong><\/p>\n<p>Der bliver opkr\u00e6vet byggemodningsbidrag i forbindelse med udstykning. Byggemodningsbidragets st\u00f8rrelse afh\u00e6nger af de konkrete forhold i forbindelse med den enkelte udstykning, men vil maksimalt udg\u00f8re varmev\u00e6rkets faktiske omkostninger til etablering af gadeledninger i udstykningsomr\u00e5det.<\/p>\n<p>I \u00f8vrigt er V\u00e6rum-\u00d8rum Kraftvarmev\u00e6rks vedt\u00e6gter, almindelige og tekniske bestemmelser g\u00e6ldende.<\/p>\n<p><strong>TAKSTER FOR \u00c5RLIGE UDGIFTER<\/strong><\/p>\n<p><strong>FORBRUGSBIDRAG &nbsp;&nbsp;&nbsp;PR MWh&nbsp;&nbsp;&nbsp;&nbsp;&nbsp;&nbsp;&nbsp;&nbsp;&nbsp;&nbsp;&nbsp;&nbsp;&nbsp;&nbsp;&nbsp;&nbsp;&nbsp;&nbsp;&nbsp; KR.&nbsp;&nbsp;&nbsp; 500,00 <\/strong><\/p>\n<p><strong>&nbsp;<\/strong><\/p>\n<p><strong>ABONNEMENTSBIDRAG &nbsp;PR. M\u00c5LER&nbsp;&nbsp;&nbsp;&nbsp;&nbsp;&nbsp; KR. 3.431,25<\/strong><\/p>\n<p><strong>FAST BIDRAG:<\/strong><\/p>\n<p>Fra&nbsp;&nbsp; &nbsp;&nbsp;0 \u2013 100 m\u00b2 iflg. BBR&nbsp;&nbsp;&nbsp;&nbsp;&nbsp;&nbsp;&nbsp;&nbsp;&nbsp;&nbsp;&nbsp;&nbsp;&nbsp;&nbsp;&nbsp;&nbsp;&nbsp;&nbsp;&nbsp;&nbsp;&nbsp;&nbsp;&nbsp;&nbsp;&nbsp;&nbsp;&nbsp;&nbsp;&nbsp;&nbsp;&nbsp; kr.&nbsp;&nbsp;&nbsp;&nbsp;&nbsp;&nbsp;&nbsp; 55,00<\/p>\n<p>Fra 101 \u2013 130 m\u00b2 iflg. BBR &nbsp;&nbsp;&nbsp;&nbsp;&nbsp;&nbsp;&nbsp;&nbsp;&nbsp;&nbsp;&nbsp;&nbsp;&nbsp;&nbsp;&nbsp;&nbsp;&nbsp;&nbsp;&nbsp;&nbsp;&nbsp;&nbsp;&nbsp;&nbsp;&nbsp;&nbsp;&nbsp;&nbsp;&nbsp;&nbsp; kr.&nbsp; &nbsp;&nbsp;&nbsp;&nbsp;&nbsp; 53,75<\/p>\n<p>Fra 131 \u2013 180 m\u00b2 iflg. BBR&nbsp;&nbsp;&nbsp;&nbsp;&nbsp;&nbsp;&nbsp;&nbsp;&nbsp;&nbsp;&nbsp;&nbsp;&nbsp;&nbsp;&nbsp;&nbsp;&nbsp;&nbsp;&nbsp;&nbsp;&nbsp;&nbsp;&nbsp;&nbsp;&nbsp;&nbsp;&nbsp;&nbsp;&nbsp;&nbsp;&nbsp; kr.&nbsp;&nbsp;&nbsp;&nbsp;&nbsp;&nbsp; &nbsp;22,50<\/p>\n<p>Fra 181 \u2013 200 m\u00b2 iflg. BBR&nbsp;&nbsp;&nbsp;&nbsp;&nbsp;&nbsp;&nbsp;&nbsp;&nbsp;&nbsp;&nbsp;&nbsp;&nbsp;&nbsp;&nbsp;&nbsp;&nbsp;&nbsp;&nbsp;&nbsp;&nbsp;&nbsp;&nbsp;&nbsp;&nbsp;&nbsp;&nbsp;&nbsp;&nbsp;&nbsp;&nbsp; kr.&nbsp;&nbsp;&nbsp;&nbsp;&nbsp;&nbsp;&nbsp; 17,50<\/p>\n<p>Storforbruger over 75 Mwh\/\u00e5rligt: Ingen fast bidrag<\/p>\n<p>A conto betales 10 gange \u00e5rlig. Juni og juli er betalingsfrie.<\/p>\n<p>Forfaldsdag og sidste rettidig indbetalingsdag er den 1. hverdag i m\u00e5neden. Overskrides betalingsfristen till\u00e6gges renter med diskontoen + 2 pct. p.a. og gebyr pr. rykker i henhold til nedenst\u00e5ende takster.<\/p>\n<p><strong>&nbsp;<\/strong><\/p>\n<p><strong>ANDRE GEBYRER<\/strong><\/p>\n<p>M\u00e5lerafpr\u00f8vning\u2026\u2026\u2026\u2026\u2026\u2026\u2026\u2026\u2026\u2026\u2026.&nbsp;&nbsp;&nbsp;&nbsp;&nbsp;&nbsp; kr. 1150,00<\/p>\n<p>Rykkerskrivelse\u2026\u2026\u2026\u2026\u2026\u2026\u2026\u2026\u2026\u2026\u2026..&nbsp;&nbsp;&nbsp;&nbsp;&nbsp;&nbsp; kr.&nbsp;&nbsp; 100,00*<\/p>\n<p>Inkassomeddelse\u2026..\u2026\u2026..\u2026\u2026\u2026\u2026\u2026\u2026\u2026.&nbsp;&nbsp;&nbsp;&nbsp;&nbsp; kr.&nbsp;&nbsp; 100,00*<\/p>\n<p>Lukkebes\u00f8g.\u2026\u2026\u2026\u2026\u2026\u2026\u2026\u2026\u2026\u2026\u2026\u2026&#8230;.&nbsp;&nbsp;&nbsp;&nbsp;&nbsp; kr.&nbsp;&nbsp; 375,00*<\/p>\n<p>Genoplukning inden for normal \u00e5bningstid&#8230;.&nbsp;&nbsp;&nbsp; kr.&nbsp;&nbsp; 468,75<\/p>\n<p>Gebyr for manglende selvafl\u00e6sning\u2026\u2026\u2026\u2026&nbsp;&nbsp;&nbsp; kr.&nbsp;&nbsp; 337,50<\/p>\n<p>Selvafl\u00e6sningkort, rykker\u2026\u2026\u2026\u2026\u2026\u2026\u2026\u2026&nbsp;&nbsp;&nbsp;&nbsp; kr.&nbsp;&nbsp;&nbsp;&nbsp; 81,25<\/p>\n<p>Efter 2. henvendelse tages der stilling til lukning og overgivelse af<\/p>\n<p>sagen til advokat.<\/p>\n<p>S\u00e5fremt varmev\u00e6rket selv \u00f8nsker m\u00e5ler afpr\u00f8vet, er afpr\u00f8vning gratis.<\/p>\n<p><strong>Alle foran n\u00e6vnte priser indeholder 25&nbsp;% moms. Dog er andre <\/strong><\/p>\n<p><strong>gebyrer markeret med * uden moms.<\/strong><\/p>\n","protected":false},"excerpt":{"rendered":"<p>PRISBLAD G\u00e6ldende fra 1. Juli 2014 TILSLUTNINGSBIDRAG: (for nye forbrugere) Tilslutningsbidraget er p\u00e5&nbsp;kr. 3.000,00 Bel\u00f8bet d\u00e6kker anboring p\u00e5 hovedledning og fremf\u00f8ring til forbrugers skel (bagkant fortov) samt afsluttende ventils\u00e6t. Stikledning fra skel til forbrugssted fremf\u00f8rt i ubef\u00e6stet terr\u00e6n. \u00c6ndring af <span class=\"excerpt-dots\">&hellip;<\/span> <a class=\"more-link\" href=\"https:\/\/www.vokv.dk\/?page_id=49\"><span class=\"more-msg\">L\u00e6s mere her:<\/span><\/a><\/p>\n","protected":false},"author":2,"featured_media":0,"parent":4363,"menu_order":4,"comment_status":"closed","ping_status":"closed","template":"","meta":{"footnotes":""},"folder":[7],"class_list":["post-49","page","type-page","status-publish","hentry"],"_links":{"self":[{"href":"https:\/\/www.vokv.dk\/index.php?rest_route=\/wp\/v2\/pages\/49","targetHints":{"allow":["GET"]}}],"collection":[{"href":"https:\/\/www.vokv.dk\/index.php?rest_route=\/wp\/v2\/pages"}],"about":[{"href":"https:\/\/www.vokv.dk\/index.php?rest_route=\/wp\/v2\/types\/page"}],"author":[{"embeddable":true,"href":"https:\/\/www.vokv.dk\/index.php?rest_route=\/wp\/v2\/users\/2"}],"replies":[{"embeddable":true,"href":"https:\/\/www.vokv.dk\/index.php?rest_route=%2Fwp%2Fv2%2Fcomments&post=49"}],"version-history":[{"count":0,"href":"https:\/\/www.vokv.dk\/index.php?rest_route=\/wp\/v2\/pages\/49\/revisions"}],"up":[{"embeddable":true,"href":"https:\/\/www.vokv.dk\/index.php?rest_route=\/wp\/v2\/pages\/4363"}],"wp:attachment":[{"href":"https:\/\/www.vokv.dk\/index.php?rest_route=%2Fwp%2Fv2%2Fmedia&parent=49"}],"wp:term":[{"taxonomy":"folder","embeddable":true,"href":"https:\/\/www.vokv.dk\/index.php?rest_route=%2Fwp%2Fv2%2Ffolder&post=49"}],"curies":[{"name":"wp","href":"https:\/\/api.w.org\/{rel}","templated":true}]}}