{"id":4818,"date":"2024-01-09T23:28:30","date_gmt":"2024-01-09T22:28:30","guid":{"rendered":"https:\/\/www.vokv.dk\/?page_id=4818"},"modified":"2025-09-01T18:20:19","modified_gmt":"2025-09-01T16:20:19","slug":"gode-raad","status":"publish","type":"page","link":"https:\/\/www.vokv.dk\/?page_id=4818","title":{"rendered":"Gode r\u00e5d til lavere varmeregning."},"content":{"rendered":"<h3><strong>Gode r\u00e5d til at spare p\u00e5 varmen.<\/strong><\/h3>\n<h5><strong>Bedre afk\u00f8ling?<\/strong><\/h5>\n<p>For at fjernvarmenettet kan drives mest effektivt, er det vigtigt, at der er en stor temperaturforskel p\u00e5 det fjernvarmevand, som varmev\u00e6rket\u00a0 sender ud og det som kommer retur.<br \/>\nDet vand du modtager fra v\u00e6rket er mellem 60 og 70 grader, og du b\u00f8r aflevere det\u00a0 igen ved\u00a0 37 grader eller mindre, alts\u00e5 en afk\u00f8ling p\u00e5 25 til 35 grader.<\/p>\n<p>Hvis du ikke afk\u00f8ler tilstr\u00e6kkeligt, b\u00f8r du f\u00e5 dit anl\u00e6g justeret ind. I f\u00f8rste omgang kan du kontakte vores varmemester gratis p\u00e5 telefon <strong>86 46 12 92<\/strong>, s\u00e5 vil han hj\u00e6lpe dig videre.<\/p>\n<p>Du kan se, hvor meget du afk\u00f8ler over tid, ved at logge ind p\u00e5 <strong>E|Forsyning<\/strong> via vores hjemmeside.<\/p>\n<hr \/>\n<p><strong>Du kan ogs\u00e5 g\u00f8re f\u00f8lgende:<\/strong><\/p>\n<ul>\n<li>Finde din varmem\u00e5ler, det er en <strong>Kamstrup MULTICAL\u00ae 602 eller 603.<\/strong><\/li>\n<li>Tryk p\u00e5 pil-tasten p\u00e5 m\u00e5leren indtil der st\u00e5r <strong>t1<\/strong>, det er normalt 3 tryk. Du kan nu afl\u00e6se din <span style=\"text-decoration: underline;\">freml\u00f8bs temperatur<\/span>.<\/li>\n<li>Tryk igen, for at f\u00e5 din <span style=\"text-decoration: underline;\">retur temperatur<\/span> <strong>t2. <\/strong>den skal helst v\u00e6re \u00a037 grader eller mindre.<\/li>\n<li>N\u00e6ste tryk giver dig din <span style=\"text-decoration: underline;\">afk\u00f8ling <\/span><strong>t1 &#8211; t2<\/strong>, ligger den under 25 grader vil det v\u00e6re en god ide at f\u00e5 dit anl\u00e6g justeret ind.<br \/>\n<hr \/>\n<\/li>\n<\/ul>\n<p>&nbsp;<\/p>\n<p>Vi er i gang med et <span style=\"text-decoration: underline;\">afk\u00f8lingsprojekt<\/span> for at finde de forbrugere som har den d\u00e5rligste afk\u00f8ling.<br \/>\nV\u00e6rket laver en automatisk m\u00e5ling hver m\u00e5ned, og de 10 huse, der har den d\u00e5rligste afk\u00f8ling vil f\u00e5 et bes\u00f8g for at se, om anl\u00e6gget kan indstilles bedre.<br \/>\nForel\u00f8bige unders\u00f8gelser viser at vi desv\u00e6rre har en del forbrugere med afk\u00f8ling under 10 grader, hvilket er meget uheldigt n\u00e5r vi ser p\u00e5 v\u00e6rkets effektivitet.<\/p>\n<hr \/>\n<h5><strong>S\u00e5dan udnytter du bedst fjernvarmen og f\u00e5r en lavere returtemperatur?<\/strong><\/h5>\n<ul>\n<li>Brug alle radiatorer i samme rum \u2013 og indstil dem ens.<\/li>\n<li>Luk d\u00f8ren mellem rum med forskellig temperatur.<\/li>\n<li>M\u00e6rk p\u00e5 dine radiatorer og tjek, om alle der er i brug er varme i toppen og kolde i bunden.<\/li>\n<li>D\u00e6k aldrig din radiator med t\u00f8j, gardiner eller lignende.<\/li>\n<li>Tag temperaturen p\u00e5 det varme vand ved vandhanerne. Den b\u00f8r ikke overstige 48 til 50 grader. Har du en varmtvandsbeholder skal temperaturen i beholderen dog op mellem 50 til 55 grader for at undg\u00e5 legionella.<\/li>\n<\/ul>\n<hr \/>\n<p><strong>Kan det betale sig at slukke for varmen om natten?<\/strong><\/p>\n<p>N\u00e5r det er bidende koldt udenfor, er det som regel ikke n\u00f8dvendigt at s\u00e6nke temperaturen om natten \u2013 det kan nemlig ikke betale sig i forhold til den ekstra opvarmning dagen efter.<\/p>\n<p>Hvis du \u00f8nsker en lavere nattetemperatur, kan du n\u00f8jes med at s\u00e6nke temperaturen et par grader \u2013 for eksempel fra 20\u00b0C til 18\u00b0C.<\/p>\n<hr \/>\n<p><strong>Rumtemperaturen.<\/strong><\/p>\n<p>Der m\u00e5 gerne v\u00e6re forskel p\u00e5 temperaturen i forskellige rum i huset \u2013 men ikke for stor forskel.<br \/>\nFor eksempel er 16\u201318\u00b0C ofte nok i sovev\u00e6relset, mens en temperatur p\u00e5 21\u00b0C passer de fleste i opholdsrum.<\/p>\n<p>Hvis temperaturen i \u00e9t rum er lavere end i de andre, b\u00f8r d\u00f8ren holdes lukket.<br \/>\nKommer temperaturen ned under 14\u00b0C i et rum, som m\u00e5ske slet ikke bliver brugt, kan det skade bygningen. Det kan ogs\u00e5 tr\u00e6kke varme fra andre rum og give fodkulde og eventuelt fugtproblemer.<\/p>\n<p>S\u00f8rg derfor for, at temperaturen i alle rum er mindst 14\u00b0C.<br \/>\nHusk: For hver grad temperaturen \u00f8ges, stiger varmeforbruget med 5\u20136 %.<\/p>\n<p>&nbsp;<\/p>\n","protected":false},"excerpt":{"rendered":"<p>Gode r\u00e5d til at spare p\u00e5 varmen. Bedre afk\u00f8ling? For at fjernvarmenettet kan drives mest effektivt, er det vigtigt, at der er en stor temperaturforskel p\u00e5 det fjernvarmevand, som varmev\u00e6rket\u00a0 sender ud og det som kommer retur. Det vand du <span class=\"excerpt-dots\">&hellip;<\/span> <a class=\"more-link\" href=\"https:\/\/www.vokv.dk\/?page_id=4818\"><span class=\"more-msg\">L\u00e6s mere her:<\/span><\/a><\/p>\n","protected":false},"author":2,"featured_media":0,"parent":0,"menu_order":0,"comment_status":"closed","ping_status":"closed","template":"","meta":{"footnotes":""},"folder":[24],"class_list":["post-4818","page","type-page","status-publish","hentry"],"_links":{"self":[{"href":"https:\/\/www.vokv.dk\/index.php?rest_route=\/wp\/v2\/pages\/4818","targetHints":{"allow":["GET"]}}],"collection":[{"href":"https:\/\/www.vokv.dk\/index.php?rest_route=\/wp\/v2\/pages"}],"about":[{"href":"https:\/\/www.vokv.dk\/index.php?rest_route=\/wp\/v2\/types\/page"}],"author":[{"embeddable":true,"href":"https:\/\/www.vokv.dk\/index.php?rest_route=\/wp\/v2\/users\/2"}],"replies":[{"embeddable":true,"href":"https:\/\/www.vokv.dk\/index.php?rest_route=%2Fwp%2Fv2%2Fcomments&post=4818"}],"version-history":[{"count":11,"href":"https:\/\/www.vokv.dk\/index.php?rest_route=\/wp\/v2\/pages\/4818\/revisions"}],"predecessor-version":[{"id":5678,"href":"https:\/\/www.vokv.dk\/index.php?rest_route=\/wp\/v2\/pages\/4818\/revisions\/5678"}],"wp:attachment":[{"href":"https:\/\/www.vokv.dk\/index.php?rest_route=%2Fwp%2Fv2%2Fmedia&parent=4818"}],"wp:term":[{"taxonomy":"folder","embeddable":true,"href":"https:\/\/www.vokv.dk\/index.php?rest_route=%2Fwp%2Fv2%2Ffolder&post=4818"}],"curies":[{"name":"wp","href":"https:\/\/api.w.org\/{rel}","templated":true}]}}