{"id":4804,"date":"2023-10-24T16:02:52","date_gmt":"2023-10-24T14:02:52","guid":{"rendered":"https:\/\/www.vokv.dk\/?page_id=4804"},"modified":"2024-08-27T17:51:50","modified_gmt":"2024-08-27T15:51:50","slug":"generalforsamling-2023-formandens-beretning","status":"publish","type":"page","link":"https:\/\/www.vokv.dk\/?page_id=4804","title":{"rendered":"Generalforsamling 2023 Formandens beretning"},"content":{"rendered":"<h3>Formandens beretning 2023den 23-10-2023<\/h3>\n<p><strong><a href=\"https:\/\/www.vokv.dk\/wp-content\/uploads\/2023\/10\/VOKV-Generalforsamling-23_10_2023.pdf\" target=\"_blank\" rel=\"noopener\">Referat og beretning fra generalforsamlingen som PDF<\/a><\/strong><\/p>\n<p>S\u00e5 er det igen blevet tid for mig at g\u00f8re status p\u00e5 det forgangne \u00e5r. et \u00e5r, hvor vi har gjort alt det vi skulle men p\u00e5 den anden side, ikke har f\u00e5et det resultat vi har \u00f8nsket. Et \u00e5r, som egentlig er bedst kendetegnet ved, at v\u00e6re b\u00e5de godt og skidt.<\/p>\n<h4><strong>Eksempler:<\/strong><\/h4>\n<h4><strong>Tr\u00e6pillekedlen: <\/strong><\/h4>\n<p>Kedlen skulle v\u00e6re sat i drift inden fyringss\u00e6sonen, og skulle v\u00e6re f\u00e6rdigetableret 1. oktober. Det var den ikke, den begyndte f\u00f8rst at drifte medio december, og det har betydet en betydelig merudgift med naturgas. Vi har f\u00e5et dagb\u00f8der fra entrepren\u00f8ren, men det modsvarer ikke den merudgift, der har v\u00e6ret til gassen.\u00a0 Det gode er dog, at selvom vi har haft denne merudgift, kommer vi stadig ud med et lille overskud, men det overskud skulle have v\u00e6ret meget st\u00f8rre. Et andet positivt element er, at tr\u00e6pillekedlen har k\u00f8rt up\u00e5klageligt siden igangs\u00e6ttelsen. S\u00e5 p\u00e5 mange m\u00e5der g\u00f8r tr\u00e6pillekedlen p\u00e5 Hammelvej lige n\u00f8jagtig det den skal, og som er planlagt. Det er bare sket 1,5 md. For sent i det nu afsluttede regnskabs\u00e5r.<\/p>\n<p>&nbsp;<\/p>\n<h4><strong>Varmepumpen: <\/strong><\/h4>\n<p>Varmepumpen skulle v\u00e6re f\u00e6rdigbygget f\u00f8r sommerferien, s\u00e5 der kunne s\u00f8ges tilskud i det nu afsluttede regnskabs\u00e5r. Allerede tidligt p\u00e5 \u00e5ret stod det klart, at byggeriet ikke ville blive f\u00e6rdig til tiden. Entrepren\u00f8ren har derfor modtaget en dagbod p\u00e5 st\u00f8rrelse med det tilskud vi ellers skulle s\u00f8ge, s\u00e5 vi er ikke g\u00e5et glip af noget som helst i denne forbindelse. Varmem\u00e6ssigt skal varmepumpen ikke k\u00f8re om sommeren, da det er solfangerne der laver varmen der, s\u00e5 det har ikke haft en faktisk betydning for v\u00e6rket. Varmepumpen er nu f\u00e6rdig, og har v\u00e6ret f\u00e6rdig siden medio september. Den er nu testet ved gennemg\u00e5ende drift, og varmepumpen leverer over de minimums-ydelser, som er lovet \u2013 og der har ikke v\u00e6ret udfordringer af nogen slags med igangs\u00e6ttelsen.<\/p>\n<p>&nbsp;<\/p>\n<h4><strong>Fordeling af produktionen:\u00a0 <\/strong><\/h4>\n<p>Det betyder nu, at vores driftsfolk har flere h\u00e5ndtag til at producere den billigste varme til os.<\/p>\n<p>Solfangerne er jo etableret, s\u00e5 al den varme, som solfangerne producere er i princippet gratis. Solen kan nogenlunde levere den varme vi skal bruge fra 1. april \u2013 1. oktober.<\/p>\n<p>Derefter er der i budgettet projekteret, at tr\u00e6pillekedlen skal levere al varmen. Det g\u00f8r ogs\u00e5, at vi budgetm\u00e6ssigt, ikke regner med at bruge varmepumpen. Det skal forst\u00e5s s\u00e5ledes, at vi har en fast prisaftale p\u00e5 tr\u00e6pillerne, og dermed ved, at det er maksimalt det vi kan komme af med. hvis Elprisen er 1 kr. eller derunder (excl. Afgifter) s\u00e5 k\u00f8rer vi med varmepumpen. Alle forudsigelser siger, at elpriserne er stigende \u2013 men hvis man kigger p\u00e5 elprisen for den enkelte dag, er der typisk flere timer, hvor prisen er under 1 kr. ogs\u00e5 selvom gennemsnitsprisen for dagen er langt over 2,5 kr. excl. Afgifter.\u00a0 I g\u00e5r har priserne v\u00e6ret virkelig gode, mens de i dag er forholdsvis h\u00f8je.<\/p>\n<p>Indtil videre, har varmepumpen k\u00f8rt p\u00e5 gode tidspunkter, og hvis det holder hele fyringss\u00e6sonen, og ikke kun de foreg\u00e5ende 3-4 uger, s\u00e5 bliver vores budget forbedret. Men det skal alts\u00e5 lige k\u00f8re hele fyringss\u00e6sonen, f\u00f8r vi kan v\u00e6re rigtig glade.<\/p>\n<p>&nbsp;<\/p>\n<h4><strong>Nye forbrugere:\u00a0 <\/strong><\/h4>\n<p>Sommeren 2023 var ogs\u00e5 der, hvor vi stoppede med vores attraktive tilkoblingspris, og fra nu af, koster det de faktiske tilslutningsomkostninger at komme med. Vi har f\u00e5et tilsluttet mange nye forbrugere, og vi er endt i underkanten af 500 forbrugere. Det er ganske udm\u00e6rket, og bedre end vi havde h\u00e5bet p\u00e5, da vi startede Haslund projektet. Der er stadig huse, som ikke er med endnu, men erfaringen viser, at de kommer over tid, n\u00e5r huse handles mv. samtidig, er der stadig udstykningsprojekter i gang flere steder i vores byer, og det vil automatisk ogs\u00e5 give nye kunder over tid. V\u00e6rket er dimensioneret og kan sagtens tage flere kunder.<\/p>\n<p>&nbsp;<\/p>\n<h4><strong>Brug mere varme: <\/strong><\/h4>\n<p>Den sidste del, og den lidt mere tr\u00e6lse del er, at da vi lavede \u00e5rsafslutningen skulle forbrugerne have flere penge tilbage end vi havde regnet med. Dels var det ikke s\u00e5 koldt set over hele \u00e5ret, som det normalt er \u2013 og dels har forbrugerne nok sparet lidt p\u00e5 varmen. Jeg fors\u00f8gte mig sidste \u00e5r med at fort\u00e6lle, at alle skulle bruge mere varme, da det er bedst for varmev\u00e6rkets \u00f8konomi. Varmev\u00e6rket skal stort set producere den samme m\u00e6ngde varme, og sende den samme m\u00e6ngde varme vand rundt \u2013 uanset om den enkelte husstand sparer p\u00e5 varmen. Varmev\u00e6rket s\u00f8rger ogs\u00e5 for nats\u00e6nkning. Jo mere varme vi kan udfakturere til kunderne des mere, tjener v\u00e6rket og i sidste ende, kan det s\u00e6tte priserne ned. S\u00e5 mit sidste ord i denne beretning er, brug noget mere varme. \ud83d\ude42<\/p>\n<p>&nbsp;<\/p>\n<p>Tak for ordet.<\/p>\n<p>&nbsp;<\/p>\n","protected":false},"excerpt":{"rendered":"<p>Formandens beretning 2023den 23-10-2023 Referat og beretning fra generalforsamlingen som PDF S\u00e5 er det igen blevet tid for mig at g\u00f8re status p\u00e5 det forgangne \u00e5r. et \u00e5r, hvor vi har gjort alt det vi skulle men p\u00e5 den anden <span class=\"excerpt-dots\">&hellip;<\/span> <a class=\"more-link\" href=\"https:\/\/www.vokv.dk\/?page_id=4804\"><span class=\"more-msg\">L\u00e6s mere her:<\/span><\/a><\/p>\n","protected":false},"author":2,"featured_media":0,"parent":8,"menu_order":0,"comment_status":"closed","ping_status":"closed","template":"","meta":{"footnotes":""},"folder":[8],"class_list":["post-4804","page","type-page","status-publish","hentry"],"_links":{"self":[{"href":"https:\/\/www.vokv.dk\/index.php?rest_route=\/wp\/v2\/pages\/4804","targetHints":{"allow":["GET"]}}],"collection":[{"href":"https:\/\/www.vokv.dk\/index.php?rest_route=\/wp\/v2\/pages"}],"about":[{"href":"https:\/\/www.vokv.dk\/index.php?rest_route=\/wp\/v2\/types\/page"}],"author":[{"embeddable":true,"href":"https:\/\/www.vokv.dk\/index.php?rest_route=\/wp\/v2\/users\/2"}],"replies":[{"embeddable":true,"href":"https:\/\/www.vokv.dk\/index.php?rest_route=%2Fwp%2Fv2%2Fcomments&post=4804"}],"version-history":[{"count":1,"href":"https:\/\/www.vokv.dk\/index.php?rest_route=\/wp\/v2\/pages\/4804\/revisions"}],"predecessor-version":[{"id":5359,"href":"https:\/\/www.vokv.dk\/index.php?rest_route=\/wp\/v2\/pages\/4804\/revisions\/5359"}],"up":[{"embeddable":true,"href":"https:\/\/www.vokv.dk\/index.php?rest_route=\/wp\/v2\/pages\/8"}],"wp:attachment":[{"href":"https:\/\/www.vokv.dk\/index.php?rest_route=%2Fwp%2Fv2%2Fmedia&parent=4804"}],"wp:term":[{"taxonomy":"folder","embeddable":true,"href":"https:\/\/www.vokv.dk\/index.php?rest_route=%2Fwp%2Fv2%2Ffolder&post=4804"}],"curies":[{"name":"wp","href":"https:\/\/api.w.org\/{rel}","templated":true}]}}