{"id":47,"date":"2016-03-29T19:47:07","date_gmt":"2016-03-29T17:47:07","guid":{"rendered":"http:\/\/www.vokv.dk\/?page_id=47"},"modified":"2023-07-03T23:37:07","modified_gmt":"2023-07-03T21:37:07","slug":"priser-fra-1-juli-2015","status":"publish","type":"page","link":"https:\/\/www.vokv.dk\/?page_id=47","title":{"rendered":"Priser fra 1. Juli 2015"},"content":{"rendered":"<p><strong>G\u00e6lder fra 1. Juli 2015<\/strong><\/p>\n<p><strong>TILSLUTNINGSBIDRAG:<\/strong><\/p>\n<p>(for nye forbrugere)<\/p>\n<p><strong>Fast <\/strong>tilslutningsbidrag&nbsp;&nbsp;&nbsp;&nbsp;&nbsp;&nbsp;&nbsp;&nbsp;&nbsp;&nbsp;&nbsp;&nbsp;&nbsp;&nbsp;&nbsp;&nbsp;&nbsp;&nbsp;&nbsp;&nbsp;&nbsp;&nbsp;&nbsp;&nbsp;&nbsp;&nbsp;&nbsp;&nbsp;&nbsp;&nbsp;&nbsp;&nbsp;&nbsp;&nbsp;&nbsp;&nbsp;&nbsp;&nbsp;&nbsp;&nbsp; &nbsp;&nbsp;&nbsp;&nbsp;&nbsp;&nbsp;&nbsp;&nbsp;&nbsp;&nbsp;&nbsp; kr. 15.000,00<\/p>\n<p>Bel\u00f8bet d\u00e6kker anboring p\u00e5 hovedledning og fremf\u00f8ring til<\/p>\n<p>forbrugers skel (bagkant fortov) samt afsluttende ventils\u00e6t.<\/p>\n<p><strong>Variabel <\/strong>tilslutningsbidrag<\/p>\n<p>Stikledning fra skel til forbrugssted fremf\u00f8rt i ubef\u00e6stet<\/p>\n<p>terr\u00e6n. Der gives individuelt overslagspris<\/p>\n<p>\u00c6ndring af eksisterende ledning p\u00e5 forbrugers foranledning faktureres maksimalt til varmev\u00e6rkets faktiske omkostninger.<\/p>\n<p><strong>&nbsp;<\/strong><\/p>\n<p><strong>BYGGEMODNINGSBIDRAG:<\/strong><\/p>\n<p>Der bliver opkr\u00e6vet byggemodningsbidrag i forbindelse med udstykning. Byggemodningsbidragets st\u00f8rrelse afh\u00e6nger af de konkrete forhold i forbindelse med den enkelte udstykning, men vil maksimalt udg\u00f8re varmev\u00e6rkets faktiske omkostninger til etablering af gadeledninger i udstykningsomr\u00e5det.<\/p>\n<p><strong>&nbsp;<\/strong><\/p>\n<p>I \u00f8vrigt er V\u00e6rum-\u00d8rum Kraftvarmev\u00e6rks vedt\u00e6gter, almindelige og tekniske bestemmelser g\u00e6ldende.<\/p>\n<p><strong>TAKSTER FOR \u00c5RLIGE UDGIFTER<\/strong><\/p>\n<p><strong>FORBRUGSBIDRAG &nbsp;&nbsp;&nbsp;PR MWh&nbsp;&nbsp;&nbsp;&nbsp;&nbsp;&nbsp;&nbsp;&nbsp;&nbsp;&nbsp;&nbsp;&nbsp;&nbsp;&nbsp;&nbsp;&nbsp;&nbsp;&nbsp;&nbsp; KR.&nbsp;&nbsp;&nbsp; 500,00<\/strong><\/p>\n<p><strong>&nbsp;<\/strong><\/p>\n<p><strong>ABONNEMENTSBIDRAG &nbsp;PR. M\u00c5LER&nbsp;&nbsp;&nbsp;&nbsp;&nbsp;&nbsp; KR. 3.431,25<\/strong><\/p>\n<p><strong>FAST BIDRAG:<\/strong><\/p>\n<p>Fra&nbsp;&nbsp; &nbsp;&nbsp;0 \u2013100 m\u00b2iflg. BBR&nbsp;&nbsp;&nbsp;&nbsp;&nbsp;&nbsp;&nbsp;&nbsp;&nbsp;&nbsp;&nbsp;&nbsp;&nbsp;&nbsp;&nbsp;&nbsp;&nbsp;&nbsp;&nbsp;&nbsp;&nbsp;&nbsp;&nbsp;&nbsp;&nbsp;&nbsp;&nbsp;&nbsp;&nbsp;&nbsp;&nbsp; kr.&nbsp;&nbsp;&nbsp;&nbsp;&nbsp;&nbsp;&nbsp; 10,00<\/p>\n<p>Fra 101 \u2013130 m\u00b2iflg. BBR &nbsp;&nbsp;&nbsp;&nbsp;&nbsp;&nbsp;&nbsp;&nbsp;&nbsp;&nbsp;&nbsp;&nbsp;&nbsp;&nbsp;&nbsp;&nbsp;&nbsp;&nbsp;&nbsp;&nbsp;&nbsp;&nbsp;&nbsp;&nbsp;&nbsp;&nbsp;&nbsp;&nbsp;&nbsp;&nbsp; kr.&nbsp; &nbsp;&nbsp;&nbsp;&nbsp;&nbsp; &nbsp;&nbsp;8,13<\/p>\n<p>Fra 131 \u2013180 m\u00b2iflg. BBR&nbsp;&nbsp;&nbsp;&nbsp;&nbsp;&nbsp;&nbsp;&nbsp;&nbsp;&nbsp;&nbsp;&nbsp;&nbsp;&nbsp;&nbsp;&nbsp;&nbsp;&nbsp;&nbsp;&nbsp;&nbsp;&nbsp;&nbsp;&nbsp;&nbsp;&nbsp;&nbsp;&nbsp;&nbsp;&nbsp;&nbsp; kr.&nbsp;&nbsp;&nbsp;&nbsp;&nbsp;&nbsp; &nbsp;&nbsp;&nbsp;3,75<\/p>\n<p>Fra 181 \u2013200 m\u00b2iflg. BBR&nbsp;&nbsp;&nbsp;&nbsp;&nbsp;&nbsp;&nbsp;&nbsp;&nbsp;&nbsp;&nbsp;&nbsp;&nbsp;&nbsp;&nbsp;&nbsp;&nbsp;&nbsp;&nbsp;&nbsp;&nbsp;&nbsp;&nbsp;&nbsp;&nbsp;&nbsp;&nbsp;&nbsp;&nbsp;&nbsp;&nbsp; kr.&nbsp;&nbsp;&nbsp;&nbsp;&nbsp;&nbsp;&nbsp; &nbsp;&nbsp;2,50<\/p>\n<p>Storforbruger over 75 Mwh\/\u00e5rligt: Ingen fast bidrag<\/p>\n<p>A conto betales 10 gange \u00e5rlig. Juni og juli er betalingsfrie.<\/p>\n<p>Forfaldsdag og sidste rettidig indbetalingsdag er den 1. hverdag i m\u00e5neden. Overskrides betalingsfristen till\u00e6gges renter med diskontoen + 2 pct. p.a. og gebyr pr. rykker i henhold til nedenst\u00e5ende takster.<\/p>\n<p><strong>&nbsp;<\/strong><\/p>\n<p><strong>ANDRE GEBYRER<\/strong><\/p>\n<p>M\u00e5lerafpr\u00f8vning &nbsp; &nbsp; &nbsp; &nbsp; &nbsp; &nbsp; &nbsp; &nbsp; &nbsp; &nbsp; &nbsp; &nbsp; &nbsp; &nbsp; &nbsp; &nbsp; &nbsp; &nbsp; &nbsp; &nbsp; &nbsp; &nbsp; &nbsp;kr. 1.150,00<\/p>\n<p>Rykkerskrivelse &nbsp; &nbsp; &nbsp; &nbsp; &nbsp; &nbsp; &nbsp; &nbsp; &nbsp; &nbsp; &nbsp; &nbsp; &nbsp; &nbsp; &nbsp; &nbsp; &nbsp; &nbsp; &nbsp; &nbsp; &nbsp; &nbsp; &nbsp; kr. &nbsp;&nbsp;&nbsp;100,00*<\/p>\n<p>Inkassomeddelse &nbsp; &nbsp; &nbsp; &nbsp; &nbsp; &nbsp; &nbsp; &nbsp; &nbsp; &nbsp; &nbsp; &nbsp; &nbsp; &nbsp; &nbsp; &nbsp; &nbsp; &nbsp; &nbsp; &nbsp; &nbsp; &nbsp; kr.&nbsp; &nbsp;&nbsp;100,00*<\/p>\n<p>Lukkebes\u00f8g &nbsp; &nbsp; &nbsp; &nbsp; &nbsp; &nbsp; &nbsp; &nbsp; &nbsp; &nbsp; &nbsp; &nbsp; &nbsp; &nbsp; &nbsp; &nbsp; &nbsp; &nbsp; &nbsp; &nbsp; &nbsp; &nbsp; &nbsp; &nbsp; &nbsp; &nbsp; kr.&nbsp;&nbsp; &nbsp;375,00*<\/p>\n<p>Genoplukning inden for normal \u00e5bningstid &nbsp; &nbsp; &nbsp; &nbsp; &nbsp;kr.&nbsp;&nbsp; &nbsp;468,75<\/p>\n<p>Gebyr for manglende selvafl\u00e6sning &nbsp; &nbsp; &nbsp; &nbsp; &nbsp; &nbsp; &nbsp; &nbsp; &nbsp; kr.&nbsp;&nbsp; &nbsp;337,50<\/p>\n<p>Selvafl\u00e6sningkort, rykker &nbsp; &nbsp; &nbsp; &nbsp; &nbsp; &nbsp; &nbsp; &nbsp; &nbsp; &nbsp; &nbsp; &nbsp; &nbsp; &nbsp; &nbsp; &nbsp; kr.&nbsp;&nbsp;&nbsp; &nbsp;&nbsp;81,25<\/p>\n<p>Efter 2. henvendelse tages der stilling til lukning og overgivelse af<\/p>\n<p>sagen til advokat.<\/p>\n<p>S\u00e5fremt varmev\u00e6rket selv \u00f8nsker m\u00e5ler afpr\u00f8vet, er afpr\u00f8vning gratis.<\/p>\n<p><strong>Alle foran n\u00e6vnte priser indeholder 25&nbsp;% moms. Dog er andre <\/strong><\/p>\n<p><strong>gebyrer markeret med * uden moms.<\/strong><\/p>\n","protected":false},"excerpt":{"rendered":"<p>G\u00e6lder fra 1. Juli 2015 TILSLUTNINGSBIDRAG: (for nye forbrugere) Fast tilslutningsbidrag&nbsp;&nbsp;&nbsp;&nbsp;&nbsp;&nbsp;&nbsp;&nbsp;&nbsp;&nbsp;&nbsp;&nbsp;&nbsp;&nbsp;&nbsp;&nbsp;&nbsp;&nbsp;&nbsp;&nbsp;&nbsp;&nbsp;&nbsp;&nbsp;&nbsp;&nbsp;&nbsp;&nbsp;&nbsp;&nbsp;&nbsp;&nbsp;&nbsp;&nbsp;&nbsp;&nbsp;&nbsp;&nbsp;&nbsp;&nbsp; &nbsp;&nbsp;&nbsp;&nbsp;&nbsp;&nbsp;&nbsp;&nbsp;&nbsp;&nbsp;&nbsp; kr. 15.000,00 Bel\u00f8bet d\u00e6kker anboring p\u00e5 hovedledning og fremf\u00f8ring til forbrugers skel (bagkant fortov) samt afsluttende ventils\u00e6t. Variabel tilslutningsbidrag Stikledning fra skel til forbrugssted fremf\u00f8rt i ubef\u00e6stet terr\u00e6n. <span class=\"excerpt-dots\">&hellip;<\/span> <a class=\"more-link\" href=\"https:\/\/www.vokv.dk\/?page_id=47\"><span class=\"more-msg\">L\u00e6s mere her:<\/span><\/a><\/p>\n","protected":false},"author":2,"featured_media":0,"parent":4363,"menu_order":3,"comment_status":"closed","ping_status":"closed","template":"","meta":{"footnotes":""},"folder":[7],"class_list":["post-47","page","type-page","status-publish","hentry"],"_links":{"self":[{"href":"https:\/\/www.vokv.dk\/index.php?rest_route=\/wp\/v2\/pages\/47","targetHints":{"allow":["GET"]}}],"collection":[{"href":"https:\/\/www.vokv.dk\/index.php?rest_route=\/wp\/v2\/pages"}],"about":[{"href":"https:\/\/www.vokv.dk\/index.php?rest_route=\/wp\/v2\/types\/page"}],"author":[{"embeddable":true,"href":"https:\/\/www.vokv.dk\/index.php?rest_route=\/wp\/v2\/users\/2"}],"replies":[{"embeddable":true,"href":"https:\/\/www.vokv.dk\/index.php?rest_route=%2Fwp%2Fv2%2Fcomments&post=47"}],"version-history":[{"count":0,"href":"https:\/\/www.vokv.dk\/index.php?rest_route=\/wp\/v2\/pages\/47\/revisions"}],"up":[{"embeddable":true,"href":"https:\/\/www.vokv.dk\/index.php?rest_route=\/wp\/v2\/pages\/4363"}],"wp:attachment":[{"href":"https:\/\/www.vokv.dk\/index.php?rest_route=%2Fwp%2Fv2%2Fmedia&parent=47"}],"wp:term":[{"taxonomy":"folder","embeddable":true,"href":"https:\/\/www.vokv.dk\/index.php?rest_route=%2Fwp%2Fv2%2Ffolder&post=47"}],"curies":[{"name":"wp","href":"https:\/\/api.w.org\/{rel}","templated":true}]}}