{"id":4346,"date":"2022-10-28T10:28:47","date_gmt":"2022-10-28T08:28:47","guid":{"rendered":"https:\/\/www.vokv.dk\/?page_id=4346"},"modified":"2024-08-27T17:58:30","modified_gmt":"2024-08-27T15:58:30","slug":"formandens-beretning-for-2022","status":"publish","type":"page","link":"https:\/\/www.vokv.dk\/?page_id=4346","title":{"rendered":"Generalforsamling 2022 Formandens beretning"},"content":{"rendered":"<h3>Formandens beretning 2022 den 27-10-2022<\/h3>\n<p><a href=\"https:\/\/www.vokv.dk\/wp-content\/uploads\/2022\/10\/VOKV-Generalforsamling-27_10_2022_med-beretning.pdf\" target=\"_blank\" rel=\"noopener\">Referat\u00a0 og beretning fra generalforsamlingen.<\/a><\/p>\n<p>I dag er 2. gang jeg som formand skal holde en beretning p\u00e5 bagkant af et regnskab, hvor vi s\u00e6tter prisen op. Det giver i sig selv anledning til panderynker og overvejelser om hvor er vi p\u00e5 vej hen.<\/p>\n<p>Men i forbindelse med, at jeg har kigget referater og andet igennem for at lave min beretning, kan jeg bare konstatere, at hvis vi kigger i bagklogskabens klare lys, at s\u00e5 er der ikke s\u00e5 mange ting, vi kunne eller skulle have gjort anderledes. Bestyrelsen lavede en investeringsplan der omhandlede udvidelsen med Haslund, etableringen af solvarmen projektet indeholdt ogs\u00e5 en plan for etablering af varmepumper (og den plan er suppleret med en tr\u00e6pillekedel) og samlet set giver hvert enkelt projekt \u00f8konomisk mening, og v\u00e6rdi for varmev\u00e6rket.<\/p>\n<p>Men vi m\u00e5 bare erkende, at selvom vi har gjort alt det rigtige, s\u00e5 har omverdenen udsat os for lidt af hvert de sidste 2 \u00e5r.<\/p>\n<p>Da alt var fryd og gammen, l\u00e5 den rene gasprise p\u00e5 50 \u00f8re pr. kubikmeter, gasprisen har varieret meget og pt falder den, men den falder alts\u00e5 fra et niveau p\u00e5 mere end 20 kr. pr kubikmeter. I samme periode er elpriserne steget voldsomt \u2013 s\u00e5 generelt m\u00e5 man bare sige, at energi markedet giver os alle sammen panderynker b\u00e5de n\u00e5r vi m\u00f8des i varmev\u00e6rksregi men ogs\u00e5 n\u00e5r man sidder hjemme og kigger p\u00e5 de samlede udgifter.<\/p>\n<p>Men n\u00e5r det er sagt, s\u00e5 det ikke kun ynk og fortr\u00e6deligheder vi ser ind i. Vi satte som nogle af de f\u00f8rste prisen op, og det betyder ogs\u00e5, at vi \u2013 med alt det vi ved nu, og det vi tror vi kan forudse \u2013 er p\u00e5 toppen af prisen, og at prisen over tid vil v\u00e6re faldende.<\/p>\n<p>Jeg ved godt det er en optimistisk stemme, og jeg ved ogs\u00e5 godt, at jeg for 3-4 \u00e5r siden stod og fortalte om vi forventede priser p\u00e5 11.500 kr. for et gennemsnitshus. Jeg ved ogs\u00e5 godt, at n\u00e5r f\u00f8rst energi priserne er steget, s\u00e5 stiger de meget hurtigere, end de generelt falder.<\/p>\n<p>Men lad mig gennemg\u00e5 hvorfor jeg er optimistisk.<\/p>\n<h3>Vi kobler nye forbrugere p\u00e5, som aldrig f\u00f8r.<\/h3>\n<p>Jeg ved, at nogle gaskunder har v\u00e6ret skeptiske overfor varmev\u00e6rket, men ogs\u00e5 hvorvidt de forudsigelser vi har lavet om vores priser og gaskundernes forventede priser. Jeg kan desv\u00e6rre konstatere, at vores forudsigelser holdt stik, desv\u00e6rre fordi det betyder k\u00e6mperegninger til dem, der sidder med gasf\u00fdrede huse. Det gode er, at jo flere vi bliver p\u00e5 fjernvarmen, des billigere bliver det. For vi bliver flere til at dele de faste omkostninger. Vores udfordring er nu, at vi kommer i bekneb med at f\u00e5 alle p\u00e5 inden de rigtig dyre gasregninger kommer. Bare et sjovt regnestykke \u2013 vi er formentlig omkring 450 forbrugere inden jul, det er 50 mere end vi havde regnet med. de 50 ekstra g\u00f8r, at de andre 400 slipper 900 kr. billigere. Det g\u00f8r dog ikke, at vi forventer at kunne s\u00e6tte prisen ned, allerede i l\u00f8bet af i \u00e5r \u2013 for der er ogs\u00e5 andre ting, der er steget \u2013 men det viser bare, at vi er i den rigtige retning \u2013 og flere forbrugere giver over tid lavere varmepris.<\/p>\n<p>&nbsp;<\/p>\n<h3>Vi etablerer pillekedel og varmepumper<\/h3>\n<p>Pillekedlen er snart k\u00f8rende og varmepumperne vil v\u00e6re i drift til n\u00e6ste fyringss\u00e6son. Hvorfor er det vigtigt, det er vigtigt, for uden disse produktionsmetoder, s\u00e5 vil vi skulle k\u00f8re med gas i de allerkoldeste m\u00e5neder. Til den pris verdensmarkedet nu dikterer. Nogen af jer vil m\u00e5ske p\u00e5pege, at tr\u00e6piller ogs\u00e5 er steget voldsomt i pris, og de kan v\u00e6re sv\u00e6re at skaffe. Der kan jeg berolige jer med, at vi f\u00f8r sommerferien indgik en langtidskontrakt, der g\u00f8r at vi er sikret levering af tr\u00e6piller og vi har l\u00e5st prisen fast. Den er ikke s\u00e5 billig som den plejer at v\u00e6re, men den er halvdelen af markedsprisen lige nu. S\u00e5 i denne fyrinss\u00e6son, er vi sikret mod uforudsete ting p\u00e5 denne del. Vores varmepumper er k\u00f8rende inden sommerferien, og har f\u00e5r vi et stort tilskud for at igangs\u00e6tte dem. Vi har sikret dette tilskud, ved at lave en tilsvarende dagb\u00f8de til leverand\u00f8ren, s\u00e5fremt anl\u00e6gget leveres p\u00e5 en m\u00e5de, som g\u00f8r, at vi misser vores tilskud. S\u00e5 vi har gjort hvad vi kan for, at alt k\u00f8rer efter planen her ogs\u00e5. Varmepumperne k\u00f8rer jo p\u00e5 str\u00f8m, og nogle vil m\u00e5ske mp\u00e5pege, at det ikke giver en lavere varmepris. Men det kommer de til \u2013 og det er fordi varmepumperne er dimensioneret s\u00e5dan, at de skal ikke k\u00f8re hele tiden, for at give den n\u00f8dvendige varme. Varmepumperne er dimensioneret lidt st\u00f8rre end n\u00f8dvendigt, s\u00e5 vi kan k\u00f8re p\u00e5 de tidspunkter hvor str\u00f8mmen er lavest, og dermed udnytte perioder med billig str\u00f8m. Groft sagt vil vi k\u00f8re med varmepumperne om natten, hvor str\u00f8mmen erfaringsm\u00e6ssigt er billigere eller gratis \u2013 lagre varmen i vores akkutank, og bruge varmen om dagen. s\u00e5 n\u00e5r vi er kommet i drift med det hele, har vi hele grundlaget for, at sammens\u00e6tte en produktion \u2013 hvor vi altid kan v\u00e6lge det billigste miks, og dermed sikrer den billigste varmepris. Samtidig har vi f\u00e5et udskiftet det meste af produktionsanl\u00e6g med disse investeringer, s\u00e5 vi udover at kunne lave en billig varme, ogs\u00e5 allerede har foretaget de n\u00f8dvendige investeringer, der g\u00f8r, at vi ikke er afh\u00e6ngige af en 25 \u00e5rig gammel motor eller gaskedel.<\/p>\n<p>Samlet set synes jeg faktisk, at vi st\u00e5r med gode kort p\u00e5 h\u00e5nden. Vi er ramt af prisstigninger men vi er overbeviste om, at vi har set toppen af dem. P\u00e5 trods af det, er vores fjernvarme meget billigere end andre opvarmningsformer \u2013 og samtidig med, at vi bliver flere, og med de planlagte udstykninger i og omkring Haslund, bliver vi mange flere \u2013 og vi har produktionsteknikker til hele tiden, at s\u00f8rge for, at hvis det ene eller det andet stiger, s\u00e5 er vi blevet meget mere robuste, end vi har v\u00e6ret.<\/p>\n<p>S\u00e5 synes jeg, at vi godt kan v\u00e6re tilfredse med, hvor vi st\u00e5r. Selvom vi ogs\u00e5 i den grad er ramt.<\/p>\n","protected":false},"excerpt":{"rendered":"<p>Formandens beretning 2022 den 27-10-2022 Referat\u00a0 og beretning fra generalforsamlingen. I dag er 2. gang jeg som formand skal holde en beretning p\u00e5 bagkant af et regnskab, hvor vi s\u00e6tter prisen op. Det giver i sig selv anledning til panderynker <span class=\"excerpt-dots\">&hellip;<\/span> <a class=\"more-link\" href=\"https:\/\/www.vokv.dk\/?page_id=4346\"><span class=\"more-msg\">L\u00e6s mere her:<\/span><\/a><\/p>\n","protected":false},"author":2,"featured_media":0,"parent":8,"menu_order":0,"comment_status":"closed","ping_status":"closed","template":"","meta":{"footnotes":""},"folder":[8],"class_list":["post-4346","page","type-page","status-publish","hentry"],"_links":{"self":[{"href":"https:\/\/www.vokv.dk\/index.php?rest_route=\/wp\/v2\/pages\/4346","targetHints":{"allow":["GET"]}}],"collection":[{"href":"https:\/\/www.vokv.dk\/index.php?rest_route=\/wp\/v2\/pages"}],"about":[{"href":"https:\/\/www.vokv.dk\/index.php?rest_route=\/wp\/v2\/types\/page"}],"author":[{"embeddable":true,"href":"https:\/\/www.vokv.dk\/index.php?rest_route=\/wp\/v2\/users\/2"}],"replies":[{"embeddable":true,"href":"https:\/\/www.vokv.dk\/index.php?rest_route=%2Fwp%2Fv2%2Fcomments&post=4346"}],"version-history":[{"count":2,"href":"https:\/\/www.vokv.dk\/index.php?rest_route=\/wp\/v2\/pages\/4346\/revisions"}],"predecessor-version":[{"id":5361,"href":"https:\/\/www.vokv.dk\/index.php?rest_route=\/wp\/v2\/pages\/4346\/revisions\/5361"}],"up":[{"embeddable":true,"href":"https:\/\/www.vokv.dk\/index.php?rest_route=\/wp\/v2\/pages\/8"}],"wp:attachment":[{"href":"https:\/\/www.vokv.dk\/index.php?rest_route=%2Fwp%2Fv2%2Fmedia&parent=4346"}],"wp:term":[{"taxonomy":"folder","embeddable":true,"href":"https:\/\/www.vokv.dk\/index.php?rest_route=%2Fwp%2Fv2%2Ffolder&post=4346"}],"curies":[{"name":"wp","href":"https:\/\/api.w.org\/{rel}","templated":true}]}}