{"id":4306,"date":"2022-10-11T16:53:57","date_gmt":"2022-10-11T14:53:57","guid":{"rendered":"https:\/\/www.vokv.dk\/?page_id=4306"},"modified":"2024-01-07T23:41:30","modified_gmt":"2024-01-07T22:41:30","slug":"vedtaegter-2021","status":"publish","type":"page","link":"https:\/\/www.vokv.dk\/?page_id=4306","title":{"rendered":"Vedt\u00e6gter 2021"},"content":{"rendered":"<h1>Vedt\u00e6gter for V\u00e6rum \u00d8rum Kraftvarmev\u00e6rk a.m.b.a<\/h1>\n<p><a href=\"https:\/\/www.vokv.dk\/wp-content\/uploads\/2022\/10\/vedtaegter-Vaerum-Oerum-kraftvarmevaerk-2021-1.pdf\" target=\"_blank\" rel=\"noopener\">Hent som PDF her:<\/a><\/p>\n<h2>\u00a7 1 Navn og hjemsted<\/h2>\n<p><strong>1.1 <\/strong>Selskabets navn er V\u00e6rum-\u00d8rum Kraftvarmev\u00e6rk A.m.b.a.<strong>\u00a0<\/strong><\/p>\n<p><strong>1.2.\u00a0\u00a0<\/strong>Selskabets hjemsted er Randers Kommune.<\/p>\n<p>&nbsp;<\/p>\n<h2>\u00a7 2 Form\u00e5l og forsyningsomr\u00e5de<\/h2>\n<p>2.1 Selskabets hovedform\u00e5l er at etablere og drive kollektiv fjernvarmeforsyning indenfor V\u00e6rum \u00d8rum Kraftvarmev\u00e6rks forsyningsomr\u00e5de i overensstemmelse med lovgivningen. Der skal sikres en samfunds\u00f8konomisk, herunder milj\u00f8venlig, anvendelse af energi til bygningers opvarmning og forsyning med varmt vand.<\/p>\n<p>2.2 Selskabets l\u00f8bende indt\u00e6gter \u2013 samt et eventuelt provenu ved opl\u00f8sning \u2013 kan kun anvendes til kollektive varmeforsyningsform\u00e5l.<\/p>\n<p>2.3 Selskabets forsyningsomr\u00e5de fasts\u00e6ttes af selskabets bestyrelse under hensyntagen til den til enhver tid g\u00e6ldende lovgivning samt tekniske og \u00f8konomiske forhold.<\/p>\n<p>&nbsp;<\/p>\n<h2>\u00a7 3 Andelshavere\/varmeaftagere<\/h2>\n<p>3.1 En fysisk eller juridisk person kan optages som andelshaver, hvis denne er:<\/p>\n<ul>\n<li>Ejer af en s\u00e6rskilt matrikuleret ejendom med selvst\u00e6ndig m\u00e5ler\/m\u00e5lere ejet af selskabet.<\/li>\n<li>Ejer af en ejerlejlighed, n\u00e5r denne har selvst\u00e6ndig m\u00e5ler ejet af selskabet.<\/li>\n<li>Andelsbolighaver, n\u00e5r andelsboligen har selvst\u00e6ndig m\u00e5ler ejet af selskabet.<\/li>\n<li>Ejer af bygning p\u00e5 lejet grund med selvst\u00e6ndig m\u00e5ler\/m\u00e5lere ejet af selskabet.<\/li>\n<li>En ejerlejlighedsforening\/andelsboligforening eller et boligselskab, der som f\u00e6lles facilitet har den selvst\u00e6ndige direkte tilslutning til selskabets ledningsnet med m\u00e5ler ejet af selskabet.<\/li>\n<li>Ejer af en af de ovenn\u00e6vnte typer ejendomme, der er omfattet af forblivelsespligt, men hvor ejeren har valgt ikke at aftage fjernvarme.<\/li>\n<\/ul>\n<p>&nbsp;<\/p>\n<p>3.2 Enhver, der opfylder de i 3.1 anf\u00f8rte betingelser, og hvis ejendom\/andelsbolig ligger inden for forsyningsomr\u00e5det, er berettiget til at blive optaget som andelshaver, hvis ejendommen forsynes med fjernvarme, eller har valgt ikke at aftage fjernvarme, men er omfattet af forblivelsespligt.<\/p>\n<p>3.3 Levering kan endvidere ske til lejere, dvs. enhver, der via en andelshaver forsynes med varme. Dette kan f.eks. v\u00e6re det enkelte medlem af en andelsboligforening eller ejerlejlighedsforening, lejere i fjernvarmeforsynede ejendomme, forpagtere mfl. Levering kan desuden ske til ikke-andelshavere, dvs. ejere, der ikke \u00f8nsker \u2013 eller som p\u00e5 grund af egne forhold \u2013 ikke kan v\u00e6re andelshaver.<\/p>\n<p>3.4 Levering til ikke-andelshavere og lejere sker p\u00e5 leveringsvilk\u00e5r, der svarer til de vilk\u00e5r, der g\u00e6lder for andelshavere.<\/p>\n<p>3.5 Andelshavere, ikke-andelshavere og lejere mfl. skal respektere selskabets g\u00e6ldende vedt\u00e6gter samt de \u00f8vrige vilk\u00e5r for levering af fjernvarme, der til enhver tid g\u00e6lder for selskabet, herunder f.eks. Takstblad og de af selskabets bestyrelse udarbejdede Almindelige og Tekniske Bestemmelser for Fjernvarmelevering.<\/p>\n<p>3.6 N\u00e5r s\u00e6rlige forhold g\u00f8r sig g\u00e6ldende, f.eks. med hensyn til bygningskarakter og varmebehov, kan bestyrelsen indg\u00e5 s\u00e6raftaler om tilslutning og varmelevering.<\/p>\n<p>&nbsp;<\/p>\n<h2>\u00a7 4 Andelskapital, andelshavernes h\u00e6ftelse og \u00f8konomiske ansvar<\/h2>\n<p>4.1. Selskabet har ingen andelskapital. I forhold til tredjemand h\u00e6fter andelshaveren ikke personligt for selskabets forpligtelser. Der udstedes ikke andelsbeviser.<\/p>\n<p>&nbsp;<\/p>\n<h2>\u00a7 5 Udtr\u00e6delsesvilk\u00e5r<\/h2>\n<p>5.1 <strong>Andelshavere indtr\u00e5dt f\u00f8r 1. januar 2010<\/strong> &#8211; Andelshavere, der er indtr\u00e5dt f\u00f8r 1. januar 2010, kan udtr\u00e6de af selskabet med 18 m\u00e5neders skriftligt varsel til et regnskabs\u00e5rs udl\u00f8b.<\/p>\n<p><strong>Andelshavere indtr\u00e5dt fra og med den 1. januar 2010<\/strong> &#8211; Andelshavere, der er indtr\u00e5dt fra og med den 1. januar 2010, kan udtr\u00e6de af selskabet med en m\u00e5neds skriftligt varsel til udgangen af en m\u00e5ned, n\u00e5r der er g\u00e5et fem m\u00e5neder fra aftalens indg\u00e5else.<\/p>\n<p>Udtr\u00e6den er dog til enhver tid begr\u00e6nset af lovgivningen og offentlige myndig\u00adheders beslutninger.<strong>\u00a0<\/strong><\/p>\n<p>5.2 P\u00e5 udtr\u00e6delsestidspunktet forpligter andelshaveren sig til at betale:<\/p>\n<ul>\n<li>Skyldige bel\u00f8b i henhold til \u00e5rsopg\u00f8relsen.<\/li>\n<li>Eventuelt skyldige bidrag.<\/li>\n<li>Et bel\u00f8b til d\u00e6kning af udgifter ved afbrydelse af stikledningen ved fordelingsledningen, nedtagning af m\u00e5ler og andet tilh\u00f8rende selskabet.<\/li>\n<li>Selskabets omkostninger ved eventuel fjernelse af selskabets ledninger p\u00e5 den udtr\u00e6dendes ejendom, i det omfang s\u00e5danne ledninger alene vedr\u00f8rer den udtr\u00e6dendes varmeforsyning.<\/li>\n<li>En godtg\u00f8relse for udtr\u00e6delse. Godtg\u00f8relsen opg\u00f8res p\u00e5 opsigelsestidspunktet p\u00e5 grundlag af den senest anmeldte priseftervisning til Energitilsynet. Godtg\u00f8relsen beregnes som den udtr\u00e6dendes andel af selskabets samlede anl\u00e6gsudgifter med fradrag af de afskrivninger, der har v\u00e6ret indregnet i priserne.<\/li>\n<li>Den udtr\u00e6dendes andel af selskabets anl\u00e6gsudgifter, med fradrag af foretagne afskrivninger, beregnes p\u00e5 grundlag af den udtr\u00e6dende andelshavers andel af selskabets samlede registrerede tilslutningsv\u00e6rdi eller afgiftspligtige areal eller rumfang eller hedeflade osv. i regnskabs\u00e5ret inden opsigelsen.<\/li>\n<\/ul>\n<p>&nbsp;<\/p>\n<p>5.3 En udtr\u00e6dende andelshaver har ikke krav p\u00e5 nogen andel af selskabets formue.<\/p>\n<p>5.4 Hvis leveringsforholdet oph\u00f8rer, har selskabet efter n\u00e6rmere aftale ret til at lade ledningsnettet blive liggende og har fortsat adgang til drift, eftersyn og reparation af dette. Hvis ledningsnettets forbliven medf\u00f8rer v\u00e6sentlige og omfattende hindringer for rummenes eller grundens udnyttelse, og der derfor ikke kan opn\u00e5s en aftale, kan ekspropriationsreglerne i varmeforsyningsloven anvendes.<\/p>\n<p>&nbsp;<\/p>\n<h2>\u00a7 6 Generalforsamling<\/h2>\n<h2>6.1 Generalforsamlingen er selskabets \u00f8verste myndighed.<\/h2>\n<p>6.2 Ordin\u00e6r generalforsamling afholdes hvert \u00e5r inden udgan\u00adgen af oktober m\u00e5ned.<\/p>\n<p>6.3 Indkaldelse til generalforsamling skal foretages tidligst 4 uger og senest 2 uger f\u00f8r generalforsamlingen ved skriftlig indkaldelse og\/eller ved annonce i mindst \u00e9t lokalt blad efter bestyrelsens sk\u00f8n og med angivelse af dagsorden.<\/p>\n<p>6.4 Dagsorden for den ordin\u00e6re generalforsamling skal indeholde:<\/p>\n<ul>\n<li>Valg af dirigent.<\/li>\n<li>Bestyrelsens beretning for det forl\u00f8bne regnskabs\u00e5r og godkendelse af regnskab.<\/li>\n<li>Den reviderede \u00e5rsrapport freml\u00e6gges til godkendelse.<\/li>\n<li>Budget opgjort efter varmeforsyningslovens prisbestemmelser for indev\u00e6rende drifts\u00e5r freml\u00e6gges til orientering.<\/li>\n<li>Freml\u00e6ggelse af investeringsplan for kommende \u00e5r til orientering.<\/li>\n<li>Forslag fra bestyrelsen.<\/li>\n<li>Indkomne forslag fra andelshavere\/lejere.<\/li>\n<li>Valg af bestyrelsesmedlemmer.<\/li>\n<li>Valg af suppleanter til bestyrelsen.<\/li>\n<li>Valg af revisor.<\/li>\n<\/ul>\n<p>&nbsp;<\/p>\n<p>6.5 P\u00e5 generalforsamlinger har hver andelshaver een stemme for hver tilslutning, der opfylder betingelserne i S 3, stk. a-d. delegere stemmeretten til varmeaftagerne. Hvis andelshaveren v\u00e6lger at delegere stemmeretten til varmeaftagerne, er disse berettiget til at afgive en stemme pr. registreret bolig\/lejem\u00e5l, s\u00e5fremt selskabet senest 14 dage f\u00f8r generalforsamlingen modtager en opdateret navnefortegnelse fra andelshaveren over de registrerede boliger\/lejem\u00e5l.<\/p>\n<p>6.6 Stemmeret kan ud\u00f8ves ved skriftlig og dateret fuldmagt. Ingen fuldmagtshaver kan repr\u00e6sentere mere end to fuldmagtsgivere.<\/p>\n<p>6.7 Det er en foruds\u00e6tning for stemmeud\u00f8velse, at andelshaveren\/lejeren 8 dage f\u00f8r generalforsamlingen ikke er i restance med noget bel\u00f8b, som selskabet med rette har overgivet til retslig inkasso, og der ikke er begrundet tvivl om fjernvarmeselskabets krav p\u00e5 betaling.<\/p>\n<p>6.8 Afg\u00f8relser tr\u00e6ffes ved simpel stemmeflerhed uden hensyn til de fremm\u00f8dtes antal.<\/p>\n<p>6.9 Vedt\u00e6gts\u00e6ndringer kan kun besluttes af andelshavere.<\/p>\n<p>Ved vedt\u00e6gts\u00e6ndringer kr\u00e6ves, at mindst halvdelen af selskabets andelshavere er repr\u00e6senteret p\u00e5 generalforsamlingen. Desuden skal beslutningen vedtages med mindst 2\/3 af de afgivne stemmer fra de andelshavere, der er repr\u00e6senteret p\u00e5 generalforsamlingen. Er mindre end halvdelen af andelshaver\u00adne repr\u00e6sen\u00adteret p\u00e5 generalforsamlingen, og er forslaget vedtaget af 2\/3 af de repr\u00e6senterede an\u00addelshavere, indkalder bestyrelsen inden 14 dage til en ny generalforsam\u00adling. Denne generalforsamling skal afholdes senest 4 uger efter datoen for f\u00f8rste generalforsam\u00adling, og forslag om vedt\u00e6gts\u00e6ndringer kan da vedtages alene med simpel stemmefler\u00adhed af de fremm\u00f8dte andelshavere uden hensyntagen til det repr\u00e6sentere\u00adde antal andelshavere.<\/p>\n<p>6.10 Vedt\u00e6gts\u00e6ndringer skal, s\u00e5 l\u00e6nge kommunen har stillet garanti for selskabets g\u00e6ld, godkendes af kommunalbestyrelsen.<\/p>\n<p>6.11 Selskabets bestyrelse er bemyndiget til at foretage s\u00e5danne \u00e6ndringer i selskabets vedt\u00e6gter, som er n\u00f8dvendige p\u00e5 grund af offentlige myndigheders krav, uden at reglerne for vedt\u00e6gts\u00e6ndringer skal f\u00f8lges. Bestyrelsen skal p\u00e5 f\u00f8rstkommende generalforsamling redeg\u00f8re for s\u00e5danne \u00e6ndringer.<\/p>\n<p>6.12 Forslag, der \u00f8nskes behandlet p\u00e5 den ordin\u00e6re generalforsamling, skal v\u00e6re bestyrelsen i h\u00e6nde senest 10 dage f\u00f8r generalforsamlingen. Bestyrelsen er forpligtet til at unders\u00f8ge, om fremkomne forslag er i overensstemmelse med g\u00e6ldende lovgivning.<\/p>\n<p>6.13 Den reviderede \u00e5rsrapport, fuldst\u00e6ndig dagsorden samt eventuelle forslag skal v\u00e6re fremlagt p\u00e5 selskabets kontor senest 8 dage f\u00f8r den ordin\u00e6re generalforsamling.<\/p>\n<p>6.14 Ekstraordin\u00e6r generalforsamling skal afholdes, n\u00e5r bestyrelsen finder det n\u00f8dvendigt, eller n\u00e5r mindst 1\/3 af andelshaverne skriftligt frems\u00e6tter \u00f8nske om det, ledsaget af de forslag, der \u00f8nskes behandlet. Ekstraordin\u00e6r generalfor\u00adsamling skal afholdes inden 4 uger efter modtagelsen af skriftligt \u00f8nske om afholdelsen<\/p>\n<p>6.15\u00a0Alle beslutninger skal indf\u00f8res i selskabets forhandlingsprotokol. Forhandlingsprotokollen skal altid underskrives af dirigenten.<\/p>\n<p>&nbsp;<\/p>\n<h2>\u00a7 7 Bestyrelse<\/h2>\n<p>7.1 Selskabets bestyrelse best\u00e5r af 5 generalforsamlingsvalgte medlemmer, hvoraf mindst 4 af medlemmer skal v\u00e6re andelshavere.<\/p>\n<p>Derudover kan kommunalbestyrelsen udpege et bestyrelsesmedlem, hvis kommunen har ydet kommunegaranti for selskabets l\u00e5n. Selskabets bestyrelse best\u00e5r s\u00e5ledes af i alt maksimalt 6 medlemmer. Bestyrelsesmedlemmerne v\u00e6lges for 2 \u00e5r ad gangen, men kan genv\u00e6lges. I ulige \u00e5r afg\u00e5r 3 bestyrelsesmedlemmer. I lige \u00e5r afg\u00e5r 2 bestyrelsesmed\u00adlemmer.<\/p>\n<p>Det bestyrelsesmedlem, som kommunalbestyrelsen har udpeget, kan n\u00e5r som helst udskiftes af kommunalbestyrelsen. V\u00e6lger kommunalbestyrelsen ikke at udpege et bestyrelsesmedlem, udpeges der ikke andre medlemmer i stedet.<\/p>\n<p>Valgbarhed<br \/>\nEnhver andelshaver\/varmeaftager, som har stemmeret, og enhver person, som er tilknyttet selskaber, institutioner eller lignende, som er andelshavere\/lejere og har stemmeret, er valgbar som generalforsamlingsvalgt bestyrelsesmedlem og suppleant. Bestyrelsen kan dog indstille maksimalt en person til bestyrelsen som valgbar. Denne person v\u00e6lges p\u00e5 generalforsamlingen jf. 7.1<\/p>\n<p>Bestyrelsen afg\u00f8r endeligt eventuelle tvivlssp\u00f8rgsm\u00e5l om valgbarhed.<\/p>\n<p>Suppleanter<br \/>\nP\u00e5 den ordin\u00e6re generalforsamling v\u00e6lges 2 suppleanter for 1 \u00e5r ad gangen. Genvalg kan finde sted. Ved et bestyrelsesmedlems udtr\u00e6den af bestyrelsen i valgperioden, f.eks. hvis et bestyrelsesmedlem mister sin valgbarhed, indtr\u00e6der suppleanten i bestyrelsen i stedet for det afg\u00e5ende medlem indtil f\u00f8rstkommende ordin\u00e6re generalfor\u00adsamling uanset bestemmelsen i \u00a7 7.1<\/p>\n<h2><\/h2>\n<h2>\u00a7 8 Selskabets ledelse<\/h2>\n<p>8.1 Bestyrelsen har den overordnede ledelse af selskabet og alle dets anliggender. Bestyrelsen fasts\u00e6tter selv sin forretningsorden. Bestyrelsen konstituerer sig selv.<\/p>\n<p>8.2 Bestyrelsen er beslutningsdygtig, n\u00e5r over halvdelen af samtlige medlemmer er repr\u00e6senteret. Bestyrelsens beslutninger tr\u00e6ffes ved simpelt stemmeflertal.<\/p>\n<p>8.3 Referat fra bestyrelsesm\u00f8der indf\u00f8res i selskabets protokol, der f\u00f8res som en beslutningsprotokol.<\/p>\n<p>8.4 Bestyrelsen skal udsende meddelelse til alle forbrugere ved \u00e6ndring af drift, takster eller priser med redeg\u00f8relse for \u00e5rsag til \u00e6ndringen.<\/p>\n<p>8.5 Bestyrelsen antager og afskediger daglig leder og andet overordnet personale og tr\u00e6ffer aftaler om ans\u00e6ttelsesforhold m.v.<\/p>\n<p>8.6 Selskabets bestyrelse fastl\u00e6gger tarifferne under hensyntagen til Energitilsynets anbefalinger om kost\u00e6gte tariffasts\u00e6ttelse.<\/p>\n<p>8.7\u00a0 Bestyrelsen har bemyndigelse til, i selskabets navn, at optage l\u00e5n, k\u00f8be, s\u00e6lge og pants\u00e6tte fast ejendom samt foretage enhver anden forretning og disposition vedr\u00f8rende selskabet.<\/p>\n<p>8.8\u00a0 Bestyrelsen kan neds\u00e6tte et forretningsudvalg blandt bestyrelsen, som fungerer i henhold til en forretningsorden. Bestyrelsen kan hermed delegere nogle af sine bef\u00f8jelser til forretningsudvalget.<\/p>\n<p>8.9 Selskabet tegnes af 3 bestyrelsesmed\u00adlemmer, hvoraf det ene skal v\u00e6re formanden eller n\u00e6stformanden.<\/p>\n<p>8.10 Bestyrelsen kan meddele prokura, enkel eller kollektiv.<\/p>\n<p>&nbsp;<\/p>\n<h2>\u00a7 9 Regnskab og revision<\/h2>\n<p>9.1 Selskabets regnskabs\u00e5r er fra 1.juli ti 30. juni. \u00c5rsrapporten opg\u00f8res under hen\u00adsyntagen til lovgivningens bestemmelser og god regnskabsskik.<\/p>\n<p>9.2 \u00c5rsrapporten revideres af en statsautoriseret eller registreret revisor, som generalforsamlingen har valgt.<\/p>\n<p>&nbsp;<\/p>\n<h2>\u00a7 10 Selskabets opl\u00f8sning<\/h2>\n<p>10.1 Beslutning om selskabets opl\u00f8sning kan kun vedtages af generalforsamlingen efter reglerne om vedt\u00e6gts\u00e6ndringer og i \u00f8vrigt i henhold til den til enhver tid g\u00e6ldende lovgivning.<br \/>\nN\u00e5r der best\u00e5r kommunal garanti for selskabets g\u00e6ldsfor\u00adpligtelser, kan opl\u00f8sning af selskabet kun ske med kom\u00admunens samtykke.<\/p>\n<p>10.2 Besluttes det at opl\u00f8se selskabet, skal der p\u00e5 den generalforsamling, hvor beslutningen tages, v\u00e6lges en eller flere likvidatorer til at forest\u00e5 opl\u00f8sningen.<\/p>\n<p>10.3 Eventuelle overskud ved opl\u00f8sningen skal fordeles mellem andelshaverne i forhold til andelshavernes andele af selskabets forbrugsafh\u00e6ngige om\u00adkostninger i det sidste regnskabs\u00e5r. Ingen andelshaver kan f\u00e5 udbetalt et st\u00f8rre bel\u00f8b end den p\u00e5g\u00e6ldendes andelskapital. Eventuelt overskud herudover skal anvendes til kollektive varmeforsyningsform\u00e5l.<\/p>\n<p>&nbsp;<\/p>\n<p>S\u00e5ledes vedtaget p\u00e5 selskabets generalforsamling den 26. oktober 2021<\/p>\n<p>&nbsp;<\/p>\n<p>&nbsp;<\/p>\n","protected":false},"excerpt":{"rendered":"<p>Vedt\u00e6gter for V\u00e6rum \u00d8rum Kraftvarmev\u00e6rk a.m.b.a Hent som PDF her: \u00a7 1 Navn og hjemsted 1.1 Selskabets navn er V\u00e6rum-\u00d8rum Kraftvarmev\u00e6rk A.m.b.a.\u00a0 1.2.\u00a0\u00a0Selskabets hjemsted er Randers Kommune. &nbsp; \u00a7 2 Form\u00e5l og forsyningsomr\u00e5de 2.1 Selskabets hovedform\u00e5l er at etablere og <span class=\"excerpt-dots\">&hellip;<\/span> <a class=\"more-link\" href=\"https:\/\/www.vokv.dk\/?page_id=4306\"><span class=\"more-msg\">L\u00e6s mere her:<\/span><\/a><\/p>\n","protected":false},"author":2,"featured_media":0,"parent":57,"menu_order":0,"comment_status":"closed","ping_status":"closed","template":"","meta":{"footnotes":""},"folder":[24],"class_list":["post-4306","page","type-page","status-publish","hentry"],"_links":{"self":[{"href":"https:\/\/www.vokv.dk\/index.php?rest_route=\/wp\/v2\/pages\/4306","targetHints":{"allow":["GET"]}}],"collection":[{"href":"https:\/\/www.vokv.dk\/index.php?rest_route=\/wp\/v2\/pages"}],"about":[{"href":"https:\/\/www.vokv.dk\/index.php?rest_route=\/wp\/v2\/types\/page"}],"author":[{"embeddable":true,"href":"https:\/\/www.vokv.dk\/index.php?rest_route=\/wp\/v2\/users\/2"}],"replies":[{"embeddable":true,"href":"https:\/\/www.vokv.dk\/index.php?rest_route=%2Fwp%2Fv2%2Fcomments&post=4306"}],"version-history":[{"count":0,"href":"https:\/\/www.vokv.dk\/index.php?rest_route=\/wp\/v2\/pages\/4306\/revisions"}],"up":[{"embeddable":true,"href":"https:\/\/www.vokv.dk\/index.php?rest_route=\/wp\/v2\/pages\/57"}],"wp:attachment":[{"href":"https:\/\/www.vokv.dk\/index.php?rest_route=%2Fwp%2Fv2%2Fmedia&parent=4306"}],"wp:term":[{"taxonomy":"folder","embeddable":true,"href":"https:\/\/www.vokv.dk\/index.php?rest_route=%2Fwp%2Fv2%2Ffolder&post=4306"}],"curies":[{"name":"wp","href":"https:\/\/api.w.org\/{rel}","templated":true}]}}