{"id":3920,"date":"2021-11-15T15:57:14","date_gmt":"2021-11-15T14:57:14","guid":{"rendered":"https:\/\/www.vokv.dk\/?page_id=3920"},"modified":"2025-06-20T13:51:57","modified_gmt":"2025-06-20T11:51:57","slug":"almindelige-bestemmelser","status":"publish","type":"page","link":"https:\/\/www.vokv.dk\/?page_id=3920","title":{"rendered":"Almindelige bestemmelser."},"content":{"rendered":"<p><strong>ALMINDELIGE BESTEMMELSER FOR\u00a0 <\/strong><strong>FJERNVARMELEVERING<\/strong><\/p>\n<h5>Hent dem som PDF\u00a0<a href=\"https:\/\/www.vokv.dk\/wp-content\/uploads\/2021\/11\/TEKNISKE-BESTEMMELSER.pdf\" target=\"_blank\" rel=\"noopener\"><strong>her.<\/strong><\/a><\/h5>\n<h5><strong>1. Gyldighedsomr\u00e5de og definitioner m.v.<\/strong><\/h5>\n<p style=\"padding-left: 40px;\">1.1 Almindelige bestemmelser for fjernvarmelevering er g\u00e6ldende for forholdet mellem V\u00e6rum-\u00d8rum kraftvarmev\u00e6rk a.m.b.a., i det f\u00f8lgende kaldet V\u00c6RKET, og ejeren\/ejerne af ejendomme der efter eget \u00f8nske eller ved tilslutningspligt er tilsluttet fjernvarmeforsyningen, i det f\u00f8lgende kaldet FORBRUGEREN.<\/p>\n<p style=\"padding-left: 40px;\">1.2 Bestemmelserne er g\u00e6ldende for leveringsforholdet mellem V\u00c6RKET og FORBRUGEREN. Leveringsforholdet mellem en ejer og dennes lejere er normalt V\u00c6RKET uvedkommende. Et direkte aftagerforhold\u00a0 om varmeforbrug skal dog etableres, n\u00e5r ejeren\/ejerne indg\u00e5r aftale med V\u00c6RKET herom. Betingelser herfor er, at det omhandlede lejem\u00e5l har Selvst\u00e6ndig stikledning og selvst\u00e6ndig m\u00e5ler tilh\u00f8rende V\u00c6RKET, samt at lejeren accepterer, at fjernvarmeleveringen sker i henhold til V\u00c6RKETs leveringsbestemmelser.<\/p>\n<p style=\"padding-left: 40px;\">1.3 Det retlige forhold mellem V\u00c6RKET og FORBRUGEREN er foruden gennem &#8220;Almindelige bestemmelser for fjernvarmelevering&#8221; reguleret gennem &#8220;Tekniske bestemmelser for fjernvarmelevering&#8221;.<\/p>\n<p><strong>2. ETABLERING\/\u00c6NDRING AF <\/strong><strong>FJERNVARMEFORSYNING.<\/strong><\/p>\n<p style=\"padding-left: 40px;\">2.1 S\u00e5fremt andet ikke er fastsat i den kommunale varmeplan, og s\u00e5fremt tekniske og \u00f8konomiske hensyn ikke er til hinder herfor, kan der etableres fjernvarmeforsyning. V\u00c6RKET afg\u00f8r i de enkelte tilf\u00e6lde, om tilslutning kan finde sted.<\/p>\n<p style=\"padding-left: 40px;\">2.2 Anmodning om en ejendoms tilslutning til fjernvarmeforsyningen fremsendes skriftligt til V\u00c6RKET af ejeren\/ejerne af ejendommen. I omr\u00e5der med tilslutningspligt giver kommunen p\u00e5l\u00e6g om, hvorn\u00e5r\u00a0 tilslutning senest skal finde sted.<\/p>\n<p style=\"padding-left: 40px;\">2.3 FORBRUGEREN stiller den forn\u00f8dne plads til r\u00e5dighed til brug for etablering af hovedhaner og hovedm\u00e5lerarrangement m.v. Der m\u00e5 sikres V\u00c6RKET let adgang til m\u00e5lerafl\u00e6sning og vedligeholdelse.<\/p>\n<p style=\"padding-left: 40px;\">2.4 Hvis det er n\u00f8dvendigt at \u00e6ndre interne ledninger m.v. p\u00e5 ejendommens omr\u00e5de, for at fjernvarmestikledningen kan etableres, skal dette ske p\u00e5 FORBRUGERENS foranledning, og omkostningerne hertil p\u00e5hviler FORBRUGEREN.<\/p>\n<p style=\"padding-left: 40px;\">2.5 V\u00c6RKET er efter n\u00e6rmere aftale berettiget til at f\u00f8re fjernvarmeledninger gennem ejendommens grund, k\u00e6lder m.v. til forsyning af ejendommen samt til eventuel forsyning af andre ejendomme, for s\u00e5vidt der derved ikke skabes v\u00e6sentlige hindringer for rummenes eller grundens udnyttelse. V\u00c6RKET etablerer og vedligeholder dette ledningsnet. V\u00c6RKET er ansvarlig for skader, der sker som f\u00f8lge af dette\u00a0 ledningsnets etablering, drift og vedligeholdelse, hvorfor V\u00c6RKET til enhver tid skal have adgang til at foretage de n\u00f8dvendige eftersyn og reparationer. Er der tale om v\u00e6sentlige og omfattende hindringer for rummenes eller grundens udnyttelse, og der derfor ikke kan opn\u00e5s aftale, kan V\u00c6RKET anvende ekspropriationsreglerne i varmeforsyningsloven.<\/p>\n<p style=\"padding-left: 40px;\"><strong>TILSLUTNINGSAFGIFT<\/strong><\/p>\n<p style=\"padding-left: 40px;\">2.6 FORBRUGEREN betaler tilslutningsafgift, jf. V\u00c6RKET\u00b4s tarif, for at blive tilsluttet varmeforsyningen. Denne afgift skal betales, inden stikledningen etableres.<\/p>\n<p style=\"padding-left: 40px;\">2.7 Beregning af tilslutningsafgiftens st\u00f8rrelse foretages af V\u00c6RKET. P\u00e5 V\u00c6RKETs foranledning skal FORBRUGEREN meddele de n\u00f8dvendige oplysninger til brug for beregning af afgifter.<\/p>\n<p style=\"padding-left: 40px;\">2.8 S\u00e5fremt der i ejendommen \u00f8nskes foretaget \u00e6ndringer, som har indflydelse p\u00e5 beregning af tilslutningsafgiften, har FORBRUGEREN pligt til inden \u00e6ndringen, skriftligt at anmelde dette til V\u00c6RKET. Dette kan i s\u00e5 tilf\u00e6lde opkr\u00e6ve supplerende tilslutningsafgift. V\u00c6RKET forbeholder sig ret til at foretage en kontrolopm\u00e5ling.<\/p>\n<p style=\"padding-left: 40px;\"><strong>STIKLEDNING\/STIKLEDNINGSAFGIFT<\/strong><\/p>\n<p style=\"padding-left: 40px;\">2.9 Det ledningsnet, der etableres fra hovedledningen\/fordelingsledningen til ejendommens hovedhaner, ben\u00e6vnes i det f\u00f8lgende som &#8220;stikledningen&#8221;. Forbrugerens betaling for etablering af stikledningen\u00a0 fremg\u00e5r af V\u00c6RKETs tarif. V\u00e6rket fasts\u00e6tter stikledningens placering efter aftale med FORBRUGEREN, dog under hensyntagen til tekniske forhold i hoved- eller fordelingsnettet.<\/p>\n<p style=\"padding-left: 40px;\">2.10 Stikledningen afsluttes umiddelbart inden for ejendommens ydermur med hovedhaner i ejendommens varmerum eller et andet let tilg\u00e6ngeligt rum. Stikledningen incl. hovedhaner etableres, ejes og vedligeholdes af V\u00c6RKET.<\/p>\n<p style=\"padding-left: 40px;\">2.11 V\u00c6RKET etablerer f\u00e6lles stikledning til en eller flere ejendomme, s\u00e5fremt V\u00c6RKET finder det hensigtsm\u00e6ssigt.<\/p>\n<p style=\"padding-left: 40px;\">2.12 Giver forhold hos FORBRUGEREN anledning til flytning af stikledningen, udf\u00f8res arbejdet af V\u00c6RKET for FORBRUGERENS regning (jvf. 2.9 ).<\/p>\n<p style=\"padding-left: 40px;\">2.13 Hvis en stikledning ved for\u00f8get varmebehov bliver for lille, oml\u00e6gges den af V\u00c6RKET. Udgifterne betales efter samme retningslinier som ved etablering af en ny stikledning.<\/p>\n<p style=\"padding-left: 40px;\">2.14 V\u00c6RKET har til en hver tid ret til at reparere eller udskifte ledningsnet p\u00e5 forbrugers ejendom. Efter udf\u00f8rte anl\u00e6gs-og reparationsarbejder foretager V\u00c6RKET retablering i henhold til &#8221; Tekniske bestemmelser for fjernvarmelevering&#8221;, hvor s\u00e5danne forefindes og ellers til samme standard som f\u00f8r arbejdets p\u00e5begyndelse.<\/p>\n<p style=\"padding-left: 40px;\"><strong>EJERSKIFTE<\/strong><\/p>\n<p style=\"padding-left: 40px;\">2.15 Ejerskifte skal meddeles V\u00c6RKET. I forbindelse med ejerskiftet skal hovedm\u00e5leren afl\u00e6ses med henblik p\u00e5 udarbejdelse af opg\u00f8relse. Anmodning herom skal tilg\u00e5 V\u00c6RKET senest 8 dage f\u00f8r ejerskifte.\u00a0 S\u00e5fremt V\u00c6RKET i stedet anvender selvafl\u00e6sning, skal selvafl\u00e6sningskort underskrevet af s\u00e5vel nuv\u00e6rende som fremtidig ejer fremsendes til V\u00c6RKET. Den hidtidige ejer er forpligtet til at betale s\u00e5vel faste afgifter som forbrugsafgifter efter m\u00e5ler indtil ejerforholdet oph\u00f8rer eller overg\u00e5r til den nye ejer, jf 6.9. Den hidtidige ejer skal drag omsorg for, at den nye ejer indtr\u00e6der i den hidtidige ejers forpligtelser overfor<br \/>\nV\u00c6RKET.<\/p>\n<p style=\"padding-left: 40px;\">2.16 G\u00e6ldende leveringsbestemmelser, tariffer samt eventuel kontrolbog kan rekvireres p\u00e5 V\u00c6RKET.<\/p>\n<p style=\"padding-left: 40px;\"><strong>UDTR\u00c6DELSESVILK\u00c5R<\/strong><\/p>\n<p style=\"padding-left: 40px;\">2.17 Udtr\u00e6delse af V\u00c6RKET kan finde sted med 18 m\u00e5neders skriftlig varsel til et regnskabs\u00e5rs udl\u00f8b. Udtr\u00e6delse er dog til enhver tid begr\u00e6nset af lovgivningen og offentlige myndigheders beslutninger.<\/p>\n<p style=\"padding-left: 40px;\">2.18 P\u00e5 udtr\u00e6delsestidspunktet forpligter FORBRUGEREN sig til at betale:<\/p>\n<p style=\"padding-left: 80px;\">a. Afgifter i henhold til \u00e5rsopg\u00f8relse.<\/p>\n<p style=\"padding-left: 80px;\">b. Skyldige afgifter.<\/p>\n<p style=\"padding-left: 80px;\">c. Et bel\u00f8b til d\u00e6kning af udgifter ved afbrydelse af stikledningen ved hoved\/fordelingsledningen, nedtagning af m\u00e5ler og andet tilh\u00f8rende V\u00c6RKET.<\/p>\n<p style=\"padding-left: 80px;\">d. V\u00e6rkets omkostninger ved eventuel fjernelse af de V\u00c6RKET tilh\u00f8rende ledninger p\u00e5 FORBRUGERENS ejendom, i det omfang s\u00e5danne ledninger alene vedr\u00f8rer FORBRUGERENS varmeforsyning. Hvis det ikke er muligt at overdrage den ledigblevne kapacitet til nye forbrugere, kan endvidere kr\u00e6ves:<\/p>\n<p style=\"padding-left: 80px;\">e. Andel af anl\u00e6gs-og renoveringsudgifter, der er specificeret i V\u00c6RKETs regnskab-tidligere end 2- \u00e5rsdagen f\u00f8r udtr\u00e6delsestidspunktet, og hvorp\u00e5 V\u00c6RKET foretager afskrivninger. Bel\u00f8bet beregnes som FORBRUGERENS andel af V\u00c6RKETs samlede anl\u00e6gsudgifter p\u00e5 opsigelsestidspunktet med fradrag af de afskrivninger, der har v\u00e6ret indregnet i priserne. Forbrugerens andel af V\u00c6RKETs ovenn\u00e6vnte\u00a0 anl\u00e6gsudgifter med fradrag af foretagne afskrivninger beregnes p\u00e5 grundlag af den udtr\u00e6dende forbrugers andel af V\u00c6RKETs samlede registrerede tilslutningsv\u00e6rdi (afgiftspligtige areal, rumfang, hedeflade\u00a0 etc.) i regnskabs\u00e5ret inden opsigelsen.<\/p>\n<p style=\"padding-left: 40px;\">2.19 En udtr\u00e6dende forbruger har ikke krav p\u00e5 nogen andel af V\u00c6RKETs formue.<\/p>\n<p style=\"padding-left: 40px;\">2.20 Hvis leveringsforholdet oph\u00f8rer, har V\u00c6RKET efter n\u00e6rmere aftale ret til at lade ledningsnettet blive liggende og har fortsat adgang til drift, eftersyn og reparation af dette. S\u00e5fremt ledningernes forbliven\u00a0 medf\u00f8rer v\u00e6sentlige og omfattende hindringer for rummenes eller grundens udnyttelse, og der derfor ikke kan opn\u00e5s aftale, kan V\u00c6RKET anvende ekspropriationsreglerne i varmeforsyningsloven.<\/p>\n<p style=\"padding-left: 40px;\">2.21 Udtr\u00e6den kan ikke finde sted de f\u00f8rste 5 \u00e5r fra tidspunktet for tilslutning til forsyningsanl\u00e6gget.<\/p>\n<p><strong>3. DRIFT OG VEDLIGEHOLDELSE AF ANL\u00c6G<\/strong><\/p>\n<p style=\"padding-left: 40px;\">3.1 Varmen leveres som cirkulerende varmt vand (fjernvarmevand), med en temperatur, der af V\u00c6RKET kan reguleres s\u00e5vel efter \u00e5rstiderne som indenfor d\u00f8gnet, jf.&#8221;Tekniske bestemmelser for fjernvarmelevering&#8221;.<\/p>\n<p style=\"padding-left: 40px;\">3.2 Fjernvarmevandet m\u00e5 kun benyttes til cirkulering i ejendommens varmeinstallation. FORBRUGEREN er ansvarlig for, at der ikke sker aftapning eller spild af fjernvarmevand fra anl\u00e6gget.<\/p>\n<p style=\"padding-left: 40px;\">3.3 Ejendommens varmeinstallation (varmeanl\u00e6g og vandvarmer resp. varmeveksler) skal dimensioneres, styres, reguleres og overv\u00e5ges s\u00e5ledes, at fjernvarmevandet afk\u00f8les i henhold til &#8220;Tekniske bestemmelser for fjernvarmelevering&#8221; og\/eller i henhold til de af V\u00c6RKET fastsatte krav.<\/p>\n<p style=\"padding-left: 40px;\">3.4 FORBRUGEREN er ansvarlig for, at ejendommens varmeinstallation holdes i forsvarlig stand med hensyn til sikkerhed, drift og regulering. S\u00e5fremt FORBRUGEREN udviser uagtsomhed ved vedligeholdelse\u00a0 eller pasning af anl\u00e6gget, s\u00e5ledes at der derved p\u00e5f\u00f8res V\u00c6RKET tab eller ulemper, og FORBRUGEREN ikke efter henstilling retter de p\u00e5talte forhold, er V\u00c6RKET berettiget til at bringe forholdene i orden for\u00a0 FORBRUGERENS regning, og tillige, hvis sikkerhedsm\u00e6ssige grunde taler herfor, at afbryde fjernvarmeforsyningen, indtil forholdene er bragt i orden.<\/p>\n<p style=\"padding-left: 40px;\">3.5 Til enhver udf\u00f8relse af arbejder p\u00e5 ejendommens varmeinstallation skal anvendes firmaer med autorisation som VVS-installat\u00f8r eller fjernvarmeinstallat\u00f8r, autoriseret af V\u00c6RKET.<\/p>\n<p style=\"padding-left: 40px;\">3.6 V\u00c6RKET &#8216;har pligt til at s\u00f8ge opretholdt en regelm\u00e6ssig forsyning med fjernvarme til rumopvarmning og fremstilling af varmt brugsvand V\u00c6RKET forbeholder sig ret til, s\u00e5 vidt muligt med forudg\u00e5ende varsel, at standse forsyningen for udf\u00f8relse af nytils lutninger, lednings\u00e6ndringer og reparationer. St\u00f8rre ledningsarbejder vil s\u00e5 vidt muligt blive udf\u00f8rt udenfor den egentlige fyringss\u00e6son. Kortvarige, n\u00f8dvendige\u00a0 afbrydelser i forbindelse med havari kan foretages uden varsel. I tilf\u00e6lde af varmeafbrydelse og andre tilf\u00e6lde af ikke kontraktm\u00e6ssig levering i forbrugerk\u00f8b g\u00e6lder k\u00f8belovens regler. Over for erhvervsdrivende er\u00a0 V\u00c6RKET ikke ansvarlig for driftstab, ej heller for avancetab eller andet direkte tab, med mindre der foreligger fors\u00e6t eller grov uagtsomhed fra V\u00c6RKETS side. Erhvervsdrivende opfordres derfor til at tegne\u00a0 driftstabsforsikring.<\/p>\n<p style=\"padding-left: 40px;\">3.7 V\u00c6RKET p\u00e5tager sig intet ansvar for f\u00f8lgevirkninger af svigtende levering, opst\u00e5et ved naturkatastrofer, krig, opr\u00f8r, h\u00e6rv\u00e6rk, brand, eksplosioner, arbejdskonflikter, eller andre forhold, som er uden for\u00a0 V\u00c6RKETs kontrol. V\u00c6RKET fritages i disse situationer for leveringsforpligtelsen.<\/p>\n<p style=\"padding-left: 40px;\">3.8 V\u00e6rkets personale er i rimeligt omfang til r\u00e5dighed for FORBRUGEREN med information om fjernvarmeanl\u00e6ggets drift og betjening samt p\u00e5visning af eventuelle fejl.<\/p>\n<p style=\"padding-left: 40px;\">3.9 V\u00e6rkets personale skal, s\u00e5 l\u00e6nge ejendommen er tilsluttet fjernvarmeforsyningen, mod beh\u00f8rig legitimation, til enhver tid have adgang til alle dele af ejendommens varmeanl\u00e6g for eftersyn, trykpr\u00f8vning,\u00a0 afl\u00e6sning samt afbrydelse.<\/p>\n<p style=\"padding-left: 40px;\">3.10 FORBRUGEREN er ansvarlig for beskadigelse af V\u00c6RKETs ejendom.<\/p>\n<p style=\"padding-left: 40px;\">3.11 V\u00c6RKET er til enhver tid berettiget til at \u00e6ndre leveringskonditioner, f.eks. \u00e6ndring af tryk og temperatur. som myndighederne foreskriver eller anbefaler. Leverings\u00e6ndringer skal ske med et for\u00a0 RBRUGEREN\u00a0 passende varsel. S\u00e5fremt de ovenfor n\u00e6vnte \u00e6ndringer vil kr\u00e6ve forandring af installationer tilh\u00f8rende FORBRUGEREN, p\u00e5hviler udgifterne hertil denne. P\u00e5f\u00f8res FORBRUGEREN herved urimelige orsyningsforhold eller udgifter, skal denne v\u00e6re berettiget til at udtr\u00e6de af V\u00c6RKET, uden at der derved skal betales udtr\u00e6delsesgodtg\u00f8relse eller afbrydelsesomkostninger.<\/p>\n<p><strong>4. TARIFFER<\/strong><\/p>\n<p style=\"padding-left: 40px;\">4.1 Afregning af afgifter af enhver art, der indg\u00e5r som led i fjernvarmeforsyningen, finder sted efter de til enhver tid g\u00e6ldende og til Gas-og Varmeprisudvalget anmeldte tariffer. V\u00c6RKET udarbejder tarifferne\u00a0 under hensyntagen til Gas-og Varmeprisudvalgets retningslinier om kost\u00e6gte tariffasts\u00e6ttelse.<\/p>\n<p style=\"padding-left: 40px;\">4.2 FORBRUGEREN er forpligtet at meddele V\u00c6RKET enhver \u00e6ndring, der har indflydelse p\u00e5 afregningen.<\/p>\n<p style=\"padding-left: 40px;\">4.3 V\u00c6RKET er forpligtet til at oplyse FORBRUGEREN om tariffer og om \u00e6ndringer af disse.<\/p>\n<p><strong>5. M\u00c5LING AF FJERNVARMEFORBRUG<\/strong><\/p>\n<p style=\"padding-left: 40px;\">5.1 V\u00c6RKET leverer det for afregning mellem FORBRUGER og v\u00e6rk n\u00f8dvendige m\u00e5leudstyr og bestemmer m\u00e5lernes antal, st\u00f8rrelse, type og placering.<\/p>\n<p style=\"padding-left: 40px;\">5.2 Hovedm\u00e5lere ejes og vedligeholdes af V\u00c6RKET. Hovedm\u00e5lere udskiftes efter n\u00e6rmere &#8211; af V\u00c6RKET &#8211; fastsatte regler. V\u00c6RKET er i\u00f8vrigt berettiget til at udskifte hovedm\u00e5lere, n\u00e5r det findes p\u00e5kr\u00e6vet.<\/p>\n<p style=\"padding-left: 40px;\">5.3 Uden V\u00c6RKETs godkendelse m\u00e5 hovedm\u00e5lere ikke flyttes. De ved hovedm\u00e5lere og ventiler anbragte plomber m\u00e5 kun brydes af V\u00c6RKETs personale eller af V\u00c6RKET dertil bemyndigede personer.<\/p>\n<p style=\"padding-left: 40px;\">5.4 S\u00e5fremt en FORBRUGER ops\u00e6tter bim\u00e5lere for intern fordeling af varmeforbruget, er dette V\u00c6RKET uvedkommende.<\/p>\n<p style=\"padding-left: 40px;\">5.5 Med henblik p\u00e5 afregningen af fjernvarmeforbruget foretages periodiske afl\u00e6sninger af hovedm\u00e5lere. V\u00e6rkets personale skal have uhindret adgang til hovedm\u00e5lere (jf.3.9).<\/p>\n<p style=\"padding-left: 40px;\">5 .6 P\u00e5 V\u00c6RKETs anmodning skal FORBRUGEREN foretage afl\u00e6sning af hovedm\u00e5lere og indsende afl\u00e6sningskort inden for et af V\u00c6RKET fastsat tidsrum.<\/p>\n<p style=\"padding-left: 40px;\">5.7 Modtager V\u00c6RKET ikke en forbrugers afl\u00e6sningskort eller kan afl\u00e6sning ikke opn\u00e5s ved V\u00c6RKETs henvendelse, kan der udstedes regning baseret p\u00e5 et af V\u00c6RKET beregnet forbrug i overensstemmelse med g\u00e6ldende regler herom.<\/p>\n<p style=\"padding-left: 40px;\">5.8 V\u00c6RKET er berettiget til at opkr\u00e6ve betaling for m\u00e5lerafl\u00e6sninger, som rekvireres af FORBRUGEREN, med mindre disse udgifter i henhold til 5.11 skal afholdes af V\u00c6RKET.<\/p>\n<p style=\"padding-left: 40px;\">5.9 S\u00e5fremt der konstateres fejl ved m\u00e5lingen eller klar uoverensstemmelse mellem det af hovedm\u00e5leren registrerede og det sandsynlige forbrug, fasts\u00e6ttes forbruget efter de til enhver tid g\u00e6ldende regler for beregnet forbrug og betalingen reguleres i overensstemmelse hermed. S\u00e5fremt FORBRUGEREN kan dokumentere, at forbruget har v\u00e6ret atypisk i afregningsperioden, tages der hensyn til dette i fasts\u00e6ttelsen af forbruget.<\/p>\n<p style=\"padding-left: 40px;\">5.10 V\u00c6RKET er til enhver tid berettiget til for egen regning at udf\u00f8re m\u00e5lerafpr\u00f8vning, ligesom FORBRUGEREN ved skriftlig henvendelse og mod betaling til V\u00c6RKET kan forlange at f\u00e5 hovedm\u00e5leren afpr\u00f8vet\u00a0 (jf.5.11).<\/p>\n<p style=\"padding-left: 40px;\">5.11 Hovedm\u00e5lere anses at vise rigtigt, n\u00e5r disse ved afpr\u00f8vning inden for deres m\u00e5leomr\u00e5de har en maksimal afvigelse, som ikke overskrider de i &#8220;Tekniske bestemmelser for fjernvarmelevering&#8221; fastsatte maksimalt tilladelige afvigelser for m\u00e5lere og\/eller i henhold til de af V\u00c6RKET fastsatte afvigelser. Hvis afvigelsen overskrider disse gr\u00e6nser, afholdes udgiften til s\u00e5vel m\u00e5lerafl\u00e6sning som m\u00e5lerafpr\u00f8vning af V\u00c6RKET.<\/p>\n<p style=\"padding-left: 40px;\">5.12 S\u00e5fremt FORBRUGEREN har eller burde have formodning om, at m\u00e5leren er beskadiget, registrerer forkert eller st\u00e5r stille, er FORBRUGEREN forpligtet til omg\u00e5ende at underrette V\u00c6RKET herom.<\/p>\n<p><strong>6.\u00a0 BETALING M.V.<\/strong><\/p>\n<p style=\"padding-left: 40px;\">6.1 Der er betalingspligt for enhver form for fjernvarmelevering. V\u00c6RKET kan udskrive et antal acontoregninger. Antallet af acontoregninger fasts\u00e6ttes af V\u00c6RKET. Hvis forbruget \u00e6ndrer sig i forhold til\u00a0 acontofasts\u00e6ttelsen, kan V\u00c6RKET vedtage at \u00e6ndre de efterf\u00f8lgende acontoregninger. V\u00c6RKET kan endvidere regulere acontoregninger i takt med omkostnings\u00e6ndringer.<\/p>\n<p style=\"padding-left: 40px;\">6.2 Endelig afregning af forbruget finder sted senest 6 m\u00e5neder efter \u00e5rsafl\u00e6sningen.<\/p>\n<p style=\"padding-left: 40px;\">6.3 Der er betalingspligt for al fjernvarmelevering. Hvis der konstateres et unormalt forbrug for\u00e5rsaget af en defekt m\u00e5ler, m\u00e5lerstop etc. og dette ikke kan henf\u00f8res til misbrug eller manglende vedligeholdelse, foretages beregning af forbruget jf. den til enhver tid g\u00e6ldende DFF-vejIedning: Beregning af fjernvarmeforbrug. V\u00c6RKET er berettiget til at kr\u00e6ve betaling for sine meromkostninger til drift og administration som f\u00f8lge af et eventuelt merforbrug.<\/p>\n<p style=\"padding-left: 40px;\">6.4 Regninger vedr\u00f8rende varmeforsyning skal betales til den p\u00e5 regningerne anf\u00f8rt betalingsdato, men regningerne b\u00f8r fremsendes s\u00e5 betids, at betalingsfristen overskrider et m\u00e5nedsskifte. Sker betaling senere, er FORBRUGEREN forpligtet at betale restancegebyr og renter, jf den til enhver tid g\u00e6ldende rentelov. Gebyret, der d\u00e6kker V\u00c6RKETs omkostninger som f\u00f8lge af restancen, skal sammen med eventuelle renter fremg\u00e5 af regningen.<\/p>\n<p style=\"padding-left: 40px;\">6.5 Er betaling af det skyldige bel\u00f8b ikke sket inden for den anf\u00f8rte betalingsfrist, fremsender V\u00c6RKET en erindringsskrivelse, hvoraf det fremg\u00e5r:<br \/>\n&#8211; at betalingsfristen er overskredet, og at der derfor over n\u00e6ste regning vil blive opkr\u00e6vet det forann\u00e6vnte restancegebyr og renter,<br \/>\n&#8211; at s\u00e5fremt regningsbel\u00f8bet ikke er indbetalt senest 8 dage efter erindringsskrivelsens dato, vil sagen overg\u00e5 til inkasso, og FORBRUGEREN vil v\u00e6re forpligtet til at betale et inkassogebyr, hvis st\u00f8rrelse fasts\u00e6ttes af V\u00c6RKET,<br \/>\n&#8211; at FORBRUGEREN ved skriftlig eller personlig henvendelse til V\u00c6RKET i almindelighed vil kunne tr\u00e6ffe aftale om en betalingsordning, der normalt vil foruds\u00e6tte, at restancen afvikles over h\u00f8jst 3 m\u00e5neder, og at FORBRUGEREN sidel\u00f8bende med afdragene betaler eventuelle nye forfaldne regninger rettidigt.<\/p>\n<p style=\"padding-left: 40px;\">6.6 Hvis FORBRUGEREN ikke inden for den i erindringsskrivelsen anf\u00f8rte frist, har betalt det skyldige bel\u00f8b eller truffet aftale med V\u00c6RKET om en betalingsordning, eller hvis en s\u00e5ledes truffet aftale er misligholdt, fremsender V\u00c6RKET en inkassomeddelelse, hvoraf det fremg\u00e5r, &#8211; at den forl\u00e6ngede betalingsfrist er overskredet, og at der derfor vil blive opkr\u00e6vet det varslede inkassogebyr, samt &#8211; at restancen herefter overg\u00e5r til inkasso, hvilket indeb\u00e6rer, at forsyningen vil blive afbrudt, medmindre restancen betales forinden, eller der stilles sikkerhed for betaling af fremtidigt forbrug, ved bankgaranti,\u00a0 kautionsforsikring, depositum eller anden tilfredsstillende garanti, f.eks. garanti fra den sociale forvaltning, eller<br \/>\n&#8211; at der tr\u00e6ffes aftale om en betalingsordning, hvilket dog ikke kan indr\u00f8mmes, hvis inkassomeddele lsen er foranlediget af misligholdelse af en tidligere aftalt betalingsordning.<br \/>\n&#8211; omkostningerne i forbindelse med betalingsordning, inkassobes\u00f8g, afbrydelse og retablering af forsyning vil blive p\u00e5lignet FORBRUGEREN.<\/p>\n<p style=\"padding-left: 40px;\">6.7 Opfylder FORBRUGEREN ikke de i 6.6 anf\u00f8rte betingelser, er V\u00c6RKET berettiget til ved inkassobes\u00f8g hos FORBRUGEREN at afbryde forsyningen, s\u00e5fremt der ved inkassobes\u00f8get ikke opn\u00e5s betaling af restancen eller stilles sikkerhed for fremtidige leverancer.<\/p>\n<p style=\"padding-left: 40px;\">6.8 Forsyningen kan genoptages, n\u00e5r<br \/>\n&#8211; restancen med p\u00e5l\u00f8bne gebyrer, omkostninger vedr\u00f8rende afbrydelsen og genoplukningen, samt eventuelle renter og omkostninger ved restancens inddrivelse er betalt, eller<br \/>\n&#8211; der er stillet sikkerhed for betaling af fremtidigt forbrug (jf.6.6), eller<br \/>\n&#8211; der indg\u00e5s en betalingsordning, hvilket dog kun kan indr\u00f8mmes, hvis afbrydelsen ikke er sket som f\u00f8lge af misligholdelse af en tidligere indg\u00e5et betalingsordning.<\/p>\n<p style=\"padding-left: 40px;\">6.9 Ved ejerskifte h\u00e6fter den hidtidige ejer, respektive dennes bo, for alle krav i forbindelse med varmeleveringen, indtil ejerforholdet oph\u00f8rer, jf.2.15.<\/p>\n<p><strong>7 IKRAFTTR\u00c6DEN OG \u00c6NDRING AF BESTEMMELSERNE<\/strong><\/p>\n<p style=\"padding-left: 40px;\">N\u00e6rv\u00e6rende &#8220;Almindelige bestemmelser for fjernvarmelevering&#8221; er vedtaget af:<br \/>\n<strong>V\u00c6RUM-\u00d8RUM KRAFTVARMEV\u00c6RK a.m.b.a<\/strong><br \/>\nden&#8230;&#8230;&#8230;&#8230;&#8230;&#8230;&#8230;&#8230;&#8230;.1996<br \/>\nog anmeldt til Gas- og Varmeprisudvalget.<br \/>\n7.2 V\u00c6RKET er til enhver tid berettiget til at foretage \u00e6ndringer i bestemmelserne.<\/p>\n<p>&nbsp;<\/p>\n","protected":false},"excerpt":{"rendered":"<p>ALMINDELIGE BESTEMMELSER FOR\u00a0 FJERNVARMELEVERING Hent dem som PDF\u00a0her. 1. Gyldighedsomr\u00e5de og definitioner m.v. 1.1 Almindelige bestemmelser for fjernvarmelevering er g\u00e6ldende for forholdet mellem V\u00e6rum-\u00d8rum kraftvarmev\u00e6rk a.m.b.a., i det f\u00f8lgende kaldet V\u00c6RKET, og ejeren\/ejerne af ejendomme der efter eget \u00f8nske eller <span class=\"excerpt-dots\">&hellip;<\/span> <a class=\"more-link\" href=\"https:\/\/www.vokv.dk\/?page_id=3920\"><span class=\"more-msg\">L\u00e6s mere her:<\/span><\/a><\/p>\n","protected":false},"author":2,"featured_media":0,"parent":57,"menu_order":0,"comment_status":"closed","ping_status":"closed","template":"","meta":{"footnotes":""},"folder":[24],"class_list":["post-3920","page","type-page","status-publish","hentry"],"_links":{"self":[{"href":"https:\/\/www.vokv.dk\/index.php?rest_route=\/wp\/v2\/pages\/3920","targetHints":{"allow":["GET"]}}],"collection":[{"href":"https:\/\/www.vokv.dk\/index.php?rest_route=\/wp\/v2\/pages"}],"about":[{"href":"https:\/\/www.vokv.dk\/index.php?rest_route=\/wp\/v2\/types\/page"}],"author":[{"embeddable":true,"href":"https:\/\/www.vokv.dk\/index.php?rest_route=\/wp\/v2\/users\/2"}],"replies":[{"embeddable":true,"href":"https:\/\/www.vokv.dk\/index.php?rest_route=%2Fwp%2Fv2%2Fcomments&post=3920"}],"version-history":[{"count":7,"href":"https:\/\/www.vokv.dk\/index.php?rest_route=\/wp\/v2\/pages\/3920\/revisions"}],"predecessor-version":[{"id":5594,"href":"https:\/\/www.vokv.dk\/index.php?rest_route=\/wp\/v2\/pages\/3920\/revisions\/5594"}],"up":[{"embeddable":true,"href":"https:\/\/www.vokv.dk\/index.php?rest_route=\/wp\/v2\/pages\/57"}],"wp:attachment":[{"href":"https:\/\/www.vokv.dk\/index.php?rest_route=%2Fwp%2Fv2%2Fmedia&parent=3920"}],"wp:term":[{"taxonomy":"folder","embeddable":true,"href":"https:\/\/www.vokv.dk\/index.php?rest_route=%2Fwp%2Fv2%2Ffolder&post=3920"}],"curies":[{"name":"wp","href":"https:\/\/api.w.org\/{rel}","templated":true}]}}