{"id":3896,"date":"2021-11-12T11:06:05","date_gmt":"2021-11-12T10:06:05","guid":{"rendered":"https:\/\/www.vokv.dk\/?page_id=3896"},"modified":"2023-07-03T23:17:34","modified_gmt":"2023-07-03T21:17:34","slug":"generalforsamling-2021-formandens-beretning","status":"publish","type":"page","link":"https:\/\/www.vokv.dk\/?page_id=3896","title":{"rendered":"Generalforsamling 2021 Formandens beretning"},"content":{"rendered":"<h2>Formandens beretning for 2021 den 26.10.2021<\/h2>\n<p><a href=\"https:\/\/www.vokv.dk\/wp-content\/uploads\/2021\/11\/VOKV-Generalforsamling-26_10_2021.pdf\" target=\"_blank\" rel=\"noopener\"><span style=\"text-decoration: underline;\">Referat og beretning fra generalforsamlingen.<\/span><\/a><\/p>\n<p>Det er nu min 13. beretning som formand, og det er m\u00e5ske s\u00e5ledes, at 13 ikke ligefrem er et magisk tal. Jeg er faktisk meget glad for, at det er f\u00f8rste gang i mine mange \u00e5r, jeg skal holde en s\u00e5dan beretning, som jeg skal g\u00f8re i \u00e5r.<\/p>\n<p>&nbsp;<\/p>\n<p>Det vi troede ikke kunne lade sig g\u00f8re, er i et vist omfang sket i det regnskabs\u00e5r vi nu afslutter. Som vi allerede har beskrevet i vores nyhedsbreve og de l\u00f8bende kommentarer p\u00e5 kundehenvendelser \u2013 s\u00e5 betyder det forgangne \u00e5r, at vi kommer til at s\u00e6tte prisen op med ca. 6.000 kr. pr husstand. Derfor vil min beretning for st\u00f8rstepartens vedkommende omhandle prisstigningen. Hvorfor den er kommet og hvilke beslutninger, som bestyrelsen har besluttet i forl\u00e6ngelse af dette.<\/p>\n<p>&nbsp;<\/p>\n<p>Vi havde set frem til, at vores nye solvarmeanl\u00e6g ville buldre derudaf og give en masse billig varme. At vores forbrugere vil bruges l\u00f8s af den billige varme, s\u00e5 varmev\u00e6rkets \u00f8konomi ville trives mest mulig.<\/p>\n<p>&nbsp;<\/p>\n<p>Virkeligheden blev en ganske anden. Vi har l\u00f8bende budgetopf\u00f8lgning hver m\u00e5ned og vi har kunne se en svagt stigende tendens i gasforbrug og gaspris over tid. Denne udvikling var dog ikke st\u00f8rre end, at det kunne h\u00e5ndteres indenfor den ramme, som vores budget gav os. Men efter jul\/nyt\u00e5r blev virkeligheden end ganske anden. Gassen steg voldsomt, og efter automatiske afl\u00e6sninger kunne vi konstatere, at vi over vinterm\u00e5nederne, dvs. tildeles december, januar men is\u00e6r februar og marts som varmem\u00e6ssigt er de m\u00e5neder vi bruger mest varme, ikke solgte det varme, som vi havde forventet ift. produktionen.<\/p>\n<p><strong>\u00a0<\/strong><\/p>\n<p>I dag kan vi konstatere, at der er flere \u00e5rsag til stigningen. Den st\u00f8rste synder er prisen p\u00e5 naturgas, der i indev\u00e6rende regnskabs\u00e5r gik fra 0,6 kr. pr. kubikmeter, til omkring 3 kroner pr. kubikmeter. I skrivende stund er gasprisen oppe p\u00e5 6 kr. og det forventes priser helt op til 7 kroner. Men da vi sad midt i det hele, havde ingen forudset disse prisstigninger, heller ikke de markedskommentarer som vi l\u00f8bende f\u00e5r fra vores b\u00f8rshandlere. Selv om vi har et godt k\u00f8rende solanl\u00e6g og tr\u00e6pillefyr, s\u00e5 er er vi n\u00f8dt til at supplere med gas om vinteren, og med en stigning p\u00e5 over 350 procent pr. kbm. gas er det m\u00e6rkbart, og det kommer p\u00e5 et tidspunkt, hvor vi ikke kan supplere med andet da alle billigere kedler allerede er i fuld drift.<\/p>\n<p>Dertil kommer, at mere end et \u00e5rs Corona-lukning af sportsaktiviteterne i Haslund har kostet dyrt, b\u00e5de i manglende salg af MWh og st\u00f8rre varmetab i ledningsnettet. Der skal stadig sendes 60 grader varmt vand til de \u00f8vrige forbrugere, og det vand, hallen og omkl\u00e6dningsrummene ikke bruger, kommer popul\u00e6rt sagt til at st\u00e5 og \u201ddampe af\u201d i r\u00f8rene.<\/p>\n<p>Endelig tr\u00e6kkes vi stadig med den efterregning, vi fik sidste \u00e5r, da vores eksterne r\u00e5dgivere missede de CO2-besparelser, som solfangeranl\u00e6gget burde udl\u00f8se.<\/p>\n<p>&nbsp;<\/p>\n<p>Popul\u00e6rt sagt kan man sige, at prisstigningen p\u00e5 6.000 kr. for varme\u00e5ret 2021\/22 kan opdeles i 3 punkter.<\/p>\n<ul>\n<li>Den efterregning der kom fra det manglende tilskud i 2020. i alt ca. 2000 kr. pr. forbruger<\/li>\n<li>Underskud i det \u00e5r vi g\u00e5r ud af, pga. stigende priser i alt c a 1.000 kr.<\/li>\n<li>Dyrere naturgas og mere produceret varme uden aftag ca. 3.000 kr.<\/li>\n<\/ul>\n<p>Bestyrelsen har brugt meget tid p\u00e5 at dr\u00f8fte, hvordan denne prisstigning skulle udm\u00f8ntes overfor forbrugerne.<\/p>\n<p>&nbsp;<\/p>\n<p>Omkring fordelingen af prisstigningen, s\u00e5 findes der ikke en fordelingsn\u00f8gle, som g\u00f8r en prisstigning i denne kategori fair. Bestyrelsen er selv alle forbrugere, og bliver ogs\u00e5 ramt af disse prisstigninger, og derfor er det altid en afvejning af, hvordan kan vi sikre en prisstigning, sker p\u00e5 s\u00e5 ordentlige vilk\u00e5r som muligt. Netop for ikke efterf\u00f8lgende, at dr\u00f8fte om det mon er gjort korrekt.<\/p>\n<p>I det konkrete tilf\u00e6lde har vi bedt vores revisor om en vurdering af hvordan prisstigningen g\u00f8res og vores revisor har anbefalet os, at 1) f\u00f8lge varmeforsyningslovens regler, og de retningslinjer der er defineret af Dansk Fjernvarme. Dansk Fjernvarme har lavet et kontoplan, der betyder, at alle poster i regnskabet kan henf\u00f8res til posterne i takstbladet, dvs. abonnementsafgift (m\u00e5lerleje), fast bidrag (kvadratmeter) eller forbrugsbidrag (MWh). Den f\u00f8lger vi. Der er dog muligheder for, at flytte lidt rundt p\u00e5 posterne, men vi har besluttet os for ikke at g\u00f8re. Af flere \u00e5rsager.<\/p>\n<p>&nbsp;<\/p>\n<p>For det f\u00f8rste, er det ikke s\u00e5dan vi plejer at g\u00f8re, n\u00e5r vi fordeler udgiften. Skal vi g\u00f8re noget andet end vi plejer, s\u00e5 kr\u00e6ver det ekstraordin\u00e6re grunde, og det synes vi ikke der har v\u00e6ret.<\/p>\n<p>&nbsp;<\/p>\n<p>For det andet, er der et driftshensyn at tage. Hvis man lagde hele prisstigningen p\u00e5 MWh forbruget, s\u00e5 kunne man komme i den situation, at forbrugerne vil s\u00e6tte br\u00e6ndeovne op, eller varmepumper, som s\u00e5 betyder, at varmetabet bliver endnu st\u00f8rre, og dermed vil koste os alle sammen endnu mere, end den oprindelige stigning. Det har v\u00e6ret l\u00e6ren for andre v\u00e6rker, og vi vil ikke komme i en situation, hvor driften ville komme til at lide under prisstigningerne.<\/p>\n<p>&nbsp;<\/p>\n<p>S\u00e5 en samlet vurdering har betydet, at vi fastholder vores s\u00e6dvanlige metode til prisfasts\u00e6ttelse \u2013 da den for gennemsnitsforbrugeren er mest fair.<\/p>\n<p>&nbsp;<\/p>\n<p>Ved vores nyhedsbreve hen over sommeren har vi inviteret til, at man kunne stille sp\u00f8rgsm\u00e5l til mig omkring prisfasts\u00e6ttelsen. Jeg har f\u00e5et flere henvendelser fra beboere i Bj\u00f8rnsager, der mener vi skulle have prisfastsat anderledes. Bj\u00f8rnsager er kendetegnet ved lavenergihuse, som i snit betaler 6.000 kr. om \u00e5ret i varme, hvor resten af husene i vores omr\u00e5de betaler ca. 12.500 i snit. F\u00f8r prisstigningen. Efter den varslede prisstigning, s\u00e5 vil husene i Bj\u00f8rnsager i snit skulle betale 12.000 om \u00e5ret, og resten af forbrugerne ca. 18.500<\/p>\n<p>&nbsp;<\/p>\n<p>Det har dog ikke givet anledning til at \u00e6ndre bestyrelsens opfattelse af, hvordan udgiften skal fordeles.\u00a0 Vi f\u00f8lger regler, og vi g\u00f8r det, som er bedst for vores drift.<\/p>\n<p>&nbsp;<\/p>\n<p>Samtidig s\u00e5, gives der ikke rabatter til varmev\u00e6rket for omkostninger, fordi der er tale om lavenergihuse. N\u00e5r vi skal have gravet huller til stik, malet akutank eller have indstillet vores IT-systemer, s\u00e5 giver der ikke rabat fordi der er lavenergihuse i vores bygningssammens\u00e6tning.<\/p>\n<p>Endelig er det ogs\u00e5 s\u00e5dan, at hvis vi ikke fordelte omkostningen ligeligt, at s\u00e5 ville nogle skulle betale forholdsm\u00e6ssigt mere. Det vil sige at hvis hus 1 alene skal betale halvdelen af udgiften, s\u00e5 ville hus2 skulle betale det mere. Det ville formentlig ikke opfattes, som mere fair af resten af forbrugerne.<\/p>\n<p>&nbsp;<\/p>\n<p>Der dog ikke udelukkende d\u00e5rlige ting at berette om. Vores konkurrerende varmeprodukter bliver ogs\u00e5 dyrere. B\u00e5de el og gas er rigtig dyrt, og nu kommer de forbrugere ogs\u00e5 til at m\u00e6rke det prisstigningerne. Nogle steder vil et hus opvarmet med gas, stige med mere end 12.000 p\u00e5 \u00e5rsbasis. S\u00e5 selvom vi s\u00e6tter prisen markant op, s\u00e5 er vi stadig et billigt alternativtog, vi er stadig konkurrencedygtige. Det afl\u00e6ses ogs\u00e5 i, at vi stadig f\u00e5r nye forbrugere tilkoblet l\u00f8bende, og at vi ogs\u00e5 er interessante varmeleverand\u00f8rer til nybyggerier, og det er rigtig vigtigt, for p\u00e5 sigt, at komme derned hvor vi gerne vil v\u00e6re med priserne.<\/p>\n<p>&nbsp;<\/p>\n<p>Vi kan se ind i, at vores tidligere underskud betales ud over tid, vores l\u00f8bende indsats p\u00e5 at blive fri fra gas, vil betyde billigere varme p\u00e5 sigt. Samtidig, s\u00e5 arbejder bestyrelsen benh\u00e5rdt p\u00e5, at vi f\u00e5r igangsat initiativer, der vil im\u00f8dekomme noget af prisstigningen.<\/p>\n<p>&nbsp;<\/p>\n<p>Vi har blandt s\u00f8gt om en pulje til at opstille varmepumper. Varmepumperne vil i sig selv g\u00f8re os uafh\u00e6ngige af gassen, og selvom vi har stigende elpriserne i \u00f8jeblikket, s\u00e5 er de forventede prisstigninger p\u00e5 gassen meget st\u00f8rre. Men det kunne v\u00e6re meget interessant om vi fik de 15% tilskud, vi kan f\u00e5. Det vil nemlig betyde, en engangsbetaling p\u00e5 mere end 2 mil. Kr. det vil v\u00e6re en rigtig dejlig tilskud til at kunne annullere nogle af de planlagte prisstigninger. Vi ved dog ikke mere f\u00f8r tidligt i det nye \u00e5r.<\/p>\n<p>&nbsp;<\/p>\n<p>Vi vil gerne levere varme til nye udstykninger og vi er i dialog med andre varmev\u00e6rker, om at aftage den overskudsvarme vi har.<\/p>\n<p>&nbsp;<\/p>\n<p>S\u00e5 hvis vi kunne v\u00e6re lidt heldige at f\u00e5 de rigtige tilskud, f\u00e5 flere kunder p\u00e5 og s\u00e5 er vi faktisk p\u00e5 rette vej, ogs\u00e5 selvom vi har f\u00e5et et hak p\u00e5 prisen nu og her.<\/p>\n<p>&nbsp;<\/p>\n<p>Morten B\u00f8hm, Formand<\/p>\n","protected":false},"excerpt":{"rendered":"<p>Formandens beretning for 2021 den 26.10.2021 Referat og beretning fra generalforsamlingen. Det er nu min 13. beretning som formand, og det er m\u00e5ske s\u00e5ledes, at 13 ikke ligefrem er et magisk tal. Jeg er faktisk meget glad for, at det <span class=\"excerpt-dots\">&hellip;<\/span> <a class=\"more-link\" href=\"https:\/\/www.vokv.dk\/?page_id=3896\"><span class=\"more-msg\">L\u00e6s mere her:<\/span><\/a><\/p>\n","protected":false},"author":2,"featured_media":0,"parent":8,"menu_order":0,"comment_status":"closed","ping_status":"closed","template":"","meta":{"footnotes":""},"folder":[8],"class_list":["post-3896","page","type-page","status-publish","hentry"],"_links":{"self":[{"href":"https:\/\/www.vokv.dk\/index.php?rest_route=\/wp\/v2\/pages\/3896","targetHints":{"allow":["GET"]}}],"collection":[{"href":"https:\/\/www.vokv.dk\/index.php?rest_route=\/wp\/v2\/pages"}],"about":[{"href":"https:\/\/www.vokv.dk\/index.php?rest_route=\/wp\/v2\/types\/page"}],"author":[{"embeddable":true,"href":"https:\/\/www.vokv.dk\/index.php?rest_route=\/wp\/v2\/users\/2"}],"replies":[{"embeddable":true,"href":"https:\/\/www.vokv.dk\/index.php?rest_route=%2Fwp%2Fv2%2Fcomments&post=3896"}],"version-history":[{"count":0,"href":"https:\/\/www.vokv.dk\/index.php?rest_route=\/wp\/v2\/pages\/3896\/revisions"}],"up":[{"embeddable":true,"href":"https:\/\/www.vokv.dk\/index.php?rest_route=\/wp\/v2\/pages\/8"}],"wp:attachment":[{"href":"https:\/\/www.vokv.dk\/index.php?rest_route=%2Fwp%2Fv2%2Fmedia&parent=3896"}],"wp:term":[{"taxonomy":"folder","embeddable":true,"href":"https:\/\/www.vokv.dk\/index.php?rest_route=%2Fwp%2Fv2%2Ffolder&post=3896"}],"curies":[{"name":"wp","href":"https:\/\/api.w.org\/{rel}","templated":true}]}}