{"id":3892,"date":"2021-11-12T10:58:46","date_gmt":"2021-11-12T09:58:46","guid":{"rendered":"https:\/\/www.vokv.dk\/?page_id=3892"},"modified":"2023-07-03T23:15:33","modified_gmt":"2023-07-03T21:15:33","slug":"generalforsamling-2020-formandens-beretning","status":"publish","type":"page","link":"https:\/\/www.vokv.dk\/?page_id=3892","title":{"rendered":"Generalforsamling 2020 Formandens beretning"},"content":{"rendered":"<h2>Formandens beretning for 2020 den 26.10 2021<\/h2>\n<p><a href=\"https:\/\/www.vokv.dk\/wp-content\/uploads\/2021\/11\/VOKV-Generalforsamling-26_10_-2020.pdf\" target=\"_blank\" rel=\"noopener\"><span style=\"text-decoration: underline;\">Referat og beretning fra generalforsamlingen.<\/span><\/a><\/p>\n<p>K\u00e6re alle sammen, Det er i dag min 12. Beretning som formand for vores varmev\u00e6rk. Og det er en lidt m\u00e6rkelig st\u00f8rrelse. For det f\u00f8rste er beretningen jo mere end et \u00e5r forsinket, da Corona har gjort, at vi har udsat generalforsamlingen indtil i dag, og det er lidt m\u00e6rkeligt, at holde en beretning, om noget der vedr\u00f8rer et regnskab, der er et \u00e5r gammelt og nogle begivenheder, som dermed er op til 2 \u00e5r gamle. Is\u00e6r fordi, der jo er sket betydelige forandringer i det efterf\u00f8lgende regnskabs\u00e5r, som vi skal snakke om til n\u00e6ste generalforsamling om en lille times tid eller s\u00e5.<\/p>\n<p>&nbsp;<\/p>\n<p>Samtidig kunne jeg konstatere, at jeg faktisk havde lavet en beretning for 2020, og det er ret tydeligt, at jeg p\u00e5 det tidspunkt overhovedet ikke anede hvad der ville ske \u00e5ret efter. Jeg har derfor overvejet n\u00f8je hvordan denne beretning endelig skal se ud. Skal jeg tale ud fra den beretning, som er skrevet dengang og som i dag nok vil blive anset for at v\u00e6re lige vel optimistisk eller skal jeg tale ud fra den viden, som vi har nu, baseret p\u00e5 alle de efterrationaliseringer, som tiden har vist os. Jeg har valgt lidt af hvert. Jeg har taget beretningen som den var, og har valgt enkelte steder, at kommentere den med den viden vi har i dag.<\/p>\n<p>&nbsp;<\/p>\n<p>Skrevet i oktober 2020.<\/p>\n<p>Vi kan se tilbage p\u00e5 et \u00e5r med en vis turbulens og rigtig meget arbejde for bestyrelsen, men samlet set et \u00e5r, med rigtige mange gode nyheder, og en enkelt lidt d\u00e5rlig nyhed.<\/p>\n<p>Den f\u00f8rste gl\u00e6delige nyhed er, at efter 3 \u00e5rs klagesagsbehandling, er det nu sl\u00e5et fast i anken\u00e6vnet, at VOKV gerne m\u00e5 levere varme til Haslund. Det er superdejligt at f\u00e5 sl\u00e5et fast, at den tilladelse vi har f\u00e5et fra Randers kommune, nu 2,5 \u00e5r efter, ogs\u00e5 er sl\u00e5et fast med syvtommer s\u00f8m. Jeg t\u00e6nker stadig p\u00e5, det brev, gasselskabet sendte til alle vores potentielle kunder, at vi ville tabe sagen og at det ville medf\u00f8re en betydelig udgift, at skifte til fjernvarme, n\u00e5r nu afg\u00f8relsen ville falde ud til gasselskabets fordel. \u00a0Allerede dengang var det brev mere et udtryk for \u00f8nsket\u00e6nkning end egentlig jura. N\u00e5r man l\u00e6ser afg\u00f8relsen fra anken\u00e6vnet, s\u00e5 vandt vi ikke sagen 1-0, men snarere 11-0. vi fik medhold i samtlige p\u00e5stande og vurderinger, og gasselskabet blev ikke im\u00f8dekommet p\u00e5 et eneste punkt i sagen. Det er en stor tilfredsstillelse for os i bestyrelsen og det massive arbejde vi har lagt i udvidelsen, at det p\u00e5 den m\u00e5de giver os ret i, at det b\u00e5de forretningsm\u00e6ssig er en god id\u00e9 men ogs\u00e5 juridisk er efter reglerne.<\/p>\n<p><em>Skrevet i oktober 2021: Der er ingenting der i den forgangne periode, har \u00e6ndret p\u00e5 dette. Vi er den fremtidige leverand\u00f8r af varme i Haslund, og vi er stadig ogs\u00e5 med de prisstigninger, som har ramt os efterf\u00f8lgende markant bedre end gaspriserne p\u00e5 husene. <\/em><\/p>\n<p>Skrevet i 2020<\/p>\n<p>Det n\u00e6ste store lyspunkt er f\u00e6rdigg\u00f8relsen af vores solfanger anl\u00e6g p\u00e5 Hammelvej. Anl\u00e6gget har k\u00f8rt i drift siden primo juli, og selvom fliser og landskabet rundet om bygningen ikke er helt f\u00e6rdigt nu, s\u00e5 har anl\u00e6gget k\u00f8rt siden da. Juli m\u00e5ned har v\u00e6ret en trist sommerm\u00e5ned, men sol, skyer og regn og lidt mere sol. Det har m\u00e5ske ikke v\u00e6ret en super sommerferie for os, som s\u00e5dan. Men ift. til indstillingen af v\u00e6rket, har det v\u00e6ret en super sommer. Vi har f\u00e5et afpr\u00f8vet alle indstillinger p\u00e5 en meget kort tid, og derfor er anl\u00e6gget hurtigt k\u00f8rt i drift.\u00a0 Og allerede nu, kan vi konstatere, at det nye v\u00e6rk leverer den varme vi har budgetteret med. S\u00e5 selvom vi gerne vil se de rigtige tal over hele det nye regnskabs\u00e5r, s\u00e5 er det en fornuftig investering at s\u00e6tte solfangeranl\u00e6gget op.<\/p>\n<p><em>Skrevet i oktober 2021:<\/em><\/p>\n<p><em>Vi kan i dag konstatere, at det 2019-2020 regnskabs\u00e5r som bliver fremlagt denne generalforsamling, ikke er supergodt \u2013 hvilket prim\u00e6rt skyldes, at sommeren 2020 ikke var s\u00e5 lang og god som normalt. I vil kunne se det p\u00e5 efterf\u00f8lgende regnskab, at solvarmen faktisk producerer mere det efterf\u00f8lgende \u00e5r. <\/em><\/p>\n<p>Skrevet i oktober 2020<\/p>\n<p>Men n\u00e5r det nu g\u00e5r s\u00e5 godt, hvorfor har vi s\u00e5 sat prisen op? Det skyldes desv\u00e6rre, at vi har haft betydelige udfordringer med en enkelt r\u00e5dgiver. R\u00e5dgiveren og den tidsplan, der blev sat op bet\u00f8d i sidste ende, at vi er g\u00e5et glip af en engangsindt\u00e6gt p\u00e5 1,8 mio. kr. og da vi har indt\u00e6gtsf\u00f8rt bel\u00f8bet, fordi vi havde krav p\u00e5 det, s\u00e5 bet\u00f8d forsinkelserne at vi ikke fik det bel\u00f8b. Vi skiftede r\u00e5dgiver s\u00e5 snart vi opdagede udfordringerne, og den nye r\u00e5dgiver har v\u00e6ret med til at f\u00e5 projektet p\u00e5 rette tidsplan igen. Men tilskuddet er tabt.<\/p>\n<p>Vi bokser stadig med den p\u00e5g\u00e6ldende r\u00e5dgiver, og har haft sagen til vurdering ved advokat, og hvor den ender henne ved vi ikke, men det er \u00e5rsagen til, at har et underskud og for at betale det underskud, s\u00e5 har vi valgt at lave en tilbagebetaling over 5 \u00e5r. Men hvad er der egentlig sket. Der er sket det, at der er visse betingelser med de tilskud, der gives. 1. Betingelse var, at man ans\u00f8ger om tilskud seneste den 30. juni 2018, hvor projektforslaget skal v\u00e6re godkendt. 2. Betingelse var at projektet skulle v\u00e6re f\u00e6rdig etableret 30. juni 2019. Deadlines vi p\u00e5 dav\u00e6rende tidspunkt ikke kendte til, da det jo var vore r\u00e5dgiver, der skulle ordne det. Projektforslaget blev godkendt 28. juni men desv\u00e6rre blev der ikke s\u00f8gt om tilskud inden 30. juni af vores r\u00e5dgiver, da den konkrete r\u00e5dgiver blev skiftet ud i juni grundet pensionering.<\/p>\n<p>&nbsp;<\/p>\n<p>Det havde i sig selv ikke v\u00e6ret det store problem, men den nye r\u00e5dgiver blev ved med at uds\u00e6tte m\u00f8der, og leverede ikke de n\u00f8dvendige ting, der gjorde at projektet kunne s\u00e6ttes i gang. Vi presser p\u00e5 med mails, m\u00f8der mv. For at f\u00e5 sat skub I tingene, ikke p\u00e5 grund af tilskuddet, men fordi solvarmen skulle v\u00e6re med til at give billig varme s\u00e5 hurtigt som muligt. Efter et m\u00f8de med dansk fjernvarme I anden anledning, f\u00e5r jeg kendskab til reglerne omkring tilskud, og vi reagerer prompte med, at bede r\u00e5dgiver om en hurtig handling, men der ved vi godt, vi kommer ikke til at lave et udbud, f\u00e5 forhandlet de rigtige priser og endeligt f\u00e5 bygget anl\u00e6gget. Sammen med dansk fjernvarme kontakter vi forsyningstilsynet for at afd\u00e6kke evt. Muligheder for dispensation desv\u00e6rre uden held. Vi fik smidt r\u00e5dgiveren, COWI, p\u00e5 porten, og startede forfra med Ramb\u00f8ll. Hvilket bet\u00f8d, at anl\u00e6gget stod f\u00e6rdig juni 2020.<\/p>\n<p><em>Skrevet i 2021<\/em><\/p>\n<p><em>Efterf\u00f8lgende har vi f\u00e5et vurderet hvorvidt den tr\u00e6ghed, som COWI har ageret med, kunne betyde et evt. erstatningsansvar fra COWI side. Vurderingen fra 2 uafh\u00e6ngige r\u00e5dgivere er at sandsynligheden for at vinde en s\u00e5dan sag vil v\u00e6re 60\/40. Det store problem ligger I den kontrakt der er lavet. Den er nemlig lavet mellem region midt og r\u00e5dgiveren, da vi har f\u00e5et tilskud fra EU-projektet for vores r\u00e5dgivning. Og denne standard kontrakt har ikke v\u00e6ret superskarp omkring alle opgaver, herunder at s\u00f8ge tilskud. Jeg sidder i \u00f8vrigt med I styregruppen for dette projekt. Og ud af mere end 132 projekter og tilskud, er vores projekt det eneste hvor kontrakten har v\u00e6ret problemfyldt. Det er bare super\u00e6rgerligt, men det vil formentlig koste os mellem 500.000 -750.000 at k\u00f8re en s\u00e5dan sag, og hvis vi ikke vinder den, s\u00e5 er underskuddet bare endnu st\u00f8rre. <\/em><\/p>\n<p>&nbsp;<\/p>\n<p>Skrevet i 2020<\/p>\n<p>Men hvor h\u00e5rdt er vi ramt. Vi er alene ramt p\u00e5 det p\u00e5g\u00e6ldende \u00e5r. der er ingen b\u00f8lger til de n\u00e6ste \u00e5r. Det er et isoleret tilf\u00e6lde.\u00a0 Til geng\u00e6ld er der kommet nogle gode ting ind i det nuv\u00e6rende regnskabs\u00e5r, som g\u00f8r, at vi kan v\u00e6re optimistiske omkring fremtidens budget. Jeg kan ikke love noget konkret endnu, men der er al mulig grund til at v\u00e6re optimistiske, og eventuelle overskud vil blive brugt til at betale det underskud, som vi har som ekstra ordin\u00e6r udgift, og dermed forkorte tilbagebetalingstiden, s\u00e5 vi s\u00e5 hurtigt som muligt, kan vende tilbage til normale priser.<\/p>\n<p>Det har holdt h\u00e5rdt, men nu vi har redskaberne til at afb\u00f8de effekterne af en \u00e6ndret varmestruktur. Men hvad er der egentlig sket, s\u00e5dant rent talm\u00e6ssigt.<\/p>\n<p>I 2014 igangsatte bestyrelsen en proces for at afb\u00f8de bortfaldet af grundbel\u00f8bet. Grundbel\u00f8bet var oppe p\u00e5 1,7 mio. L\u00f8sningen blev et Haslund projekt, bundet op p\u00e5 solfangerprojektet. Hvis vi ser ind i budgettallene, s\u00e5 har den l\u00f8sning v\u00e6ret rigtig, rigtig god. Det vi sparer ved at bruge solfanger anl\u00e6gget betaler allerede sig selv hjem i \u00e5r. Samtidig har vi koblet ca. 150 Haslund forbrugere p\u00e5 v\u00e6rket, hvilket er nok til, at udgiften til Haslund projektet medregnet det mersalg der sker af varme, s\u00e5 betaler det projekt for sig selv.<\/p>\n<p>Desv\u00e6rre kan vi dag vi se, at det ikke kun er grundbel\u00f8bet, der udfordrer os. De sidste 2-3 \u00e5r, har hele elmarkedet, forandret sig. Og vi kan se ind i, at det nuv\u00e6rende regnskab der mangler vi helt op til 3,7 mio. kr. i el indt\u00e6gter (hvis vi ser p\u00e5 det \u00e5r, hvor vi fik allerst\u00f8rst indtjening p\u00e5 el). De viser bare, at vores initiativer virker, og de virker godt, for vi har v\u00e6ret i stand til at st\u00e5 imod de manglende el indt\u00e6gter, og s\u00f8rge for at holde prisen nede \u2013 ogs\u00e5 selvom vi blev snydt af vores forventede tilskud.<\/p>\n<p>Vi har dog rigtig mange h\u00e5ndtag at bruge, for at sikre os, mod prisstigninger. Men helt overordnet, s\u00e5 er der en model der virker. Det er flere forbrugere der kobles p\u00e5. Jo flere vi er, des flere er der til at deles om de faste udgifter, og det giver lavere priser.<\/p>\n<p>Derfor kan vi med gl\u00e6de konstatere, at der l\u00f8bende tilkobles forbrugere p\u00e5 v\u00e6rkets net. I snart lang tid, har vi koblet 1 ny forbruger p\u00e5 v\u00e6rket pr uge, og vi kan derfor se ind i et forl\u00f8b, hvor vi stadig f\u00e5r flere og flere p\u00e5. S\u00e5 det skal nok blive rigtig godt, og fremtiden ser fin ud.<\/p>\n<p>Vi arbejder derudover p\u00e5 flere nye projekter. Dels er der industriomr\u00e5det ved Haslund, og industriomr\u00e5det ude ved Sdr. Borup som vi pt. l\u00e6gger billet ind p\u00e5. Desuden snakker vi med Laurbjerg om, der evt. skal l\u00e6gges en ledning ned til dem. Desuden g\u00e6lder det, at vi er involveret i det nye projekt omkring fremtidens Haslund, hvor der skal bygges op mod 200 nye huse. Desuden vil vi gerne g\u00f8re endnu mere, for at f\u00e5 den best\u00e5ende m\u00e6ngde af huse i Haslund p\u00e5.<\/p>\n<p>N\u00e5r vi involverer os i alle projekterne, s\u00e5 er det vi fordi, flere forbrugere, giver bedre \u00f8konomi. Desuden har vi overskuds kapacitet p\u00e5 solen om sommeren, som det er lige nu. Det har vi selvf\u00f8lgelig ikke, hvis alle tingene sker, og vi har heller ikke ledig markkapacitet til at udvide solen, hvis alle projekterne bliver til noget. Men vi satser bredt for at v\u00e6re sikker p\u00e5, at vi kommer l\u00e6ngst muligt. Den dag hvor det hele bliver til noget, s\u00e5 m\u00e5 vi kigge p\u00e5 at k\u00f8be mere mark, eller hvad det m\u00e5tte ende med. Men vi \u00f8nsker ikke at satse p\u00e5 en del alene, eller en ad gangen. Vi \u00f8nsker at satse bredt, s\u00e5 vi har flest muligheder p\u00e5 den lange bane.<\/p>\n<p>Nogle af projekterne er meget nemt for os at indg\u00e5 i, andre kr\u00e6ver lidt mere af os. Men de har alle det til f\u00e6lles, at det handler om, at f\u00e5 flere brugere p\u00e5 v\u00e6rket, og f\u00e5 brugt den overskudsvarme vi har om sommeren.<\/p>\n<p>Med det vil jeg gerne sige tak for et godt, men ogs\u00e5 h\u00e5rdt arbejds\u00e5r, som giver en god fornemmelse i forhold til fremtiden.<\/p>\n<p>Morten B\u00f8hm, Formand<\/p>\n","protected":false},"excerpt":{"rendered":"<p>Formandens beretning for 2020 den 26.10 2021 Referat og beretning fra generalforsamlingen. K\u00e6re alle sammen, Det er i dag min 12. Beretning som formand for vores varmev\u00e6rk. Og det er en lidt m\u00e6rkelig st\u00f8rrelse. For det f\u00f8rste er beretningen jo <span class=\"excerpt-dots\">&hellip;<\/span> <a class=\"more-link\" href=\"https:\/\/www.vokv.dk\/?page_id=3892\"><span class=\"more-msg\">L\u00e6s mere her:<\/span><\/a><\/p>\n","protected":false},"author":2,"featured_media":0,"parent":8,"menu_order":0,"comment_status":"closed","ping_status":"closed","template":"","meta":{"footnotes":""},"folder":[8],"class_list":["post-3892","page","type-page","status-publish","hentry"],"_links":{"self":[{"href":"https:\/\/www.vokv.dk\/index.php?rest_route=\/wp\/v2\/pages\/3892","targetHints":{"allow":["GET"]}}],"collection":[{"href":"https:\/\/www.vokv.dk\/index.php?rest_route=\/wp\/v2\/pages"}],"about":[{"href":"https:\/\/www.vokv.dk\/index.php?rest_route=\/wp\/v2\/types\/page"}],"author":[{"embeddable":true,"href":"https:\/\/www.vokv.dk\/index.php?rest_route=\/wp\/v2\/users\/2"}],"replies":[{"embeddable":true,"href":"https:\/\/www.vokv.dk\/index.php?rest_route=%2Fwp%2Fv2%2Fcomments&post=3892"}],"version-history":[{"count":0,"href":"https:\/\/www.vokv.dk\/index.php?rest_route=\/wp\/v2\/pages\/3892\/revisions"}],"up":[{"embeddable":true,"href":"https:\/\/www.vokv.dk\/index.php?rest_route=\/wp\/v2\/pages\/8"}],"wp:attachment":[{"href":"https:\/\/www.vokv.dk\/index.php?rest_route=%2Fwp%2Fv2%2Fmedia&parent=3892"}],"wp:term":[{"taxonomy":"folder","embeddable":true,"href":"https:\/\/www.vokv.dk\/index.php?rest_route=%2Fwp%2Fv2%2Ffolder&post=3892"}],"curies":[{"name":"wp","href":"https:\/\/api.w.org\/{rel}","templated":true}]}}