{"id":3635,"date":"2021-07-01T14:12:56","date_gmt":"2021-07-01T12:12:56","guid":{"rendered":"https:\/\/www.vokv.dk\/?page_id=3635"},"modified":"2023-07-03T23:03:55","modified_gmt":"2023-07-03T21:03:55","slug":"priser-fra-1-juli-2021","status":"publish","type":"page","link":"https:\/\/www.vokv.dk\/?page_id=3635","title":{"rendered":"Priser fra 1. juli 2021"},"content":{"rendered":"<h5>G\u00e6ldende fra 1. juli 2021<\/h5>\n<p><a href=\"https:\/\/www.vokv.dk\/wp-content\/uploads\/2021\/07\/Tarifblad-juli-2021.pdf\" target=\"_blank\" rel=\"noopener\">\u00a0Tarifbladet kan hentes som PDF her:<\/a><\/p>\n<p><strong>TILSLUTNINGSBIDRAG:<\/strong><\/p>\n<p>(for nye forbrugere)<br \/>\n<strong>Fast <\/strong>tilslutningsbidrag\u00a0\u00a0\u00a0\u00a0\u00a0\u00a0\u00a0\u00a0\u00a0\u00a0\u00a0\u00a0\u00a0\u00a0\u00a0\u00a0\u00a0\u00a0\u00a0\u00a0\u00a0\u00a0\u00a0\u00a0\u00a0\u00a0\u00a0\u00a0\u00a0\u00a0\u00a0\u00a0\u00a0\u00a0\u00a0\u00a0\u00a0\u00a0\u00a0\u00a0 \u00a0\u00a0\u00a0\u00a0\u00a0\u00a0\u00a0\u00a0\u00a0\u00a0\u00a0 kr. 3.000,00<strong>*a<br \/>\n<\/strong>Bel\u00f8bet d\u00e6kker anboring p\u00e5 hovedledning, samt<br \/>\nfremf\u00f8ring af stikledning til og med afsluttende<br \/>\nventils\u00e6t hos forbruger.<\/p>\n<p>\u00c6ndring af eksisterende ledning p\u00e5 forbrugers<br \/>\nforanledning faktureres maksimalt til varmev\u00e6rkets<br \/>\nfaktiske omkostninger.<\/p>\n<p><strong>BYGGEMODNINGSBIDRAG:<br \/>\n<\/strong>Der bliver opkr\u00e6vet byggemodningsbidrag i for-<br \/>\nbindelse med udstykning. Byggemodningsbidragets<br \/>\nst\u00f8rrelse afh\u00e6nger af de konkrete forhold i forbindelse<br \/>\nmed den enkelte udstykning, men vil maksimalt<br \/>\nudg\u00f8re varmev\u00e6rkets faktiske omkostninger tiletablering af gadeledninger i udstykningsomr\u00e5det.<strong>\u00a0<\/strong><\/p>\n<p>I \u00f8vrigt er V\u00e6rum-\u00d8rum Kraftvarmev\u00e6rks vedt\u00e6gter,<br \/>\nalmindelige og tekniske bestemmelser g\u00e6ldende.<strong>\u00a0<\/strong><\/p>\n<p><strong>*a \u00a0<\/strong>\u00a0Foruds\u00e6tter at man overdrager Co2 besparelsen<br \/>\ntil varmev\u00e6rket.<\/p>\n<p><strong>TAKSTER FOR \u00c5RLIGE UDGIFTER<\/strong><\/p>\n<p><strong>FORBRUGSBIDRAG pr. MWh\u00a0 \u00a0 \u00a0 \u00a0 \u00a0 \u00a0 \u00a0 \u00a0 \u00a0 \u00a0 \u00a0 \u00a0 \u00a0 \u00a0 \u00a0 \u00a0 \u00a0 \u00a0 \u00a0 \u00a0 \u00a0 \u00a0 \u00a0 \u00a0<\/strong>kr.\u00a0 \u00a0\u00a0\u00a0\u00a0593,75<strong>\u00a0<\/strong><\/p>\n<p><strong>ABONNEMENTSBIDRAG pr. m\u00e5ler\u00a0 \u00a0 \u00a0 \u00a0 \u00a0 \u00a0 \u00a0 \u00a0 \u00a0 \u00a0 \u00a0 \u00a0 \u00a0 \u00a0 \u00a0 \u00a0 <\/strong>kr. \u00a0\u00a01.250,00<\/p>\n<p>Tilbagebetaling af underd\u00e6kning tidligere \u00e5r\u00a0\u00a0\u00a0 \u00a0\u00a0\u00a0kr.\u00a0 \u00a01.375,00<strong>\u00a0<\/strong><\/p>\n<p><strong>FAST BIDRAG:<br \/>\n<\/strong>Fra\u00a0\u00a0 \u00a0\u00a00 \u2013 100 m\u00b2 (1\/7-21-30\/9-21) \u00a0iflg. BBR\u00a0 \u00a0 \u00a0 kr\u00a0\u00a0\u00a0\u00a0\u00a0\u00a0\u00a0\u00a0 15,00<br \/>\nFra\u00a0\u00a0 \u00a0\u00a00 \u2013 100 m\u00b2 (1\/10-21-30\/6-22) \u00a0iflg. BBR\u00a0\u00a0 kr\u00a0\u00a0\u00a0\u00a0\u00a0\u00a0\u00a0\u00a0 77,50<br \/>\nFra 101 \u2013 130 m\u00b2 iflg. BBR\u00a0 \u00a0 \u00a0 \u00a0 \u00a0 \u00a0 \u00a0 \u00a0 \u00a0 \u00a0 \u00a0 \u00a0 \u00a0 \u00a0 \u00a0 \u00a0 \u00a0 \u00a0 \u00a0 \u00a0 \u00a0 \u00a0 \u00a0kr.\u00a0 \u00a0\u00a0\u00a0\u00a0\u00a0 \u00a0\u00a02,50<br \/>\nFra 131 \u2013 180 m\u00b2 iflg. BBR\u00a0 \u00a0 \u00a0 \u00a0 \u00a0 \u00a0 \u00a0 \u00a0 \u00a0 \u00a0 \u00a0 \u00a0 \u00a0 \u00a0 \u00a0 \u00a0 \u00a0 \u00a0 \u00a0 \u00a0 \u00a0 \u00a0 \u00a0kr.\u00a0 \u00a0 \u00a0 \u00a0 \u00a0 \u00a01,88<br \/>\nFra 181 \u2013 200 m\u00b2 iflg. BBR\u00a0 \u00a0 \u00a0 \u00a0 \u00a0 \u00a0 \u00a0 \u00a0 \u00a0 \u00a0 \u00a0 \u00a0 \u00a0 \u00a0 \u00a0 \u00a0 \u00a0 \u00a0 \u00a0 \u00a0 \u00a0 \u00a0 kr.\u00a0 \u00a0 \u00a0 \u00a0 \u00a0 \u00a01,25<\/p>\n<p>Storforbruger over 75 MWh\/\u00e5rligt: Ingen fast bidrag.<\/p>\n<p>A conto betales 10 gange \u00e5rlig. Juni og juli er betalingsfrie.<br \/>\nForfaldsdag og sidste rettidig indbetalingsdag er den 1. hverdag i m\u00e5neden. Overskrides betalingsfristen till\u00e6gges renter med diskontoen + 2 pct. p.a. og gebyr pr. rykker i<br \/>\nhenhold til nedenst\u00e5ende takster.<strong>\u00a0<\/strong><\/p>\n<p><strong>ANDRE GEBYRER<\/strong><\/p>\n<p>M\u00e5lerafpr\u00f8vning\u2026\u2026\u2026\u2026\u2026\u2026\u2026\u2026\u2026\u2026\u2026&#8230;&#8230; &#8230;&#8230;.\u00a0 \u00a0 \u00a0 \u00a0 \u00a0 kr. \u00a01.150,00<br \/>\nRykkerskrivelse\u2026\u2026\u2026\u2026\u2026\u2026\u2026\u2026.\u2026\u2026\u2026&#8230; &#8230;&#8230;&#8230;..\u00a0 \u00a0 \u00a0 \u00a0 \u00a0 \u00a0kr. \u00a0\u00a0\u00a0\u00a0100,00*<br \/>\nInkassomeddelse\u2026..\u2026\u2026..\u2026\u2026\u2026\u2026\u2026\u2026\u2026&#8230;&#8230;&#8230;..\u00a0 \u00a0 \u00a0 \u00a0 \u00a0 \u00a0kr.\u00a0 \u00a0\u00a0\u00a0100,00*<br \/>\nLukkebes\u00f8g.\u2026\u2026\u2026\u2026\u2026\u2026\u2026\u2026\u2026&#8230;.\u2026\u2026\u2026&#8230;&#8230;&#8230;&#8230;..\u00a0 \u00a0 \u00a0 \u00a0 \u00a0 \u00a0 kr.\u00a0\u00a0 \u00a0\u00a0375,00*<br \/>\nGenoplukning inden for normal \u00e5bningstid&#8230;\u00a0 kr.\u00a0\u00a0 \u00a0\u00a0468,75<br \/>\nGebyr for manglende selvafl\u00e6sning\u2026\u2026\u2026\u2026\u00a0 \u00a0 \u00a0 \u00a0 \u00a0 kr.\u00a0\u00a0 \u00a0\u00a0337,50<br \/>\nSelvafl\u00e6sningkort, rykker\u2026\u2026\u2026\u2026\u2026\u2026\u2026\u2026&#8230;&#8230;.\u00a0 \u00a0 \u00a0 \u00a0 \u00a0 \u00a0kr.\u00a0\u00a0\u00a0 \u00a0\u00a0\u00a081,25<\/p>\n<p>&nbsp;<\/p>\n<p>Efter 2. henvendelse tages der stilling til lukning og overgivelse af<br \/>\nsagen til advokat.<\/p>\n<p>S\u00e5fremt varmev\u00e6rket selv \u00f8nsker m\u00e5ler afpr\u00f8vet, er afpr\u00f8vning gratis.<\/p>\n<p><strong>Alle foran n\u00e6vnte priser indeholder 25 % moms. Dog er andre<br \/>\n<\/strong><strong>gebyrer markeret med * uden moms.<\/strong><\/p>\n","protected":false},"excerpt":{"rendered":"<p>G\u00e6ldende fra 1. juli 2021 \u00a0Tarifbladet kan hentes som PDF her: TILSLUTNINGSBIDRAG: (for nye forbrugere) Fast tilslutningsbidrag\u00a0\u00a0\u00a0\u00a0\u00a0\u00a0\u00a0\u00a0\u00a0\u00a0\u00a0\u00a0\u00a0\u00a0\u00a0\u00a0\u00a0\u00a0\u00a0\u00a0\u00a0\u00a0\u00a0\u00a0\u00a0\u00a0\u00a0\u00a0\u00a0\u00a0\u00a0\u00a0\u00a0\u00a0\u00a0\u00a0\u00a0\u00a0\u00a0\u00a0 \u00a0\u00a0\u00a0\u00a0\u00a0\u00a0\u00a0\u00a0\u00a0\u00a0\u00a0 kr. 3.000,00*a Bel\u00f8bet d\u00e6kker anboring p\u00e5 hovedledning, samt fremf\u00f8ring af stikledning til og med afsluttende ventils\u00e6t hos forbruger. \u00c6ndring af eksisterende ledning <span class=\"excerpt-dots\">&hellip;<\/span> <a class=\"more-link\" href=\"https:\/\/www.vokv.dk\/?page_id=3635\"><span class=\"more-msg\">L\u00e6s mere her:<\/span><\/a><\/p>\n","protected":false},"author":2,"featured_media":0,"parent":8,"menu_order":0,"comment_status":"closed","ping_status":"closed","template":"","meta":{"footnotes":""},"folder":[7],"class_list":["post-3635","page","type-page","status-publish","hentry"],"_links":{"self":[{"href":"https:\/\/www.vokv.dk\/index.php?rest_route=\/wp\/v2\/pages\/3635","targetHints":{"allow":["GET"]}}],"collection":[{"href":"https:\/\/www.vokv.dk\/index.php?rest_route=\/wp\/v2\/pages"}],"about":[{"href":"https:\/\/www.vokv.dk\/index.php?rest_route=\/wp\/v2\/types\/page"}],"author":[{"embeddable":true,"href":"https:\/\/www.vokv.dk\/index.php?rest_route=\/wp\/v2\/users\/2"}],"replies":[{"embeddable":true,"href":"https:\/\/www.vokv.dk\/index.php?rest_route=%2Fwp%2Fv2%2Fcomments&post=3635"}],"version-history":[{"count":0,"href":"https:\/\/www.vokv.dk\/index.php?rest_route=\/wp\/v2\/pages\/3635\/revisions"}],"up":[{"embeddable":true,"href":"https:\/\/www.vokv.dk\/index.php?rest_route=\/wp\/v2\/pages\/8"}],"wp:attachment":[{"href":"https:\/\/www.vokv.dk\/index.php?rest_route=%2Fwp%2Fv2%2Fmedia&parent=3635"}],"wp:term":[{"taxonomy":"folder","embeddable":true,"href":"https:\/\/www.vokv.dk\/index.php?rest_route=%2Fwp%2Fv2%2Ffolder&post=3635"}],"curies":[{"name":"wp","href":"https:\/\/api.w.org\/{rel}","templated":true}]}}