{"id":3548,"date":"2021-04-11T17:05:44","date_gmt":"2021-04-11T15:05:44","guid":{"rendered":"https:\/\/www.vokv.dk\/?page_id=3548"},"modified":"2024-01-28T14:06:57","modified_gmt":"2024-01-28T13:06:57","slug":"haslund-pjece","status":"publish","type":"page","link":"https:\/\/www.vokv.dk\/?page_id=3548","title":{"rendered":"Haslund Pjece"},"content":{"rendered":"<p>Med pjecen \u201d<strong>Overvejer du Fjernvarme<\/strong>\u201d g\u00f8r V\u00e6rum-\u00d8rum Kraftvarmev\u00e6rk opm\u00e6rksom p\u00e5 fordelene ved at overg\u00e5 til fjernvarme, nu hvor regeringen har sat naturgas- og oliefyr p\u00e5 den \u201dsorte\u201d liste.<\/p>\n<p>Pjecen omdeles i\u00a0 uge 2-2021 til ca. 220 husstande i Haslund.<\/p>\n<p>Heldigvis vinder fjernvarmen mere og mere indpas ikke blot i Haslund, men ogs\u00e5 i v\u00e6rkets andre forsyningsomr\u00e5der.<\/p>\n<p>Lige nu har vi mange foresp\u00f8rgsler om tilslutning. Desv\u00e6rre forhindre corona restriktionerne os i at effektuere henvendelserne, s\u00e5 hurtigt, som vi gerne vil.<\/p>\n<p>Men vi kommer s\u00e5 hurtigt det er muligt.<\/p>\n<p>PS: Alle henvendelser modtaget inden deadline <em>31. marts<\/em> vil ogs\u00e5 f\u00e5 det fordelagtige tilslutningstilbud, ogs\u00e5 selvom tilkobling sker senere.<\/p>\n<p><strong><a href=\"https:\/\/www.vokv.dk\/wp-content\/uploads\/2021\/01\/Haslund-pjece.pdf\" target=\"_blank\" rel=\"noopener\">Se den her: <\/a><\/strong><a class=\"maxbutton-3 maxbutton maxbutton-se-her\" target=\"_blank\" rel=\"noopener\" href=\"https:\/\/www.vokv.dk\/wp-content\/uploads\/2021\/01\/Haslund-pjece.pdf\"><span class='mb-text'>Pjece<\/span><\/a><\/p>\n","protected":false},"excerpt":{"rendered":"<p>Med pjecen \u201dOvervejer du Fjernvarme\u201d g\u00f8r V\u00e6rum-\u00d8rum Kraftvarmev\u00e6rk opm\u00e6rksom p\u00e5 fordelene ved at overg\u00e5 til fjernvarme, nu hvor regeringen har sat naturgas- og oliefyr p\u00e5 den \u201dsorte\u201d liste. Pjecen omdeles i\u00a0 uge 2-2021 til ca. 220 husstande i Haslund. Heldigvis <span class=\"excerpt-dots\">&hellip;<\/span> <a class=\"more-link\" href=\"https:\/\/www.vokv.dk\/?page_id=3548\"><span class=\"more-msg\">L\u00e6s mere her:<\/span><\/a><\/p>\n","protected":false},"author":2,"featured_media":0,"parent":807,"menu_order":0,"comment_status":"closed","ping_status":"closed","template":"","meta":{"footnotes":""},"folder":[22],"class_list":["post-3548","page","type-page","status-publish","hentry"],"_links":{"self":[{"href":"https:\/\/www.vokv.dk\/index.php?rest_route=\/wp\/v2\/pages\/3548","targetHints":{"allow":["GET"]}}],"collection":[{"href":"https:\/\/www.vokv.dk\/index.php?rest_route=\/wp\/v2\/pages"}],"about":[{"href":"https:\/\/www.vokv.dk\/index.php?rest_route=\/wp\/v2\/types\/page"}],"author":[{"embeddable":true,"href":"https:\/\/www.vokv.dk\/index.php?rest_route=\/wp\/v2\/users\/2"}],"replies":[{"embeddable":true,"href":"https:\/\/www.vokv.dk\/index.php?rest_route=%2Fwp%2Fv2%2Fcomments&post=3548"}],"version-history":[{"count":0,"href":"https:\/\/www.vokv.dk\/index.php?rest_route=\/wp\/v2\/pages\/3548\/revisions"}],"up":[{"embeddable":true,"href":"https:\/\/www.vokv.dk\/index.php?rest_route=\/wp\/v2\/pages\/807"}],"wp:attachment":[{"href":"https:\/\/www.vokv.dk\/index.php?rest_route=%2Fwp%2Fv2%2Fmedia&parent=3548"}],"wp:term":[{"taxonomy":"folder","embeddable":true,"href":"https:\/\/www.vokv.dk\/index.php?rest_route=%2Fwp%2Fv2%2Ffolder&post=3548"}],"curies":[{"name":"wp","href":"https:\/\/api.w.org\/{rel}","templated":true}]}}