{"id":3483,"date":"2021-04-01T14:18:24","date_gmt":"2021-04-01T12:18:24","guid":{"rendered":"https:\/\/www.vokv.dk\/?page_id=3483"},"modified":"2025-09-23T15:07:09","modified_gmt":"2025-09-23T13:07:09","slug":"hvem-er-vi","status":"publish","type":"page","link":"https:\/\/www.vokv.dk\/?page_id=3483","title":{"rendered":"Hvem er vi"},"content":{"rendered":"<p>\u201dVi\u201d er V\u00e6rum-\u00d8rum Kraftvarmev\u00e6rk, et andelsejet selskab dannet i 1995 som Barmarksv\u00e6rk. I dag leverer vi fjernvarme til mere end <em>460<\/em> husstande i Jebjerg, V\u00e6th, V\u00e6rum og Haslund. Fjernvarme laver vi\u00a0 p\u00e5 sol, tr\u00e6piller, Varmepumpe eller naturgas, alt efter hvad der er billigst her og nu.<\/p>\n<p>I starten var det naturgas, som producerede b\u00e5de varme og elektricitet\u00a0 ved hj\u00e6lp af en Rolls-Royce Gas Motor \u2013 varme til forbrugerne og str\u00f8m som vi kunne s\u00e6lge p\u00e5 el-markedet.<\/p>\n<p>Da gassen blev dyrere, k\u00f8bte vi i 2012 en tr\u00e6pille kedel (0,925 MW), som frem til 2020 leverede den prim\u00e6re varme med naturgassen som supplement.<\/p>\n<p>Men skiftende afgifter, bortfald af tilskuddet for at st\u00e5 stand-by med str\u00f8m\u00a0 til el-nettet og den stigende klimafokus, fik os til at t\u00e6nke i vedvarende energi. Resultatet er solvarmeanl\u00e6gget p\u00e5 Hammelvej mellem Haslund og V\u00e6rum. Anl\u00e6gget blev taget i brug i juni 2020 og har v\u00e6ret en god investering, da vi i lange perioder kan k\u00f8re udelukkende med solen som varmekilde.<\/p>\n<p>Solvarmeanl\u00e6gget er fremtidssikret. Dels er der paneler nok til at d\u00e6kke en udvidelse af fjernvarmenettet, dels er det plads til flere paneler p\u00e5 arealet, hvis byudviklingen i omr\u00e5det tager yderligere fart.<\/p>\n<p>I l\u00f8bet af 2021 og 2022 var gassen blevet s\u00e5 dyr at vi blev n\u00f8dt til at udfase den. Det gjorde\u00a0 vi i f\u00f8rste omgang med endnu en tr\u00e6pille kedel (1,5 MW). I juni 2023 kom der s\u00e5 en varmepumpe p\u00e5 2 MW, hvilket ogs\u00e5 betyder at vi nu er n\u00e6sten 100% CO2-neutrale og\u00a0 at vores andel af vedvarende energi i produktionen ligger p\u00e5 ca. 96%. <a href=\"https:\/\/www.vokv.dk\/?page_id=5640\">Se vores Fjernvarmedeklaration.<\/a><\/p>\n<p><strong>Tekniske data 2023:<\/strong><\/p>\n<p>Solanl\u00e6gget:\u00a0 8.272 m<sup>2 <\/sup>solpaneler, \u00c5rlig ydelse max 4.400 MWh.<\/p>\n<p>Tr\u00e6pille kedler:\u00a0 0,925 MW i Jebjerg og\u00a0 1,5 MW p\u00e5 Hammelvej.<\/p>\n<p>Varmepumpe: 2,0 MW.<\/p>\n<p>Gasmotor: Varme 1,8 MW.\u00a0 El 1,5 MW. blev udfaset i starten af 2024.<\/p>\n<p>Gaskedel: 2,0 MW.<\/p>\n","protected":false},"excerpt":{"rendered":"<p>\u201dVi\u201d er V\u00e6rum-\u00d8rum Kraftvarmev\u00e6rk, et andelsejet selskab dannet i 1995 som Barmarksv\u00e6rk. I dag leverer vi fjernvarme til mere end 460 husstande i Jebjerg, V\u00e6th, V\u00e6rum og Haslund. Fjernvarme laver vi\u00a0 p\u00e5 sol, tr\u00e6piller, Varmepumpe eller naturgas, alt efter hvad <span class=\"excerpt-dots\">&hellip;<\/span> <a class=\"more-link\" href=\"https:\/\/www.vokv.dk\/?page_id=3483\"><span class=\"more-msg\">L\u00e6s mere her:<\/span><\/a><\/p>\n","protected":false},"author":2,"featured_media":0,"parent":8,"menu_order":0,"comment_status":"closed","ping_status":"closed","template":"","meta":{"footnotes":""},"folder":[24,23],"class_list":["post-3483","page","type-page","status-publish","hentry"],"_links":{"self":[{"href":"https:\/\/www.vokv.dk\/index.php?rest_route=\/wp\/v2\/pages\/3483","targetHints":{"allow":["GET"]}}],"collection":[{"href":"https:\/\/www.vokv.dk\/index.php?rest_route=\/wp\/v2\/pages"}],"about":[{"href":"https:\/\/www.vokv.dk\/index.php?rest_route=\/wp\/v2\/types\/page"}],"author":[{"embeddable":true,"href":"https:\/\/www.vokv.dk\/index.php?rest_route=\/wp\/v2\/users\/2"}],"replies":[{"embeddable":true,"href":"https:\/\/www.vokv.dk\/index.php?rest_route=%2Fwp%2Fv2%2Fcomments&post=3483"}],"version-history":[{"count":3,"href":"https:\/\/www.vokv.dk\/index.php?rest_route=\/wp\/v2\/pages\/3483\/revisions"}],"predecessor-version":[{"id":5704,"href":"https:\/\/www.vokv.dk\/index.php?rest_route=\/wp\/v2\/pages\/3483\/revisions\/5704"}],"up":[{"embeddable":true,"href":"https:\/\/www.vokv.dk\/index.php?rest_route=\/wp\/v2\/pages\/8"}],"wp:attachment":[{"href":"https:\/\/www.vokv.dk\/index.php?rest_route=%2Fwp%2Fv2%2Fmedia&parent=3483"}],"wp:term":[{"taxonomy":"folder","embeddable":true,"href":"https:\/\/www.vokv.dk\/index.php?rest_route=%2Fwp%2Fv2%2Ffolder&post=3483"}],"curies":[{"name":"wp","href":"https:\/\/api.w.org\/{rel}","templated":true}]}}