{"id":26,"date":"2016-03-29T15:41:39","date_gmt":"2016-03-29T13:41:39","guid":{"rendered":"http:\/\/www.vokv.dk\/?page_id=26"},"modified":"2025-12-29T10:31:46","modified_gmt":"2025-12-29T09:31:46","slug":"start-2-2","status":"publish","type":"page","link":"https:\/\/www.vokv.dk\/","title":{"rendered":"Forside"},"content":{"rendered":"<p><\/p>\r\n<p><span style=\"color: #ff0000;\"><span style=\"font-size: 32px;\"><b>Vi \u00f8nsker godt Nyt\u00e5r<\/b><\/span><\/span><\/p>\r\n<p>&nbsp;<\/p>\r\n<p>&nbsp;<\/p>\r\n<p><strong><div class=\"atw-show-posts-schema\" itemtype=\"https:\/\/schema.org\/Blog\" itemscope > <!-- begin Blog -->\n<div style=\"clear:both;\"><\/div><div class=\"atw-show-posts\"><div class=\"atw-content-2-col atw-cf\" style=&quot;clear:left;&quot;>\n\n    <article id=\"post-5768\" class=\"content-default post-area post-author-id-2 font-inherit post-5768 post type-post status-publish format-standard hentry category-det-gamle-vaerk\" itemtype=\"https:\/\/schema.org\/BlogPosting\" itemscope itemprop=\"blogPost\"><!-- POST: standard -->\n    <header class=\"entry-header\">\n        <div class=\"entry-meta \">\n<meta itemprop=\"datePublished\" content=\"2026-01-25T17:59:20+01:00\"\/>\n<meta itemprop=\"dateModified\" content=\"2026-01-25T17:59:20+01:00\"\/>\n<span style=\"display:none\" itemscope itemprop=\"publisher\" itemtype=\"https:\/\/schema.org\/Organization\"><span itemprop=\"name\">V\u00e6rum-\u00d8rum Kraftvarmev\u00e6rk a.m.b.a.<\/span><!-- no logo defined --><\/span>\n<span class=\"meta-info-wrap font-inherit\">\n<span class=\"post-avatar post-avatar-start\"><img alt='avatar' src='https:\/\/secure.gravatar.com\/avatar\/269457379c6debb7d8b7436cd035bb06d08d3c8c62483d33937b523637af97e8?s=28&#038;d=mm&#038;r=g' srcset='https:\/\/secure.gravatar.com\/avatar\/269457379c6debb7d8b7436cd035bb06d08d3c8c62483d33937b523637af97e8?s=56&#038;d=mm&#038;r=g 2x' class='avatar avatar-28 photo' height='28' width='28' \/><\/span><span class=\"sep\">Udgivet den <\/span><a href=\"https:\/\/www.vokv.dk\/?p=5768\" title=\"17:59\" rel=\"bookmark\"><time class=\"entry-date\" datetime=\"2026-01-25T17:59:20+01:00\">25. januar 2026<\/time><\/a><span class=\"by-author\"> <span class=\"sep\"> af <\/span> <span class=\"author vcard\"><a class=\"url fn n\" href=\"https:\/\/www.vokv.dk\/?author=2\" title=\"Vis alle indl\u00e6g af S\u00f8ren Nielsen\" rel=\"author\"><span itemtype=\"https:\/\/schema.org\/Person\" itemscope itemprop=\"author\"><span itemprop=\"name\">S\u00f8ren Nielsen<\/span><\/span><\/a><\/span><\/span><time class=\"published updated\" datetime=\"2026-01-25T17:59:20+01:00\">25. januar 2026<\/time>\n<\/span><!-- .entry-meta-icons --><\/div><!-- \/entry-meta -->\n    <\/header><!-- .entry-header -->\n\n        <div class=\"entry-summary clearfix\">\n<p>Nyhedsbrev Februar 2026 Driften k\u00f8rer som den skal Returtemperatur Flyttegebyr Driften Bestyrelsen kan konstatere, at driften k\u00f8rer tilfredsstillende. Vi har ingen problemer med vores materiel, <span class=\"excerpt-dots\">&hellip;<\/span> <a class=\"more-link\" href=\"https:\/\/www.vokv.dk\/?p=5768\"><span class=\"more-msg\">L\u00e6s mere her:<\/span><\/a><\/p>\n        <\/div><!-- .entry-summary -->\n        \n    <footer class=\"entry-utility\"><!-- bottom meta -->\n        \n<div class=\"meta-info-wrap font-inherit\">\n<span class=\"cat-links\"><span class=\"entry-utility-prep entry-utility-prep-cat-links\">Udgivet i<\/span> <a href=\"https:\/\/www.vokv.dk\/?cat=3\" rel=\"category\">V\u00e6rum-\u00d8rum<\/a><\/span>\n<\/div><!-- .entry-meta-icons -->\n    <\/footer><!-- #entry-utility -->\n        <div class=\"clear-post-end\" style=\"clear:both;\"><\/div>\n<link itemprop=\"mainEntityOfPage\" href=\"https:\/\/www.vokv.dk\/?p=5768\" \/>    <\/article><!-- \/#post-5768 -->\n\n<div style='clear:both;'><\/div>\n<\/div> <!-- atw-content-2-col -->\n<div class=\"atw-content-2-col atw-cf\">\n\n    <article id=\"post-5581\" class=\"content-default post-area post-author-id-2 font-inherit post-5581 post type-post status-publish format-standard hentry category-det-gamle-vaerk\" itemtype=\"https:\/\/schema.org\/BlogPosting\" itemscope itemprop=\"blogPost\"><!-- POST: standard -->\n    <header class=\"entry-header\">\n        <div class=\"entry-meta \">\n<meta itemprop=\"datePublished\" content=\"2025-06-22T11:57:43+02:00\"\/>\n<meta itemprop=\"dateModified\" content=\"2025-06-22T11:57:43+02:00\"\/>\n<span style=\"display:none\" itemscope itemprop=\"publisher\" itemtype=\"https:\/\/schema.org\/Organization\"><span itemprop=\"name\">V\u00e6rum-\u00d8rum Kraftvarmev\u00e6rk a.m.b.a.<\/span><!-- no logo defined --><\/span>\n<\/div><!-- \/entry-meta -->\n    <\/header><!-- .entry-header -->\n\n        <div class=\"entry-summary clearfix\">\n<p>\u00a0Nyhedsbrev juni 2025\u2022 Budget 2026 Prisen for underd\u00e6kning s\u00e6ttes ned \u00a0Motivationstarif Hvordan holder man \u00f8je med returtemperaturen? Hvor mange forbrugere bliver ber\u00f8rt? &nbsp; Budget 2026 <span class=\"excerpt-dots\">&hellip;<\/span> <a class=\"more-link\" href=\"https:\/\/www.vokv.dk\/?p=5581\"><span class=\"more-msg\">L\u00e6s mere her:<\/span><\/a><\/p>\n        <\/div><!-- .entry-summary -->\n        \n    <footer class=\"entry-utility\"><!-- bottom meta -->\n            <\/footer><!-- #entry-utility -->\n        <div class=\"clear-post-end\" style=\"clear:both;\"><\/div>\n<link itemprop=\"mainEntityOfPage\" href=\"https:\/\/www.vokv.dk\/?p=5581\" \/>    <\/article><!-- \/#post-5581 -->\n\n<div style='clear:both;'><\/div>\n<\/div> <!-- atw-content-2-col -->\n<\/div><!-- show_posts -->\n<\/div> <!-- end Blog --><\/strong><\/p>\r\n<p>&nbsp;<\/p>\r\n<p><strong><style>#sp-ea-4924 .spcollapsing { height: 0; overflow: hidden; transition-property: height;transition-duration: 300ms;}#sp-ea-4924.sp-easy-accordion>.sp-ea-single {margin-bottom: 3px; border: 1px solid #ffffff; }#sp-ea-4924.sp-easy-accordion>.sp-ea-single>.ea-header a {color: #000000;}#sp-ea-4924.sp-easy-accordion>.sp-ea-single>.sp-collapse>.ea-body {background: #fff; color: #444;}#sp-ea-4924.sp-easy-accordion>.sp-ea-single {background: #e6f4de;}#sp-ea-4924.sp-easy-accordion>.sp-ea-single>.ea-header a .ea-expand-icon { float: right; color: #444;font-size: 15px;}#sp-ea-4924.sp-easy-accordion>.sp-ea-single>.ea-header a .ea-expand-icon {margin-right: 0;}<\/style><div id=\"sp_easy_accordion-1706275761\"><div id=\"sp-ea-4924\" class=\"sp-ea-one sp-easy-accordion\" data-ea-active=\"ea-click\" data-ea-mode=\"vertical\" data-preloader=\"\" data-scroll-active-item=\"\" data-offset-to-scroll=\"0\"><div class=\"ea-card sp-ea-single\"><h1 class=\"ea-header\"><a class=\"collapsed\" id=\"ea-header-49240\" role=\"button\" data-sptoggle=\"spcollapse\" data-sptarget=\"#collapse49240\" aria-controls=\"collapse49240\" href=\"#\" aria-expanded=\"false\" tabindex=\"0\"><i aria-hidden=\"true\" role=\"presentation\" class=\"ea-expand-icon eap-icon-ea-expand-plus\"><\/i> Drift og administration.<\/a><\/h1><div class=\"sp-collapse spcollapse spcollapse\" id=\"collapse49240\" data-parent=\"#sp-ea-4924\" role=\"region\" aria-labelledby=\"ea-header-49240\"> <div class=\"ea-body\"><p><strong>Drift af v\u00e6rket og afregning af varmeforbrug m.m. administreres af Lang\u00e5 Varmev\u00e6rk.<\/strong><\/p><p><strong>Ved drift forstyrrelser kontaktes varmemester p\u00e5:<\/strong><\/p><h2>Vagttelefon: 8646 1292<\/h2><hr \/><p><strong>Varmeregnskab, flytte opg\u00f8relse, \u00e6ndring af aconto, etc. kontakt:<\/strong><\/p><h2>Administrationen: 8646 2044<\/h2><h3>Kontortid:<\/h3><p>Mandag \u2013 Fredag: 9.00-12.00<\/p><p>Email:\u00a0<a href=\"mailto:info@langaafjernvarme.dk\">info@langaafjernvarme.dk\u00a0<\/a><\/p><p>Udenfor kontorets \u00e5bningstid eller ved ferielukning, pr\u00f8v vores\u00a0<a href=\"https:\/\/www.vokv.dk\/?page_id=52\"><strong>selvbetjening.\u00a0<\/strong><\/a><\/p><hr \/><p>&nbsp;<\/p><\/div><\/div><\/div><\/div><\/div>\u00a0<\/strong><\/p>\r\n<h3><a href=\"https:\/\/www.vokv.dk\/?page_id=5646\">Vi indf\u00f8re motivationstarif\u00a0 pr. 1. juli 2025.<\/a><\/h3>\r\n<h3><span style=\"color: #000000;\"><a style=\"color: #000000;\" href=\"https:\/\/www.vokv.dk\/wp-content\/uploads\/2025\/10\/Generalforsamling-Voerum-Oerum-Kraftvarmevaerk-21.10.25_SJB.pdf\">Hvorfor optimere vi p\u00e5 temperaturen?<\/a><\/span><\/h3>\r\n<h3><span style=\"color: #000000;\"><a style=\"color: #000000;\" href=\"https:\/\/www.vokv.dk\/?page_id=4818\">Gode r\u00e5d til en lavere varmeregning.<\/a><\/span><\/h3>\r\n<h3><span style=\"color: #000000;\"><a style=\"color: #000000;\" href=\"https:\/\/www.vokv.dk\/?page_id=52\">Selvbetjening, <span style=\"font-size: 18pt;\">forbrug<\/span> og overblik.<\/a><\/span><\/h3>\r\n<h3><span style=\"color: #000000;\"><a style=\"color: #000000;\" href=\"https:\/\/www.vokv.dk\/?page_id=3170\">Sp\u00f8rgsm\u00e5l og svar 2025.<\/a><\/span><\/h3>\r\n<h3><span style=\"color: #000000;\"><a style=\"color: #000000;\" href=\"https:\/\/www.vokv.dk\/?page_id=5612\">Prisblad g\u00e6ldende pr. 1. juli 2025<\/a><\/span><\/h3>\r\n<h3><span style=\"font-size: 18pt; color: #000000;\"><a style=\"color: #000000;\" href=\"http:\/\/www.vokv.dk\/?page_id=826\">S\u00e5dan f\u00e5r du fjernvarme.<\/a><\/span><\/h3>\r\n<h3><span style=\"color: #000000;\"><a style=\"color: #000000;\" href=\"https:\/\/www.borger.dk\/pension-og-efterloen\/tillaeg-til-folke--og-foertidspension\/folkepension-varmetillaeg\" target=\"_blank\" rel=\"noopener\">Se her om du <span style=\"font-size: 18pt;\">kan<\/span> f\u00e5 hj\u00e6lp til din varmeregning.\u00a0<\/a><\/span><\/h3>\r\n<h3><span style=\"font-size: 18pt; color: #000000;\"><a style=\"color: #000000;\" href=\"https:\/\/www.xn--grnfjernvarme-cnb.nu\/\" target=\"_blank\" rel=\"noopener noreferrer\">Information om gr\u00f8n fjernvarme.<\/a>\u00a0<\/span><\/h3>\r\n<p><a href=\"http:\/\/www.danskfjernvarme.dk\/\" target=\"_blank\" rel=\"attachment wp-att-98 noopener noreferrer\"><img loading=\"lazy\" decoding=\"async\" class=\"alignnone\" src=\"http:\/\/www.vokv.dk\/wp-content\/uploads\/2017\/06\/Dans_-fjernvarme_logo_edited-1-300x95.png\" alt=\"\" width=\"152\" height=\"51\" \/><\/a><\/p>\r\n","protected":false},"excerpt":{"rendered":"<p>Vi \u00f8nsker godt Nyt\u00e5r &nbsp; &nbsp; &nbsp; \u00a0 Vi indf\u00f8re motivationstarif\u00a0 pr. 1. juli 2025. Hvorfor optimere vi p\u00e5 temperaturen? Gode r\u00e5d til en lavere varmeregning. Selvbetjening, forbrug og overblik. Sp\u00f8rgsm\u00e5l og svar 2025. Prisblad g\u00e6ldende pr. 1. juli 2025 <span class=\"excerpt-dots\">&hellip;<\/span> <a class=\"more-link\" href=\"https:\/\/www.vokv.dk\/?p=5581\"><span class=\"more-msg\">L\u00e6s mere her:<\/span><\/a><\/p>\n","protected":false},"author":2,"featured_media":0,"parent":0,"menu_order":0,"comment_status":"closed","ping_status":"closed","template":"","meta":{"footnotes":""},"folder":[24],"class_list":["post-26","page","type-page","status-publish","hentry"],"_links":{"self":[{"href":"https:\/\/www.vokv.dk\/index.php?rest_route=\/wp\/v2\/pages\/26","targetHints":{"allow":["GET"]}}],"collection":[{"href":"https:\/\/www.vokv.dk\/index.php?rest_route=\/wp\/v2\/pages"}],"about":[{"href":"https:\/\/www.vokv.dk\/index.php?rest_route=\/wp\/v2\/types\/page"}],"author":[{"embeddable":true,"href":"https:\/\/www.vokv.dk\/index.php?rest_route=\/wp\/v2\/users\/2"}],"replies":[{"embeddable":true,"href":"https:\/\/www.vokv.dk\/index.php?rest_route=%2Fwp%2Fv2%2Fcomments&post=26"}],"version-history":[{"count":34,"href":"https:\/\/www.vokv.dk\/index.php?rest_route=\/wp\/v2\/pages\/26\/revisions"}],"predecessor-version":[{"id":5738,"href":"https:\/\/www.vokv.dk\/index.php?rest_route=\/wp\/v2\/pages\/26\/revisions\/5738"}],"wp:attachment":[{"href":"https:\/\/www.vokv.dk\/index.php?rest_route=%2Fwp%2Fv2%2Fmedia&parent=26"}],"wp:term":[{"taxonomy":"folder","embeddable":true,"href":"https:\/\/www.vokv.dk\/index.php?rest_route=%2Fwp%2Fv2%2Ffolder&post=26"}],"curies":[{"name":"wp","href":"https:\/\/api.w.org\/{rel}","templated":true}]}}