{"id":2408,"date":"2019-11-08T16:33:09","date_gmt":"2019-11-08T15:33:09","guid":{"rendered":"https:\/\/www.vokv.dk\/?page_id=2408"},"modified":"2023-07-03T23:13:13","modified_gmt":"2023-07-03T21:13:13","slug":"generalforsamling-2019-formandens-beretning","status":"publish","type":"page","link":"https:\/\/www.vokv.dk\/?page_id=2408","title":{"rendered":"Generalforsamling 2019 Formandens beretning"},"content":{"rendered":"<h2>Generalforsamling den 24 .10 2019 &#8211; Formandens beretning<\/h2>\n<p>Det er lidt en blandet forn\u00f8jelse at st\u00e5 og af-rapporterer det forgangne \u00e5r for jer. P\u00e5 den ene side, s\u00e5 kan jeg berettet om et \u00e5r, hvor alle de planer vi har lagt, viser sig at ramme helt plet \u2013 p\u00e5 den anden side, st\u00e5r jeg for f\u00f8rste gang og skal holde en beretning, efter vi sat prisen op.<\/p>\n<p>Da bestyrelsen for snart 5-6 \u00e5r siden satte sig ned, og t\u00e6nkte de f\u00f8rste tanker om hvordan vi kan im\u00f8deg\u00e5 grundbel\u00f8bets bortfald.\u00a0 Der blev iv\u00e6rksat 3 hovedprojekter. 1) tilkobling af forbrugere i det eksisterende omr\u00e5der 2) Tilkobling af forbrugerne i Haslund og 3) etablering af solvarmeprojekt. For alle 3 projekter kan vi konstatere at budgetterne holder, og priserne holder og de dermed har den \u00f8nskede effekt.<\/p>\n<p>Status p\u00e5 de 3 projekter er:<\/p>\n<p>Tilkobling af forbrugere i det gamle V\u00e6rum \u00d8rum omr\u00e5de. Vi har tilkoblet stort set alle indenfor forsyningsomr\u00e5det. Der er stadig nogen der ikke \u00f8nsker fjernvarme \u2013 ca. 25 stk. alt i alt. Og det f\u00e5r vi aldrig \u00e6ndret p\u00e5, f\u00f8r de p\u00e5g\u00e6ldende huse bliver solgt\/varmeenheden bryder ned eller lignende. Vi er derfor i m\u00e5l med det vi kan.<\/p>\n<p>Omkring Haslund, s\u00e5 bliver der tilkoblet flere og flere huse hele tiden. Vi havde h\u00e5bet p\u00e5, at vi kunne tilkoble de fleste i f\u00f8rste hug, men m\u00e5 erkende, at det i overvejende grad bliver enkelte husstande, der kommer p\u00e5. Vi har i dag ca. tilkoblet 50% af forbrugerne i Haslund, og over de n\u00e6ste par \u00e5r, vil det tal stige st\u00f8t. Der er ingen tvivl om, at den sag vi har pt. mod HMN gasselskabet, betyder, at nogle gerne vil se, at vi vinder den og der s\u00e5 kommer et st\u00f8rre ryk. Men det g\u00e5r ganske godt. Haslund projektet er med de tilkoblinger der er kommet allerede i dag selvfinansierende, s\u00e5 de nye tilkoblinger vil i overvejende grad, v\u00e6re overskud for f\u00e6llesskabet.<\/p>\n<p>Status p\u00e5 solvarmen er, at vi i disse dage g\u00e5r i gang med grave sokler, lave indk\u00f8rsel med videre og planen er, at hele projektet er f\u00e6rdig f\u00f8rst i det nye \u00e5r. Vi har f\u00e5et indhentet tilbud fra solide og pr\u00f8vede leverand\u00f8rer, s\u00e5 vi forventer at tingene kommer til at k\u00f8re efter planen. Det g\u00f8r det i hvert fald indtil nu. Vi har f\u00e5et et fantastisk tilbud p\u00e5 selve solfeltet, og derfor har vi udvidet solfeltet til det maksimale af, hvad vi kan. Til geng\u00e6ld er solfeltet fremtidssikret, og skal ikke udvides over tid. Det betyder ogs\u00e5, at vi kommer til at have en enorm overproduktion i de bedste sommerm\u00e5neder \u2013 men det har vi ogs\u00e5 en plan for.<\/p>\n<p>N\u00e5r alle det planlagte k\u00f8rer s\u00e5 godt, hvorfor er det s\u00e5, at priserne stiger i \u00e5r? Det er fordi projekterne ikke er f\u00e6rdiggjort hurtigt nok. Der er mange faktorer, der spiller ind &#8211; hele udbuds fasen har taget l\u00e6ngere tid end vi havde h\u00e5ber p\u00e5, myndigheds behandlingen af lokalplanen, har taget lang tid. Samtidig er tr\u00e6pillerne steget med n\u00e6sten 40% og alle forhold samlet \u2013 s\u00e5 g\u00f8r det, at vi kommer til at have et mellem \u00e5r, f\u00f8r besparelserne kommer til os.<\/p>\n<p>Vi regner alts\u00e5 stadig med en varmepris p\u00e5 10.500 kr. for et gennemsnits-hus men f\u00f8rst n\u00e5r solvarmen er etableret i starten af n\u00e6ste \u00e5r. Men det er stort set alle der har pris stigninger i \u00e5r, fordi i \u00e5r er det f\u00f8rste \u00e5r, hvor grundbel\u00f8bet sl\u00e5r fuldt igennem. Vi har som v\u00e6rk mistet et grundbel\u00f8b p\u00e5 1,7 mio. svarende til en prisstigning p\u00e5 10.000 kr. for det gamle VOKV. Dvs. vores pris ville have ligget i omegnen af 22.000 pr \u00e5r \u2013 hvis vi ikke havde gjort noget omkring de tre projekter.<\/p>\n<p>Apropos priser, s\u00e5 har jeg lidt prissammenligninger til jer.<\/p>\n<table style=\"width: 75.9859%;\" width=\"634\">\n<tbody>\n<tr>\n<td style=\"width: 31.9115%;\" width=\"258\">standardhus p\u00e5 130 m2 og et varmeforbrug p\u00e5 18,1 mwh<\/td>\n<td style=\"width: 62.0848%;\" width=\"291\">\u00a0<a href=\"https:\/\/forsyningstilsynet.dk\/media\/6608\/prisstatistikken.pdf\" target=\"_blank\" rel=\"noopener noreferrer\">https:\/\/forsyningstilsynet.dk\/media\/6608\/prisstatistikken.pdf\u00a0<\/a><\/td>\n<\/tr>\n<\/tbody>\n<\/table>\n<p>&nbsp;<\/p>\n<table style=\"height: 226px; width: 78.6578%; border-style: solid;\" width=\"81.8703%\">\n<tbody>\n<tr style=\"height: 63px;\">\n<td style=\"width: 1.66389%; height: 63px;\" width=\"63\">\n<p style=\"text-align: center;\"><strong>\u00a0Opvarmningsform Fjernvarme<\/strong><\/p>\n<\/td>\n<td style=\"width: 32.9363%; height: 63px;\" width=\"76\">\n<p style=\"text-align: center;\"><strong>\u00a0V\u00e6rum \u00d8rum<\/strong><\/p>\n<\/td>\n<td style=\"width: 32.9158%; height: 63px;\" width=\"96\">\n<p style=\"text-align: center;\"><strong>\u00a0Lang\u00e5 varmev\u00e6rk<\/strong><\/p>\n<\/td>\n<td style=\"width: 24.9373%; height: 63px;\" width=\"65\">\n<p style=\"text-align: center;\"><strong>\u00a0Verdo<\/strong><\/p>\n<\/td>\n<\/tr>\n<tr style=\"height: 45px;\">\n<td style=\"width: 1.66389%; height: 45px;\" width=\"63\">\u00a0faste priser<\/td>\n<td style=\"width: 32.9363%; height: 45px; text-align: center;\" width=\"76\">\u00a01.831<\/td>\n<td style=\"width: 32.9158%; height: 45px; text-align: center;\" width=\"96\">\u00a05.277<\/td>\n<td style=\"width: 24.9373%; height: 45px; text-align: center;\" width=\"65\">\u00a02.694<\/td>\n<\/tr>\n<tr style=\"height: 43px;\">\n<td style=\"width: 1.66389%; height: 43px;\" width=\"63\">\u00a0varmepris<\/td>\n<td style=\"width: 32.9363%; height: 43px; text-align: center;\" width=\"76\">10.751<\/td>\n<td style=\"width: 32.9158%; height: 43px; text-align: center;\" width=\"96\">10.751<\/td>\n<td style=\"width: 24.9373%; height: 43px; text-align: center;\" width=\"65\">\u00a08.960<\/td>\n<\/tr>\n<tr style=\"height: 43px;\">\n<td style=\"width: 1.66389%; height: 43px;\" width=\"63\">\u00a0samlet pris<\/td>\n<td style=\"width: 32.9363%; height: 43px; text-align: center;\" width=\"76\">12.582<\/td>\n<td style=\"width: 32.9158%; height: 43px; text-align: center;\" width=\"96\">16.028<\/td>\n<td style=\"width: 24.9373%; height: 43px; text-align: center;\" width=\"65\">11.653<\/td>\n<\/tr>\n<\/tbody>\n<\/table>\n<p>&nbsp;<\/p>\n<table width=\"752\">\n<tbody>\n<tr>\n<td width=\"125\"><strong>Opvarmningsform<\/strong><\/td>\n<td width=\"95\"><strong>Anskaffelsespris<\/strong><\/td>\n<td width=\"83\"><strong>Energipris brutto<\/strong><\/td>\n<td width=\"68\"><strong>\u00c5rligt forbrug<\/strong><\/td>\n<td width=\"97\"><strong>Varme- udgift kr.\/\u00e5r<\/strong><\/td>\n<td width=\"81\"><strong>Afskrivning kr.\/\u00e5r<\/strong><\/td>\n<td width=\"68\"><strong>Drift og service \/ \u00e5r<\/strong><\/td>\n<td width=\"135\"><strong>Varmeudgift p\u00e5 10 \u00e5r<\/strong><\/td>\n<\/tr>\n<tr>\n<td width=\"125\">Tr\u00e6pillefyr (1)<\/td>\n<td width=\"95\">Fra 35.000 kr.<\/td>\n<td width=\"83\">2,10 kr.\/kg<\/td>\n<td width=\"68\">3.715 kg<\/td>\n<td width=\"97\">7.800 kr.<\/td>\n<td width=\"81\">2.842<\/td>\n<td width=\"68\">3.500 kr.<\/td>\n<td width=\"135\">141.420 kr.<\/td>\n<\/tr>\n<tr>\n<td width=\"125\">Br\u00e6ndeovn (2)<\/td>\n<td width=\"95\">8.000- 25.000 kr.<\/td>\n<td width=\"83\">1,92 kr.\/kg<\/td>\n<td width=\"68\">4.525 kg<\/td>\n<td width=\"97\">8.685 kr.<\/td>\n<td width=\"81\">527-1648<\/td>\n<td width=\"68\">1.000 kr.<\/td>\n<td width=\"135\">102.120- 113.330 kr.<\/td>\n<\/tr>\n<tr>\n<td width=\"125\">Luft til luft varmepumpe (4)<\/td>\n<td width=\"95\">15.000- 20.000 kr.<\/td>\n<td width=\"83\">1,42 kr.\/kWh<\/td>\n<td width=\"68\">3.620 kWh<\/td>\n<td width=\"97\">5.140 kr.<\/td>\n<td width=\"81\">1.218-1.624<\/td>\n<td width=\"68\">1.300 kr.<\/td>\n<td width=\"135\">75.136- 79.196 kr.<\/td>\n<\/tr>\n<tr>\n<td width=\"125\">Luft til vand varmepumpe (5)<\/td>\n<td width=\"95\">75.000- 110.000 kr.<\/td>\n<td width=\"83\">1,42 kr.\/kWh<\/td>\n<td width=\"68\">5.170 kWh<\/td>\n<td width=\"97\">7.341 kr.<\/td>\n<td width=\"81\">6.090-8.932<\/td>\n<td width=\"68\">1.700 kr.<\/td>\n<td width=\"135\">151.310- 179.730 kr.<\/td>\n<\/tr>\n<tr>\n<td width=\"125\">Jord til vand varmepumpe (6)<\/td>\n<td width=\"95\">110.000- 140.000 kr.<\/td>\n<td width=\"83\">1,42 kr.\/kWh<\/td>\n<td width=\"68\">4.525 kWh<\/td>\n<td width=\"97\">6.425 kr.<\/td>\n<td width=\"81\">7.250-9.228<\/td>\n<td width=\"68\">1.700 kr.<\/td>\n<td width=\"135\">153.750- 173.530 kr.<\/td>\n<\/tr>\n<tr>\n<td width=\"125\">Nyt naturgasfyr (7)<\/td>\n<td width=\"95\">40.000- 50.000 kr.<\/td>\n<td width=\"83\">7,97 kr.\/m3<\/td>\n<td width=\"68\">1.630 m3<\/td>\n<td width=\"97\">12.991 kr.<\/td>\n<td width=\"81\">2.637-3.296<\/td>\n<td width=\"68\">1.600 kr.<\/td>\n<td width=\"135\">165.980- 182.570 kr.<\/td>\n<\/tr>\n<tr>\n<td width=\"125\">Nyt oliefyr (8)<\/td>\n<td width=\"95\">35.000- 50.000 kr.<\/td>\n<td width=\"83\">10 kr.\/l<\/td>\n<td width=\"68\">1.880 liter<\/td>\n<td width=\"97\">18.800 kr.<\/td>\n<td width=\"81\">2.307-3.296<\/td>\n<td width=\"68\">1.200 kr.<\/td>\n<td width=\"135\">223.070- 232.960 kr.<\/td>\n<\/tr>\n<tr>\n<td width=\"125\">Gammelt oliefyr (9)<\/td>\n<td width=\"95\">0 kr.<\/td>\n<td width=\"83\">10 kr.\/l<\/td>\n<td width=\"68\">2.420 liter<\/td>\n<td width=\"97\">24.200 kr.<\/td>\n<td width=\"81\">0<\/td>\n<td width=\"68\">1.200 kr.<\/td>\n<td width=\"135\">254.000 kr.<\/td>\n<\/tr>\n<tr>\n<td width=\"125\">Gammel el-radiator (10)<\/td>\n<td width=\"95\">0 kr.<\/td>\n<td width=\"83\">1,42 kr.\/kWh<\/td>\n<td width=\"68\">18,1 MWh<\/td>\n<td width=\"97\">25.702 kr.<\/td>\n<td width=\"81\">0<\/td>\n<td width=\"68\">0 kr.<\/td>\n<td width=\"135\">257.020 kr.<\/td>\n<\/tr>\n<\/tbody>\n<\/table>\n<p>&nbsp;<\/p>\n<p>S\u00e5 selvom vi har stigende priser, er vi stadig i den billige ende. Vi ligger p\u00e5 132. pladsen af de billigste v\u00e6rker pt. ud af 389. men vi ligger solidt foran i en midter-klump, af v\u00e6rker, hvor prisen ligger fra 11.500-13.800 som samlet set udg\u00f8r 60% af de samlede v\u00e6rker. S\u00e5 set isoleret p\u00e5 dette \u00e5rs varmepris, skal vi absolut ikke skamme os, men derfor vil vi alle sammen gerne l\u00e6ngere ned, og det kommer vi ogs\u00e5.<\/p>\n<p>Bestyrelsen har med vanlig energi kastet os over 2 nye projekter. Vi har egentlig ikke planlagt andet end, at g\u00f8re de 3 f\u00f8rste projekter f\u00e6rdigt, men der er sket ting omkring os, der har betydet, at vi m\u00e5tte reagere. Verdo lagde et projektforslag ind til kommunen i marts\/april m\u00e5ned. I det projektforslag, ville Verdo konvertere gas i industriomr\u00e5det bag Haslund til Fjernvarme. Der synes vi, at skal der fjernvarme til det omr\u00e5de, s\u00e5 skal det leveres af os. Verdo er p\u00e5 den forkerte side af E45, og det er jo lige i Haslunds baghave. Vi fik derfor sendt et projektforslag afsted. Kommunen godkendte endda, at vi blev lidt forsinkede og ventede p\u00e5 modtaglesen af vores forslag, da de vidste \u201dat V\u00e6rum \u00d8rum p\u00e5 sigt er et billigere alternativ end Verdo\u201d. Det syntes jeg faktisk er noget af et udsagn, som jeg er meget stolt over. Kommunen behandler dette forslag, og vi m\u00e5 forvente en strid kamp med Gas selskabet over tid, da omr\u00e5der faktisk er 3 gange s\u00e5 stort, som vores nuv\u00e6rende omr\u00e5de \u2013 med fuld tilslutning. Til sammenligning producere vi dag 7500 mwh, og der skal leveres ca. 64.000 mwh til industriomr\u00e5det. S\u00e5 det er en ordentlig mundfuld \u2013 og der er ogs\u00e5 en lang tidshorisont p\u00e5 det \u2013 og bare rolig inden projektet vil skulle startes op, vil vi orientere l\u00f8bende om projektet, s\u00e5 forbrugerne kan sige ja eller nej over tid. Vi g\u00f8r det selvf\u00f8lgelig kun, hvis det er en god forretning for v\u00e6rket. Projektforslaget viser dog, at vi kan tjene rigtig godt p\u00e5 vores investering, hvis vi g\u00f8r det.<\/p>\n<p>Det andet nye projekt, er et projekt om at l\u00e6gge en ledning til Laurbjerg og s\u00e6lge overskydende solvarme, indtil vi selv kan bruge al solvarmen. I stedet for at bl\u00e6nde dele af feltet af i de mest solrige m\u00e5neder, kunne det v\u00e6re fint, hvis vi kunne sende vores vand til Laurbjerg, der s\u00e5 kan bruge det i deres varmepumpe, de er ved at s\u00e6tte op. Om det bliver til noget ved vi ikke endnu, vi er stadig ikke g\u00e5et i gang med screeningen, som Ramb\u00f8ll skal lave. Men jeg tror det er vigtigt, at vise at to fjernvarme v\u00e6rker sagtens kan arbejde sammen om s\u00e5danne ting, til gavn for alle.<\/p>\n<p>Det er jo frygtelig mange projekter vi har sat i gang og som vi vil s\u00e6tte i gang. Det har indtil videre kostet omkring 1 mio. kr. i r\u00e5dgiver honorar, og vi ender nok med 1,3 mio. i r\u00e5dgiver honorar. Det er heldigvis ikke noget varmev\u00e6rket selv betaler for. vi er nemlig med i REFER projektet, som er et projekt regionmidt k\u00f8rer, hvor man har s\u00f8gt st\u00f8ttekroner i EU til den gr\u00f8nne omstilling. Vi er med i projektet og jeg er med i styregruppen p\u00e5 5 mennesker, som er med til at sikre, at vi anvender midlerne korrekt og sikrer mest mulig gr\u00f8n omstilling for pengene. I alt er vi 29 v\u00e6rker der er g\u00e5et med, og samlet set, kan v\u00e6rker f\u00e5 andel i 28 mio. kr. st\u00f8tte, mod at igangs\u00e6tte gr\u00f8nomstilling for mere end 500 mio. kr.<\/p>\n<p>Jeg synes det er fedt, for at lille v\u00e6rk som vores, at vi p\u00e5 den m\u00e5de kan f\u00e5 igangsat nogle store r\u00e5dgivningsopgaver, uden selv at skulle betale for det. Personligt synes jeg ogs\u00e5 det er en sp\u00e6ndende opgave, at v\u00e6re med i den helt store skala, omkring udvikling af fjernvarmen. Det g\u00f8r ogs\u00e5 at v\u00e6rket komme t\u00e6ttere p\u00e5 andre og store spillere, og dermed kan holde sig ajour med, hvad vi skal g\u00f8re, for fremadrettet at g\u00f8re tingene endnu bedre.<\/p>\n<p>Til sidst vil jeg gerne takke vores varmemester og administrationen for et godt \u00e5r. Hans J\u00f8rgen er godt nok taget til fjernvarme konference i dag. Jeg vil ogs\u00e5 gerne takke revisor for godt og solidt arbejde i \u00e5ret \u2013 og ikke mindst tak til bestyrelsen for jeres arbejde, og jeres indsats.<\/p>\n<p>Tak for ordet.<\/p>\n<p>Morten B\u00f8hm, Formand<\/p>\n","protected":false},"excerpt":{"rendered":"<p>Generalforsamling den 24 .10 2019 &#8211; Formandens beretning Det er lidt en blandet forn\u00f8jelse at st\u00e5 og af-rapporterer det forgangne \u00e5r for jer. P\u00e5 den ene side, s\u00e5 kan jeg berettet om et \u00e5r, hvor alle de planer vi har <span class=\"excerpt-dots\">&hellip;<\/span> <a class=\"more-link\" href=\"https:\/\/www.vokv.dk\/?page_id=2408\"><span class=\"more-msg\">L\u00e6s mere her:<\/span><\/a><\/p>\n","protected":false},"author":2,"featured_media":0,"parent":8,"menu_order":0,"comment_status":"closed","ping_status":"closed","template":"","meta":{"footnotes":""},"folder":[8],"class_list":["post-2408","page","type-page","status-publish","hentry"],"_links":{"self":[{"href":"https:\/\/www.vokv.dk\/index.php?rest_route=\/wp\/v2\/pages\/2408","targetHints":{"allow":["GET"]}}],"collection":[{"href":"https:\/\/www.vokv.dk\/index.php?rest_route=\/wp\/v2\/pages"}],"about":[{"href":"https:\/\/www.vokv.dk\/index.php?rest_route=\/wp\/v2\/types\/page"}],"author":[{"embeddable":true,"href":"https:\/\/www.vokv.dk\/index.php?rest_route=\/wp\/v2\/users\/2"}],"replies":[{"embeddable":true,"href":"https:\/\/www.vokv.dk\/index.php?rest_route=%2Fwp%2Fv2%2Fcomments&post=2408"}],"version-history":[{"count":0,"href":"https:\/\/www.vokv.dk\/index.php?rest_route=\/wp\/v2\/pages\/2408\/revisions"}],"up":[{"embeddable":true,"href":"https:\/\/www.vokv.dk\/index.php?rest_route=\/wp\/v2\/pages\/8"}],"wp:attachment":[{"href":"https:\/\/www.vokv.dk\/index.php?rest_route=%2Fwp%2Fv2%2Fmedia&parent=2408"}],"wp:term":[{"taxonomy":"folder","embeddable":true,"href":"https:\/\/www.vokv.dk\/index.php?rest_route=%2Fwp%2Fv2%2Ffolder&post=2408"}],"curies":[{"name":"wp","href":"https:\/\/api.w.org\/{rel}","templated":true}]}}