{"id":2227,"date":"2019-10-19T17:31:00","date_gmt":"2019-10-19T15:31:00","guid":{"rendered":"https:\/\/www.vokv.dk\/?page_id=2227"},"modified":"2025-10-03T15:10:49","modified_gmt":"2025-10-03T13:10:49","slug":"regnskab-ny","status":"publish","type":"page","link":"https:\/\/www.vokv.dk\/?page_id=2227","title":{"rendered":"Regnskab"},"content":{"rendered":"<h3>Regnskab:<\/h3>\n<p><a href=\"https:\/\/www.vokv.dk\/wp-content\/uploads\/2025\/10\/2024-25_-_Vaerum_-_Oerum_Kraftvarmevaerk_AmbA_-_aarsrapport.pdf\" target=\"_blank\" rel=\"noopener\">2024-25 &#8211; V\u00e6rum-\u00d8rum Kraftvarmev\u00e6rk &#8211; \u00c5rsrapport<\/a><\/p>\n<p><a href=\"https:\/\/www.vokv.dk\/wp-content\/uploads\/2024\/10\/2023-24-Vaerum-Oerum-Kraftvarmevaerk-AmbA-aarsrapport.pdf\" target=\"_blank\" rel=\"noopener\">2023 &#8211; 24 &#8211; V\u00e6rum-\u00d8rum Kraftvarmev\u00e6rk &#8211; \u00c5rsrapport<\/a><\/p>\n<p><a href=\"https:\/\/www.vokv.dk\/wp-content\/uploads\/2023\/10\/2022-23-Vaerum-Oerum-Kraftvarmevaerk-AmbA-aarsrapport.pdf\" target=\"_blank\" rel=\"noopener\">2022 &#8211; 23 &#8211; V\u00e6rum-\u00d8rum Kraftvarmev\u00e6rk &#8211; \u00c5rsrapport<\/a><\/p>\n<p><a href=\"https:\/\/www.vokv.dk\/wp-content\/uploads\/2022\/10\/2021-22_-_Vaerum-Oerum_Kraftvarmevaerk_AmbA_-_aarsrapport.pdf\" target=\"_blank\" rel=\"noopener\">2021 &#8211; 22 &#8211; V\u00e6rum-\u00d8rum Kraftvarmev\u00e6rk &#8211; \u00c5rsrapport<\/a><\/p>\n<p><a href=\"https:\/\/www.vokv.dk\/?page_id=574\"><strong>Gemte regnskaber<\/strong><\/a><\/p>\n","protected":false},"excerpt":{"rendered":"<p>Regnskab: 2024-25 &#8211; V\u00e6rum-\u00d8rum Kraftvarmev\u00e6rk &#8211; \u00c5rsrapport 2023 &#8211; 24 &#8211; V\u00e6rum-\u00d8rum Kraftvarmev\u00e6rk &#8211; \u00c5rsrapport 2022 &#8211; 23 &#8211; V\u00e6rum-\u00d8rum Kraftvarmev\u00e6rk &#8211; \u00c5rsrapport 2021 &#8211; 22 &#8211; V\u00e6rum-\u00d8rum Kraftvarmev\u00e6rk &#8211; \u00c5rsrapport Gemte regnskaber<\/p>\n <a class=\"more-link\" href=\"https:\/\/www.vokv.dk\/?page_id=2227\"><span class=\"more-msg\">L\u00e6s mere her:<\/span><\/a>","protected":false},"author":2,"featured_media":0,"parent":8,"menu_order":0,"comment_status":"closed","ping_status":"closed","template":"","meta":{"footnotes":""},"folder":[49],"class_list":["post-2227","page","type-page","status-publish","hentry"],"_links":{"self":[{"href":"https:\/\/www.vokv.dk\/index.php?rest_route=\/wp\/v2\/pages\/2227","targetHints":{"allow":["GET"]}}],"collection":[{"href":"https:\/\/www.vokv.dk\/index.php?rest_route=\/wp\/v2\/pages"}],"about":[{"href":"https:\/\/www.vokv.dk\/index.php?rest_route=\/wp\/v2\/types\/page"}],"author":[{"embeddable":true,"href":"https:\/\/www.vokv.dk\/index.php?rest_route=\/wp\/v2\/users\/2"}],"replies":[{"embeddable":true,"href":"https:\/\/www.vokv.dk\/index.php?rest_route=%2Fwp%2Fv2%2Fcomments&post=2227"}],"version-history":[{"count":5,"href":"https:\/\/www.vokv.dk\/index.php?rest_route=\/wp\/v2\/pages\/2227\/revisions"}],"predecessor-version":[{"id":5715,"href":"https:\/\/www.vokv.dk\/index.php?rest_route=\/wp\/v2\/pages\/2227\/revisions\/5715"}],"up":[{"embeddable":true,"href":"https:\/\/www.vokv.dk\/index.php?rest_route=\/wp\/v2\/pages\/8"}],"wp:attachment":[{"href":"https:\/\/www.vokv.dk\/index.php?rest_route=%2Fwp%2Fv2%2Fmedia&parent=2227"}],"wp:term":[{"taxonomy":"folder","embeddable":true,"href":"https:\/\/www.vokv.dk\/index.php?rest_route=%2Fwp%2Fv2%2Ffolder&post=2227"}],"curies":[{"name":"wp","href":"https:\/\/api.w.org\/{rel}","templated":true}]}}