{"id":19,"date":"2016-03-29T15:28:19","date_gmt":"2016-03-29T13:28:19","guid":{"rendered":"http:\/\/www.vokv.dk\/?page_id=19"},"modified":"2023-07-03T23:23:27","modified_gmt":"2023-07-03T21:23:27","slug":"19-2","status":"publish","type":"page","link":"https:\/\/www.vokv.dk\/?page_id=19","title":{"rendered":"Generalforsamling 28\/10 2014"},"content":{"rendered":"<h4>Generalforsamling 28\/10 2014<\/h4>\n<p>I Jebjerg forsamlingshus, fremm\u00f8dt 28 stemmeberettigede andelshavere.<\/p>\n<p>Der serveres kaffe, the og boller m. p\u00e5l\u00e6g.<\/p>\n<ol>\n<li>Valg af dirigent: S\u00f8ren Nielsen, fra V\u00e6th, er valgt.<\/li>\n<\/ol>\n<ul>\n<li><em>Konstaterede at generalforsamlingen er lovligt varslet.<\/em><\/li>\n<\/ul>\n<p><em>\u00a0<\/em><\/p>\n<ol start=\"2\">\n<li>Formandens beretning, <a href=\"http:\/\/www.vokv.dk\/?page_id=19#beretning\"><span style=\"text-decoration: underline; color: #000080;\"><strong><span style=\"color: #0066cc;\">se\u00a0her<\/span><\/strong><\/span><\/a><\/li>\n<\/ol>\n<ul>\n<li><em>Ingen kommentarer\/sp\u00f8rgsm\u00e5l til beretningen, godkendt!<\/em><\/li>\n<\/ul>\n<p><em>\u00a0<\/em><\/p>\n<ol start=\"3\">\n<li>Revideret \u00e5rsregnskab freml\u00e6gges og godkendes.<\/li>\n<\/ol>\n<ul>\n<li><em>Regnskabet blev godkendt!<\/em><\/li>\n<\/ul>\n<p><em>\u00a0<\/em><\/p>\n<ol start=\"4\">\n<li>Forslag fra bestyrelsen:<\/li>\n<\/ol>\n<ul>\n<li><em>Der er ingen forslag.<\/em><\/li>\n<\/ul>\n<p><em>\u00a0<\/em><\/p>\n<ol start=\"5\">\n<li>Indkomne forslag:<\/li>\n<\/ol>\n<ul>\n<li><em>Bestyrelsen har ikke modtaget forslag!<\/em><\/li>\n<\/ul>\n<p><em>\u00a0<\/em><\/p>\n<ol start=\"6\">\n<li>Budget for indev\u00e6rende drifts-\u00e5r freml\u00e6gges for godkendelse: Godkendt!<\/li>\n<\/ol>\n<ol start=\"7\">\n<li>Valg af bestyrelsesmedlemmer, p\u00e5 valg er: Morten B\u00f8hm\u00a0\u00a0\u00a0\u00a0\u00a0\u00a0\u00a0\u00a0\u00a0\u00a0\u00a0\u00a0\u00a0\u00a0\u00a0\u00a0\u00a0\u00a0\u00a0\u00a0 Genvalgt,\u00a0 Hanne Gregersen\u00a0\u00a0\u00a0\u00a0\u00a0\u00a0\u00a0\u00a0\u00a0\u00a0\u00a0\u00a0\u00a0\u00a0 Genvalgt<\/li>\n<\/ol>\n<ol start=\"8\">\n<li>Suppleant 1:\u00a0 Rene Koch Nielsen, Suppleant 2:\u00a0 Ingen<\/li>\n<\/ol>\n<ol start=\"9\">\n<li>Valg af revisor: Dansk revision Randers genvalgt!<\/li>\n<\/ol>\n<ol start=\"10\">\n<li>Eventuelt: Rasmus, genbo til v\u00e6rkets indk\u00f8rsel, p\u00e5pegede at lastbiler har problemer med at komme til\/fra s\u00e5 fortov og opsat mur rammes. Nabo til v\u00e6rket spurgte til mulighed for st\u00f8jd\u00e6mpning af slagge-snegl. Disse 2 punkter vil driften\/bestyrelsen se n\u00e6rmere p\u00e5.<\/li>\n<\/ol>\n<h4><u>\u00a0<\/u><\/h4>\n<p>&nbsp;<\/p>\n<p><strong><u>Konstituering:<\/u><\/strong><\/p>\n<p>Formand:\u00a0\u00a0\u00a0\u00a0\u00a0 Morten B\u00f8hm<\/p>\n<p>N\u00e6stfmd.:\u00a0\u00a0\u00a0\u00a0 Brian S\u00f8rensen<\/p>\n<p>Best. Medlemmer: S\u00f8ren Broch, Hanne Gregersen, Ole Bloch<\/p>\n<p>Suppleant: Rene Koch Nielsen<\/p>\n<p><u>Underskrifter<\/u><u><\/u><\/p>\n<p>&nbsp;<\/p>\n<p>.<a id=\"beretning\"><\/a><\/p>\n<h4>Formandens beretning oktober 2014<\/h4>\n<p>Velkommen<\/p>\n<p>Det forgangne \u00e5r, har v\u00e6ret lidt stille \u2013 ikke s\u00e5 mange udadvendte aktiviteter. Ikke fordi energien er v\u00e6k, men fordi det har handlet om konsolidering. I de sidste \u00e5r har vi sat rigtig mange ting i gang, og det handler om, at f\u00e5 de ting l\u00f8bet hjem \u2013 i stedet for at igangs\u00e6tte endnu mere nyt.<\/p>\n<p>Men selvom vi har konsolideret, er der stadig ting p\u00e5 vej, som vi arbejdet med.<\/p>\n<p>Men allerf\u00f8rst vil jeg snakke lidt om vores pris. For n\u00e5r alt kommer til alt, s\u00e5 kan vi s\u00e6tte mange sjove ting i gang, og have mange gode id\u00e9er \u2013 men i bund og grund handler alt om vores varmepris. Selvom vores revisor vil gennemg\u00e5 b\u00e5de regnskab og budget vil jeg give begge ting med p\u00e5 vejen.<\/p>\n<p>Ved sidste generalforsamling forsamling havde vi sat prisen ned p\u00e5 et gennemsnitshus med ca. 2.500 \u2013 denne gang er der lige udsendt regninger der viser, at prisen er sat yderligere ned med ca. 3.000 kr. og n\u00e5r dette regnskabs\u00e5r slutter 30. juni 2015 \u2013 kan vi s\u00e6tte prisen yderligere ca. 5.000 kr. ned.<\/p>\n<p>Det betyder, at vi snart kan se frem til en gennemsnitspris p\u00e5 14.500 kr. det er da meget fornuftigt, s\u00e5dan lidt p\u00e5 jysk. Faktisk er det fantastisk godt nyt. Med andre ord, er prisen faldet fra ca. 32000 i 2006 til 14.500 i 2015. ca. 17000 efter skat. alt efter indt\u00e6gt svarer det vel nogenlunde til 1-2 ekstra m\u00e5nedsl\u00f8nning efter skat. Det kan vi godt v\u00e6re bekendt.<\/p>\n<p>Eneste mislyd er, vel, at vi igen i \u00e5r, har lavet et enormt overskud. Det skyldes, at vi budgetterer konservativt, ud fra id\u00e9en om, at det er bedre at betale lidt tilbage i stedet for at efteropkr\u00e6ve penge. Den del skal vi holde op med, da det p\u00e5 sigt kan betyde, at vi skal betale skat. der er masser af muligheder for at undg\u00e5 det, s\u00e5 det skal vi self\u00f8lgelig. Men det kr\u00e6ver, at vi g\u00e5r lidt v\u00e6k for den forsigtige linje, som vi plejer at anl\u00e6gge i budgetfasen.<\/p>\n<p>Med pilefyret og de muligheder det har givet for optimering af driften, har vi sikret os fremtidsm\u00e6ssigt s\u00e5 godt som vi kan. Vi kan ikke gardere os mod politiske l\u00f8sninger, hvor vi skal betale h\u00f8jere afgifter end i dag. Men bortset fra det, er vi p\u00e5 forholdsvis sikker grund. Det betyder ogs\u00e5, at bestyrelsen nu har arbejdsro til at kigge fremad og arbejde strategisk med fremtiden uden hele tiden, at v\u00e6re bekymret for h\u00f8je priser.<\/p>\n<p>Vores fokus p\u00e5 den korte bane er:<\/p>\n<p><strong>Flere forbrugere<\/strong><\/p>\n<p>Igen i \u00e5r er der kommet 1 ny til. Men hvordan kommer der flere til? Hvem synes fjernvarme er interessant, og hvordan f\u00e5r vi til at v\u00e6lge fjernvarmen. Det eneste et varmev\u00e6rk kan tjene penge p\u00e5 er flere forbrugere, det er ogs\u00e5 det eneste der fremtidssikre v\u00e6rket, da flere forbrugere betyder at byrden fordeles p\u00e5 flere skuldre. s\u00e5 det er afg\u00f8rende, at vi p\u00e5 sigt bliver flere. Der er nogle oliefyrskunder der skal p\u00e5, dem er vi i forsigtig dialog med (af respekt for kommunal beslutning), men der er ogs\u00e5 br\u00e6ndefyr og pillefyr der er tilladt i dag, og som kan skifte til fjernvarme n\u00e5r fyret er slidt op. Det skal vi v\u00e6re klar til. Den bedste metode er billig varme over en l\u00e6ngere periode.<\/p>\n<p>Bedre udnyttelse af anl\u00e6gget.<\/p>\n<p><strong>Energi forbedringer er vejen frem. <\/strong><\/p>\n<p>Vi begynder snart at etablere energiforbedringer p\u00e5 v\u00e6rket, ligesom vi vil arbejde med automatisk trykstyring, s\u00e5 vi kan v\u00e6re leveringsdygtige n\u00e5r behovet er der, og kan neddrosle n\u00e5r der ikke er forbrug. Automatisk er n\u00f8gleordet her.<\/p>\n<p><strong>Udsendelse nyhedsbreve.<\/strong><\/p>\n<p>Vi skal i gang igen. Det har v\u00e6ret lidt for nedadg\u00e5ende p\u00e5 det sidste. Men det skyldes at der ikke er s\u00e5 meget nyt- alt k\u00f8rer super godt. Men det skal vi jo blive ved med at fort\u00e6lle jer.<\/p>\n<p>Vores fokus p\u00e5 den lange bane er:<\/p>\n<p><strong>Nye varmekilder<\/strong><\/p>\n<p>Kan vi\/m\u00e5 vi arbejde med nye varmekilder. Vi er beliggende p\u00e5 landet, med masser af landm\u00e6nd omkring os. Kan vi udnytte det ? og til hvad?<\/p>\n<p><strong>Udl\u00f8b af energi aftaler <\/strong><\/p>\n<p>om 5 \u00e5r udl\u00f8ber de aftaler omkring elpriser som der arbejdes med i dag. Vi skal arbejde med scenarier der g\u00f8r, at vi er forberedte p\u00e5 de ting der m\u00e5tte komme. Skal vi helt lukke ned for gas og elproduktion \u2013 skal vi forts\u00e6tte \u2013 hvilken teknologi er tilstede, n\u00e5r beslutninger skal tr\u00e6ffes.<\/p>\n<p>S\u00e5 selvom prisen er rigtig fin og driften er rigtig fin \u2013 s\u00e5 er der som I kan h\u00f8re stadig noget at se til. <strong>\u00a0<\/strong>Prisen betyder s\u00e5 bare, at vi har tid til at t\u00e6nke og grundigt om. Hvilket vel ikke er s\u00e5 ringe igen.<\/p>\n<p>Tak til bestyrelsen for endnu et godt \u00e5r-<\/p>\n","protected":false},"excerpt":{"rendered":"<p>Generalforsamling 28\/10 2014 I Jebjerg forsamlingshus, fremm\u00f8dt 28 stemmeberettigede andelshavere. Der serveres kaffe, the og boller m. p\u00e5l\u00e6g. Valg af dirigent: S\u00f8ren Nielsen, fra V\u00e6th, er valgt. Konstaterede at generalforsamlingen er lovligt varslet. \u00a0 Formandens beretning, se\u00a0her Ingen kommentarer\/sp\u00f8rgsm\u00e5l til <span class=\"excerpt-dots\">&hellip;<\/span> <a class=\"more-link\" href=\"https:\/\/www.vokv.dk\/?page_id=19\"><span class=\"more-msg\">L\u00e6s mere her:<\/span><\/a><\/p>\n","protected":false},"author":2,"featured_media":0,"parent":4371,"menu_order":2,"comment_status":"closed","ping_status":"closed","template":"","meta":{"footnotes":""},"folder":[8],"class_list":["post-19","page","type-page","status-publish","hentry"],"_links":{"self":[{"href":"https:\/\/www.vokv.dk\/index.php?rest_route=\/wp\/v2\/pages\/19","targetHints":{"allow":["GET"]}}],"collection":[{"href":"https:\/\/www.vokv.dk\/index.php?rest_route=\/wp\/v2\/pages"}],"about":[{"href":"https:\/\/www.vokv.dk\/index.php?rest_route=\/wp\/v2\/types\/page"}],"author":[{"embeddable":true,"href":"https:\/\/www.vokv.dk\/index.php?rest_route=\/wp\/v2\/users\/2"}],"replies":[{"embeddable":true,"href":"https:\/\/www.vokv.dk\/index.php?rest_route=%2Fwp%2Fv2%2Fcomments&post=19"}],"version-history":[{"count":0,"href":"https:\/\/www.vokv.dk\/index.php?rest_route=\/wp\/v2\/pages\/19\/revisions"}],"up":[{"embeddable":true,"href":"https:\/\/www.vokv.dk\/index.php?rest_route=\/wp\/v2\/pages\/4371"}],"wp:attachment":[{"href":"https:\/\/www.vokv.dk\/index.php?rest_route=%2Fwp%2Fv2%2Fmedia&parent=19"}],"wp:term":[{"taxonomy":"folder","embeddable":true,"href":"https:\/\/www.vokv.dk\/index.php?rest_route=%2Fwp%2Fv2%2Ffolder&post=19"}],"curies":[{"name":"wp","href":"https:\/\/api.w.org\/{rel}","templated":true}]}}