{"id":17,"date":"2016-03-29T15:26:22","date_gmt":"2016-03-29T13:26:22","guid":{"rendered":"http:\/\/www.vokv.dk\/?page_id=17"},"modified":"2023-07-03T23:22:53","modified_gmt":"2023-07-03T21:22:53","slug":"generalforsamling-2710-2015","status":"publish","type":"page","link":"https:\/\/www.vokv.dk\/?page_id=17","title":{"rendered":"Generalforsamling 27\/10 2015"},"content":{"rendered":"<h4>Generalforsamling 27\/10 2015<\/h4>\n<p>Fremm\u00f8dt 19 stemmeberettigede andelshavere, i V\u00e6rum forsamlingshus.<\/p>\n<p>Der serveres kaffe, the og boller m. p\u00e5l\u00e6g.<\/p>\n<ol>\n<li>Valg af dirigent: S\u00f8ren Nielsen, V\u00e6th<\/li>\n<\/ol>\n<ul>\n<li><em>Konstaterede at generalforsamlingen er lovligt varslet.<\/em><\/li>\n<\/ul>\n<p><em>&nbsp;<\/em><\/p>\n<ol start=\"2\">\n<li>Formandens beretning, <a href=\"http:\/\/www.vokv.dk\/?page_id=17#Beretning\"><span style=\"text-decoration: underline; color: #000080;\"><strong>Se&nbsp;<\/strong><\/span><span style=\"text-decoration: underline; color: #000080;\"><strong>her<\/strong><\/span><\/a><\/li>\n<\/ol>\n<ul>\n<li><em>Ingen kommentarer til beretningen, godkendt.<\/em><\/li>\n<\/ul>\n<p><em>&nbsp;<\/em><\/p>\n<ol start=\"3\">\n<li>Revideret \u00e5rsregnskab freml\u00e6gges og godkendes.<\/li>\n<\/ol>\n<ul>\n<li><em>Regnskabet blev fremlagt af Erik (Dansk revision) og godkendt.<\/em><\/li>\n<\/ul>\n<p><em>&nbsp;<\/em><\/p>\n<ol start=\"4\">\n<li>Forslag til investeringer fra bestyrelsen:<\/li>\n<\/ol>\n<ul>\n<li><em>Der er ingen forslag.<\/em><\/li>\n<\/ul>\n<p><em>&nbsp;<\/em><\/p>\n<ol start=\"5\">\n<li>Indkomne forslag:<\/li>\n<\/ol>\n<ul>\n<li><em>Bestyrelsen har ikke modtaget forslag.<\/em><\/li>\n<\/ul>\n<p><em>&nbsp;<\/em><\/p>\n<ol start=\"6\">\n<li>Budget for indev\u00e6rende drifts-\u00e5r freml\u00e6gges for godkendelse: Godkendt!<\/li>\n<\/ol>\n<ol start=\"7\">\n<li>Valg af bestyrelsesmedlemmer, p\u00e5 valg er: S\u00f8ren Broch:<\/li>\n<\/ol>\n<p>Brian S\u00f8rensen:&nbsp;&nbsp;&nbsp;&nbsp;&nbsp;&nbsp;&nbsp;&nbsp;&nbsp;&nbsp;&nbsp;&nbsp;&nbsp;&nbsp;&nbsp;&nbsp;&nbsp; Genvalgt.<\/p>\n<p>Ole Bloch:&nbsp;&nbsp;&nbsp;&nbsp;&nbsp;&nbsp;&nbsp;&nbsp;&nbsp;&nbsp;&nbsp;&nbsp;&nbsp;&nbsp;&nbsp;&nbsp;&nbsp;&nbsp;&nbsp;&nbsp;&nbsp;&nbsp;&nbsp;&nbsp;&nbsp;&nbsp; Genvalgt.<\/p>\n<ol start=\"8\">\n<li>Suppleant 1:&nbsp; Rene Koch Nielsen<\/li>\n<\/ol>\n<p>Suppleant 2:&nbsp; Ingen<\/p>\n<ol start=\"9\">\n<li>Valg af revisor: Dansk revision Randers genvalgt.<\/li>\n<\/ol>\n<ol start=\"10\">\n<li>Eventuelt: Ingen punkter herunder.<\/li>\n<\/ol>\n<p>&nbsp;<\/p>\n<h5><u>Konstituering:<\/u><\/h5>\n<p>Formand:&nbsp;&nbsp;&nbsp;&nbsp;&nbsp; &nbsp;&nbsp;&nbsp;&nbsp;&nbsp;&nbsp;&nbsp;&nbsp;&nbsp;&nbsp;&nbsp;&nbsp;&nbsp;&nbsp;&nbsp;&nbsp;&nbsp;&nbsp;&nbsp;&nbsp;&nbsp; Morten B\u00f8hm<\/p>\n<p>N\u00e6stfmd.:&nbsp;&nbsp;&nbsp;&nbsp; &nbsp;&nbsp;&nbsp;&nbsp;&nbsp;&nbsp;&nbsp;&nbsp;&nbsp;&nbsp;&nbsp;&nbsp;&nbsp;&nbsp;&nbsp;&nbsp;&nbsp;&nbsp;&nbsp;&nbsp;&nbsp; Brian S\u00f8rensen<\/p>\n<p>Best. Medlemmer:&nbsp;&nbsp;&nbsp;&nbsp;&nbsp;&nbsp;&nbsp;&nbsp;&nbsp;&nbsp;&nbsp;&nbsp; S\u00f8ren Broch, Hanne Gregersen, Ole Bloch<\/p>\n<p>Suppleant 1:&nbsp; &nbsp;&nbsp;&nbsp;&nbsp;&nbsp;&nbsp;&nbsp;&nbsp;&nbsp;&nbsp;&nbsp;&nbsp;&nbsp;&nbsp;&nbsp;&nbsp;&nbsp;&nbsp;&nbsp;&nbsp;&nbsp; Rene Krogh Nielsen<\/p>\n<p>Suppleant 2: &nbsp;&nbsp;&nbsp;&nbsp;&nbsp;&nbsp;&nbsp;&nbsp;&nbsp;&nbsp;&nbsp;&nbsp;&nbsp;&nbsp;&nbsp;&nbsp;&nbsp;&nbsp;&nbsp;&nbsp;&nbsp;&nbsp; Ingen.<\/p>\n<p><u>Underskrifter:<\/u><\/p>\n<p>.<a id=\"Beretning\"><\/a><\/p>\n<h4>Formandens beretning 2015<\/h4>\n<p>Jeg har gl\u00e6det mig rigtig meget til denne beretning. Faktisk har jeg gl\u00e6det mig i flere \u00e5r lige til i aften. Det handler selvf\u00f8lgelig om at vi i \u00e5r har f\u00e6rdigbetalt vores etableringsl\u00e5n, og at vi dermed er f\u00e6rdige med en af de st\u00f8rste \u00f8konomiske poster i regnskabet. Jeg ved godt at denne beretning skal handle om det foreg\u00e5ende \u00e5r, i stedet for det regnskabs\u00e5r vi er godt i gang med \u2013 men det skal ikke afholde mig fra at gl\u00e6de mig over at etableringsl\u00e5net nu er v\u00e6k \u2026\u2026<\/p>\n<p>Det betyder ogs\u00e5, at vi i det budget i bliver bedt om at godkende under et af de n\u00e6ste punkter, betyder, at et gennemsnitshus i vores varmeomr\u00e5de betaler i snit ca. 13.500 kr.<\/p>\n<p>Jeg bruger normalt ikke tid p\u00e5 at snakke om andre v\u00e6rker, eller sammenligne med andre v\u00e6rker. Vi har s\u00e5dan set rigeligt i at holde \u00f8je med os selv. Men fakta er, at vi ligger v\u00e6sentlig under gennemsnittet i Danmark og markant bedre end andre varmev\u00e6rker i omr\u00e5det. Sammenligner vi med mindre v\u00e6rker med samme foruds\u00e6tninger som vores \u2013 s\u00e5 er vi rent prism\u00e6ssigt endnu bedre stillet. Det er faktisk ret godt klaret af et v\u00e6rk med vores foruds\u00e6tninger.<\/p>\n<p>Ser jeg tilbage p\u00e5 den rejse v\u00e6rket og bestyrelsen har v\u00e6ret p\u00e5, siden jeg kom til i 2008 \u2013 s\u00e5 har vi form\u00e5et at neds\u00e6tte vores varmepris hvert eneste \u00e5r, uden undtagelse. Vi har form\u00e5et at neds\u00e6tte den gennemsnitlige varmepris fra ca. 31.500 til 13.500 i dag. Det svarer til at hver husstand har f\u00e5et forbedret husstands indkomsten med ca 18.000 kr. efter skat. det er ganske mange penge og det synes jeg vi skal have lov til at v\u00e6re stolte af. De 18.000 skyldes dels 5.000 for l\u00e5net. Det skyldes ca. 5.000 kr. fsva. Tr\u00e6pille fyret. De sidste penge er kommet via effektiviseringer p\u00e5 driften. Det synes jeg faktisk er ganske opsigtsv\u00e6kkende.<\/p>\n<p>Det betyder ogs\u00e5, at vi er ved at komme derned, at s\u00e5 meget mere, er der heller ikke at finde.&nbsp; Men det beviser vel en gang for alle, at vores v\u00e6rk er b\u00e5de veldrevet og vel vedligeholdt. Man kan ikke levere s\u00e5danne prisneds\u00e6ttelser uden at v\u00e6rkets installationer er i god stand.<\/p>\n<p>Ser vi p\u00e5 fremtiden, s\u00e5 er der ingen grund til at tro, at der er forhold p\u00e5 v\u00e6rket \u2013 der skulle betyde, at vi ikke kan holde prisen. Vi har sikret vores tr\u00e6pille pris i et par \u00e5r endnu, og vi har en l\u00f8bende udskiftning\/vedlligehold af v\u00e6rket.<\/p>\n<p>N\u00e5r vi nu er ved budgettet og prisen kan jeg som en service meddelelse fort\u00e6lle, at vi fra 1. november bliver n\u00f8dt til at neds\u00e6tte prisen med yderligere 2.500 pr. husstand. Jeg regner med, at revisor redeg\u00f8re n\u00e6rmere for hvorfor ved freml\u00e6ggelsen af budgettet. Men jeg vil bare endnu en gang gl\u00e6de mig over vores varmepris. Som i indev\u00e6rende \u00e5r, s\u00e5 vil ligge p\u00e5 lige under 11.000 kr. pr husstand. Men ved n\u00e6ste budget \u00e5r, s\u00e5 skulle prisen ligge fast omkring de 13.500 hvert \u00e5r.<\/p>\n<p>De eneste ting, der kan \u00e6ndre prisen v\u00e6sentligt er politiske \u00e6ndringer af de, omverden vi lever i pt. desv\u00e6rre ser det ud til, at der kunne komme lidt skyer i horisonten p\u00e5 den konto. Der skal laves en ny aftale omkring el produktion. Den gamle aftale udl\u00f8ber i 2017 og kommer der ikke noget andet, s\u00e5 vil det betyde, at prisen stiger med 4.000 i samtlige kraftvarmev\u00e6rker i Danmark. Samtidig har der v\u00e6ret barslet med andre revisionsregler. Jeg skal ikke belemre jer med detaljerne, for de er ikke forst\u00e5elige. Men bliver det en realitet stiger vores udgifter til revisor og andre r\u00e5dgivere formentlig med det dobbelte af i dag.<\/p>\n<p>Det viser bare hvor vigtigt det er, at bestyrelsen hele tiden holder sig orienteret om nye tiltag, der kan medvirke neds\u00e6ttelse af prisen, da politiske vinde hurtigt kan s\u00e6tte os under pres.<\/p>\n<p>Det forgangne \u00e5r \u2013 blev ogs\u00e5 \u00e5ret hvor flest blev tilsluttet v\u00e6rket siden v\u00e6rket blev etableret. Der er tilkoblet 8 nye husstande i \u00e5r, og der er lavet aftaler med flere nybyggerier om tilkobling, n\u00e5r husene er f\u00e6rdige. Det er rigtig vigtig med nye kunder, da det koster det samme at drive v\u00e6rket, hvadenten vi er 200 eller 300 \u2013 s\u00e5 n\u00e6sten da.<\/p>\n<p>Samtidig har vi en tro p\u00e5, at vi kan koble v\u00e6sentlig flere p\u00e5 uden at vi skal lave meget mere varme, og kan vi det, er det overskud hver eneste gang, der kommer nye forbrugere til.<\/p>\n<p>Med den pris, som v\u00e6rket k\u00f8re med, \u00e6rgrer det mig, at der stadig er mange forbrugere, som stadig bruger meget tr\u00e6 som alternativ varme. Hvis alle bruger 10% mere varme, s\u00e5 kan vi formentlig hive varmen ud af r\u00f8rene, uden at det koster ekstra produktion. Dermed kommer der et overskud p\u00e5 10% p\u00e5 bundlinien, som vi s\u00e5 bruger til at s\u00e6tte varmeprisen ned med. S\u00e5 brug noget varme \u2013 skab noget flow i r\u00f8rene \u2013lad v\u00e6re med at spare p\u00e5 varmen, lad v\u00e6re med at bruge br\u00e6ndeovn mv. det er langt det bedste for v\u00e6rkets drift. Det koster os n\u00e6sten ingenting.<\/p>\n<p>Vi har i det forgange \u00e5r, haft mindre projekt k\u00f8rende, og vi har f\u00e5et tilskud fra en pulje i region midt for at afs\u00f8ge mulighederne for optimering af samarbejde med andre v\u00e6rker. Pt. viser rapporten, at det nuv\u00e6rende niveau er det rette, og at der ikke \u00f8konomi i udvikle samarbejdet pt. det er jo altid rart at vide, at tingene ikke kan g\u00f8res bedre, end de er pt.<\/p>\n<p>Desuden har vi haft eksterne konsulenter til et vurdere, hvorvidt vi kan tjene p\u00e5 at investere i en el varmepumpe. Ideen var, at med gas, piller og el som potentielle opvarmningskilder, s\u00e5 kan vi flytte produktionen mod den form, der var mest gunstigt, og dermed bedst sikret mod tilf\u00e6ldige afgiftsstigninger. Men unders\u00f8gelserne viste at det endnu ikke en god investering. Igen er det rart med en bekr\u00e6ftelse p\u00e5, at det vi g\u00f8r, ikke kan g\u00f8res bedre pt.<\/p>\n<p>Til geng\u00e6ld ideer til optimering andre stedet p\u00e5 kedlen. Hvilket betyder, at vi kan klare os udelukkende med tr\u00e6pillerne. Og det er de sm\u00e5 justeringer giver nu de l\u00f8bende forbedringer<\/p>\n<p>Det n\u00e6ste projekt vi skal arbejde med, er flow i r\u00f8r, trykket og hvor meget varme vi kan hive ud af den m\u00e6ngde vand vi cirkulerer. Som jeg sagde f\u00f8r, er en stor del af l\u00f8sningen et \u00f8get forbrug skabt af flere nye forbrugere men det kan m\u00e5ske ogs\u00e5 v\u00e6re andre ting \u2013 det kunne v\u00e6re trykket i r\u00f8rene, opdeling af nettet mv. Det kommer tiden til at vise, desuden vil vi gerne vil have gennemg\u00e5et pumper mv. for energi effektivitet<\/p>\n<p>Som I kan h\u00f8re, er der nok at se til. Ogs\u00e5 selvom vi kan gl\u00e6de os over nogle rigtig fornuftige priser.<\/p>\n<p>Jeg vil gerne sige tak til den \u00f8vrige bestyrelse og til vores drifts personel for et godt samarbejde \u2013 det har v\u00e6ret en forn\u00f8jelse som altid.<\/p>\n","protected":false},"excerpt":{"rendered":"<p>Generalforsamling 27\/10 2015 Fremm\u00f8dt 19 stemmeberettigede andelshavere, i V\u00e6rum forsamlingshus. Der serveres kaffe, the og boller m. p\u00e5l\u00e6g. Valg af dirigent: S\u00f8ren Nielsen, V\u00e6th Konstaterede at generalforsamlingen er lovligt varslet. &nbsp; Formandens beretning, Se&nbsp;her Ingen kommentarer til beretningen, godkendt. &nbsp; <span class=\"excerpt-dots\">&hellip;<\/span> <a class=\"more-link\" href=\"https:\/\/www.vokv.dk\/?page_id=17\"><span class=\"more-msg\">L\u00e6s mere her:<\/span><\/a><\/p>\n","protected":false},"author":2,"featured_media":0,"parent":4371,"menu_order":1,"comment_status":"closed","ping_status":"closed","template":"","meta":{"footnotes":""},"folder":[8],"class_list":["post-17","page","type-page","status-publish","hentry"],"_links":{"self":[{"href":"https:\/\/www.vokv.dk\/index.php?rest_route=\/wp\/v2\/pages\/17","targetHints":{"allow":["GET"]}}],"collection":[{"href":"https:\/\/www.vokv.dk\/index.php?rest_route=\/wp\/v2\/pages"}],"about":[{"href":"https:\/\/www.vokv.dk\/index.php?rest_route=\/wp\/v2\/types\/page"}],"author":[{"embeddable":true,"href":"https:\/\/www.vokv.dk\/index.php?rest_route=\/wp\/v2\/users\/2"}],"replies":[{"embeddable":true,"href":"https:\/\/www.vokv.dk\/index.php?rest_route=%2Fwp%2Fv2%2Fcomments&post=17"}],"version-history":[{"count":0,"href":"https:\/\/www.vokv.dk\/index.php?rest_route=\/wp\/v2\/pages\/17\/revisions"}],"up":[{"embeddable":true,"href":"https:\/\/www.vokv.dk\/index.php?rest_route=\/wp\/v2\/pages\/4371"}],"wp:attachment":[{"href":"https:\/\/www.vokv.dk\/index.php?rest_route=%2Fwp%2Fv2%2Fmedia&parent=17"}],"wp:term":[{"taxonomy":"folder","embeddable":true,"href":"https:\/\/www.vokv.dk\/index.php?rest_route=%2Fwp%2Fv2%2Ffolder&post=17"}],"curies":[{"name":"wp","href":"https:\/\/api.w.org\/{rel}","templated":true}]}}