{"id":143,"date":"2016-03-30T19:55:21","date_gmt":"2016-03-30T17:55:21","guid":{"rendered":"http:\/\/www.vokv.dk\/?page_id=143"},"modified":"2023-08-17T16:30:29","modified_gmt":"2023-08-17T14:30:29","slug":"vaerkets-historie","status":"publish","type":"page","link":"https:\/\/www.vokv.dk\/?page_id=143","title":{"rendered":"V\u00e6rkets historie"},"content":{"rendered":"<h3>Hvis du vil vide lidt om vores v\u00e6rk s\u00e5 har\u00a0driftsleder Hans J\u00f8rgen Hansen\u00a0i 2013 udarbejdet denne status-rapport.<\/h3>\n<p>&nbsp;<\/p>\n<div class=\"wp-block-pdfemb-pdf-embedder-viewer\"><a href=\"https:\/\/www.vokv.dk\/wp-content\/uploads\/2016\/04\/Statusrapport_p\u00e5_V\u00e6rum_\u00d8rum_Kraftvarmev\u00e6rk.pdf\" class=\"pdfemb-viewer\" style=\"\" data-width=\"max\" data-height=\"max\" data-toolbar=\"both\" data-toolbar-fixed=\"on\">Statusrapport_p\u00e5_V\u00e6rum_\u00d8rum_Kraftvarmev\u00e6rk<\/a><\/div>\n<h3>S\u00e5dan s\u00e5 det ud i 2013.<\/h3>\n\n<p>&nbsp;<\/p>\n","protected":false},"excerpt":{"rendered":"<p>Hvis du vil vide lidt om vores v\u00e6rk s\u00e5 har\u00a0driftsleder Hans J\u00f8rgen Hansen\u00a0i 2013 udarbejdet denne status-rapport. &nbsp; S\u00e5dan s\u00e5 det ud i 2013. &nbsp;<\/p>\n <a class=\"more-link\" href=\"https:\/\/www.vokv.dk\/?page_id=143\"><span class=\"more-msg\">L\u00e6s mere her:<\/span><\/a>","protected":false},"author":2,"featured_media":0,"parent":3276,"menu_order":9,"comment_status":"closed","ping_status":"closed","template":"","meta":{"footnotes":""},"folder":[23],"class_list":["post-143","page","type-page","status-publish","hentry"],"_links":{"self":[{"href":"https:\/\/www.vokv.dk\/index.php?rest_route=\/wp\/v2\/pages\/143","targetHints":{"allow":["GET"]}}],"collection":[{"href":"https:\/\/www.vokv.dk\/index.php?rest_route=\/wp\/v2\/pages"}],"about":[{"href":"https:\/\/www.vokv.dk\/index.php?rest_route=\/wp\/v2\/types\/page"}],"author":[{"embeddable":true,"href":"https:\/\/www.vokv.dk\/index.php?rest_route=\/wp\/v2\/users\/2"}],"replies":[{"embeddable":true,"href":"https:\/\/www.vokv.dk\/index.php?rest_route=%2Fwp%2Fv2%2Fcomments&post=143"}],"version-history":[{"count":0,"href":"https:\/\/www.vokv.dk\/index.php?rest_route=\/wp\/v2\/pages\/143\/revisions"}],"up":[{"embeddable":true,"href":"https:\/\/www.vokv.dk\/index.php?rest_route=\/wp\/v2\/pages\/3276"}],"wp:attachment":[{"href":"https:\/\/www.vokv.dk\/index.php?rest_route=%2Fwp%2Fv2%2Fmedia&parent=143"}],"wp:term":[{"taxonomy":"folder","embeddable":true,"href":"https:\/\/www.vokv.dk\/index.php?rest_route=%2Fwp%2Fv2%2Ffolder&post=143"}],"curies":[{"name":"wp","href":"https:\/\/api.w.org\/{rel}","templated":true}]}}