{"id":1278,"date":"2018-02-23T11:39:02","date_gmt":"2018-02-23T10:39:02","guid":{"rendered":"http:\/\/www.vokv.dk\/?page_id=1278"},"modified":"2024-01-28T16:19:41","modified_gmt":"2024-01-28T15:19:41","slug":"tidsplaner-mm","status":"publish","type":"page","link":"https:\/\/www.vokv.dk\/?page_id=1278","title":{"rendered":"Kort over ledningsf\u00f8ring"},"content":{"rendered":"<p><strong>Transmissionsledning og stikledninger.<\/strong><\/p>\n<p><strong>Oversigtskort over ledningsf\u00f8ring i Haslund:<\/strong><\/p>\n<p><a href=\"https:\/\/www.vokv.dk\/wp-content\/uploads\/2018\/02\/V\u00e6rum-Haslund-ledningsf\u00f8ring.pdf\" target=\"_blank\" rel=\"noopener\"><img loading=\"lazy\" decoding=\"async\" class=\"alignnone wp-image-1311 \" src=\"https:\/\/www.vokv.dk\/wp-content\/uploads\/2018\/02\/Ledningsf\u00f8ring-300x210.jpg\" alt=\"\" width=\"641\" height=\"449\" srcset=\"https:\/\/www.vokv.dk\/wp-content\/uploads\/2018\/02\/Ledningsf\u00f8ring-300x210.jpg 300w, https:\/\/www.vokv.dk\/wp-content\/uploads\/2018\/02\/Ledningsf\u00f8ring-768x538.jpg 768w, https:\/\/www.vokv.dk\/wp-content\/uploads\/2018\/02\/Ledningsf\u00f8ring-1024x718.jpg 1024w, https:\/\/www.vokv.dk\/wp-content\/uploads\/2018\/02\/Ledningsf\u00f8ring-600x421.jpg 600w, https:\/\/www.vokv.dk\/wp-content\/uploads\/2018\/02\/Ledningsf\u00f8ring.jpg 1355w\" sizes=\"auto, (max-width: 641px) 100vw, 641px\" \/><\/a><\/p>\n<p><strong>Detailkort:<\/strong><\/p>\n<p><a href=\"https:\/\/www.vokv.dk\/wp-content\/uploads\/2018\/04\/T216247.01-V\u00e6rum-Haslund-B\u00e6kvejen-Lunden-Grenv\u00e6nget-M\u00f8llevangsvej-92-til-100-Rev-D.pdf\" rel=\"noopener\">B\u00e6kvejen &#8211; Lunden &#8211; Grenv\u00e6nget &#8211; M\u00f8llevangsvej 92 til 100 Rev D<\/a><\/p>\n<p><a href=\"https:\/\/www.vokv.dk\/wp-content\/uploads\/2018\/04\/T216247.02-V\u00e6rum-Haslund-Haslundk\u00e6rvej-Vangen-Hegnet-\u00c5sen-Folden-M\u00f8llevangsvej-68-til-86-Rev-D.pdf\" rel=\"noopener\">Haslundk\u00e6rvej &#8211; Vangen &#8211; Hegnet &#8211; \u00c5sen &#8211; Folden &#8211; M\u00f8llevangsvej 68 til 86 Rev D<\/a><\/p>\n<p><a href=\"https:\/\/www.vokv.dk\/wp-content\/uploads\/2018\/06\/Haslund-Amstrupg\u00e5rdsvej-Bindeleddet-Lerbakken-._-1._pdf.pdf\" rel=\"noopener\">Amstrupg\u00e5rdsvej &#8211; Bindeleddet &#8211; Lerbakken &#8211; M\u00f8llevangsvej 36 &#8211; 68<\/a><\/p>\n<p><a href=\"https:\/\/www.vokv.dk\/wp-content\/uploads\/2018\/06\/Haslund-Bindeleddet-Korsagervej-Ramsh\u00f8jvej-1-til._._pdf.pdf\" rel=\"noopener\">Bindeleddet &#8211; Korsagervej &#8211; Ramsh\u00f8jvej 1 til 17-M\u00f8llevangsvej 12 til 36<\/a><\/p>\n<p><a href=\"https:\/\/www.vokv.dk\/wp-content\/uploads\/2018\/06\/Haslund-B\u00f8gevej-Egevej-Ramsh\u00f8jvej-19-til-37-M\u00f8._._pdf.pdf\" rel=\"noopener\">Haslund (B\u00f8gevej &#8211; Egevej &#8211; Ramsh\u00f8jvej 19 til 37 &#8211; M\u00f8llevangsvej 2 til 19<\/a><\/p>\n<p><a href=\"https:\/\/www.vokv.dk\/wp-content\/uploads\/2018\/06\/Haslund-Haslund-Klostervej-Moseblokker-Rev-B.pdf\" rel=\"noopener\">Haslund Klostervej &#8211; Moseblokker Rev B<\/a><\/p>\n","protected":false},"excerpt":{"rendered":"<p>Transmissionsledning og stikledninger. Oversigtskort over ledningsf\u00f8ring i Haslund: Detailkort: B\u00e6kvejen &#8211; Lunden &#8211; Grenv\u00e6nget &#8211; M\u00f8llevangsvej 92 til 100 Rev D Haslundk\u00e6rvej &#8211; Vangen &#8211; Hegnet &#8211; \u00c5sen &#8211; Folden &#8211; M\u00f8llevangsvej 68 til 86 Rev D Amstrupg\u00e5rdsvej &#8211; Bindeleddet <span class=\"excerpt-dots\">&hellip;<\/span> <a class=\"more-link\" href=\"https:\/\/www.vokv.dk\/?page_id=1278\"><span class=\"more-msg\">L\u00e6s mere her:<\/span><\/a><\/p>\n","protected":false},"author":2,"featured_media":0,"parent":807,"menu_order":0,"comment_status":"closed","ping_status":"closed","template":"","meta":{"footnotes":""},"folder":[22],"class_list":["post-1278","page","type-page","status-publish","hentry"],"_links":{"self":[{"href":"https:\/\/www.vokv.dk\/index.php?rest_route=\/wp\/v2\/pages\/1278","targetHints":{"allow":["GET"]}}],"collection":[{"href":"https:\/\/www.vokv.dk\/index.php?rest_route=\/wp\/v2\/pages"}],"about":[{"href":"https:\/\/www.vokv.dk\/index.php?rest_route=\/wp\/v2\/types\/page"}],"author":[{"embeddable":true,"href":"https:\/\/www.vokv.dk\/index.php?rest_route=\/wp\/v2\/users\/2"}],"replies":[{"embeddable":true,"href":"https:\/\/www.vokv.dk\/index.php?rest_route=%2Fwp%2Fv2%2Fcomments&post=1278"}],"version-history":[{"count":0,"href":"https:\/\/www.vokv.dk\/index.php?rest_route=\/wp\/v2\/pages\/1278\/revisions"}],"up":[{"embeddable":true,"href":"https:\/\/www.vokv.dk\/index.php?rest_route=\/wp\/v2\/pages\/807"}],"wp:attachment":[{"href":"https:\/\/www.vokv.dk\/index.php?rest_route=%2Fwp%2Fv2%2Fmedia&parent=1278"}],"wp:term":[{"taxonomy":"folder","embeddable":true,"href":"https:\/\/www.vokv.dk\/index.php?rest_route=%2Fwp%2Fv2%2Ffolder&post=1278"}],"curies":[{"name":"wp","href":"https:\/\/api.w.org\/{rel}","templated":true}]}}