{"id":1226,"date":"2018-02-07T13:40:59","date_gmt":"2018-02-07T12:40:59","guid":{"rendered":"http:\/\/www.vokv.dk\/?page_id=1226"},"modified":"2023-07-03T23:22:31","modified_gmt":"2023-07-03T21:22:31","slug":"formandens-beretning-2017","status":"publish","type":"page","link":"https:\/\/www.vokv.dk\/?page_id=1226","title":{"rendered":"Generalforsamling 2017 Formandens beretning"},"content":{"rendered":"<h5>Generalforsamling den 24 .10 2017 &#8211;\u00a0Formandens beretning<\/h5>\n<p>Det forgangne \u00e5r, har b\u00e5de v\u00e6ret fyldt med masser af arbejde og p\u00e5 den anden side, er der ikke endnu sket meget nyt\u2026.<\/p>\n<p>Omkring selve driften af v\u00e6rket, m\u00e5 vi sige, at der ikke er meget nyt. Vi har fastholdt de ekstraordin\u00e6re lave priser for endnu en s\u00e6son. Gennemsnitsprisen har nu i 2 \u00e5r tr\u00e6k ligget p\u00e5 8.800 kr. hvilket g\u00f8r, vi ligger i top 8% af de billigste varmev\u00e6rker i Danmark.<\/p>\n<p>Det kan vi godt v\u00e6re stolte af. og uden, at jeg skal fremmane fortidens sp\u00f8gelser, s\u00e5 er det bare s\u00e5dan, at man kan ikke levere en s\u00e5 lav varmepris, med nedslidte anl\u00e6g og ut\u00e6tte r\u00f8r \u2013 og lignende historier. Vi har et anl\u00e6g, der er i fin form, og som bliver passet efter alle kunstens regler, og de n\u00f8dvendige ting, der skal igangs\u00e6ttes, for at anl\u00e6gget fortsat kan k\u00f8re optimalt, bliver igangsat.<\/p>\n<p>Ved udgangen af 2018 bortfalder vores grundbel\u00f8b p\u00e5 vores el produktion. Og dermed ser vi ud til at miste en lille mio. i indt\u00e6gter om \u00e5ret. For at afb\u00f8de det, har vi bl.a. igangsat det med at f\u00e5 yderligere husstande med, i skrivende stund 28 af vores egne husstande, og gerne 300 Haslund husstande, og dermed bliver varmestigningen for den enkelte til at overskue. Samtidig er der igangsat et samarbejde med Dansk Fjernvarme, som skal sikre at vi for et andet bel\u00f8b i stedet. Det bliver mindre, men nok pt. omkring 250.000 kr. hvilket jo ogs\u00e5 bidrager til at mindske varmestigningen.<\/p>\n<p>Vi forventer stadig en varmepris p\u00e5 10.500 kr. fremadrettet, hvis Haslund bliver gennemf\u00f8rt, og nok n\u00e6rmere 11.500 uden gennemf\u00f8relse af Haslund projektet. Det giver jo en stigning p\u00e5 et par tusind om \u00e5ret, med de nuv\u00e6rende priser, men de er alts\u00e5 ogs\u00e5 ekstremt lave priser. S\u00e5 derfor kan vi im\u00f8dese en lille stigning, men stigningen var forventelig. Derfor h\u00e5ber jeg ikke det medf\u00f8rer at folk begynder at snakke om at fjernvarme priserne er h\u00f8je, fordi sammenligningen med tidligere \u00e5r, og andre br\u00e6ndsler stadig g\u00f8r vores v\u00e6rk meget interessant.<\/p>\n<p>Som I kan se, betyder Haslund projektet meget for vores \u00f8konomi. Vi kan spare penge p\u00e5, at f\u00e5 de nye forbrugere med, samtidig med det, vil vi kunne udnytte vores varmeproduktion fuldt ud.<\/p>\n<p>Status p\u00e5 Haslund projektet er, at vi forventede svar i dag, men det kommer nok f\u00f8rst i morgen. Vi indleverede vores projektforslag og det blev behandlet i Randers kommune den 21. august. Her blev forvaltningen bemyndiget til, at tr\u00e6ffe afg\u00f8relse i sagen, s\u00e5fremt der ikke kom v\u00e6sentlige indsigelser.<\/p>\n<p>Der blev givet en 4 ugers frist for indsigelser, og de eneste der havde indsigelser, var HMN \u2013 alts\u00e5 gas selskabet. Gas selskabet er i den situation, at s\u00e5fremt vi kommet til Haslund, kan husstandene frit v\u00e6lge naturgas til eller fra. Hvilket jo samlet set er en indt\u00e6gt p\u00e5 ca. 5 mio. kr. om \u00e5ret. Ligegyldig hvilken \u201dside\u201d man er p\u00e5, s\u00e5 kan alle godt forst\u00e5, at n\u00e5r man invaderer andres forretningsgrundlag, og det i \u00f8vrigt sker over hele landet, fordi gassen er ved at faset ud, ja s\u00e5 kommer der en reaktion.<\/p>\n<p>Jeg synes selvsagt ikke, at de indsigelser HMN kommer med er valide, jeg synes de er konstrueret til lejligheden og den dialog der har v\u00e6re mellem HMN og os, har mere haft karakter at tiden skulle bruges fuldt ud, og forsinkelse af vores projekt mest muligt. Det g\u00f8r ogs\u00e5, at vi formentlig f\u00f8rst har en afg\u00f8relse fra kommunen i morgen (tidligst), og vi var vel egentlig klar til at g\u00e5 i jorden 1. oktober. I kan f\u00f8lge med p\u00e5 hjemmesiden <a href=\"http:\/\/www.vokv.dk\">www.vokv.dk<\/a> som Ole g\u00f8r alt for at vedligeholde og opdatere, vi kan desv\u00e6rre ikke f\u00f8lge med ift. nyhedsbrevene for at informere alle. Der sker s\u00e5 mange \u00e6ndringer mv. s\u00e5 hvis man vil holde sig helt ajour, s\u00e5 m\u00e5 man p\u00e5 hjemmesiden. Alternativt kontakte en fra bestyrelsen.<\/p>\n<p>N\u00e5r vi forh\u00e5bentlig snart kan igangs\u00e6tte projektet, s\u00e5 agter bestyrelsen at v\u00e6re meget synlige i Haslund, og g\u00f8re alt for at f\u00e5 flest mulige med, hurtigst muligt. Vi har i skrivende stund ca. 170 interesserede, og det inkluderer det nye omr\u00e5de, der er ved at blive udlagt til ejendomme. Men det handler jo om, at n\u00e5r gravemaskinerne triller ned af en vej, s\u00e5 har vi v\u00e6ret ude p\u00e5 vejm\u00f8der eller lignende, og fortalt at nu skal man alts\u00e5 p\u00e5. Vi g\u00f8r ogs\u00e5 alt for at finde ud af om nogen vil k\u00f8be de eksisterende naturgasfyr, is\u00e6r de fyr der er 1-2 \u00e5r gamle. Vi overvejer ogs\u00e5, at g\u00f8re noget for de nye forbrugere ift. fuldmagt der g\u00f8r, at hvis man vil af, s\u00e5 st\u00e5r vi for al kontakt til naturgasselskabet, s\u00e5 ingen skal opleve for meget b\u00f8vl med at komme af gassen. Men her kan I alle ogs\u00e5 spille en rolle, I kan v\u00e6re med til at fort\u00e6lle om den gode historie, som v\u00e6rket jo er, n\u00e5r\/hvis i m\u00f8des med folk fra Haslund. I skal ikke overs\u00e6lge v\u00e6rket, vi er overbevist om, at vi har et godt produkt \u2013 men derfor m\u00e5 I gerne tale p\u00e6nt om det forl\u00f8b vi har v\u00e6ret igennem sammen de sidste 8 \u00e5r.<\/p>\n<p>Haslund projektet har n\u00e5et alle de parametre, som vi har stillet op som succes, s\u00e5 nu skal vi gerne i gang.<\/p>\n<p>Vi har i dag inviteret Isoplus, til at fort\u00e6lle om anl\u00e6gget, vi har projekteret. S\u00e5 f\u00e5r vi tilladelsen, s\u00e5 er vi klar og vil gerne i gang hurtigst muligt.<\/p>\n<p>S\u00e5 det meste af det forgangne \u00e5r, har g\u00e5et med Haslund projektet og f\u00e5r vi tilladelsen &#8211; vil meget af det nye \u00e5r, ogs\u00e5 g\u00e5 med dette. Det kan vi tillade os, fordi vores almindelig drift er i god g\u00e6nge, og det g\u00f8r at vi skal have udsyn p\u00e5 alle muligheder. Ogs\u00e5 nye varmekilder. Vi har l\u00e6nge snakket varmepumper og vi kigger stadig. Men pt. g\u00f8r vi intet omkring forsyningskilderne. Vi er i den heldige situation, at selv med 100% tilslutning fra Haslund, s\u00e5 kan vi k\u00f8re med det eksisterende anl\u00e6g, og det anl\u00e6g er vi godt tilfredse med. Men det skal ikke afholdes os fra hele tiden at unders\u00f8ge den nye marked, som fjernelsen af PSO afgiften giver.<\/p>\n<p>S\u00e5 endnu en gang m\u00e5 jeg indr\u00f8mme, at det har v\u00e6ret en forn\u00f8jelse, at arbejde sammen med bestyrelsen og sammen v\u00e6re med til at holde vores lille v\u00e6rk i den rigtige retning. Tak til alle jer der deler foldere ud, det er godt g\u00e5et af jer.!! I er med til at vi kan holde vores forbrugere nogenlunde orienteret om hvad vi laver.<\/p>\n<p>Jeg vil gerne sige tak til driften (Marianne og Hans J\u00f8rgen) for deres indsats. Selvom du Hans J\u00f8rgen engang imellem mener vi tager den gode drift for givet, s\u00e5 er det jo grunden for alt det andet vi laver. Og tak til revisor for det gode samarbejde. Det har faktisk ikke gjort s\u00e5 ondt, at skifte Erik ud efter 20 \u00e5r, som vi havde frygtet. Du er kommet godt fra start, Peter.<\/p>\n<p>S\u00e5 alt i alt g\u00e5r det faktisk meget godt i vores lille forening.<\/p>\n","protected":false},"excerpt":{"rendered":"<p>Generalforsamling den 24 .10 2017 &#8211;\u00a0Formandens beretning Det forgangne \u00e5r, har b\u00e5de v\u00e6ret fyldt med masser af arbejde og p\u00e5 den anden side, er der ikke endnu sket meget nyt\u2026. Omkring selve driften af v\u00e6rket, m\u00e5 vi sige, at der <span class=\"excerpt-dots\">&hellip;<\/span> <a class=\"more-link\" href=\"https:\/\/www.vokv.dk\/?page_id=1226\"><span class=\"more-msg\">L\u00e6s mere her:<\/span><\/a><\/p>\n","protected":false},"author":2,"featured_media":0,"parent":4371,"menu_order":0,"comment_status":"closed","ping_status":"closed","template":"","meta":{"footnotes":""},"folder":[8],"class_list":["post-1226","page","type-page","status-publish","hentry"],"_links":{"self":[{"href":"https:\/\/www.vokv.dk\/index.php?rest_route=\/wp\/v2\/pages\/1226","targetHints":{"allow":["GET"]}}],"collection":[{"href":"https:\/\/www.vokv.dk\/index.php?rest_route=\/wp\/v2\/pages"}],"about":[{"href":"https:\/\/www.vokv.dk\/index.php?rest_route=\/wp\/v2\/types\/page"}],"author":[{"embeddable":true,"href":"https:\/\/www.vokv.dk\/index.php?rest_route=\/wp\/v2\/users\/2"}],"replies":[{"embeddable":true,"href":"https:\/\/www.vokv.dk\/index.php?rest_route=%2Fwp%2Fv2%2Fcomments&post=1226"}],"version-history":[{"count":0,"href":"https:\/\/www.vokv.dk\/index.php?rest_route=\/wp\/v2\/pages\/1226\/revisions"}],"up":[{"embeddable":true,"href":"https:\/\/www.vokv.dk\/index.php?rest_route=\/wp\/v2\/pages\/4371"}],"wp:attachment":[{"href":"https:\/\/www.vokv.dk\/index.php?rest_route=%2Fwp%2Fv2%2Fmedia&parent=1226"}],"wp:term":[{"taxonomy":"folder","embeddable":true,"href":"https:\/\/www.vokv.dk\/index.php?rest_route=%2Fwp%2Fv2%2Ffolder&post=1226"}],"curies":[{"name":"wp","href":"https:\/\/api.w.org\/{rel}","templated":true}]}}