{"id":1207,"date":"2018-01-24T14:21:17","date_gmt":"2018-01-24T13:21:17","guid":{"rendered":"http:\/\/www.vokv.dk\/?page_id=1207"},"modified":"2021-12-26T17:58:04","modified_gmt":"2021-12-26T16:58:04","slug":"godkendelse","status":"publish","type":"page","link":"https:\/\/www.vokv.dk\/?page_id=1207","title":{"rendered":"Godkendelse"},"content":{"rendered":"<p><strong><span style=\"text-decoration: underline;\"><span style=\"font-size: 12pt;\">torsdag den 18 januar 2018.<\/span><\/span><\/strong><\/p>\n<div dir=\"ltr\"><span style=\"font-family: arial, helvetica, sans-serif;\"><strong style=\"font-size: 16.875px;\"><em>Vi har nu f\u00e5et en endelig godkendelse af Haslund-projektet fra Randers Kommune.<\/em><\/strong><\/span><\/div>\n<div dir=\"ltr\">\n<p>Det har v\u00e6ret en sej og langvarig proces, fordi naturgasselskabet, der pt. forsyner husstandene individuelt i Haslund, flere gange i processen er kommet med nye sp\u00f8rgsm\u00e5l til projektet. Derfor de mange meldinger undervejs, hvor vi troede, at NU var vi i hus med tilladelsen. Vi beklager den usikkerhed, det har givet, men <strong>meldingen fra entrepren\u00f8ren g\u00e5r p\u00e5 opstart 19. februar med r\u00f8rlevering, samlinger osv. med mindre vejret begynder at drille rigtigt meget.<\/strong><\/p>\n<p><span style=\"text-decoration: underline;\"><strong>fredag den 14 august 2020.<\/strong><\/span><\/p>\n<p><span style=\"font-family: arial, helvetica, sans-serif;\"><em><strong>Vi har modtaget Energiklagen\u00e6vnets afg\u00f8relse i sagen om Randers Kommunes godkendelse af V\u00e6rum-\u00d8rum Kraftvarmev\u00e6rks projektforslag for forsyning af Haslund.<\/strong><\/em><\/span><\/p>\n<p><em><strong>Energiklagen\u00e6vnet stadf\u00e6ster Randers Kommunes projektgodkendelse!<\/strong><\/em><\/p>\n<p>Som det fremg\u00e5r af begrundelsen, har Energiklagen\u00e6vnet givet V\u00e6rum-\u00d8rum Kraftvarmev\u00e6rk medhold vedr\u00f8rende alle HMN\u2019s (nu Evida) indsigelser, herunder vedr\u00f8rende varmeforbruget, som var opgjort efter BBR og vedr\u00f8rende oliekundernes fremtidige udskiftning af br\u00e6ndere.<\/p>\n<p><strong><span style=\"text-decoration: underline;\"><a href=\"https:\/\/www.vokv.dk\/wp-content\/uploads\/2021\/01\/Energiklagenaevnets-afgoerelse.pdf\" target=\"_blank\" rel=\"noopener\">Hele afg\u00f8relsen finder du her:<\/a><\/span><\/strong><\/p>\n<\/div>\n","protected":false},"excerpt":{"rendered":"<p>torsdag den 18 januar 2018. Vi har nu f\u00e5et en endelig godkendelse af Haslund-projektet fra Randers Kommune. Det har v\u00e6ret en sej og langvarig proces, fordi naturgasselskabet, der pt. forsyner husstandene individuelt i Haslund, flere gange i processen er kommet <span class=\"excerpt-dots\">&hellip;<\/span> <a class=\"more-link\" href=\"https:\/\/www.vokv.dk\/?page_id=1207\"><span class=\"more-msg\">L\u00e6s mere her:<\/span><\/a><\/p>\n","protected":false},"author":2,"featured_media":0,"parent":807,"menu_order":0,"comment_status":"closed","ping_status":"closed","template":"","meta":{"footnotes":""},"folder":[22],"class_list":["post-1207","page","type-page","status-publish","hentry"],"_links":{"self":[{"href":"https:\/\/www.vokv.dk\/index.php?rest_route=\/wp\/v2\/pages\/1207","targetHints":{"allow":["GET"]}}],"collection":[{"href":"https:\/\/www.vokv.dk\/index.php?rest_route=\/wp\/v2\/pages"}],"about":[{"href":"https:\/\/www.vokv.dk\/index.php?rest_route=\/wp\/v2\/types\/page"}],"author":[{"embeddable":true,"href":"https:\/\/www.vokv.dk\/index.php?rest_route=\/wp\/v2\/users\/2"}],"replies":[{"embeddable":true,"href":"https:\/\/www.vokv.dk\/index.php?rest_route=%2Fwp%2Fv2%2Fcomments&post=1207"}],"version-history":[{"count":0,"href":"https:\/\/www.vokv.dk\/index.php?rest_route=\/wp\/v2\/pages\/1207\/revisions"}],"up":[{"embeddable":true,"href":"https:\/\/www.vokv.dk\/index.php?rest_route=\/wp\/v2\/pages\/807"}],"wp:attachment":[{"href":"https:\/\/www.vokv.dk\/index.php?rest_route=%2Fwp%2Fv2%2Fmedia&parent=1207"}],"wp:term":[{"taxonomy":"folder","embeddable":true,"href":"https:\/\/www.vokv.dk\/index.php?rest_route=%2Fwp%2Fv2%2Ffolder&post=1207"}],"curies":[{"name":"wp","href":"https:\/\/api.w.org\/{rel}","templated":true}]}}