{"id":1191,"date":"2018-01-22T20:06:11","date_gmt":"2018-01-22T19:06:11","guid":{"rendered":"http:\/\/www.vokv.dk\/?page_id=1191"},"modified":"2021-03-03T15:26:58","modified_gmt":"2021-03-03T14:26:58","slug":"projektforslag","status":"publish","type":"page","link":"https:\/\/www.vokv.dk\/?page_id=1191","title":{"rendered":"Projektforslag"},"content":{"rendered":"<p><strong>Sagsfremstilling\u00a0pr. 24. august Randers kommune<\/strong><\/p>\n<p>V\u00e6rum-\u00d8rum Kraftvarmev\u00e6rk har udarbejdet et projektforslag for fjernvarmeforsyning af Haslund, der i dag er et naturgasomr\u00e5de. Milj\u00f8- og teknikudvalget skal tage stilling til, om projektforslag for fjernvarmeforsyning af Haslund skal sendes i 4 ugers h\u00f8ring. Projektforslaget er vedh\u00e6ftet sagen.<\/p>\n<p>Forud for udarbejdelse af projektforslaget har v\u00e6rket afholdt borgerm\u00f8der i december 2016 og maj 2017, hvor deltagerne udviste interesse for fjernvarme. Ved fuld tilslutning forventer v\u00e6rket at kunne levere fjernvarme til en gennemsnitspris pr. husstand p\u00e5 kr. 10.500 pr. \u00e5r. Tilbud fra en uafh\u00e6ngig smedevirksomhed p\u00e5 de \u00e6ndringer af varmeanl\u00e6gget, som den enkelte husejer selv skal betale, viser en tilbagebetalingstid p\u00e5 4-5 \u00e5r.<\/p>\n<p><strong>Om projektforslaget<br \/>\n<\/strong>Projektforslagets gennemf\u00f8relse vil kr\u00e6ve etablering af distributionsnet og fjernvarmestik samt en forsyningsledning fra fjernvarmenettet i V\u00e6rum. V\u00e6rket indg\u00e5r selv aftaler med de ber\u00f8rte lodsejere.<\/p>\n<p>Produktionen af varme sker p\u00e5 de eksisterende anl\u00e6g, der anvender tr\u00e6piller og naturgas.<\/p>\n<p>Projektet giver den enkelte husejer mulighed for at skifte fra naturgas til fjernvarme. Skiftet fra naturgas til fjernvarme sker frivilligt. Projektforslaget stiller ikke krav om tilslutnings- eller forblivelsespligt.<\/p>\n<p>Lov\u00e6ndringer har medf\u00f8rt, at nye lokalplanomr\u00e5der som hovedregel ikke kan forsynes med naturgas, i dette tilf\u00e6lde det nye boligomr\u00e5de i Haslund (lokalplan 614).<\/p>\n<p>Projektforslaget d\u00e6kker fjernvarmeforsyning af hele Haslund, herunder ogs\u00e5 det nye boligomr\u00e5de.<\/p>\n<p>Forvaltningen har vurderet projektforslaget efter varmeforsyningsloven og tilh\u00f8rende projektbekendtg\u00f8relse. Der er foretaget en konkret energim\u00e6ssig, milj\u00f8m\u00e6ssig og samfunds\u00f8konomisk vurdering af projektforslaget. Herunder er det sikret, at projektforslaget er i overensstemmelse med varmeforsyningslovens form\u00e5lsbestemmelse. Forvaltningen vurderer, at der i projektforslaget er redegjort tilstr\u00e6kkeligt for de valgte foruds\u00e6tninger og at foruds\u00e6tningerne er holdbare.<\/p>\n<p><strong>Uddelegering af beslutningskompetence<br \/>\n<\/strong>For at reducere sagsbehandlingstiden foresl\u00e5r forvaltningen, at udvalget giver forvaltningen mandat til at meddele en administrativ godkendelse af projektforslaget, under foruds\u00e6tning af, at h\u00f8ringen ikke har medf\u00f8rt v\u00e6sentlige indsigelser eller bem\u00e6rkninger.<\/p>\n<p><strong>Klima og energi<br \/>\n<\/strong>Omstillingen fra naturgas til fjernvarme er i god tr\u00e5d med kommunens klimaplan og giver mulighed for at bane vejen for en gr\u00f8n varmeforsyning.<\/p>\n<p><strong>\u00d8konomi<\/strong><\/p>\n<p>V\u00e6rum-\u00d8rum Kraftvarmev\u00e6rk anmoder om kommunegaranti for investeringer i projektet p\u00e5 15 mio. kr. Kommunegaranti i l\u00e5n til kollektiv varmeforsyning belaster ikke kommunens l\u00e5neramme.<\/p>\n<p>Ans\u00f8gning om kommunegaranti behandles af \u00f8konomiudvalg og byr\u00e5det i s\u00e6rskilt sag.<\/p>\n<p><strong>Indstilling<\/strong><\/p>\n<p>Forvaltningen indstiller til milj\u00f8- og teknikudvalget,<\/p>\n<p><strong>at<\/strong>\u00a0projektforslag for fjernvarmeforsyning af Haslund sendes i 4 ugers h\u00f8ring, og<\/p>\n<p><strong>at<\/strong>\u00a0projektforslaget godkendes administrativt, hvis h\u00f8ringen ikke medf\u00f8rer v\u00e6sentlige indsigelser eller bem\u00e6rkninger.<\/p>\n<p>Indstilling:<\/p>\n<p><strong>Beslutning<\/strong><\/p>\n<p>Tiltr\u00e5dt<\/p>\n<p><strong>Bilag:<\/strong><\/p>\n<p><a href=\"http:\/\/www.vokv.dk\/wp-content\/uploads\/2018\/01\/Punkt_136_Bilag_1_Projektforslag_for_fjernvarmeforsyning_af_Haslund.pdf\" target=\"_blank\" rel=\"noopener\"><strong>Projektforslag for fjernvarmeforsyning af Haslund<\/strong><\/a><\/p>\n","protected":false},"excerpt":{"rendered":"<p>Sagsfremstilling\u00a0pr. 24. august Randers kommune V\u00e6rum-\u00d8rum Kraftvarmev\u00e6rk har udarbejdet et projektforslag for fjernvarmeforsyning af Haslund, der i dag er et naturgasomr\u00e5de. Milj\u00f8- og teknikudvalget skal tage stilling til, om projektforslag for fjernvarmeforsyning af Haslund skal sendes i 4 ugers h\u00f8ring. <span class=\"excerpt-dots\">&hellip;<\/span> <a class=\"more-link\" href=\"https:\/\/www.vokv.dk\/?page_id=1191\"><span class=\"more-msg\">L\u00e6s mere her:<\/span><\/a><\/p>\n","protected":false},"author":2,"featured_media":0,"parent":807,"menu_order":0,"comment_status":"closed","ping_status":"closed","template":"","meta":{"footnotes":""},"folder":[22],"class_list":["post-1191","page","type-page","status-publish","hentry"],"_links":{"self":[{"href":"https:\/\/www.vokv.dk\/index.php?rest_route=\/wp\/v2\/pages\/1191","targetHints":{"allow":["GET"]}}],"collection":[{"href":"https:\/\/www.vokv.dk\/index.php?rest_route=\/wp\/v2\/pages"}],"about":[{"href":"https:\/\/www.vokv.dk\/index.php?rest_route=\/wp\/v2\/types\/page"}],"author":[{"embeddable":true,"href":"https:\/\/www.vokv.dk\/index.php?rest_route=\/wp\/v2\/users\/2"}],"replies":[{"embeddable":true,"href":"https:\/\/www.vokv.dk\/index.php?rest_route=%2Fwp%2Fv2%2Fcomments&post=1191"}],"version-history":[{"count":0,"href":"https:\/\/www.vokv.dk\/index.php?rest_route=\/wp\/v2\/pages\/1191\/revisions"}],"up":[{"embeddable":true,"href":"https:\/\/www.vokv.dk\/index.php?rest_route=\/wp\/v2\/pages\/807"}],"wp:attachment":[{"href":"https:\/\/www.vokv.dk\/index.php?rest_route=%2Fwp%2Fv2%2Fmedia&parent=1191"}],"wp:term":[{"taxonomy":"folder","embeddable":true,"href":"https:\/\/www.vokv.dk\/index.php?rest_route=%2Fwp%2Fv2%2Ffolder&post=1191"}],"curies":[{"name":"wp","href":"https:\/\/api.w.org\/{rel}","templated":true}]}}