{"id":119,"date":"2016-03-30T17:08:51","date_gmt":"2016-03-30T15:08:51","guid":{"rendered":"http:\/\/www.vokv.dk\/?page_id=119"},"modified":"2022-11-08T15:30:23","modified_gmt":"2022-11-08T14:30:23","slug":"nyt-pillefyr","status":"publish","type":"page","link":"https:\/\/www.vokv.dk\/?page_id=119","title":{"rendered":"Nyt pille fyr i Jebjerg"},"content":{"rendered":"<h1>Historien om vores f\u00f8rste pille fyr<\/h1>\n<p>Her er billeder fra byggeriet af vores fyr i 2012. Selve fyret kommer som en samlet l\u00f8sning, klar til at koble p\u00e5 vores eksisterende system.<\/p>\n<p>Der skal dog lige tr\u00e6kkes et par r\u00f8r og lidt kabler inden det kan k\u00f8rer. Derefter skal der tilpasses SRO-Programmer (det er den computer der styrer v\u00e6rket). og s\u00e5 er vi klar til mange \u00e5rs drift.<\/p>\n<style type=\"text\/css\">\n#foogallery-gallery-1739 .fg-image { width: 640px; }<\/style>\n\t\t\t<div class=\"foogallery foogallery-container foogallery-image-viewer foogallery-link-image foogallery-lightbox-foobox fg-center fg-image-viewer fg-ready fg-light fg-border-thin fg-shadow-outline fg-loading-default fg-loaded-fade-in fg-caption-hover fg-hover-fade fg-hover-zoom\" id=\"foogallery-gallery-1739\" data-foogallery=\"{&quot;item&quot;:{&quot;showCaptionTitle&quot;:true,&quot;showCaptionDescription&quot;:true},&quot;lazy&quot;:true,&quot;template&quot;:{&quot;loop&quot;:true}}\" style=\"--fg-title-line-clamp: 0; --fg-description-line-clamp: 0;\" >\n\t<div class=\"fiv-inner\">\n\t\t<div class=\"fiv-inner-container\">\n\t\t\t<div class=\"fg-item fg-type-image fg-idle\"><figure class=\"fg-item-inner\"><a href=\"https:\/\/www.vokv.dk\/wp-content\/uploads\/2016\/03\/Pladsindestart-e1667918324263.jpg\" data-caption-title=\"Her er pladsen inden vi gik i gang i 2012\" data-attachment-id=\"108\" data-type=\"image\" class=\"fg-thumb\"><span class=\"fg-image-wrap\"><img fetchpriority=\"high\" decoding=\"async\" title=\"Her er pladsen inden vi gik i gang i 2012\" width=\"640\" height=\"360\" class=\"skip-lazy fg-image\" data-src-fg=\"https:\/\/www.vokv.dk\/wp-content\/uploads\/cache\/2016\/03\/Pladsindestart-e1667918324263\/606161041.jpg\" src=\"data:image\/svg+xml,%3Csvg%20xmlns%3D%22http%3A%2F%2Fwww.w3.org%2F2000%2Fsvg%22%20width%3D%22640%22%20height%3D%22360%22%20viewBox%3D%220%200%20640%20360%22%3E%3C%2Fsvg%3E\" loading=\"eager\"><\/span><span class=\"fg-image-overlay\"><\/span><\/a><figcaption class=\"fg-caption\"><div class=\"fg-caption-inner\"><div class=\"fg-caption-title\">Her er pladsen inden vi gik i gang i 2012<\/div><\/div><\/figcaption><\/figure><div class=\"fg-loader\"><\/div><\/div><div class=\"fg-item fg-type-image fg-idle\"><figure class=\"fg-item-inner\"><a href=\"https:\/\/www.vokv.dk\/wp-content\/uploads\/2016\/03\/Pladsen_rydet.jpg\" data-caption-title=\"S\u00e5 er der ryddet lidt tr\u00e6er, og der er rettet af og klar til st\u00f8bning af beton fundamentet. (udf\u00f8res af V\u00e6th entrepren\u00f8ren)\" data-attachment-id=\"107\" data-type=\"image\" class=\"fg-thumb\"><span class=\"fg-image-wrap\"><img decoding=\"async\" title=\"S\u00e5 er der ryddet lidt tr\u00e6er, og der er rettet af og klar til st\u00f8bning af beton fundamentet. (udf\u00f8res af V\u00e6th entrepren\u00f8ren)\" width=\"640\" height=\"360\" class=\"skip-lazy fg-image\" data-src-fg=\"https:\/\/www.vokv.dk\/wp-content\/uploads\/cache\/2016\/03\/Pladsen_rydet\/3947373462.jpg\" src=\"data:image\/svg+xml,%3Csvg%20xmlns%3D%22http%3A%2F%2Fwww.w3.org%2F2000%2Fsvg%22%20width%3D%22640%22%20height%3D%22360%22%20viewBox%3D%220%200%20640%20360%22%3E%3C%2Fsvg%3E\" loading=\"eager\"><\/span><span class=\"fg-image-overlay\"><\/span><\/a><figcaption class=\"fg-caption\"><div class=\"fg-caption-inner\"><div class=\"fg-caption-title\">S\u00e5 er der ryddet lidt tr\u00e6er, og der er rettet af og klar til st\u00f8bning af beton fundamentet. (udf\u00f8res af V\u00e6th entrepren\u00f8ren)<\/div><\/div><\/figcaption><\/figure><div class=\"fg-loader\"><\/div><\/div><div class=\"fg-item fg-type-image fg-idle\"><figure class=\"fg-item-inner\"><a href=\"https:\/\/www.vokv.dk\/wp-content\/uploads\/2016\/03\/Krarn-e1667918493730.jpg\" data-caption-title=\"Skorstenen er nu kommet og l\u00f8ftes p\u00e5 plads\" data-attachment-id=\"102\" data-type=\"image\" class=\"fg-thumb\"><span class=\"fg-image-wrap\"><img decoding=\"async\" title=\"Skorstenen er nu kommet og l\u00f8ftes p\u00e5 plads\" width=\"640\" height=\"360\" class=\"skip-lazy fg-image\" data-src-fg=\"https:\/\/www.vokv.dk\/wp-content\/uploads\/cache\/2016\/03\/Krarn-e1667918493730\/880869265.jpg\" src=\"data:image\/svg+xml,%3Csvg%20xmlns%3D%22http%3A%2F%2Fwww.w3.org%2F2000%2Fsvg%22%20width%3D%22640%22%20height%3D%22360%22%20viewBox%3D%220%200%20640%20360%22%3E%3C%2Fsvg%3E\" loading=\"eager\"><\/span><span class=\"fg-image-overlay\"><\/span><\/a><figcaption class=\"fg-caption\"><div class=\"fg-caption-inner\"><div class=\"fg-caption-title\">Skorstenen er nu kommet og l\u00f8ftes p\u00e5 plads<\/div><\/div><\/figcaption><\/figure><div class=\"fg-loader\"><\/div><\/div><div class=\"fg-item fg-type-image fg-idle\"><figure class=\"fg-item-inner\"><a href=\"https:\/\/www.vokv.dk\/wp-content\/uploads\/2016\/03\/Skorsten-e1667918542443.jpg\" data-caption-title=\"Den er 20 m h\u00f8j.\" data-attachment-id=\"110\" data-type=\"image\" class=\"fg-thumb\"><span class=\"fg-image-wrap\"><img decoding=\"async\" title=\"Den er 20 m h\u00f8j.\" width=\"640\" height=\"360\" class=\"skip-lazy fg-image\" data-src-fg=\"https:\/\/www.vokv.dk\/wp-content\/uploads\/cache\/2016\/03\/Skorsten-e1667918542443\/1520393984.jpg\" src=\"data:image\/svg+xml,%3Csvg%20xmlns%3D%22http%3A%2F%2Fwww.w3.org%2F2000%2Fsvg%22%20width%3D%22640%22%20height%3D%22360%22%20viewBox%3D%220%200%20640%20360%22%3E%3C%2Fsvg%3E\" loading=\"eager\"><\/span><span class=\"fg-image-overlay\"><\/span><\/a><figcaption class=\"fg-caption\"><div class=\"fg-caption-inner\"><div class=\"fg-caption-title\">Den er 20 m h\u00f8j.<\/div><\/div><\/figcaption><\/figure><div class=\"fg-loader\"><\/div><\/div><div class=\"fg-item fg-type-image fg-idle\"><figure class=\"fg-item-inner\"><a href=\"https:\/\/www.vokv.dk\/wp-content\/uploads\/2016\/03\/Plads_med_skorsten-e1667918589516.jpg\" data-caption-title=\"Skorstenen bliver monteret og s\u00e5 er vi klar til n\u00e6ste l\u00f8ft.\" data-attachment-id=\"106\" data-type=\"image\" class=\"fg-thumb\"><span class=\"fg-image-wrap\"><img decoding=\"async\" title=\"Skorstenen bliver monteret og s\u00e5 er vi klar til n\u00e6ste l\u00f8ft.\" width=\"640\" height=\"360\" class=\"skip-lazy fg-image\" data-src-fg=\"https:\/\/www.vokv.dk\/wp-content\/uploads\/cache\/2016\/03\/Plads_med_skorsten-e1667918589516\/3657486893.jpg\" src=\"data:image\/svg+xml,%3Csvg%20xmlns%3D%22http%3A%2F%2Fwww.w3.org%2F2000%2Fsvg%22%20width%3D%22640%22%20height%3D%22360%22%20viewBox%3D%220%200%20640%20360%22%3E%3C%2Fsvg%3E\" loading=\"eager\"><\/span><span class=\"fg-image-overlay\"><\/span><\/a><figcaption class=\"fg-caption\"><div class=\"fg-caption-inner\"><div class=\"fg-caption-title\">Skorstenen bliver monteret og s\u00e5 er vi klar til n\u00e6ste l\u00f8ft.<\/div><\/div><\/figcaption><\/figure><div class=\"fg-loader\"><\/div><\/div><div class=\"fg-item fg-type-image fg-idle\"><figure class=\"fg-item-inner\"><a href=\"https:\/\/www.vokv.dk\/wp-content\/uploads\/2016\/03\/Transportvjebjerg-e1667918636486.jpg\" data-caption-title=\"N\u00e6ste l\u00f8ft var selve kedelen som kom f\u00e6rdig i en special lavet container ( 9,5 m lang 4 m h\u00f8j 3,5 m bred v\u00e6gt ca 20 tons). Chaff\u00f8ren skal bare lige have vendt lastbilen med blokvognen. Ikke noget nemt job i Jebjerg en mandag kl 17.30 :-)\" data-attachment-id=\"116\" data-type=\"image\" class=\"fg-thumb\"><span class=\"fg-image-wrap\"><img decoding=\"async\" title=\"N\u00e6ste l\u00f8ft var selve kedelen som kom f\u00e6rdig i en special lavet container ( 9,5 m lang 4 m h\u00f8j 3,5 m bred v\u00e6gt ca 20 tons). Chaff\u00f8ren skal bare lige have vendt lastbilen med blokvognen. Ikke noget nemt job i Jebjerg en mandag kl 17.30 :-)\" width=\"640\" height=\"360\" class=\"skip-lazy fg-image\" data-src-fg=\"https:\/\/www.vokv.dk\/wp-content\/uploads\/cache\/2016\/03\/Transportvjebjerg-e1667918636486\/2479112521.jpg\" src=\"data:image\/svg+xml,%3Csvg%20xmlns%3D%22http%3A%2F%2Fwww.w3.org%2F2000%2Fsvg%22%20width%3D%22640%22%20height%3D%22360%22%20viewBox%3D%220%200%20640%20360%22%3E%3C%2Fsvg%3E\" loading=\"eager\"><\/span><span class=\"fg-image-overlay\"><\/span><\/a><figcaption class=\"fg-caption\"><div class=\"fg-caption-inner\"><div class=\"fg-caption-title\">N\u00e6ste l\u00f8ft var selve kedelen som kom f\u00e6rdig i en special lavet container ( 9,5 m lang 4 m h\u00f8j 3,5 m bred v\u00e6gt ca 20 tons). Chaff\u00f8ren skal bare lige have vendt lastbilen med blokvognen. Ikke noget nemt job i Jebjerg en mandag kl 17.30 \ud83d\ude42<\/div><\/div><\/figcaption><\/figure><div class=\"fg-loader\"><\/div><\/div><div class=\"fg-item fg-type-image fg-idle\"><figure class=\"fg-item-inner\"><a href=\"https:\/\/www.vokv.dk\/wp-content\/uploads\/2016\/03\/transportiVth_1-e1667918727800.jpg\" data-caption-title=\"Der var en hj\u00e6lpsom kollega der viste ham vej til V\u00e6th, det gjorde ikke sagen nemmere...\" data-attachment-id=\"111\" data-type=\"image\" class=\"fg-thumb\"><span class=\"fg-image-wrap\"><img decoding=\"async\" title=\"Der var en hj\u00e6lpsom kollega der viste ham vej til V\u00e6th, det gjorde ikke sagen nemmere...\" width=\"640\" height=\"360\" class=\"skip-lazy fg-image\" data-src-fg=\"https:\/\/www.vokv.dk\/wp-content\/uploads\/cache\/2016\/03\/transportiVth_1-e1667918727800\/506537002.jpg\" src=\"data:image\/svg+xml,%3Csvg%20xmlns%3D%22http%3A%2F%2Fwww.w3.org%2F2000%2Fsvg%22%20width%3D%22640%22%20height%3D%22360%22%20viewBox%3D%220%200%20640%20360%22%3E%3C%2Fsvg%3E\" loading=\"eager\"><\/span><span class=\"fg-image-overlay\"><\/span><\/a><figcaption class=\"fg-caption\"><div class=\"fg-caption-inner\"><div class=\"fg-caption-title\">Der var en hj\u00e6lpsom kollega der viste ham vej til V\u00e6th, det gjorde ikke sagen nemmere...<\/div><\/div><\/figcaption><\/figure><div class=\"fg-loader\"><\/div><\/div><div class=\"fg-item fg-type-image fg-idle\"><figure class=\"fg-item-inner\"><a href=\"https:\/\/www.vokv.dk\/wp-content\/uploads\/2016\/03\/Transportppladsenm_1-e1667918821402.jpg\" data-caption-title=\"Kl 19.00 var han tilbage p\u00e5 Frisenvoldvej og vendte nu rigtig, men vor herre ville ogs\u00e5 drille lidt. S\u00e5 i mellem tiden var der kommet islag, s\u00e5 vi m\u00e5tte tilkalde V\u00e6th entrepren\u00f8ren med salt b\u00f8ssen. og s\u00e5 kom fyrret ind p\u00e5 grunden uden problemmer.\" data-attachment-id=\"112\" data-type=\"image\" class=\"fg-thumb\"><span class=\"fg-image-wrap\"><img decoding=\"async\" title=\"Kl 19.00 var han tilbage p\u00e5 Frisenvoldvej og vendte nu rigtig, men vor herre ville ogs\u00e5 drille lidt. S\u00e5 i mellem tiden var der kommet islag, s\u00e5 vi m\u00e5tte tilkalde V\u00e6th entrepren\u00f8ren med salt b\u00f8ssen. og s\u00e5 kom fyrret ind p\u00e5 grunden uden problemmer.\" width=\"640\" height=\"360\" class=\"skip-lazy fg-image\" data-src-fg=\"https:\/\/www.vokv.dk\/wp-content\/uploads\/cache\/2016\/03\/Transportppladsenm_1-e1667918821402\/2600168912.jpg\" src=\"data:image\/svg+xml,%3Csvg%20xmlns%3D%22http%3A%2F%2Fwww.w3.org%2F2000%2Fsvg%22%20width%3D%22640%22%20height%3D%22360%22%20viewBox%3D%220%200%20640%20360%22%3E%3C%2Fsvg%3E\" loading=\"eager\"><\/span><span class=\"fg-image-overlay\"><\/span><\/a><figcaption class=\"fg-caption\"><div class=\"fg-caption-inner\"><div class=\"fg-caption-title\">Kl 19.00 var han tilbage p\u00e5 Frisenvoldvej og vendte nu rigtig, men vor herre ville ogs\u00e5 drille lidt. S\u00e5 i mellem tiden var der kommet islag, s\u00e5 vi m\u00e5tte tilkalde V\u00e6th entrepren\u00f8ren med salt b\u00f8ssen. og s\u00e5 kom fyrret ind p\u00e5 grunden uden problemmer.<\/div><\/div><\/figcaption><\/figure><div class=\"fg-loader\"><\/div><\/div><div class=\"fg-item fg-type-image fg-idle\"><figure class=\"fg-item-inner\"><a href=\"https:\/\/www.vokv.dk\/wp-content\/uploads\/2016\/03\/Siloer-e1667918779355.jpg\" data-caption-title=\"S\u00e5dan ser det ud i dagslys. der er ogs\u00e5 kommet de 2 pille siloer p\u00e5 hver 31 kbm. Der bliver monteret vejeceller under siloerne, s\u00e5 vi hele tiden kan se beholdningen. og f\u00e5 bestilt piller i god tid. Vi forventer at der kommer 1 lastbil om ugen med piller, i vinterhalv\u00e5ret n\u00e5r der er fuld tryk p\u00e5 kedlen.\" data-attachment-id=\"117\" data-type=\"image\" class=\"fg-thumb\"><span class=\"fg-image-wrap\"><img decoding=\"async\" title=\"S\u00e5dan ser det ud i dagslys. der er ogs\u00e5 kommet de 2 pille siloer p\u00e5 hver 31 kbm. Der bliver monteret vejeceller under siloerne, s\u00e5 vi hele tiden kan se beholdningen. og f\u00e5 bestilt piller i god tid. Vi forventer at der kommer 1 lastbil om ugen med piller, i vinterhalv\u00e5ret n\u00e5r der er fuld tryk p\u00e5 kedlen.\" width=\"640\" height=\"360\" class=\"skip-lazy fg-image\" data-src-fg=\"https:\/\/www.vokv.dk\/wp-content\/uploads\/cache\/2016\/03\/Siloer-e1667918779355\/1450183939.jpg\" src=\"data:image\/svg+xml,%3Csvg%20xmlns%3D%22http%3A%2F%2Fwww.w3.org%2F2000%2Fsvg%22%20width%3D%22640%22%20height%3D%22360%22%20viewBox%3D%220%200%20640%20360%22%3E%3C%2Fsvg%3E\" loading=\"eager\"><\/span><span class=\"fg-image-overlay\"><\/span><\/a><figcaption class=\"fg-caption\"><div class=\"fg-caption-inner\"><div class=\"fg-caption-title\">S\u00e5dan ser det ud i dagslys. der er ogs\u00e5 kommet de 2 pille siloer p\u00e5 hver 31 kbm. Der bliver monteret vejeceller under siloerne, s\u00e5 vi hele tiden kan se beholdningen. og f\u00e5 bestilt piller i god tid. Vi forventer at der kommer 1 lastbil om ugen med piller, i vinterhalv\u00e5ret n\u00e5r der er fuld tryk p\u00e5 kedlen.<\/div><\/div><\/figcaption><\/figure><div class=\"fg-loader\"><\/div><\/div><div class=\"fg-item fg-type-image fg-idle\"><figure class=\"fg-item-inner\"><a href=\"https:\/\/www.vokv.dk\/wp-content\/uploads\/2016\/03\/nytfyrpplads-e1667918873454.jpg\" data-caption-title=\"Siloerne fra en anden vinkel. de sort\/r\u00f8de r\u00f8r til ventre er til asken. (pinden bliver udskifet med en container :-)) De andre sort\/r\u00f8de r\u00f8r er snegle til at transportere pillerne ind i fyrret.\" data-attachment-id=\"104\" data-type=\"image\" class=\"fg-thumb\"><span class=\"fg-image-wrap\"><img decoding=\"async\" title=\"Siloerne fra en anden vinkel. de sort\/r\u00f8de r\u00f8r til ventre er til asken. (pinden bliver udskifet med en container :-)) De andre sort\/r\u00f8de r\u00f8r er snegle til at transportere pillerne ind i fyrret.\" width=\"640\" height=\"360\" class=\"skip-lazy fg-image\" data-src-fg=\"https:\/\/www.vokv.dk\/wp-content\/uploads\/cache\/2016\/03\/nytfyrpplads-e1667918873454\/1017027222.jpg\" src=\"data:image\/svg+xml,%3Csvg%20xmlns%3D%22http%3A%2F%2Fwww.w3.org%2F2000%2Fsvg%22%20width%3D%22640%22%20height%3D%22360%22%20viewBox%3D%220%200%20640%20360%22%3E%3C%2Fsvg%3E\" loading=\"eager\"><\/span><span class=\"fg-image-overlay\"><\/span><\/a><figcaption class=\"fg-caption\"><div class=\"fg-caption-inner\"><div class=\"fg-caption-title\">Siloerne fra en anden vinkel. de sort\/r\u00f8de r\u00f8r til ventre er til asken. (pinden bliver udskifet med en container :-)) De andre sort\/r\u00f8de r\u00f8r er snegle til at transportere pillerne ind i fyrret.<\/div><\/div><\/figcaption><\/figure><div class=\"fg-loader\"><\/div><\/div><div class=\"fg-item fg-type-image fg-idle\"><figure class=\"fg-item-inner\"><a href=\"https:\/\/www.vokv.dk\/wp-content\/uploads\/2016\/03\/rrgrav_1-e1667918921391.jpg\" data-caption-title=\"Der skal dog lige tr\u00e6kkes et par r\u00f8r og lidt kabler inden det kan k\u00f8rer.\" data-attachment-id=\"118\" data-type=\"image\" class=\"fg-thumb\"><span class=\"fg-image-wrap\"><img decoding=\"async\" title=\"Der skal dog lige tr\u00e6kkes et par r\u00f8r og lidt kabler inden det kan k\u00f8rer.\" width=\"640\" height=\"360\" class=\"skip-lazy fg-image\" data-src-fg=\"https:\/\/www.vokv.dk\/wp-content\/uploads\/cache\/2016\/03\/rrgrav_1-e1667918921391\/513200024.jpg\" src=\"data:image\/svg+xml,%3Csvg%20xmlns%3D%22http%3A%2F%2Fwww.w3.org%2F2000%2Fsvg%22%20width%3D%22640%22%20height%3D%22360%22%20viewBox%3D%220%200%20640%20360%22%3E%3C%2Fsvg%3E\" loading=\"eager\"><\/span><span class=\"fg-image-overlay\"><\/span><\/a><figcaption class=\"fg-caption\"><div class=\"fg-caption-inner\"><div class=\"fg-caption-title\">Der skal dog lige tr\u00e6kkes et par r\u00f8r og lidt kabler inden det kan k\u00f8rer.<\/div><\/div><\/figcaption><\/figure><div class=\"fg-loader\"><\/div><\/div><div class=\"fg-item fg-type-image fg-idle\"><figure class=\"fg-item-inner\"><a href=\"https:\/\/www.vokv.dk\/wp-content\/uploads\/2016\/03\/nytfyrmedsiloer-e1667918964755.jpg\" data-caption-title=\"S\u00e5dan ser anl\u00e6gget ud nu, der er sket meget i forhold til da vi startede (se det f\u00f8rste billede).\" data-attachment-id=\"103\" data-type=\"image\" class=\"fg-thumb\"><span class=\"fg-image-wrap\"><img decoding=\"async\" title=\"S\u00e5dan ser anl\u00e6gget ud nu, der er sket meget i forhold til da vi startede (se det f\u00f8rste billede).\" width=\"640\" height=\"360\" class=\"skip-lazy fg-image\" data-src-fg=\"https:\/\/www.vokv.dk\/wp-content\/uploads\/cache\/2016\/03\/nytfyrmedsiloer-e1667918964755\/172530855.jpg\" src=\"data:image\/svg+xml,%3Csvg%20xmlns%3D%22http%3A%2F%2Fwww.w3.org%2F2000%2Fsvg%22%20width%3D%22640%22%20height%3D%22360%22%20viewBox%3D%220%200%20640%20360%22%3E%3C%2Fsvg%3E\" loading=\"eager\"><\/span><span class=\"fg-image-overlay\"><\/span><\/a><figcaption class=\"fg-caption\"><div class=\"fg-caption-inner\"><div class=\"fg-caption-title\">S\u00e5dan ser anl\u00e6gget ud nu, der er sket meget i forhold til da vi startede (se det f\u00f8rste billede).<\/div><\/div><\/figcaption><\/figure><div class=\"fg-loader\"><\/div><\/div><div class=\"fg-item fg-type-image fg-idle\"><figure class=\"fg-item-inner\"><a href=\"https:\/\/www.vokv.dk\/wp-content\/uploads\/2017\/10\/Frisenvoldsvej-e1667919007473.jpg\" data-caption-title=\"V\u00e6rket set fra Frisenvoldsvej\" data-caption-desc=\"V\u00e6rket set fra Frisenvoldsvej\" data-attachment-id=\"1003\" data-type=\"image\" class=\"fg-thumb\"><span class=\"fg-image-wrap\"><img decoding=\"async\" alt=\"Frisenvoldsvej\" title=\"V\u00e6rket set fra Frisenvoldsvej\" width=\"640\" height=\"360\" class=\"skip-lazy fg-image\" data-src-fg=\"https:\/\/www.vokv.dk\/wp-content\/uploads\/cache\/2017\/10\/Frisenvoldsvej-e1667919007473\/1571623939.jpg\" src=\"data:image\/svg+xml,%3Csvg%20xmlns%3D%22http%3A%2F%2Fwww.w3.org%2F2000%2Fsvg%22%20width%3D%22640%22%20height%3D%22360%22%20viewBox%3D%220%200%20640%20360%22%3E%3C%2Fsvg%3E\" loading=\"eager\"><\/span><span class=\"fg-image-overlay\"><\/span><\/a><figcaption class=\"fg-caption\"><div class=\"fg-caption-inner\"><div class=\"fg-caption-title\">V\u00e6rket set fra Frisenvoldsvej<\/div><div class=\"fg-caption-desc\">V\u00e6rket set fra Frisenvoldsvej<\/div><\/div><\/figcaption><\/figure><div class=\"fg-loader\"><\/div><\/div><div class=\"fg-item fg-type-image fg-idle\"><figure class=\"fg-item-inner\"><a href=\"https:\/\/www.vokv.dk\/wp-content\/uploads\/2017\/10\/Skarvadsvej-e1667919042700.jpg\" data-caption-title=\"V\u00e6rket set fra Sk\u00e6rvadsvej\" data-caption-desc=\"V\u00e6rket set fra Sk\u00e6rvadsvej\" data-attachment-id=\"1002\" data-type=\"image\" class=\"fg-thumb\"><span class=\"fg-image-wrap\"><img decoding=\"async\" alt=\"Sk\u00e6rvadsvej\" title=\"V\u00e6rket set fra Sk\u00e6rvadsvej\" width=\"640\" height=\"360\" class=\"skip-lazy fg-image\" data-src-fg=\"https:\/\/www.vokv.dk\/wp-content\/uploads\/cache\/2017\/10\/Skarvadsvej-e1667919042700\/3101652220.jpg\" src=\"data:image\/svg+xml,%3Csvg%20xmlns%3D%22http%3A%2F%2Fwww.w3.org%2F2000%2Fsvg%22%20width%3D%22640%22%20height%3D%22360%22%20viewBox%3D%220%200%20640%20360%22%3E%3C%2Fsvg%3E\" loading=\"eager\"><\/span><span class=\"fg-image-overlay\"><\/span><\/a><figcaption class=\"fg-caption\"><div class=\"fg-caption-inner\"><div class=\"fg-caption-title\">V\u00e6rket set fra Sk\u00e6rvadsvej<\/div><div class=\"fg-caption-desc\">V\u00e6rket set fra Sk\u00e6rvadsvej<\/div><\/div><\/figcaption><\/figure><div class=\"fg-loader\"><\/div><\/div><div class=\"fg-item fg-type-image fg-idle\"><figure class=\"fg-item-inner\"><a href=\"https:\/\/www.vokv.dk\/wp-content\/uploads\/2017\/10\/Tr\u00e6piller_1-e1667919083407.jpg\" data-caption-title=\"De f\u00f8rste tr\u00e6piller\" data-caption-desc=\"De f\u00f8rste tr\u00e6piller\" data-attachment-id=\"1000\" data-type=\"image\" class=\"fg-thumb\"><span class=\"fg-image-wrap\"><img decoding=\"async\" alt=\"Tr\u00e6piller_1\" title=\"De f\u00f8rste tr\u00e6piller\" width=\"640\" height=\"360\" class=\"skip-lazy fg-image\" data-src-fg=\"https:\/\/www.vokv.dk\/wp-content\/uploads\/cache\/2017\/10\/Tr\u00e6piller_1-e1667919083407\/4125623952.jpg\" src=\"data:image\/svg+xml,%3Csvg%20xmlns%3D%22http%3A%2F%2Fwww.w3.org%2F2000%2Fsvg%22%20width%3D%22640%22%20height%3D%22360%22%20viewBox%3D%220%200%20640%20360%22%3E%3C%2Fsvg%3E\" loading=\"eager\"><\/span><span class=\"fg-image-overlay\"><\/span><\/a><figcaption class=\"fg-caption\"><div class=\"fg-caption-inner\"><div class=\"fg-caption-title\">De f\u00f8rste tr\u00e6piller<\/div><div class=\"fg-caption-desc\">De f\u00f8rste tr\u00e6piller<\/div><\/div><\/figcaption><\/figure><div class=\"fg-loader\"><\/div><\/div>\t\t<\/div>\n\t\t<div class=\"fiv-ctrls\">\n\t\t\t<button type=\"button\" class=\"fiv-prev\" title=\"Prev\"><span>Prev<\/span><\/button>\n\t\t\t<label class=\"fiv-count\"><span class=\"fiv-count-current\">1<\/span>of<span class=\"fiv-count-total\">15<\/span><\/label>\n\t\t\t<button type=\"button\" class=\"fiv-next\" title=\"Next\"><span>Next<\/span><\/button>\n\t\t<\/div>\n\t<\/div>\n<\/div>\n","protected":false},"excerpt":{"rendered":"<p>Historien om vores f\u00f8rste pille fyr Her er billeder fra byggeriet af vores fyr i 2012. Selve fyret kommer som en samlet l\u00f8sning, klar til at koble p\u00e5 vores eksisterende system. Der skal dog lige tr\u00e6kkes et par r\u00f8r og <span class=\"excerpt-dots\">&hellip;<\/span> <a class=\"more-link\" href=\"https:\/\/www.vokv.dk\/?page_id=119\"><span class=\"more-msg\">L\u00e6s mere her:<\/span><\/a><\/p>\n","protected":false},"author":2,"featured_media":0,"parent":3276,"menu_order":8,"comment_status":"closed","ping_status":"closed","template":"","meta":{"footnotes":""},"folder":[23],"class_list":["post-119","page","type-page","status-publish","hentry"],"_links":{"self":[{"href":"https:\/\/www.vokv.dk\/index.php?rest_route=\/wp\/v2\/pages\/119","targetHints":{"allow":["GET"]}}],"collection":[{"href":"https:\/\/www.vokv.dk\/index.php?rest_route=\/wp\/v2\/pages"}],"about":[{"href":"https:\/\/www.vokv.dk\/index.php?rest_route=\/wp\/v2\/types\/page"}],"author":[{"embeddable":true,"href":"https:\/\/www.vokv.dk\/index.php?rest_route=\/wp\/v2\/users\/2"}],"replies":[{"embeddable":true,"href":"https:\/\/www.vokv.dk\/index.php?rest_route=%2Fwp%2Fv2%2Fcomments&post=119"}],"version-history":[{"count":0,"href":"https:\/\/www.vokv.dk\/index.php?rest_route=\/wp\/v2\/pages\/119\/revisions"}],"up":[{"embeddable":true,"href":"https:\/\/www.vokv.dk\/index.php?rest_route=\/wp\/v2\/pages\/3276"}],"wp:attachment":[{"href":"https:\/\/www.vokv.dk\/index.php?rest_route=%2Fwp%2Fv2%2Fmedia&parent=119"}],"wp:term":[{"taxonomy":"folder","embeddable":true,"href":"https:\/\/www.vokv.dk\/index.php?rest_route=%2Fwp%2Fv2%2Ffolder&post=119"}],"curies":[{"name":"wp","href":"https:\/\/api.w.org\/{rel}","templated":true}]}}