{"id":1182,"date":"2018-01-22T18:20:54","date_gmt":"2018-01-22T17:20:54","guid":{"rendered":"http:\/\/www.vokv.dk\/?page_id=1182"},"modified":"2021-03-03T15:26:19","modified_gmt":"2021-03-03T14:26:19","slug":"indledende-moeder","status":"publish","type":"page","link":"https:\/\/www.vokv.dk\/?page_id=1182","title":{"rendered":"Borgerm\u00f8der"},"content":{"rendered":"<p>F\u00f8rste m\u00f8de<a href=\"http:\/\/www.vokv.dk\/?page_id=531\">\u00a0<strong>tirsdag den 8. november\u00a02016<\/strong><\/a><\/p>\n<p>Andet m\u00f8de<a href=\"http:\/\/www.vokv.dk\/?page_id=528\"> <strong>tirsdag den 9. maj 2017<\/strong>\u00a0<\/a><\/p>\n<p>M\u00f8det med andelshaverne <a href=\"http:\/\/www.vokv.dk\/?page_id=803\"><strong>onsdag den 10. maj 2017<\/strong><\/a><\/p>\n<p>Tredie m\u00f8de <a href=\"http:\/\/www.vokv.dk\/?page_id=962\" rel=\"noopener\"><strong>tirsdag den 26. september 2017\u00a0<\/strong><\/a><\/p>\n<p>Fjerde m\u00f8de <a href=\"http:\/\/www.vokv.dk\/?page_id=1273\" target=\"_blank\" rel=\"noopener\"><strong>onsdag den 21. Februar 2018<\/strong><\/a><\/p>\n","protected":false},"excerpt":{"rendered":"<p>F\u00f8rste m\u00f8de\u00a0tirsdag den 8. november\u00a02016 Andet m\u00f8de tirsdag den 9. maj 2017\u00a0 M\u00f8det med andelshaverne onsdag den 10. maj 2017 Tredie m\u00f8de tirsdag den 26. september 2017\u00a0 Fjerde m\u00f8de onsdag den 21. Februar 2018<\/p>\n <a class=\"more-link\" href=\"https:\/\/www.vokv.dk\/?page_id=1182\"><span class=\"more-msg\">L\u00e6s mere her:<\/span><\/a>","protected":false},"author":2,"featured_media":0,"parent":807,"menu_order":0,"comment_status":"closed","ping_status":"closed","template":"","meta":{"footnotes":""},"folder":[22],"class_list":["post-1182","page","type-page","status-publish","hentry"],"_links":{"self":[{"href":"https:\/\/www.vokv.dk\/index.php?rest_route=\/wp\/v2\/pages\/1182","targetHints":{"allow":["GET"]}}],"collection":[{"href":"https:\/\/www.vokv.dk\/index.php?rest_route=\/wp\/v2\/pages"}],"about":[{"href":"https:\/\/www.vokv.dk\/index.php?rest_route=\/wp\/v2\/types\/page"}],"author":[{"embeddable":true,"href":"https:\/\/www.vokv.dk\/index.php?rest_route=\/wp\/v2\/users\/2"}],"replies":[{"embeddable":true,"href":"https:\/\/www.vokv.dk\/index.php?rest_route=%2Fwp%2Fv2%2Fcomments&post=1182"}],"version-history":[{"count":0,"href":"https:\/\/www.vokv.dk\/index.php?rest_route=\/wp\/v2\/pages\/1182\/revisions"}],"up":[{"embeddable":true,"href":"https:\/\/www.vokv.dk\/index.php?rest_route=\/wp\/v2\/pages\/807"}],"wp:attachment":[{"href":"https:\/\/www.vokv.dk\/index.php?rest_route=%2Fwp%2Fv2%2Fmedia&parent=1182"}],"wp:term":[{"taxonomy":"folder","embeddable":true,"href":"https:\/\/www.vokv.dk\/index.php?rest_route=%2Fwp%2Fv2%2Ffolder&post=1182"}],"curies":[{"name":"wp","href":"https:\/\/api.w.org\/{rel}","templated":true}]}}