{"id":10,"date":"2016-03-29T15:19:47","date_gmt":"2016-03-29T13:19:47","guid":{"rendered":"http:\/\/www.vokv.dk\/?page_id=10"},"modified":"2026-01-25T17:19:43","modified_gmt":"2026-01-25T16:19:43","slug":"bestyrelse","status":"publish","type":"page","link":"https:\/\/www.vokv.dk\/?page_id=10","title":{"rendered":"Bestyrelse"},"content":{"rendered":"<table style=\"width: 54.6529%; height: 480px;\" width=\"501\">\n<tbody>\n<tr style=\"height: 213px;\">\n<td style=\"height: 203px; width: 27.8667%;\">\n<h3><strong>Formand<\/strong><\/h3>\n<p>Morten B\u00f8hm<br \/>\nV\u00e6th<\/p>\n<p>tlf. 87 55 33 46<\/p>\n<p><a href=\"mailto:formand@vokv.dk\">formand@vokv.dk<\/a><\/td>\n<td style=\"height: 203px; width: 28.262%;\">\n<h3><strong>N\u00e6stformand<\/strong><\/h3>\n<p>S\u00f8ren Broch<br \/>\nV\u00e6rum<\/p>\n<p>tlf. 28 44 46 11<\/p>\n<p><a href=\"mailto:nformand@vokv.dk\">nformand@vokv.dk<\/a><\/td>\n<td style=\"height: 203px; width: 88.9461%;\">\n<h3><strong>Web-administrator<\/strong><\/h3>\n<p>S\u00f8ren Nielsen<br \/>\nV\u00e6th<\/p>\n<p>tlf. 24439092<\/p>\n<p><a href=\"mailto:web@vokv.dk\">web@vokv.dk<\/a><\/td>\n<\/tr>\n<tr style=\"height: 167px;\">\n<td style=\"height: 152px; width: 27.8667%;\">\n<h3><strong>Medlem<\/strong><\/h3>\n<p>S\u00f8ren Pindstrup<br \/>\nHaslund<\/p>\n<p>tlf. 25 38 29 74<\/td>\n<td style=\"height: 152px; width: 28.262%;\">\n<h3><strong>Medlem<\/strong><\/h3>\n<p>Rene Koch Nielsen<br \/>\nV\u00e6rum<\/p>\n<p>tlf. 20 70 58 88<\/td>\n<td style=\"height: 152px; width: 88.9461%;\">\n<h3><strong>Suppleant<\/strong><\/h3>\n<p>Per Helboe<br \/>\nHaslund<\/p>\n<p>tlf. 86 44 55 68<\/td>\n<\/tr>\n<tr style=\"height: 10px;\">\n<td style=\"height: 125px; width: 27.8667%;\">\n<h3><strong>Suppleant<\/strong><\/h3>\n<p>S\u00f8ren Pindstrup<br \/>\nHaslund<\/p>\n<p>tlf. <span data-olk-copy-source=\"MessageBody\">25 38 29 74<\/span><\/td>\n<td style=\"height: 125px; width: 28.262%;\">\n<h3><strong>Suppleant<\/strong><\/h3>\n<p>Lasse Christophersen<\/p>\n<p>Haslund<\/p>\n<p>tlf. 23 98 86 21<\/td>\n<td style=\"height: 125px; width: 88.9461%;\"><\/td>\n<\/tr>\n<\/tbody>\n<\/table>\n<p>&nbsp;<\/p>\n","protected":false},"excerpt":{"rendered":"<p>Formand Morten B\u00f8hm V\u00e6th tlf. 87 55 33 46 formand@vokv.dk N\u00e6stformand S\u00f8ren Broch V\u00e6rum tlf. 28 44 46 11 nformand@vokv.dk Web-administrator S\u00f8ren Nielsen V\u00e6th tlf. 24439092 web@vokv.dk Medlem S\u00f8ren Pindstrup Haslund tlf. 25 38 29 74 Medlem Rene Koch Nielsen <span class=\"excerpt-dots\">&hellip;<\/span> <a class=\"more-link\" href=\"https:\/\/www.vokv.dk\/?page_id=10\"><span class=\"more-msg\">L\u00e6s mere her:<\/span><\/a><\/p>\n","protected":false},"author":2,"featured_media":0,"parent":8,"menu_order":0,"comment_status":"closed","ping_status":"closed","template":"","meta":{"footnotes":""},"folder":[24],"class_list":["post-10","page","type-page","status-publish","hentry"],"_links":{"self":[{"href":"https:\/\/www.vokv.dk\/index.php?rest_route=\/wp\/v2\/pages\/10","targetHints":{"allow":["GET"]}}],"collection":[{"href":"https:\/\/www.vokv.dk\/index.php?rest_route=\/wp\/v2\/pages"}],"about":[{"href":"https:\/\/www.vokv.dk\/index.php?rest_route=\/wp\/v2\/types\/page"}],"author":[{"embeddable":true,"href":"https:\/\/www.vokv.dk\/index.php?rest_route=\/wp\/v2\/users\/2"}],"replies":[{"embeddable":true,"href":"https:\/\/www.vokv.dk\/index.php?rest_route=%2Fwp%2Fv2%2Fcomments&post=10"}],"version-history":[{"count":14,"href":"https:\/\/www.vokv.dk\/index.php?rest_route=\/wp\/v2\/pages\/10\/revisions"}],"predecessor-version":[{"id":5757,"href":"https:\/\/www.vokv.dk\/index.php?rest_route=\/wp\/v2\/pages\/10\/revisions\/5757"}],"up":[{"embeddable":true,"href":"https:\/\/www.vokv.dk\/index.php?rest_route=\/wp\/v2\/pages\/8"}],"wp:attachment":[{"href":"https:\/\/www.vokv.dk\/index.php?rest_route=%2Fwp%2Fv2%2Fmedia&parent=10"}],"wp:term":[{"taxonomy":"folder","embeddable":true,"href":"https:\/\/www.vokv.dk\/index.php?rest_route=%2Fwp%2Fv2%2Ffolder&post=10"}],"curies":[{"name":"wp","href":"https:\/\/api.w.org\/{rel}","templated":true}]}}